{"id":35303,"date":"2024-01-30T11:11:59","date_gmt":"2024-01-30T10:11:59","guid":{"rendered":"\/?page_id=35303"},"modified":"2024-01-30T11:13:27","modified_gmt":"2024-01-30T10:13:27","slug":"1956-felszolgalo","status":"publish","type":"page","link":"\/index.php\/1956-felszolgalo\/","title":{"rendered":"1956 Felszolg\u00e1l\u00f3"},"content":{"rendered":"\t\t<div data-elementor-type=\"wp-page\" data-elementor-id=\"35303\" class=\"elementor elementor-35303\" data-elementor-post-type=\"page\">\n\t\t\t\t\t\t<section class=\"elementor-section elementor-top-section elementor-element elementor-element-e1d091a elementor-section-boxed elementor-section-height-default elementor-section-height-default\" data-id=\"e1d091a\" data-element_type=\"section\" data-e-type=\"section\">\n\t\t\t\t\t\t<div class=\"elementor-container elementor-column-gap-default\">\n\t\t\t\t\t<div class=\"elementor-column elementor-col-100 elementor-top-column elementor-element elementor-element-3aa2673\" data-id=\"3aa2673\" data-element_type=\"column\" data-e-type=\"column\">\n\t\t\t<div class=\"elementor-widget-wrap elementor-element-populated\">\n\t\t\t\t\t\t<div class=\"elementor-element elementor-element-73a13b5 elementor-widget elementor-widget-spacer\" data-id=\"73a13b5\" data-element_type=\"widget\" data-e-type=\"widget\" data-widget_type=\"spacer.default\">\n\t\t\t\t<div class=\"elementor-widget-container\">\n\t\t\t\t\t\t\t<div class=\"elementor-spacer\">\n\t\t\t<div class=\"elementor-spacer-inner\"><\/div>\n\t\t<\/div>\n\t\t\t\t\t\t<\/div>\n\t\t\t\t<\/div>\n\t\t\t\t\t<\/div>\n\t\t<\/div>\n\t\t\t\t\t<\/div>\n\t\t<\/section>\n\t\t\t\t<section class=\"elementor-section elementor-top-section elementor-element elementor-element-203692d elementor-section-boxed elementor-section-height-default elementor-section-height-default\" data-id=\"203692d\" data-element_type=\"section\" data-e-type=\"section\">\n\t\t\t\t\t\t<div class=\"elementor-container elementor-column-gap-default\">\n\t\t\t\t\t<div class=\"elementor-column elementor-col-100 elementor-top-column elementor-element elementor-element-72c6c84\" data-id=\"72c6c84\" data-element_type=\"column\" data-e-type=\"column\">\n\t\t\t<div class=\"elementor-widget-wrap elementor-element-populated\">\n\t\t\t\t\t\t<div class=\"elementor-element elementor-element-48a04b1 elementor-widget elementor-widget-heading\" data-id=\"48a04b1\" data-element_type=\"widget\" data-e-type=\"widget\" data-widget_type=\"heading.default\">\n\t\t\t\t<div class=\"elementor-widget-container\">\n\t\t\t\t\t<h2 class=\"elementor-heading-title elementor-size-default\"><b>1955\/1956<\/b><\/h2>\t\t\t\t<\/div>\n\t\t\t\t<\/div>\n\t\t\t\t\t<\/div>\n\t\t<\/div>\n\t\t\t\t\t<\/div>\n\t\t<\/section>\n\t\t\t\t<section class=\"elementor-section elementor-top-section elementor-element elementor-element-365a939 elementor-section-boxed elementor-section-height-default elementor-section-height-default\" data-id=\"365a939\" data-element_type=\"section\" data-e-type=\"section\">\n\t\t\t\t\t\t<div class=\"elementor-container elementor-column-gap-default\">\n\t\t\t\t\t<div class=\"elementor-column elementor-col-100 elementor-top-column elementor-element elementor-element-e8038d2\" data-id=\"e8038d2\" data-element_type=\"column\" data-e-type=\"column\">\n\t\t\t<div class=\"elementor-widget-wrap elementor-element-populated\">\n\t\t\t\t\t\t<div class=\"elementor-element elementor-element-e54e527 elementor-widget elementor-widget-spacer\" data-id=\"e54e527\" data-element_type=\"widget\" data-e-type=\"widget\" data-widget_type=\"spacer.default\">\n\t\t\t\t<div class=\"elementor-widget-container\">\n\t\t\t\t\t\t\t<div class=\"elementor-spacer\">\n\t\t\t<div class=\"elementor-spacer-inner\"><\/div>\n\t\t<\/div>\n\t\t\t\t\t\t<\/div>\n\t\t\t\t<\/div>\n\t\t\t\t\t<\/div>\n\t\t<\/div>\n\t\t\t\t\t<\/div>\n\t\t<\/section>\n\t\t\t\t<section class=\"elementor-section elementor-top-section elementor-element elementor-element-c7572b9 elementor-section-boxed elementor-section-height-default elementor-section-height-default\" data-id=\"c7572b9\" data-element_type=\"section\" data-e-type=\"section\">\n\t\t\t\t\t\t<div class=\"elementor-container elementor-column-gap-default\">\n\t\t\t\t\t<div class=\"elementor-column elementor-col-100 elementor-top-column elementor-element elementor-element-daae2bf\" data-id=\"daae2bf\" data-element_type=\"column\" data-e-type=\"column\">\n\t\t\t<div class=\"elementor-widget-wrap elementor-element-populated\">\n\t\t\t\t\t\t<div class=\"elementor-element elementor-element-51cc645 elementor-widget elementor-widget-heading\" data-id=\"51cc645\" data-element_type=\"widget\" data-e-type=\"widget\" data-widget_type=\"heading.default\">\n\t\t\t\t<div class=\"elementor-widget-container\">\n\t\t\t\t\t<h2 class=\"elementor-heading-title elementor-size-default\"><b>Szakma: felszolg\u00e1l\u00f3<\/b><\/h2>\t\t\t\t<\/div>\n\t\t\t\t<\/div>\n\t\t\t\t\t<\/div>\n\t\t<\/div>\n\t\t\t\t\t<\/div>\n\t\t<\/section>\n\t\t\t\t<section class=\"elementor-section elementor-top-section elementor-element elementor-element-a0ab9aa elementor-section-boxed elementor-section-height-default elementor-section-height-default\" data-id=\"a0ab9aa\" data-element_type=\"section\" data-e-type=\"section\">\n\t\t\t\t\t\t<div class=\"elementor-container elementor-column-gap-default\">\n\t\t\t\t\t<div class=\"elementor-column elementor-col-100 elementor-top-column elementor-element elementor-element-fb141a1\" data-id=\"fb141a1\" data-element_type=\"column\" data-e-type=\"column\">\n\t\t\t<div class=\"elementor-widget-wrap elementor-element-populated\">\n\t\t\t\t\t\t<div class=\"elementor-element elementor-element-355f70d elementor-widget elementor-widget-spacer\" data-id=\"355f70d\" data-element_type=\"widget\" data-e-type=\"widget\" data-widget_type=\"spacer.default\">\n\t\t\t\t<div class=\"elementor-widget-container\">\n\t\t\t\t\t\t\t<div class=\"elementor-spacer\">\n\t\t\t<div class=\"elementor-spacer-inner\"><\/div>\n\t\t<\/div>\n\t\t\t\t\t\t<\/div>\n\t\t\t\t<\/div>\n\t\t\t\t\t<\/div>\n\t\t<\/div>\n\t\t\t\t\t<\/div>\n\t\t<\/section>\n\t\t\t\t<section class=\"elementor-section elementor-top-section elementor-element elementor-element-f1e41a7 elementor-section-boxed elementor-section-height-default elementor-section-height-default\" data-id=\"f1e41a7\" data-element_type=\"section\" data-e-type=\"section\">\n\t\t\t\t\t\t<div class=\"elementor-container elementor-column-gap-default\">\n\t\t\t\t\t<div class=\"elementor-column elementor-col-100 elementor-top-column elementor-element elementor-element-600ab14\" data-id=\"600ab14\" data-element_type=\"column\" data-e-type=\"column\">\n\t\t\t<div class=\"elementor-widget-wrap elementor-element-populated\">\n\t\t\t\t\t\t<div class=\"elementor-element elementor-element-4a486db elementor-widget elementor-widget-heading\" data-id=\"4a486db\" data-element_type=\"widget\" data-e-type=\"widget\" data-widget_type=\"heading.default\">\n\t\t\t\t<div class=\"elementor-widget-container\">\n\t\t\t\t\t<h2 class=\"elementor-heading-title elementor-size-default\">1.\tB\u00e1nhegyi Lajosn\u00e9<p>\n<\/p>2.\tCsisz\u00e1s J\u00e1nos\n<\/p>3.\tFily\u00f3 Mih\u00e1ly\n<\/p>4.\tFlender Mih\u00e1lyn\u00e9\n<\/p>5.\tF\u00f6ldesi P\u00e1ln\u00e9\n<\/p>6.\tGergely R\u00f3za\n<\/p>7.\tKliment Mih\u00e1lyn\u00e9\n<\/p>8.\tMihola B\u00e9la\n<\/p>9.\t\u00f6zv. Cs\u00e1ki L\u00e1szl\u00f3n\u00e9\n<\/p>10.\tRib\u00e1r J\u00e1nosn\u00e9\n<\/p>11.\tRozs Gy\u00f6rgy\n<\/p>12.\tT\u00f3th J\u00f3zsefn\u00e9<\/h2>\t\t\t\t<\/div>\n\t\t\t\t<\/div>\n\t\t\t\t\t<\/div>\n\t\t<\/div>\n\t\t\t\t\t<\/div>\n\t\t<\/section>\n\t\t\t\t<\/div>\n\t\t","protected":false},"excerpt":{"rendered":"<p>1955\/1956 Szakma: felszolg\u00e1l\u00f3 1. B\u00e1nhegyi Lajosn\u00e9 2. Csisz\u00e1s J\u00e1nos 3. Fily\u00f3 Mih\u00e1ly 4. Flender Mih\u00e1lyn\u00e9 5. F\u00f6ldesi P\u00e1ln\u00e9 6. Gergely R\u00f3za 7. Kliment Mih\u00e1lyn\u00e9 8. Mihola B\u00e9la 9. \u00f6zv. Cs\u00e1ki L\u00e1szl\u00f3n\u00e9 10. Rib\u00e1r J\u00e1nosn\u00e9 11. Rozs Gy\u00f6rgy 12. T\u00f3th J\u00f3zsefn\u00e9<\/p>\n","protected":false},"author":4,"featured_media":0,"parent":0,"menu_order":0,"comment_status":"closed","ping_status":"closed","template":"","meta":{"footnotes":""},"class_list":["post-35303","page","type-page","status-publish","hentry"],"_links":{"self":[{"href":"\/index.php\/wp-json\/wp\/v2\/pages\/35303","targetHints":{"allow":["GET"]}}],"collection":[{"href":"\/index.php\/wp-json\/wp\/v2\/pages"}],"about":[{"href":"\/index.php\/wp-json\/wp\/v2\/types\/page"}],"author":[{"embeddable":true,"href":"\/index.php\/wp-json\/wp\/v2\/users\/4"}],"replies":[{"embeddable":true,"href":"\/index.php\/wp-json\/wp\/v2\/comments?post=35303"}],"version-history":[{"count":4,"href":"\/index.php\/wp-json\/wp\/v2\/pages\/35303\/revisions"}],"predecessor-version":[{"id":35308,"href":"\/index.php\/wp-json\/wp\/v2\/pages\/35303\/revisions\/35308"}],"wp:attachment":[{"href":"\/index.php\/wp-json\/wp\/v2\/media?parent=35303"}],"curies":[{"name":"wp","href":"https:\/\/api.w.org\/{rel}","templated":true}]}}