{"id":35276,"date":"2024-01-30T11:06:17","date_gmt":"2024-01-30T10:06:17","guid":{"rendered":"\/?page_id=35276"},"modified":"2024-01-30T11:08:58","modified_gmt":"2024-01-30T10:08:58","slug":"1956-elelmiszer","status":"publish","type":"page","link":"\/index.php\/1956-elelmiszer\/","title":{"rendered":"1956 \u00c9lelmiszer"},"content":{"rendered":"\t\t<div data-elementor-type=\"wp-page\" data-elementor-id=\"35276\" class=\"elementor elementor-35276\" data-elementor-post-type=\"page\">\n\t\t\t\t\t\t<section class=\"elementor-section elementor-top-section elementor-element elementor-element-a88c883 elementor-section-boxed elementor-section-height-default elementor-section-height-default\" data-id=\"a88c883\" data-element_type=\"section\" data-e-type=\"section\">\n\t\t\t\t\t\t<div class=\"elementor-container elementor-column-gap-default\">\n\t\t\t\t\t<div class=\"elementor-column elementor-col-100 elementor-top-column elementor-element elementor-element-a50e7a0\" data-id=\"a50e7a0\" data-element_type=\"column\" data-e-type=\"column\">\n\t\t\t<div class=\"elementor-widget-wrap elementor-element-populated\">\n\t\t\t\t\t\t<div class=\"elementor-element elementor-element-baeccf6 elementor-widget elementor-widget-spacer\" data-id=\"baeccf6\" data-element_type=\"widget\" data-e-type=\"widget\" data-widget_type=\"spacer.default\">\n\t\t\t\t<div class=\"elementor-widget-container\">\n\t\t\t\t\t\t\t<div class=\"elementor-spacer\">\n\t\t\t<div class=\"elementor-spacer-inner\"><\/div>\n\t\t<\/div>\n\t\t\t\t\t\t<\/div>\n\t\t\t\t<\/div>\n\t\t\t\t\t<\/div>\n\t\t<\/div>\n\t\t\t\t\t<\/div>\n\t\t<\/section>\n\t\t\t\t<section class=\"elementor-section elementor-top-section elementor-element elementor-element-e5dcddf elementor-section-boxed elementor-section-height-default elementor-section-height-default\" data-id=\"e5dcddf\" data-element_type=\"section\" data-e-type=\"section\">\n\t\t\t\t\t\t<div class=\"elementor-container elementor-column-gap-default\">\n\t\t\t\t\t<div class=\"elementor-column elementor-col-100 elementor-top-column elementor-element elementor-element-1a32748\" data-id=\"1a32748\" data-element_type=\"column\" data-e-type=\"column\">\n\t\t\t<div class=\"elementor-widget-wrap elementor-element-populated\">\n\t\t\t\t\t\t<div class=\"elementor-element elementor-element-0f8a3ed elementor-widget elementor-widget-heading\" data-id=\"0f8a3ed\" data-element_type=\"widget\" data-e-type=\"widget\" data-widget_type=\"heading.default\">\n\t\t\t\t<div class=\"elementor-widget-container\">\n\t\t\t\t\t<h2 class=\"elementor-heading-title elementor-size-default\"><b>1955\/1956<\/b><\/h2>\t\t\t\t<\/div>\n\t\t\t\t<\/div>\n\t\t\t\t\t<\/div>\n\t\t<\/div>\n\t\t\t\t\t<\/div>\n\t\t<\/section>\n\t\t\t\t<section class=\"elementor-section elementor-top-section elementor-element elementor-element-232f90a elementor-section-boxed elementor-section-height-default elementor-section-height-default\" data-id=\"232f90a\" data-element_type=\"section\" data-e-type=\"section\">\n\t\t\t\t\t\t<div class=\"elementor-container elementor-column-gap-default\">\n\t\t\t\t\t<div class=\"elementor-column elementor-col-100 elementor-top-column elementor-element elementor-element-43956ed\" data-id=\"43956ed\" data-element_type=\"column\" data-e-type=\"column\">\n\t\t\t<div class=\"elementor-widget-wrap elementor-element-populated\">\n\t\t\t\t\t\t<div class=\"elementor-element elementor-element-e3b5fb0 elementor-widget elementor-widget-spacer\" data-id=\"e3b5fb0\" data-element_type=\"widget\" data-e-type=\"widget\" data-widget_type=\"spacer.default\">\n\t\t\t\t<div class=\"elementor-widget-container\">\n\t\t\t\t\t\t\t<div class=\"elementor-spacer\">\n\t\t\t<div class=\"elementor-spacer-inner\"><\/div>\n\t\t<\/div>\n\t\t\t\t\t\t<\/div>\n\t\t\t\t<\/div>\n\t\t\t\t\t<\/div>\n\t\t<\/div>\n\t\t\t\t\t<\/div>\n\t\t<\/section>\n\t\t\t\t<section class=\"elementor-section elementor-top-section elementor-element elementor-element-a8a50fa elementor-section-boxed elementor-section-height-default elementor-section-height-default\" data-id=\"a8a50fa\" data-element_type=\"section\" data-e-type=\"section\">\n\t\t\t\t\t\t<div class=\"elementor-container elementor-column-gap-default\">\n\t\t\t\t\t<div class=\"elementor-column elementor-col-100 elementor-top-column elementor-element elementor-element-a590ce4\" data-id=\"a590ce4\" data-element_type=\"column\" data-e-type=\"column\">\n\t\t\t<div class=\"elementor-widget-wrap elementor-element-populated\">\n\t\t\t\t\t\t<div class=\"elementor-element elementor-element-1d06f8a elementor-widget elementor-widget-heading\" data-id=\"1d06f8a\" data-element_type=\"widget\" data-e-type=\"widget\" data-widget_type=\"heading.default\">\n\t\t\t\t<div class=\"elementor-widget-container\">\n\t\t\t\t\t<h2 class=\"elementor-heading-title elementor-size-default\"><b>Szakma: \u00e9lelmiszer<\/b><\/h2>\t\t\t\t<\/div>\n\t\t\t\t<\/div>\n\t\t\t\t\t<\/div>\n\t\t<\/div>\n\t\t\t\t\t<\/div>\n\t\t<\/section>\n\t\t\t\t<section class=\"elementor-section elementor-top-section elementor-element elementor-element-02a9f00 elementor-section-boxed elementor-section-height-default elementor-section-height-default\" data-id=\"02a9f00\" data-element_type=\"section\" data-e-type=\"section\">\n\t\t\t\t\t\t<div class=\"elementor-container elementor-column-gap-default\">\n\t\t\t\t\t<div class=\"elementor-column elementor-col-100 elementor-top-column elementor-element elementor-element-0e93d4c\" data-id=\"0e93d4c\" data-element_type=\"column\" data-e-type=\"column\">\n\t\t\t<div class=\"elementor-widget-wrap elementor-element-populated\">\n\t\t\t\t\t\t<div class=\"elementor-element elementor-element-b1facd7 elementor-widget elementor-widget-spacer\" data-id=\"b1facd7\" data-element_type=\"widget\" data-e-type=\"widget\" data-widget_type=\"spacer.default\">\n\t\t\t\t<div class=\"elementor-widget-container\">\n\t\t\t\t\t\t\t<div class=\"elementor-spacer\">\n\t\t\t<div class=\"elementor-spacer-inner\"><\/div>\n\t\t<\/div>\n\t\t\t\t\t\t<\/div>\n\t\t\t\t<\/div>\n\t\t\t\t\t<\/div>\n\t\t<\/div>\n\t\t\t\t\t<\/div>\n\t\t<\/section>\n\t\t\t\t<section class=\"elementor-section elementor-top-section elementor-element elementor-element-5eb759c elementor-section-boxed elementor-section-height-default elementor-section-height-default\" data-id=\"5eb759c\" data-element_type=\"section\" data-e-type=\"section\">\n\t\t\t\t\t\t<div class=\"elementor-container elementor-column-gap-default\">\n\t\t\t\t\t<div class=\"elementor-column elementor-col-100 elementor-top-column elementor-element elementor-element-f813fa2\" data-id=\"f813fa2\" data-element_type=\"column\" data-e-type=\"column\">\n\t\t\t<div class=\"elementor-widget-wrap elementor-element-populated\">\n\t\t\t\t\t\t<div class=\"elementor-element elementor-element-0c53e95 elementor-widget elementor-widget-heading\" data-id=\"0c53e95\" data-element_type=\"widget\" data-e-type=\"widget\" data-widget_type=\"heading.default\">\n\t\t\t\t<div class=\"elementor-widget-container\">\n\t\t\t\t\t<h2 class=\"elementor-heading-title elementor-size-default\">1.\tBal\u00e1zs Roz\u00e1lia<p>\n<\/p>2.\tBostyik Mih\u00e1lyn\u00e9\n<\/p>3.\tDurk\u00f3 Gergelyn\u00e9\n<\/p>4.\tEndrei Istv\u00e1n\n<\/p>5.\tHarmados Mih\u00e1lyn\u00e9\n<\/p>6.\tJuh\u00e1szka Istv\u00e1nn\u00e9\n<\/p>7.\tKacsela J\u00e1nosn\u00e9\n<\/p>8.\tKiss J\u00e1nosn\u00e9\n<\/p>9.\tLeski B\u00e9l\u00e1n\u00e9\n<\/p>10.\tMalatyinszki P\u00e1l\n<\/p>11.\tPerdi B\u00e9l\u00e1n\u00e9\n<\/p>12.\tS\u00e1ndor Istv\u00e1nn\u00e9\n<\/p>13.\tSerf\u0151z\u0151 Ferencn\u00e9\n<\/p>14.\tSzab\u00f3 Istv\u00e1n\n<\/p>15.\tTemesv\u00e1ri J\u00e1nosn\u00e9\n<\/p>16.\tVarga Istv\u00e1nn\u00e9\n<\/p>17.\tVet\u00e9si Lenke<\/h2>\t\t\t\t<\/div>\n\t\t\t\t<\/div>\n\t\t\t\t\t<\/div>\n\t\t<\/div>\n\t\t\t\t\t<\/div>\n\t\t<\/section>\n\t\t\t\t<\/div>\n\t\t","protected":false},"excerpt":{"rendered":"<p>1955\/1956 Szakma: \u00e9lelmiszer 1. Bal\u00e1zs Roz\u00e1lia 2. Bostyik Mih\u00e1lyn\u00e9 3. Durk\u00f3 Gergelyn\u00e9 4. Endrei Istv\u00e1n 5. Harmados Mih\u00e1lyn\u00e9 6. Juh\u00e1szka Istv\u00e1nn\u00e9 7. Kacsela J\u00e1nosn\u00e9 8. Kiss J\u00e1nosn\u00e9 9. Leski B\u00e9l\u00e1n\u00e9 10. Malatyinszki P\u00e1l 11. Perdi B\u00e9l\u00e1n\u00e9 12. S\u00e1ndor Istv\u00e1nn\u00e9 13. Serf\u0151z\u0151 Ferencn\u00e9 14. Szab\u00f3 Istv\u00e1n 15. Temesv\u00e1ri J\u00e1nosn\u00e9 16. Varga Istv\u00e1nn\u00e9 17. Vet\u00e9si Lenke<\/p>\n","protected":false},"author":4,"featured_media":0,"parent":0,"menu_order":0,"comment_status":"closed","ping_status":"closed","template":"","meta":{"footnotes":""},"class_list":["post-35276","page","type-page","status-publish","hentry"],"_links":{"self":[{"href":"\/index.php\/wp-json\/wp\/v2\/pages\/35276","targetHints":{"allow":["GET"]}}],"collection":[{"href":"\/index.php\/wp-json\/wp\/v2\/pages"}],"about":[{"href":"\/index.php\/wp-json\/wp\/v2\/types\/page"}],"author":[{"embeddable":true,"href":"\/index.php\/wp-json\/wp\/v2\/users\/4"}],"replies":[{"embeddable":true,"href":"\/index.php\/wp-json\/wp\/v2\/comments?post=35276"}],"version-history":[{"count":10,"href":"\/index.php\/wp-json\/wp\/v2\/pages\/35276\/revisions"}],"predecessor-version":[{"id":35287,"href":"\/index.php\/wp-json\/wp\/v2\/pages\/35276\/revisions\/35287"}],"wp:attachment":[{"href":"\/index.php\/wp-json\/wp\/v2\/media?parent=35276"}],"curies":[{"name":"wp","href":"https:\/\/api.w.org\/{rel}","templated":true}]}}