{"id":35249,"date":"2024-01-30T10:59:04","date_gmt":"2024-01-30T09:59:04","guid":{"rendered":"\/?page_id=35249"},"modified":"2024-01-30T11:03:07","modified_gmt":"2024-01-30T10:03:07","slug":"1956-ii-b","status":"publish","type":"page","link":"\/index.php\/1956-ii-b\/","title":{"rendered":"1956 II.B"},"content":{"rendered":"\t\t<div data-elementor-type=\"wp-page\" data-elementor-id=\"35249\" class=\"elementor elementor-35249\" data-elementor-post-type=\"page\">\n\t\t\t\t\t\t<section class=\"elementor-section elementor-top-section elementor-element elementor-element-49ea5fc elementor-section-boxed elementor-section-height-default elementor-section-height-default\" data-id=\"49ea5fc\" data-element_type=\"section\" data-e-type=\"section\">\n\t\t\t\t\t\t<div class=\"elementor-container elementor-column-gap-default\">\n\t\t\t\t\t<div class=\"elementor-column elementor-col-100 elementor-top-column elementor-element elementor-element-ea7a8ee\" data-id=\"ea7a8ee\" data-element_type=\"column\" data-e-type=\"column\">\n\t\t\t<div class=\"elementor-widget-wrap elementor-element-populated\">\n\t\t\t\t\t\t<div class=\"elementor-element elementor-element-23954f0 elementor-widget elementor-widget-spacer\" data-id=\"23954f0\" data-element_type=\"widget\" data-e-type=\"widget\" data-widget_type=\"spacer.default\">\n\t\t\t\t<div class=\"elementor-widget-container\">\n\t\t\t\t\t\t\t<div class=\"elementor-spacer\">\n\t\t\t<div class=\"elementor-spacer-inner\"><\/div>\n\t\t<\/div>\n\t\t\t\t\t\t<\/div>\n\t\t\t\t<\/div>\n\t\t\t\t\t<\/div>\n\t\t<\/div>\n\t\t\t\t\t<\/div>\n\t\t<\/section>\n\t\t\t\t<section class=\"elementor-section elementor-top-section elementor-element elementor-element-6c97614 elementor-section-boxed elementor-section-height-default elementor-section-height-default\" data-id=\"6c97614\" data-element_type=\"section\" data-e-type=\"section\">\n\t\t\t\t\t\t<div class=\"elementor-container elementor-column-gap-default\">\n\t\t\t\t\t<div class=\"elementor-column elementor-col-100 elementor-top-column elementor-element elementor-element-6b535a4\" data-id=\"6b535a4\" data-element_type=\"column\" data-e-type=\"column\">\n\t\t\t<div class=\"elementor-widget-wrap elementor-element-populated\">\n\t\t\t\t\t\t<div class=\"elementor-element elementor-element-6979c8d elementor-widget elementor-widget-heading\" data-id=\"6979c8d\" data-element_type=\"widget\" data-e-type=\"widget\" data-widget_type=\"heading.default\">\n\t\t\t\t<div class=\"elementor-widget-container\">\n\t\t\t\t\t<h2 class=\"elementor-heading-title elementor-size-default\"><b>1955\/1956<\/b><\/h2>\t\t\t\t<\/div>\n\t\t\t\t<\/div>\n\t\t\t\t\t<\/div>\n\t\t<\/div>\n\t\t\t\t\t<\/div>\n\t\t<\/section>\n\t\t\t\t<section class=\"elementor-section elementor-top-section elementor-element elementor-element-9b3e753 elementor-section-boxed elementor-section-height-default elementor-section-height-default\" data-id=\"9b3e753\" data-element_type=\"section\" data-e-type=\"section\">\n\t\t\t\t\t\t<div class=\"elementor-container elementor-column-gap-default\">\n\t\t\t\t\t<div class=\"elementor-column elementor-col-100 elementor-top-column elementor-element elementor-element-5a6fdd5\" data-id=\"5a6fdd5\" data-element_type=\"column\" data-e-type=\"column\">\n\t\t\t<div class=\"elementor-widget-wrap elementor-element-populated\">\n\t\t\t\t\t\t<div class=\"elementor-element elementor-element-3b395bf elementor-widget elementor-widget-spacer\" data-id=\"3b395bf\" data-element_type=\"widget\" data-e-type=\"widget\" data-widget_type=\"spacer.default\">\n\t\t\t\t<div class=\"elementor-widget-container\">\n\t\t\t\t\t\t\t<div class=\"elementor-spacer\">\n\t\t\t<div class=\"elementor-spacer-inner\"><\/div>\n\t\t<\/div>\n\t\t\t\t\t\t<\/div>\n\t\t\t\t<\/div>\n\t\t\t\t\t<\/div>\n\t\t<\/div>\n\t\t\t\t\t<\/div>\n\t\t<\/section>\n\t\t\t\t<section class=\"elementor-section elementor-top-section elementor-element elementor-element-b20297a elementor-section-boxed elementor-section-height-default elementor-section-height-default\" data-id=\"b20297a\" data-element_type=\"section\" data-e-type=\"section\">\n\t\t\t\t\t\t<div class=\"elementor-container elementor-column-gap-default\">\n\t\t\t\t\t<div class=\"elementor-column elementor-col-100 elementor-top-column elementor-element elementor-element-a26f505\" data-id=\"a26f505\" data-element_type=\"column\" data-e-type=\"column\">\n\t\t\t<div class=\"elementor-widget-wrap elementor-element-populated\">\n\t\t\t\t\t\t<div class=\"elementor-element elementor-element-1c3fea3 elementor-widget elementor-widget-heading\" data-id=\"1c3fea3\" data-element_type=\"widget\" data-e-type=\"widget\" data-widget_type=\"heading.default\">\n\t\t\t\t<div class=\"elementor-widget-container\">\n\t\t\t\t\t<h2 class=\"elementor-heading-title elementor-size-default\"><b>II.b oszt\u00e1ly<\/b><\/h2>\t\t\t\t<\/div>\n\t\t\t\t<\/div>\n\t\t\t\t\t<\/div>\n\t\t<\/div>\n\t\t\t\t\t<\/div>\n\t\t<\/section>\n\t\t\t\t<section class=\"elementor-section elementor-top-section elementor-element elementor-element-53bbdb2 elementor-section-boxed elementor-section-height-default elementor-section-height-default\" data-id=\"53bbdb2\" data-element_type=\"section\" data-e-type=\"section\">\n\t\t\t\t\t\t<div class=\"elementor-container elementor-column-gap-default\">\n\t\t\t\t\t<div class=\"elementor-column elementor-col-100 elementor-top-column elementor-element elementor-element-3f855b1\" data-id=\"3f855b1\" data-element_type=\"column\" data-e-type=\"column\">\n\t\t\t<div class=\"elementor-widget-wrap elementor-element-populated\">\n\t\t\t\t\t\t<div class=\"elementor-element elementor-element-f27a0d3 elementor-widget elementor-widget-spacer\" data-id=\"f27a0d3\" data-element_type=\"widget\" data-e-type=\"widget\" data-widget_type=\"spacer.default\">\n\t\t\t\t<div class=\"elementor-widget-container\">\n\t\t\t\t\t\t\t<div class=\"elementor-spacer\">\n\t\t\t<div class=\"elementor-spacer-inner\"><\/div>\n\t\t<\/div>\n\t\t\t\t\t\t<\/div>\n\t\t\t\t<\/div>\n\t\t\t\t\t<\/div>\n\t\t<\/div>\n\t\t\t\t\t<\/div>\n\t\t<\/section>\n\t\t\t\t<section class=\"elementor-section elementor-top-section elementor-element elementor-element-21c185d elementor-section-boxed elementor-section-height-default elementor-section-height-default\" data-id=\"21c185d\" data-element_type=\"section\" data-e-type=\"section\">\n\t\t\t\t\t\t<div class=\"elementor-container elementor-column-gap-default\">\n\t\t\t\t\t<div class=\"elementor-column elementor-col-100 elementor-top-column elementor-element elementor-element-2847d3f\" data-id=\"2847d3f\" data-element_type=\"column\" data-e-type=\"column\">\n\t\t\t<div class=\"elementor-widget-wrap elementor-element-populated\">\n\t\t\t\t\t\t<div class=\"elementor-element elementor-element-a4a7a7c elementor-widget elementor-widget-heading\" data-id=\"a4a7a7c\" data-element_type=\"widget\" data-e-type=\"widget\" data-widget_type=\"heading.default\">\n\t\t\t\t<div class=\"elementor-widget-container\">\n\t\t\t\t\t<h2 class=\"elementor-heading-title elementor-size-default\"><b>Oszt\u00e1lyf\u0151n\u00f6k: ifj. Zsil\u00e1k Gy\u00f6rgy<\/b><\/h2>\t\t\t\t<\/div>\n\t\t\t\t<\/div>\n\t\t\t\t\t<\/div>\n\t\t<\/div>\n\t\t\t\t\t<\/div>\n\t\t<\/section>\n\t\t\t\t<section class=\"elementor-section elementor-top-section elementor-element elementor-element-a54ff4d elementor-section-boxed elementor-section-height-default elementor-section-height-default\" data-id=\"a54ff4d\" data-element_type=\"section\" data-e-type=\"section\">\n\t\t\t\t\t\t<div class=\"elementor-container elementor-column-gap-default\">\n\t\t\t\t\t<div class=\"elementor-column elementor-col-100 elementor-top-column elementor-element elementor-element-f1da3de\" data-id=\"f1da3de\" data-element_type=\"column\" data-e-type=\"column\">\n\t\t\t<div class=\"elementor-widget-wrap elementor-element-populated\">\n\t\t\t\t\t\t<div class=\"elementor-element elementor-element-4c14b83 elementor-widget elementor-widget-spacer\" data-id=\"4c14b83\" data-element_type=\"widget\" data-e-type=\"widget\" data-widget_type=\"spacer.default\">\n\t\t\t\t<div class=\"elementor-widget-container\">\n\t\t\t\t\t\t\t<div class=\"elementor-spacer\">\n\t\t\t<div class=\"elementor-spacer-inner\"><\/div>\n\t\t<\/div>\n\t\t\t\t\t\t<\/div>\n\t\t\t\t<\/div>\n\t\t\t\t\t<\/div>\n\t\t<\/div>\n\t\t\t\t\t<\/div>\n\t\t<\/section>\n\t\t\t\t<section class=\"elementor-section elementor-top-section elementor-element elementor-element-a471303 elementor-section-boxed elementor-section-height-default elementor-section-height-default\" data-id=\"a471303\" data-element_type=\"section\" data-e-type=\"section\">\n\t\t\t\t\t\t<div class=\"elementor-container elementor-column-gap-default\">\n\t\t\t\t\t<div class=\"elementor-column elementor-col-100 elementor-top-column elementor-element elementor-element-e5346c1\" data-id=\"e5346c1\" data-element_type=\"column\" data-e-type=\"column\">\n\t\t\t<div class=\"elementor-widget-wrap elementor-element-populated\">\n\t\t\t\t\t\t<div class=\"elementor-element elementor-element-f820f21 elementor-widget elementor-widget-heading\" data-id=\"f820f21\" data-element_type=\"widget\" data-e-type=\"widget\" data-widget_type=\"heading.default\">\n\t\t\t\t<div class=\"elementor-widget-container\">\n\t\t\t\t\t<h2 class=\"elementor-heading-title elementor-size-default\"><b>Szakma: \u00e9lelmiszer, h\u00e1ztart\u00e1si, illatszer, r\u00e1di\u00f3 \u00e9s villamoss\u00e1g cikk keresked\u0151, ruh\u00e1zat, vas-ed\u00e9ny, vas-m\u0171szaki<\/b><\/h2>\t\t\t\t<\/div>\n\t\t\t\t<\/div>\n\t\t\t\t\t<\/div>\n\t\t<\/div>\n\t\t\t\t\t<\/div>\n\t\t<\/section>\n\t\t\t\t<section class=\"elementor-section elementor-top-section elementor-element elementor-element-c3fc565 elementor-section-boxed elementor-section-height-default elementor-section-height-default\" data-id=\"c3fc565\" data-element_type=\"section\" data-e-type=\"section\">\n\t\t\t\t\t\t<div class=\"elementor-container elementor-column-gap-default\">\n\t\t\t\t\t<div class=\"elementor-column elementor-col-100 elementor-top-column elementor-element elementor-element-894da36\" data-id=\"894da36\" data-element_type=\"column\" data-e-type=\"column\">\n\t\t\t<div class=\"elementor-widget-wrap elementor-element-populated\">\n\t\t\t\t\t\t<div class=\"elementor-element elementor-element-47485a1 elementor-widget elementor-widget-spacer\" data-id=\"47485a1\" data-element_type=\"widget\" data-e-type=\"widget\" data-widget_type=\"spacer.default\">\n\t\t\t\t<div class=\"elementor-widget-container\">\n\t\t\t\t\t\t\t<div class=\"elementor-spacer\">\n\t\t\t<div class=\"elementor-spacer-inner\"><\/div>\n\t\t<\/div>\n\t\t\t\t\t\t<\/div>\n\t\t\t\t<\/div>\n\t\t\t\t\t<\/div>\n\t\t<\/div>\n\t\t\t\t\t<\/div>\n\t\t<\/section>\n\t\t\t\t<section class=\"elementor-section elementor-top-section elementor-element elementor-element-b4951ef elementor-section-boxed elementor-section-height-default elementor-section-height-default\" data-id=\"b4951ef\" data-element_type=\"section\" data-e-type=\"section\">\n\t\t\t\t\t\t<div class=\"elementor-container elementor-column-gap-default\">\n\t\t\t\t\t<div class=\"elementor-column elementor-col-100 elementor-top-column elementor-element elementor-element-44349f6\" data-id=\"44349f6\" data-element_type=\"column\" data-e-type=\"column\">\n\t\t\t<div class=\"elementor-widget-wrap elementor-element-populated\">\n\t\t\t\t\t\t<div class=\"elementor-element elementor-element-e6873e2 elementor-widget elementor-widget-heading\" data-id=\"e6873e2\" data-element_type=\"widget\" data-e-type=\"widget\" data-widget_type=\"heading.default\">\n\t\t\t\t<div class=\"elementor-widget-container\">\n\t\t\t\t\t<h2 class=\"elementor-heading-title elementor-size-default\">1.\tBakai Zolt\u00e1n<p>\n<\/p>2.\tB\u00edr\u00f3 Ilona\n<\/p>3.\tCsom\u00f3s Antal\n<\/p>4.\tFeh\u00e9r Erzs\u00e9bet\n<\/p>5.\tGazs\u00f3 Imre\n<\/p>6.\tGyuricza M\u00e1ria\n<\/p>7.\tH\u00e1ri S\u00e1ndor\n<\/p>8.\tIllich Ferenc\n<\/p>9.\tKrajcs\u00f3vszki Gy\u00f6rgy\n<\/p>10.\tM\u00e9sz\u00e1ros Mih\u00e1ly\n<\/p>11.\tNov\u00e1k Imre\n<\/p>12.\tNov\u00e1k M\u00e1ria\n<\/p>13.\tOrb\u00e1n Ilona\n<\/p>14.\tP\u00f3sz Katalin\n<\/p>15.\tR\u00e1tkai Roz\u00e1lia\n<\/p>16.\tSzabados Krist\u00f3f\n<\/p>17.\tT\u00f3th Dorottya\n<\/p>18.\tT\u00f3th Mih\u00f3 Mih\u00e1ly<\/h2>\t\t\t\t<\/div>\n\t\t\t\t<\/div>\n\t\t\t\t\t<\/div>\n\t\t<\/div>\n\t\t\t\t\t<\/div>\n\t\t<\/section>\n\t\t\t\t<\/div>\n\t\t","protected":false},"excerpt":{"rendered":"<p>1955\/1956 II.b oszt\u00e1ly Oszt\u00e1lyf\u0151n\u00f6k: ifj. Zsil\u00e1k Gy\u00f6rgy Szakma: \u00e9lelmiszer, h\u00e1ztart\u00e1si, illatszer, r\u00e1di\u00f3 \u00e9s villamoss\u00e1g cikk keresked\u0151, ruh\u00e1zat, vas-ed\u00e9ny, vas-m\u0171szaki 1. Bakai Zolt\u00e1n 2. B\u00edr\u00f3 Ilona 3. Csom\u00f3s Antal 4. Feh\u00e9r Erzs\u00e9bet 5. Gazs\u00f3 Imre 6. Gyuricza M\u00e1ria 7. H\u00e1ri S\u00e1ndor 8. Illich Ferenc 9. Krajcs\u00f3vszki Gy\u00f6rgy 10. M\u00e9sz\u00e1ros Mih\u00e1ly 11. Nov\u00e1k Imre 12. Nov\u00e1k M\u00e1ria [&hellip;]<\/p>\n","protected":false},"author":4,"featured_media":0,"parent":0,"menu_order":0,"comment_status":"closed","ping_status":"closed","template":"","meta":{"footnotes":""},"class_list":["post-35249","page","type-page","status-publish","hentry"],"_links":{"self":[{"href":"\/index.php\/wp-json\/wp\/v2\/pages\/35249","targetHints":{"allow":["GET"]}}],"collection":[{"href":"\/index.php\/wp-json\/wp\/v2\/pages"}],"about":[{"href":"\/index.php\/wp-json\/wp\/v2\/types\/page"}],"author":[{"embeddable":true,"href":"\/index.php\/wp-json\/wp\/v2\/users\/4"}],"replies":[{"embeddable":true,"href":"\/index.php\/wp-json\/wp\/v2\/comments?post=35249"}],"version-history":[{"count":10,"href":"\/index.php\/wp-json\/wp\/v2\/pages\/35249\/revisions"}],"predecessor-version":[{"id":35263,"href":"\/index.php\/wp-json\/wp\/v2\/pages\/35249\/revisions\/35263"}],"wp:attachment":[{"href":"\/index.php\/wp-json\/wp\/v2\/media?parent=35249"}],"curies":[{"name":"wp","href":"https:\/\/api.w.org\/{rel}","templated":true}]}}