{"id":35183,"date":"2024-01-30T09:22:24","date_gmt":"2024-01-30T08:22:24","guid":{"rendered":"\/?page_id=35183"},"modified":"2024-01-30T09:24:13","modified_gmt":"2024-01-30T08:24:13","slug":"1958-szakmai-vizsgat-tett","status":"publish","type":"page","link":"\/index.php\/1958-szakmai-vizsgat-tett\/","title":{"rendered":"1958 Szakmai vizsg\u00e1t tett"},"content":{"rendered":"\t\t<div data-elementor-type=\"wp-page\" data-elementor-id=\"35183\" class=\"elementor elementor-35183\" data-elementor-post-type=\"page\">\n\t\t\t\t\t\t<section class=\"elementor-section elementor-top-section elementor-element elementor-element-9a1c612 elementor-section-boxed elementor-section-height-default elementor-section-height-default\" data-id=\"9a1c612\" data-element_type=\"section\" data-e-type=\"section\">\n\t\t\t\t\t\t<div class=\"elementor-container elementor-column-gap-default\">\n\t\t\t\t\t<div class=\"elementor-column elementor-col-100 elementor-top-column elementor-element elementor-element-6f9b450\" data-id=\"6f9b450\" data-element_type=\"column\" data-e-type=\"column\">\n\t\t\t<div class=\"elementor-widget-wrap elementor-element-populated\">\n\t\t\t\t\t\t<div class=\"elementor-element elementor-element-901b46c elementor-widget elementor-widget-spacer\" data-id=\"901b46c\" data-element_type=\"widget\" data-e-type=\"widget\" data-widget_type=\"spacer.default\">\n\t\t\t\t<div class=\"elementor-widget-container\">\n\t\t\t\t\t\t\t<div class=\"elementor-spacer\">\n\t\t\t<div class=\"elementor-spacer-inner\"><\/div>\n\t\t<\/div>\n\t\t\t\t\t\t<\/div>\n\t\t\t\t<\/div>\n\t\t\t\t\t<\/div>\n\t\t<\/div>\n\t\t\t\t\t<\/div>\n\t\t<\/section>\n\t\t\t\t<section class=\"elementor-section elementor-top-section elementor-element elementor-element-62e0973 elementor-section-boxed elementor-section-height-default elementor-section-height-default\" data-id=\"62e0973\" data-element_type=\"section\" data-e-type=\"section\">\n\t\t\t\t\t\t<div class=\"elementor-container elementor-column-gap-default\">\n\t\t\t\t\t<div class=\"elementor-column elementor-col-100 elementor-top-column elementor-element elementor-element-cd14ac7\" data-id=\"cd14ac7\" data-element_type=\"column\" data-e-type=\"column\">\n\t\t\t<div class=\"elementor-widget-wrap elementor-element-populated\">\n\t\t\t\t\t\t<div class=\"elementor-element elementor-element-0e22953 elementor-widget elementor-widget-heading\" data-id=\"0e22953\" data-element_type=\"widget\" data-e-type=\"widget\" data-widget_type=\"heading.default\">\n\t\t\t\t<div class=\"elementor-widget-container\">\n\t\t\t\t\t<h2 class=\"elementor-heading-title elementor-size-default\"><b>1957\/1958<\/b><\/h2>\t\t\t\t<\/div>\n\t\t\t\t<\/div>\n\t\t\t\t\t<\/div>\n\t\t<\/div>\n\t\t\t\t\t<\/div>\n\t\t<\/section>\n\t\t\t\t<section class=\"elementor-section elementor-top-section elementor-element elementor-element-350b0ac elementor-section-boxed elementor-section-height-default elementor-section-height-default\" data-id=\"350b0ac\" data-element_type=\"section\" data-e-type=\"section\">\n\t\t\t\t\t\t<div class=\"elementor-container elementor-column-gap-default\">\n\t\t\t\t\t<div class=\"elementor-column elementor-col-100 elementor-top-column elementor-element elementor-element-0c787e6\" data-id=\"0c787e6\" data-element_type=\"column\" data-e-type=\"column\">\n\t\t\t<div class=\"elementor-widget-wrap elementor-element-populated\">\n\t\t\t\t\t\t<div class=\"elementor-element elementor-element-18eb1e4 elementor-widget elementor-widget-spacer\" data-id=\"18eb1e4\" data-element_type=\"widget\" data-e-type=\"widget\" data-widget_type=\"spacer.default\">\n\t\t\t\t<div class=\"elementor-widget-container\">\n\t\t\t\t\t\t\t<div class=\"elementor-spacer\">\n\t\t\t<div class=\"elementor-spacer-inner\"><\/div>\n\t\t<\/div>\n\t\t\t\t\t\t<\/div>\n\t\t\t\t<\/div>\n\t\t\t\t\t<\/div>\n\t\t<\/div>\n\t\t\t\t\t<\/div>\n\t\t<\/section>\n\t\t\t\t<section class=\"elementor-section elementor-top-section elementor-element elementor-element-aaf99b7 elementor-section-boxed elementor-section-height-default elementor-section-height-default\" data-id=\"aaf99b7\" data-element_type=\"section\" data-e-type=\"section\">\n\t\t\t\t\t\t<div class=\"elementor-container elementor-column-gap-default\">\n\t\t\t\t\t<div class=\"elementor-column elementor-col-100 elementor-top-column elementor-element elementor-element-29496f3\" data-id=\"29496f3\" data-element_type=\"column\" data-e-type=\"column\">\n\t\t\t<div class=\"elementor-widget-wrap elementor-element-populated\">\n\t\t\t\t\t\t<div class=\"elementor-element elementor-element-a578844 elementor-widget elementor-widget-heading\" data-id=\"a578844\" data-element_type=\"widget\" data-e-type=\"widget\" data-widget_type=\"heading.default\">\n\t\t\t\t<div class=\"elementor-widget-container\">\n\t\t\t\t\t<h2 class=\"elementor-heading-title elementor-size-default\"><b>Szakmai vizsg\u00e1t tett<\/b><\/h2>\t\t\t\t<\/div>\n\t\t\t\t<\/div>\n\t\t\t\t\t<\/div>\n\t\t<\/div>\n\t\t\t\t\t<\/div>\n\t\t<\/section>\n\t\t\t\t<section class=\"elementor-section elementor-top-section elementor-element elementor-element-e893e3c elementor-section-boxed elementor-section-height-default elementor-section-height-default\" data-id=\"e893e3c\" data-element_type=\"section\" data-e-type=\"section\">\n\t\t\t\t\t\t<div class=\"elementor-container elementor-column-gap-default\">\n\t\t\t\t\t<div class=\"elementor-column elementor-col-100 elementor-top-column elementor-element elementor-element-218a24d\" data-id=\"218a24d\" data-element_type=\"column\" data-e-type=\"column\">\n\t\t\t<div class=\"elementor-widget-wrap elementor-element-populated\">\n\t\t\t\t\t\t<div class=\"elementor-element elementor-element-d1337a3 elementor-widget elementor-widget-spacer\" data-id=\"d1337a3\" data-element_type=\"widget\" data-e-type=\"widget\" data-widget_type=\"spacer.default\">\n\t\t\t\t<div class=\"elementor-widget-container\">\n\t\t\t\t\t\t\t<div class=\"elementor-spacer\">\n\t\t\t<div class=\"elementor-spacer-inner\"><\/div>\n\t\t<\/div>\n\t\t\t\t\t\t<\/div>\n\t\t\t\t<\/div>\n\t\t\t\t\t<\/div>\n\t\t<\/div>\n\t\t\t\t\t<\/div>\n\t\t<\/section>\n\t\t\t\t<section class=\"elementor-section elementor-top-section elementor-element elementor-element-008d15e elementor-section-boxed elementor-section-height-default elementor-section-height-default\" data-id=\"008d15e\" data-element_type=\"section\" data-e-type=\"section\">\n\t\t\t\t\t\t<div class=\"elementor-container elementor-column-gap-default\">\n\t\t\t\t\t<div class=\"elementor-column elementor-col-100 elementor-top-column elementor-element elementor-element-8bf4ccb\" data-id=\"8bf4ccb\" data-element_type=\"column\" data-e-type=\"column\">\n\t\t\t<div class=\"elementor-widget-wrap elementor-element-populated\">\n\t\t\t\t\t\t<div class=\"elementor-element elementor-element-11574f3 elementor-widget elementor-widget-heading\" data-id=\"11574f3\" data-element_type=\"widget\" data-e-type=\"widget\" data-widget_type=\"heading.default\">\n\t\t\t\t<div class=\"elementor-widget-container\">\n\t\t\t\t\t<h2 class=\"elementor-heading-title elementor-size-default\">1.\tBurtyik M\u00e1ria\t\t\u00fcveg elad\u00f3<p>\n<\/p>2.\tD\u00e9r Istv\u00e1n\t\t\u00e9lelmiszer\n<\/p>3.\tFejes Antaln\u00e9\t\tj\u00e1t\u00e9k elad\u00f3\n<\/p>4.\tKn\u00f3r Lajosn\u00e9\t\t\u00fcveg elad\u00f3\n<\/p>5.\tMakula S\u00e1ndor\tvas-m\u0171szaki\n<\/p>6.\tMolecs\u00e1n Judit\tillatszer elad\u00f3\n<\/p>7.\tSomokor Oszk\u00e1rn\u00e9\truh\u00e1zat\n<\/p>8.\tUjj Ferencn\u00e9\t\t\u00e9lelmiszer\n<\/p>9.\tVarga Istv\u00e1nn\u00e9\t\u00e9lelmiszer\n<\/p>10.\tVeraszt\u00f3 Ervin\tm\u0171szaki elad\u00f3\n<\/p>11.\tVili Ilona\t\t\u00e9lelmiszer<\/h2>\t\t\t\t<\/div>\n\t\t\t\t<\/div>\n\t\t\t\t\t<\/div>\n\t\t<\/div>\n\t\t\t\t\t<\/div>\n\t\t<\/section>\n\t\t\t\t<\/div>\n\t\t","protected":false},"excerpt":{"rendered":"<p>1957\/1958 Szakmai vizsg\u00e1t tett 1. Burtyik M\u00e1ria \u00fcveg elad\u00f3 2. D\u00e9r Istv\u00e1n \u00e9lelmiszer 3. Fejes Antaln\u00e9 j\u00e1t\u00e9k elad\u00f3 4. Kn\u00f3r Lajosn\u00e9 \u00fcveg elad\u00f3 5. Makula S\u00e1ndor vas-m\u0171szaki 6. Molecs\u00e1n Judit illatszer elad\u00f3 7. Somokor Oszk\u00e1rn\u00e9 ruh\u00e1zat 8. Ujj Ferencn\u00e9 \u00e9lelmiszer 9. Varga Istv\u00e1nn\u00e9 \u00e9lelmiszer 10. Veraszt\u00f3 Ervin m\u0171szaki elad\u00f3 11. Vili Ilona \u00e9lelmiszer<\/p>\n","protected":false},"author":4,"featured_media":0,"parent":0,"menu_order":0,"comment_status":"closed","ping_status":"closed","template":"","meta":{"footnotes":""},"class_list":["post-35183","page","type-page","status-publish","hentry"],"_links":{"self":[{"href":"\/index.php\/wp-json\/wp\/v2\/pages\/35183","targetHints":{"allow":["GET"]}}],"collection":[{"href":"\/index.php\/wp-json\/wp\/v2\/pages"}],"about":[{"href":"\/index.php\/wp-json\/wp\/v2\/types\/page"}],"author":[{"embeddable":true,"href":"\/index.php\/wp-json\/wp\/v2\/users\/4"}],"replies":[{"embeddable":true,"href":"\/index.php\/wp-json\/wp\/v2\/comments?post=35183"}],"version-history":[{"count":4,"href":"\/index.php\/wp-json\/wp\/v2\/pages\/35183\/revisions"}],"predecessor-version":[{"id":35188,"href":"\/index.php\/wp-json\/wp\/v2\/pages\/35183\/revisions\/35188"}],"wp:attachment":[{"href":"\/index.php\/wp-json\/wp\/v2\/media?parent=35183"}],"curies":[{"name":"wp","href":"https:\/\/api.w.org\/{rel}","templated":true}]}}