{"id":35108,"date":"2024-01-30T08:58:33","date_gmt":"2024-01-30T07:58:33","guid":{"rendered":"\/?page_id=35108"},"modified":"2024-01-30T09:01:33","modified_gmt":"2024-01-30T08:01:33","slug":"1958-elelmiszer-elado","status":"publish","type":"page","link":"\/index.php\/1958-elelmiszer-elado\/","title":{"rendered":"1958 \u00c9lelmiszer elad\u00f3"},"content":{"rendered":"\t\t<div data-elementor-type=\"wp-page\" data-elementor-id=\"35108\" class=\"elementor elementor-35108\" data-elementor-post-type=\"page\">\n\t\t\t\t\t\t<section class=\"elementor-section elementor-top-section elementor-element elementor-element-9ac7b13 elementor-section-boxed elementor-section-height-default elementor-section-height-default\" data-id=\"9ac7b13\" data-element_type=\"section\" data-e-type=\"section\">\n\t\t\t\t\t\t<div class=\"elementor-container elementor-column-gap-default\">\n\t\t\t\t\t<div class=\"elementor-column elementor-col-100 elementor-top-column elementor-element elementor-element-5b46e7c\" data-id=\"5b46e7c\" data-element_type=\"column\" data-e-type=\"column\">\n\t\t\t<div class=\"elementor-widget-wrap elementor-element-populated\">\n\t\t\t\t\t\t<div class=\"elementor-element elementor-element-414b3f0 elementor-widget elementor-widget-spacer\" data-id=\"414b3f0\" data-element_type=\"widget\" data-e-type=\"widget\" data-widget_type=\"spacer.default\">\n\t\t\t\t<div class=\"elementor-widget-container\">\n\t\t\t\t\t\t\t<div class=\"elementor-spacer\">\n\t\t\t<div class=\"elementor-spacer-inner\"><\/div>\n\t\t<\/div>\n\t\t\t\t\t\t<\/div>\n\t\t\t\t<\/div>\n\t\t\t\t\t<\/div>\n\t\t<\/div>\n\t\t\t\t\t<\/div>\n\t\t<\/section>\n\t\t\t\t<section class=\"elementor-section elementor-top-section elementor-element elementor-element-4270bcb elementor-section-boxed elementor-section-height-default elementor-section-height-default\" data-id=\"4270bcb\" data-element_type=\"section\" data-e-type=\"section\">\n\t\t\t\t\t\t<div class=\"elementor-container elementor-column-gap-default\">\n\t\t\t\t\t<div class=\"elementor-column elementor-col-100 elementor-top-column elementor-element elementor-element-75927ae\" data-id=\"75927ae\" data-element_type=\"column\" data-e-type=\"column\">\n\t\t\t<div class=\"elementor-widget-wrap elementor-element-populated\">\n\t\t\t\t\t\t<div class=\"elementor-element elementor-element-6d9a4b6 elementor-widget elementor-widget-heading\" data-id=\"6d9a4b6\" data-element_type=\"widget\" data-e-type=\"widget\" data-widget_type=\"heading.default\">\n\t\t\t\t<div class=\"elementor-widget-container\">\n\t\t\t\t\t<h2 class=\"elementor-heading-title elementor-size-default\"><b>1957\/1958<\/b><\/h2>\t\t\t\t<\/div>\n\t\t\t\t<\/div>\n\t\t\t\t\t<\/div>\n\t\t<\/div>\n\t\t\t\t\t<\/div>\n\t\t<\/section>\n\t\t\t\t<section class=\"elementor-section elementor-top-section elementor-element elementor-element-868f8c8 elementor-section-boxed elementor-section-height-default elementor-section-height-default\" data-id=\"868f8c8\" data-element_type=\"section\" data-e-type=\"section\">\n\t\t\t\t\t\t<div class=\"elementor-container elementor-column-gap-default\">\n\t\t\t\t\t<div class=\"elementor-column elementor-col-100 elementor-top-column elementor-element elementor-element-87ef6ad\" data-id=\"87ef6ad\" data-element_type=\"column\" data-e-type=\"column\">\n\t\t\t<div class=\"elementor-widget-wrap elementor-element-populated\">\n\t\t\t\t\t\t<div class=\"elementor-element elementor-element-4c80aa9 elementor-widget elementor-widget-spacer\" data-id=\"4c80aa9\" data-element_type=\"widget\" data-e-type=\"widget\" data-widget_type=\"spacer.default\">\n\t\t\t\t<div class=\"elementor-widget-container\">\n\t\t\t\t\t\t\t<div class=\"elementor-spacer\">\n\t\t\t<div class=\"elementor-spacer-inner\"><\/div>\n\t\t<\/div>\n\t\t\t\t\t\t<\/div>\n\t\t\t\t<\/div>\n\t\t\t\t\t<\/div>\n\t\t<\/div>\n\t\t\t\t\t<\/div>\n\t\t<\/section>\n\t\t\t\t<section class=\"elementor-section elementor-top-section elementor-element elementor-element-2cc1ddc elementor-section-boxed elementor-section-height-default elementor-section-height-default\" data-id=\"2cc1ddc\" data-element_type=\"section\" data-e-type=\"section\">\n\t\t\t\t\t\t<div class=\"elementor-container elementor-column-gap-default\">\n\t\t\t\t\t<div class=\"elementor-column elementor-col-100 elementor-top-column elementor-element elementor-element-d9df177\" data-id=\"d9df177\" data-element_type=\"column\" data-e-type=\"column\">\n\t\t\t<div class=\"elementor-widget-wrap elementor-element-populated\">\n\t\t\t\t\t\t<div class=\"elementor-element elementor-element-5aaf3f7 elementor-widget elementor-widget-heading\" data-id=\"5aaf3f7\" data-element_type=\"widget\" data-e-type=\"widget\" data-widget_type=\"heading.default\">\n\t\t\t\t<div class=\"elementor-widget-container\">\n\t\t\t\t\t<h2 class=\"elementor-heading-title elementor-size-default\"><b>Szakma: \u00e9lelmiszer elad\u00f3<\/b><\/h2>\t\t\t\t<\/div>\n\t\t\t\t<\/div>\n\t\t\t\t\t<\/div>\n\t\t<\/div>\n\t\t\t\t\t<\/div>\n\t\t<\/section>\n\t\t\t\t<section class=\"elementor-section elementor-top-section elementor-element elementor-element-19c334f elementor-section-boxed elementor-section-height-default elementor-section-height-default\" data-id=\"19c334f\" data-element_type=\"section\" data-e-type=\"section\">\n\t\t\t\t\t\t<div class=\"elementor-container elementor-column-gap-default\">\n\t\t\t\t\t<div class=\"elementor-column elementor-col-100 elementor-top-column elementor-element elementor-element-d9fd790\" data-id=\"d9fd790\" data-element_type=\"column\" data-e-type=\"column\">\n\t\t\t<div class=\"elementor-widget-wrap elementor-element-populated\">\n\t\t\t\t\t\t<div class=\"elementor-element elementor-element-a638aac elementor-widget elementor-widget-spacer\" data-id=\"a638aac\" data-element_type=\"widget\" data-e-type=\"widget\" data-widget_type=\"spacer.default\">\n\t\t\t\t<div class=\"elementor-widget-container\">\n\t\t\t\t\t\t\t<div class=\"elementor-spacer\">\n\t\t\t<div class=\"elementor-spacer-inner\"><\/div>\n\t\t<\/div>\n\t\t\t\t\t\t<\/div>\n\t\t\t\t<\/div>\n\t\t\t\t\t<\/div>\n\t\t<\/div>\n\t\t\t\t\t<\/div>\n\t\t<\/section>\n\t\t\t\t<section class=\"elementor-section elementor-top-section elementor-element elementor-element-243aeab elementor-section-boxed elementor-section-height-default elementor-section-height-default\" data-id=\"243aeab\" data-element_type=\"section\" data-e-type=\"section\">\n\t\t\t\t\t\t<div class=\"elementor-container elementor-column-gap-default\">\n\t\t\t\t\t<div class=\"elementor-column elementor-col-100 elementor-top-column elementor-element elementor-element-38a3017\" data-id=\"38a3017\" data-element_type=\"column\" data-e-type=\"column\">\n\t\t\t<div class=\"elementor-widget-wrap elementor-element-populated\">\n\t\t\t\t\t\t<div class=\"elementor-element elementor-element-9bcce30 elementor-widget elementor-widget-heading\" data-id=\"9bcce30\" data-element_type=\"widget\" data-e-type=\"widget\" data-widget_type=\"heading.default\">\n\t\t\t\t<div class=\"elementor-widget-container\">\n\t\t\t\t\t<h2 class=\"elementor-heading-title elementor-size-default\">1.\tBalogh K\u00e1roly<p>\n<\/p>2.\tBielik Andr\u00e1s\n<\/p>3.\tBohus Andr\u00e1sn\u00e9\n<\/p>4.\tBorb\u00e9ly Imr\u00e9n\u00e9\n<\/p>5.\tBuzi Piroska\n<\/p>6.\tDebreczeni Andr\u00e1sn\u00e9\n<\/p>7.\tF\u00e1bi\u00e1n Gy\u00f6rgyn\u00e9\n<\/p>8.\tFarkas P\u00e1l\n<\/p>9.\tFekete Ferenc\n<\/p>10.\tGy\u0151ri Zolt\u00e1n\n<\/p>11.\tHeged\u0171s Mih\u00e1lyn\u00e9\n<\/p>12.\tH\u00e9jjas Ir\u00e9n\n<\/p>13.\tHorv\u00e1th Magdolna\n<\/p>14.\tKecskem\u00e9ti Imr\u00e9n\u00e9\n<\/p>15.\tKov\u00e1cs Ferenc\n<\/p>16.\tKov\u00e1cs Ferencn\u00e9\n<\/p>17.\tKov\u00e1cs J\u00f3zsefn\u00e9\n<\/p>18.\tK\u0151szegi Mih\u00e1ly\n<\/p>19.\tK\u00f6vesi J\u00e1nos\n<\/p>20.\tKraszk\u00f3 M\u00e1ty\u00e1s\n<\/p>21.\tLack\u00f3 Antal\n<\/p>22.\tMakai Gyula\n<\/p>23.\tMarton Magdolna\n<\/p>24.\tM\u00e9sz\u00e1ros Zolt\u00e1n\n<\/p>25.\tNagy B\u00e1lint\n<\/p>26.\tP\u00e1lfi J\u00e1nosn\u00e9\n<\/p>27.\tPammer J\u00f3zsefn\u00e9\n<\/p>28.\tPapp H. S\u00e1ndor\n<\/p>29.\tPet\u0151 M\u00e1ria\n<\/p>30.\tPetrik\u00f3 Mih\u00e1lyn\u00e9\n<\/p>31.\tPik\u00f3 J\u00f3zsef\n<\/p>32.\tPint\u00e9r Antaln\u00e9\t\n<\/p>33.\tPint\u00e9r B\u00e9la\n<\/p>34.\tSaj\u00f3hegyi Andr\u00e1sn\u00e9\n<\/p>35.\tSepr\u00e9nyi Istv\u00e1n\n<\/p>36.\tSerf\u0151z\u0151 Ferencn\u00e9\n<\/p>37.\tSerf\u0151z\u0151 Lajosn\u00e9\n<\/p>38.\tSzab\u00f3 J\u00e1nos\n<\/p>39.\tSzab\u00f3 Julianna\n<\/p>40.\tSzelencz\u00e9s J\u00e1nos\n<\/p>41.\tSzikes Antaln\u00e9\n<\/p>42.\tSzmolnik J\u00e1nos\n<\/p>43.\tSzod\u00f3ki L\u00e1szl\u00f3n\u00e9\n<\/p>44.\tT. Moln\u00e1r Istv\u00e1nn\u00e9\n<\/p>45.\tUhrin G\u00e9za\n<\/p>46.\tVacsi Ern\u0151\n<\/p>47.\tVarga Istv\u00e1nn\u00e9\n<\/p>48.\tV\u00e9kony J\u00f3zsef\n<\/p>49.\tWeisz Tiborn\u00e9<\/h2>\t\t\t\t<\/div>\n\t\t\t\t<\/div>\n\t\t\t\t\t<\/div>\n\t\t<\/div>\n\t\t\t\t\t<\/div>\n\t\t<\/section>\n\t\t\t\t<\/div>\n\t\t","protected":false},"excerpt":{"rendered":"<p>1957\/1958 Szakma: \u00e9lelmiszer elad\u00f3 1. Balogh K\u00e1roly 2. Bielik Andr\u00e1s 3. Bohus Andr\u00e1sn\u00e9 4. Borb\u00e9ly Imr\u00e9n\u00e9 5. Buzi Piroska 6. Debreczeni Andr\u00e1sn\u00e9 7. F\u00e1bi\u00e1n Gy\u00f6rgyn\u00e9 8. Farkas P\u00e1l 9. Fekete Ferenc 10. Gy\u0151ri Zolt\u00e1n 11. Heged\u0171s Mih\u00e1lyn\u00e9 12. H\u00e9jjas Ir\u00e9n 13. Horv\u00e1th Magdolna 14. Kecskem\u00e9ti Imr\u00e9n\u00e9 15. Kov\u00e1cs Ferenc 16. Kov\u00e1cs Ferencn\u00e9 17. Kov\u00e1cs J\u00f3zsefn\u00e9 [&hellip;]<\/p>\n","protected":false},"author":4,"featured_media":0,"parent":0,"menu_order":0,"comment_status":"closed","ping_status":"closed","template":"","meta":{"footnotes":""},"class_list":["post-35108","page","type-page","status-publish","hentry"],"_links":{"self":[{"href":"\/index.php\/wp-json\/wp\/v2\/pages\/35108","targetHints":{"allow":["GET"]}}],"collection":[{"href":"\/index.php\/wp-json\/wp\/v2\/pages"}],"about":[{"href":"\/index.php\/wp-json\/wp\/v2\/types\/page"}],"author":[{"embeddable":true,"href":"\/index.php\/wp-json\/wp\/v2\/users\/4"}],"replies":[{"embeddable":true,"href":"\/index.php\/wp-json\/wp\/v2\/comments?post=35108"}],"version-history":[{"count":7,"href":"\/index.php\/wp-json\/wp\/v2\/pages\/35108\/revisions"}],"predecessor-version":[{"id":35116,"href":"\/index.php\/wp-json\/wp\/v2\/pages\/35108\/revisions\/35116"}],"wp:attachment":[{"href":"\/index.php\/wp-json\/wp\/v2\/media?parent=35108"}],"curies":[{"name":"wp","href":"https:\/\/api.w.org\/{rel}","templated":true}]}}