{"id":35077,"date":"2024-01-29T13:38:19","date_gmt":"2024-01-29T12:38:19","guid":{"rendered":"\/?page_id=35077"},"modified":"2024-01-29T13:40:56","modified_gmt":"2024-01-29T12:40:56","slug":"1959-szakmai-vizsgat-tett","status":"publish","type":"page","link":"\/index.php\/1959-szakmai-vizsgat-tett\/","title":{"rendered":"1959 Szakmai vizsg\u00e1t tett"},"content":{"rendered":"\t\t<div data-elementor-type=\"wp-page\" data-elementor-id=\"35077\" class=\"elementor elementor-35077\" data-elementor-post-type=\"page\">\n\t\t\t\t\t\t<section class=\"elementor-section elementor-top-section elementor-element elementor-element-1da771e elementor-section-boxed elementor-section-height-default elementor-section-height-default\" data-id=\"1da771e\" data-element_type=\"section\" data-e-type=\"section\">\n\t\t\t\t\t\t<div class=\"elementor-container elementor-column-gap-default\">\n\t\t\t\t\t<div class=\"elementor-column elementor-col-100 elementor-top-column elementor-element elementor-element-e16f710\" data-id=\"e16f710\" data-element_type=\"column\" data-e-type=\"column\">\n\t\t\t<div class=\"elementor-widget-wrap elementor-element-populated\">\n\t\t\t\t\t\t<div class=\"elementor-element elementor-element-88926ce elementor-widget elementor-widget-spacer\" data-id=\"88926ce\" data-element_type=\"widget\" data-e-type=\"widget\" data-widget_type=\"spacer.default\">\n\t\t\t\t<div class=\"elementor-widget-container\">\n\t\t\t\t\t\t\t<div class=\"elementor-spacer\">\n\t\t\t<div class=\"elementor-spacer-inner\"><\/div>\n\t\t<\/div>\n\t\t\t\t\t\t<\/div>\n\t\t\t\t<\/div>\n\t\t\t\t\t<\/div>\n\t\t<\/div>\n\t\t\t\t\t<\/div>\n\t\t<\/section>\n\t\t\t\t<section class=\"elementor-section elementor-top-section elementor-element elementor-element-41aaf65 elementor-section-boxed elementor-section-height-default elementor-section-height-default\" data-id=\"41aaf65\" data-element_type=\"section\" data-e-type=\"section\">\n\t\t\t\t\t\t<div class=\"elementor-container elementor-column-gap-default\">\n\t\t\t\t\t<div class=\"elementor-column elementor-col-100 elementor-top-column elementor-element elementor-element-ab2720c\" data-id=\"ab2720c\" data-element_type=\"column\" data-e-type=\"column\">\n\t\t\t<div class=\"elementor-widget-wrap elementor-element-populated\">\n\t\t\t\t\t\t<div class=\"elementor-element elementor-element-d7128b7 elementor-widget elementor-widget-heading\" data-id=\"d7128b7\" data-element_type=\"widget\" data-e-type=\"widget\" data-widget_type=\"heading.default\">\n\t\t\t\t<div class=\"elementor-widget-container\">\n\t\t\t\t\t<h2 class=\"elementor-heading-title elementor-size-default\"><b>1958\/1959<\/b><\/h2>\t\t\t\t<\/div>\n\t\t\t\t<\/div>\n\t\t\t\t\t<\/div>\n\t\t<\/div>\n\t\t\t\t\t<\/div>\n\t\t<\/section>\n\t\t\t\t<section class=\"elementor-section elementor-top-section elementor-element elementor-element-7ad360d elementor-section-boxed elementor-section-height-default elementor-section-height-default\" data-id=\"7ad360d\" data-element_type=\"section\" data-e-type=\"section\">\n\t\t\t\t\t\t<div class=\"elementor-container elementor-column-gap-default\">\n\t\t\t\t\t<div class=\"elementor-column elementor-col-100 elementor-top-column elementor-element elementor-element-be35782\" data-id=\"be35782\" data-element_type=\"column\" data-e-type=\"column\">\n\t\t\t<div class=\"elementor-widget-wrap elementor-element-populated\">\n\t\t\t\t\t\t<div class=\"elementor-element elementor-element-95b360a elementor-widget elementor-widget-spacer\" data-id=\"95b360a\" data-element_type=\"widget\" data-e-type=\"widget\" data-widget_type=\"spacer.default\">\n\t\t\t\t<div class=\"elementor-widget-container\">\n\t\t\t\t\t\t\t<div class=\"elementor-spacer\">\n\t\t\t<div class=\"elementor-spacer-inner\"><\/div>\n\t\t<\/div>\n\t\t\t\t\t\t<\/div>\n\t\t\t\t<\/div>\n\t\t\t\t\t<\/div>\n\t\t<\/div>\n\t\t\t\t\t<\/div>\n\t\t<\/section>\n\t\t\t\t<section class=\"elementor-section elementor-top-section elementor-element elementor-element-498ae6c elementor-section-boxed elementor-section-height-default elementor-section-height-default\" data-id=\"498ae6c\" data-element_type=\"section\" data-e-type=\"section\">\n\t\t\t\t\t\t<div class=\"elementor-container elementor-column-gap-default\">\n\t\t\t\t\t<div class=\"elementor-column elementor-col-100 elementor-top-column elementor-element elementor-element-52e2df1\" data-id=\"52e2df1\" data-element_type=\"column\" data-e-type=\"column\">\n\t\t\t<div class=\"elementor-widget-wrap elementor-element-populated\">\n\t\t\t\t\t\t<div class=\"elementor-element elementor-element-2ce477c elementor-widget elementor-widget-heading\" data-id=\"2ce477c\" data-element_type=\"widget\" data-e-type=\"widget\" data-widget_type=\"heading.default\">\n\t\t\t\t<div class=\"elementor-widget-container\">\n\t\t\t\t\t<h2 class=\"elementor-heading-title elementor-size-default\"><b>Szakmai vizsg\u00e1t tett<\/b><\/h2>\t\t\t\t<\/div>\n\t\t\t\t<\/div>\n\t\t\t\t\t<\/div>\n\t\t<\/div>\n\t\t\t\t\t<\/div>\n\t\t<\/section>\n\t\t\t\t<section class=\"elementor-section elementor-top-section elementor-element elementor-element-37a1720 elementor-section-boxed elementor-section-height-default elementor-section-height-default\" data-id=\"37a1720\" data-element_type=\"section\" data-e-type=\"section\">\n\t\t\t\t\t\t<div class=\"elementor-container elementor-column-gap-default\">\n\t\t\t\t\t<div class=\"elementor-column elementor-col-100 elementor-top-column elementor-element elementor-element-bce6391\" data-id=\"bce6391\" data-element_type=\"column\" data-e-type=\"column\">\n\t\t\t<div class=\"elementor-widget-wrap elementor-element-populated\">\n\t\t\t\t\t\t<div class=\"elementor-element elementor-element-1a86152 elementor-widget elementor-widget-spacer\" data-id=\"1a86152\" data-element_type=\"widget\" data-e-type=\"widget\" data-widget_type=\"spacer.default\">\n\t\t\t\t<div class=\"elementor-widget-container\">\n\t\t\t\t\t\t\t<div class=\"elementor-spacer\">\n\t\t\t<div class=\"elementor-spacer-inner\"><\/div>\n\t\t<\/div>\n\t\t\t\t\t\t<\/div>\n\t\t\t\t<\/div>\n\t\t\t\t\t<\/div>\n\t\t<\/div>\n\t\t\t\t\t<\/div>\n\t\t<\/section>\n\t\t\t\t<section class=\"elementor-section elementor-top-section elementor-element elementor-element-a09f500 elementor-section-boxed elementor-section-height-default elementor-section-height-default\" data-id=\"a09f500\" data-element_type=\"section\" data-e-type=\"section\">\n\t\t\t\t\t\t<div class=\"elementor-container elementor-column-gap-default\">\n\t\t\t\t\t<div class=\"elementor-column elementor-col-100 elementor-top-column elementor-element elementor-element-b813c40\" data-id=\"b813c40\" data-element_type=\"column\" data-e-type=\"column\">\n\t\t\t<div class=\"elementor-widget-wrap elementor-element-populated\">\n\t\t\t\t\t\t<div class=\"elementor-element elementor-element-dfa00b8 elementor-widget elementor-widget-heading\" data-id=\"dfa00b8\" data-element_type=\"widget\" data-e-type=\"widget\" data-widget_type=\"heading.default\">\n\t\t\t\t<div class=\"elementor-widget-container\">\n\t\t\t\t\t<h5 class=\"elementor-heading-title elementor-size-default\">1.\tB. Nagy R\u00f3za\t\tvegyesbolti elad\u00f3<p>\n<\/p>2.\tB\u00e9k\u00e9szki J\u00e1nos\tm\u00e9ter\u00e1r\u00fa elad\u00f3\n<\/p>3.\tFeh\u00e9rv\u00e1ri Etelka\tpap\u00edr \u00e9s \u00edr\u00f3szer elad\u00f3\n<\/p>4.\tFodor Istv\u00e1n\t\tm\u00e9ter\u00e1r\u00fa elad\u00f3\n<\/p>5.\tFodor Kl\u00e1ra\t\tdivat r\u00f6vid \u00e9s k\u00f6t\u00f6tt\u00e1r\u00fa elad\u00f3\n<\/p>6.\tF\u00f6ldv\u00e1ri Gy\u00f6ngyi\tkonfekci\u00f3 elad\u00f3\n<\/p>7.\tHajk\u00f3 J\u00e1nos\t\tvas-ed\u00e9ny elad\u00f3\n<\/p>8.\tHank\u00f3 Gy\u00f6rgy\tm\u00e9ter\u00e1r\u00fa elad\u00f3\n<\/p>9.\tHarangoz\u00f3 M\u00e1ria\tk\u00f6t\u00f6tt-divat\n<\/p>10.\tHolov\u00e1r S\u00e1ndor\truh\u00e1zati-vegyes elad\u00f3\n<\/p>11.\tKeczer Katalin\tdivat r\u00f6vid \u00e9s k\u00f6t\u00f6tt\u00e1r\u00fa elad\u00f3\n<\/p>12.\tKeller D\u00f3ra\t\tkonfekci\u00f3 elad\u00f3\n<\/p>13.\tKiss Anna\t\tkonfekci\u00f3 elad\u00f3\n<\/p>14.\tM\u00e9hes Olga\t\tm\u00e9ter\u00e1r\u00fa elad\u00f3\n<\/p>15.\tPacsika Istv\u00e1n\t\th\u00fas \u00e9s hentes\u00e1r\u00fa elad\u00f3\n<\/p>16.\tPalyik Erzs\u00e9bet\tsport \u00e9s j\u00e1t\u00e9kcikk elad\u00f3\n<\/p>17.\tPint\u00e9r Margit\t\tpap\u00edr \u00e9s \u00edr\u00f3szer elad\u00f3\n<\/p>18.\tPusztai Gy\u00f6rgy\tm\u00e9ter\u00e1r\u00fa elad\u00f3\n<\/p>19.\tRohoska J\u00e1nos\tvegyesbolti elad\u00f3\n<\/p>20.\tSiflis Ilona\t\tpap\u00edr \u00e9s \u00edr\u00f3szer elad\u00f3\n<\/p>21.\tSzil\u00e1gyi Anna\t\tdivat r\u00f6vid \u00e9s k\u00f6t\u00f6tt\u00e1r\u00fa elad\u00f3\n<\/p>22.\tSzl\u00e1vik Lajosn\u00e9\tf\u0171szer-\u00e9lelmiszer\n<\/p>23.\tSz\u0171rszab\u00f3 Istv\u00e1n\tvegyesbolti elad\u00f3\n<\/p>24.\tToldi Eszter\t\tvegyesbolti elad\u00f3\n<\/p>25.\tZ\u00e1bovszki Katalin\tdivat r\u00f6vid \u00e9s k\u00f6t\u00f6tt\u00e1r\u00fa elad\u00f3<\/h5>\t\t\t\t<\/div>\n\t\t\t\t<\/div>\n\t\t\t\t\t<\/div>\n\t\t<\/div>\n\t\t\t\t\t<\/div>\n\t\t<\/section>\n\t\t\t\t<\/div>\n\t\t","protected":false},"excerpt":{"rendered":"<p>1958\/1959 Szakmai vizsg\u00e1t tett 1. B. Nagy R\u00f3za vegyesbolti elad\u00f3 2. B\u00e9k\u00e9szki J\u00e1nos m\u00e9ter\u00e1r\u00fa elad\u00f3 3. Feh\u00e9rv\u00e1ri Etelka pap\u00edr \u00e9s \u00edr\u00f3szer elad\u00f3 4. Fodor Istv\u00e1n m\u00e9ter\u00e1r\u00fa elad\u00f3 5. Fodor Kl\u00e1ra divat r\u00f6vid \u00e9s k\u00f6t\u00f6tt\u00e1r\u00fa elad\u00f3 6. F\u00f6ldv\u00e1ri Gy\u00f6ngyi konfekci\u00f3 elad\u00f3 7. Hajk\u00f3 J\u00e1nos vas-ed\u00e9ny elad\u00f3 8. Hank\u00f3 Gy\u00f6rgy m\u00e9ter\u00e1r\u00fa elad\u00f3 9. Harangoz\u00f3 M\u00e1ria k\u00f6t\u00f6tt-divat 10. [&hellip;]<\/p>\n","protected":false},"author":4,"featured_media":0,"parent":0,"menu_order":0,"comment_status":"closed","ping_status":"closed","template":"","meta":{"footnotes":""},"class_list":["post-35077","page","type-page","status-publish","hentry"],"_links":{"self":[{"href":"\/index.php\/wp-json\/wp\/v2\/pages\/35077","targetHints":{"allow":["GET"]}}],"collection":[{"href":"\/index.php\/wp-json\/wp\/v2\/pages"}],"about":[{"href":"\/index.php\/wp-json\/wp\/v2\/types\/page"}],"author":[{"embeddable":true,"href":"\/index.php\/wp-json\/wp\/v2\/users\/4"}],"replies":[{"embeddable":true,"href":"\/index.php\/wp-json\/wp\/v2\/comments?post=35077"}],"version-history":[{"count":10,"href":"\/index.php\/wp-json\/wp\/v2\/pages\/35077\/revisions"}],"predecessor-version":[{"id":35088,"href":"\/index.php\/wp-json\/wp\/v2\/pages\/35077\/revisions\/35088"}],"wp:attachment":[{"href":"\/index.php\/wp-json\/wp\/v2\/media?parent=35077"}],"curies":[{"name":"wp","href":"https:\/\/api.w.org\/{rel}","templated":true}]}}