{"id":35068,"date":"2024-01-29T13:35:40","date_gmt":"2024-01-29T12:35:40","guid":{"rendered":"\/?page_id=35068"},"modified":"2024-01-29T13:37:35","modified_gmt":"2024-01-29T12:37:35","slug":"1959-fuszer-es-csemege-elado","status":"publish","type":"page","link":"\/index.php\/1959-fuszer-es-csemege-elado\/","title":{"rendered":"1959 F\u0171szer \u00e9s csemege elad\u00f3"},"content":{"rendered":"\t\t<div data-elementor-type=\"wp-page\" data-elementor-id=\"35068\" class=\"elementor elementor-35068\" data-elementor-post-type=\"page\">\n\t\t\t\t\t\t<section class=\"elementor-section elementor-top-section elementor-element elementor-element-d61a4e4 elementor-section-boxed elementor-section-height-default elementor-section-height-default\" data-id=\"d61a4e4\" data-element_type=\"section\" data-e-type=\"section\">\n\t\t\t\t\t\t<div class=\"elementor-container elementor-column-gap-default\">\n\t\t\t\t\t<div class=\"elementor-column elementor-col-100 elementor-top-column elementor-element elementor-element-ce6a3b5\" data-id=\"ce6a3b5\" data-element_type=\"column\" data-e-type=\"column\">\n\t\t\t<div class=\"elementor-widget-wrap elementor-element-populated\">\n\t\t\t\t\t\t<div class=\"elementor-element elementor-element-0587963 elementor-widget elementor-widget-spacer\" data-id=\"0587963\" data-element_type=\"widget\" data-e-type=\"widget\" data-widget_type=\"spacer.default\">\n\t\t\t\t<div class=\"elementor-widget-container\">\n\t\t\t\t\t\t\t<div class=\"elementor-spacer\">\n\t\t\t<div class=\"elementor-spacer-inner\"><\/div>\n\t\t<\/div>\n\t\t\t\t\t\t<\/div>\n\t\t\t\t<\/div>\n\t\t\t\t\t<\/div>\n\t\t<\/div>\n\t\t\t\t\t<\/div>\n\t\t<\/section>\n\t\t\t\t<section class=\"elementor-section elementor-top-section elementor-element elementor-element-7d3fe96 elementor-section-boxed elementor-section-height-default elementor-section-height-default\" data-id=\"7d3fe96\" data-element_type=\"section\" data-e-type=\"section\">\n\t\t\t\t\t\t<div class=\"elementor-container elementor-column-gap-default\">\n\t\t\t\t\t<div class=\"elementor-column elementor-col-100 elementor-top-column elementor-element elementor-element-a8af75a\" data-id=\"a8af75a\" data-element_type=\"column\" data-e-type=\"column\">\n\t\t\t<div class=\"elementor-widget-wrap elementor-element-populated\">\n\t\t\t\t\t\t<div class=\"elementor-element elementor-element-8332a7d elementor-widget elementor-widget-heading\" data-id=\"8332a7d\" data-element_type=\"widget\" data-e-type=\"widget\" data-widget_type=\"heading.default\">\n\t\t\t\t<div class=\"elementor-widget-container\">\n\t\t\t\t\t<h2 class=\"elementor-heading-title elementor-size-default\"><b>1958\/1959<\/b><\/h2>\t\t\t\t<\/div>\n\t\t\t\t<\/div>\n\t\t\t\t\t<\/div>\n\t\t<\/div>\n\t\t\t\t\t<\/div>\n\t\t<\/section>\n\t\t\t\t<section class=\"elementor-section elementor-top-section elementor-element elementor-element-29c23ad elementor-section-boxed elementor-section-height-default elementor-section-height-default\" data-id=\"29c23ad\" data-element_type=\"section\" data-e-type=\"section\">\n\t\t\t\t\t\t<div class=\"elementor-container elementor-column-gap-default\">\n\t\t\t\t\t<div class=\"elementor-column elementor-col-100 elementor-top-column elementor-element elementor-element-729009b\" data-id=\"729009b\" data-element_type=\"column\" data-e-type=\"column\">\n\t\t\t<div class=\"elementor-widget-wrap elementor-element-populated\">\n\t\t\t\t\t\t<div class=\"elementor-element elementor-element-c68c60d elementor-widget elementor-widget-spacer\" data-id=\"c68c60d\" data-element_type=\"widget\" data-e-type=\"widget\" data-widget_type=\"spacer.default\">\n\t\t\t\t<div class=\"elementor-widget-container\">\n\t\t\t\t\t\t\t<div class=\"elementor-spacer\">\n\t\t\t<div class=\"elementor-spacer-inner\"><\/div>\n\t\t<\/div>\n\t\t\t\t\t\t<\/div>\n\t\t\t\t<\/div>\n\t\t\t\t\t<\/div>\n\t\t<\/div>\n\t\t\t\t\t<\/div>\n\t\t<\/section>\n\t\t\t\t<section class=\"elementor-section elementor-top-section elementor-element elementor-element-1154529 elementor-section-boxed elementor-section-height-default elementor-section-height-default\" data-id=\"1154529\" data-element_type=\"section\" data-e-type=\"section\">\n\t\t\t\t\t\t<div class=\"elementor-container elementor-column-gap-default\">\n\t\t\t\t\t<div class=\"elementor-column elementor-col-100 elementor-top-column elementor-element elementor-element-bd521db\" data-id=\"bd521db\" data-element_type=\"column\" data-e-type=\"column\">\n\t\t\t<div class=\"elementor-widget-wrap elementor-element-populated\">\n\t\t\t\t\t\t<div class=\"elementor-element elementor-element-fa96bd2 elementor-widget elementor-widget-heading\" data-id=\"fa96bd2\" data-element_type=\"widget\" data-e-type=\"widget\" data-widget_type=\"heading.default\">\n\t\t\t\t<div class=\"elementor-widget-container\">\n\t\t\t\t\t<h2 class=\"elementor-heading-title elementor-size-default\"><b>Szakma: f\u0171szer \u00e9s csemege elad\u00f3<\/b><\/h2>\t\t\t\t<\/div>\n\t\t\t\t<\/div>\n\t\t\t\t\t<\/div>\n\t\t<\/div>\n\t\t\t\t\t<\/div>\n\t\t<\/section>\n\t\t\t\t<section class=\"elementor-section elementor-top-section elementor-element elementor-element-dcf4511 elementor-section-boxed elementor-section-height-default elementor-section-height-default\" data-id=\"dcf4511\" data-element_type=\"section\" data-e-type=\"section\">\n\t\t\t\t\t\t<div class=\"elementor-container elementor-column-gap-default\">\n\t\t\t\t\t<div class=\"elementor-column elementor-col-100 elementor-top-column elementor-element elementor-element-15e8d66\" data-id=\"15e8d66\" data-element_type=\"column\" data-e-type=\"column\">\n\t\t\t<div class=\"elementor-widget-wrap elementor-element-populated\">\n\t\t\t\t\t\t<div class=\"elementor-element elementor-element-95c046b elementor-widget elementor-widget-spacer\" data-id=\"95c046b\" data-element_type=\"widget\" data-e-type=\"widget\" data-widget_type=\"spacer.default\">\n\t\t\t\t<div class=\"elementor-widget-container\">\n\t\t\t\t\t\t\t<div class=\"elementor-spacer\">\n\t\t\t<div class=\"elementor-spacer-inner\"><\/div>\n\t\t<\/div>\n\t\t\t\t\t\t<\/div>\n\t\t\t\t<\/div>\n\t\t\t\t\t<\/div>\n\t\t<\/div>\n\t\t\t\t\t<\/div>\n\t\t<\/section>\n\t\t\t\t<section class=\"elementor-section elementor-top-section elementor-element elementor-element-61eb2fc elementor-section-boxed elementor-section-height-default elementor-section-height-default\" data-id=\"61eb2fc\" data-element_type=\"section\" data-e-type=\"section\">\n\t\t\t\t\t\t<div class=\"elementor-container elementor-column-gap-default\">\n\t\t\t\t\t<div class=\"elementor-column elementor-col-100 elementor-top-column elementor-element elementor-element-7daa311\" data-id=\"7daa311\" data-element_type=\"column\" data-e-type=\"column\">\n\t\t\t<div class=\"elementor-widget-wrap elementor-element-populated\">\n\t\t\t\t\t\t<div class=\"elementor-element elementor-element-3254305 elementor-widget elementor-widget-heading\" data-id=\"3254305\" data-element_type=\"widget\" data-e-type=\"widget\" data-widget_type=\"heading.default\">\n\t\t\t\t<div class=\"elementor-widget-container\">\n\t\t\t\t\t<h2 class=\"elementor-heading-title elementor-size-default\">1.\t\u00c1ros Erzs\u00e9bet<p>\n<\/p>2.\tB\u00e1nffi Zsuzsanna\n<\/p>3.\tBartyik Andr\u00e1s\n<\/p>4.\tBauk\u00f3 Andr\u00e1s\n<\/p>5.\tBielik M\u00e1ria\n<\/p>6.\tBirinyi Edit\n<\/p>7.\tCsendes Erzs\u00e9bet\n<\/p>8.\tFutaki J\u00e1nos\n<\/p>9.\tGed\u00f3 Katalin\n<\/p>10.\tGigacz J\u00f3zsef\n<\/p>11.\tHirj\u00e1k Gyula\n<\/p>12.\tKardos Ferenc\n<\/p>13.\tKiss M\u00e1ria\n<\/p>14.\tKiss R\u00f3za\n<\/p>15.\tKranczler Erzs\u00e9bet\n<\/p>16.\tMancsek Istv\u00e1n\n<\/p>17.\tMedovarszki M\u00e1ria\n<\/p>18.\tSzarvas \u00c1gnes\n<\/p>19.\tSz\u00e9kely Gy\u00f6rgy<\/h2>\t\t\t\t<\/div>\n\t\t\t\t<\/div>\n\t\t\t\t\t<\/div>\n\t\t<\/div>\n\t\t\t\t\t<\/div>\n\t\t<\/section>\n\t\t\t\t<\/div>\n\t\t","protected":false},"excerpt":{"rendered":"<p>1958\/1959 Szakma: f\u0171szer \u00e9s csemege elad\u00f3 1. \u00c1ros Erzs\u00e9bet 2. B\u00e1nffi Zsuzsanna 3. Bartyik Andr\u00e1s 4. Bauk\u00f3 Andr\u00e1s 5. Bielik M\u00e1ria 6. Birinyi Edit 7. Csendes Erzs\u00e9bet 8. Futaki J\u00e1nos 9. Ged\u00f3 Katalin 10. Gigacz J\u00f3zsef 11. Hirj\u00e1k Gyula 12. Kardos Ferenc 13. Kiss M\u00e1ria 14. Kiss R\u00f3za 15. Kranczler Erzs\u00e9bet 16. Mancsek Istv\u00e1n 17. [&hellip;]<\/p>\n","protected":false},"author":4,"featured_media":0,"parent":0,"menu_order":0,"comment_status":"closed","ping_status":"closed","template":"","meta":{"footnotes":""},"class_list":["post-35068","page","type-page","status-publish","hentry"],"_links":{"self":[{"href":"\/index.php\/wp-json\/wp\/v2\/pages\/35068","targetHints":{"allow":["GET"]}}],"collection":[{"href":"\/index.php\/wp-json\/wp\/v2\/pages"}],"about":[{"href":"\/index.php\/wp-json\/wp\/v2\/types\/page"}],"author":[{"embeddable":true,"href":"\/index.php\/wp-json\/wp\/v2\/users\/4"}],"replies":[{"embeddable":true,"href":"\/index.php\/wp-json\/wp\/v2\/comments?post=35068"}],"version-history":[{"count":4,"href":"\/index.php\/wp-json\/wp\/v2\/pages\/35068\/revisions"}],"predecessor-version":[{"id":35073,"href":"\/index.php\/wp-json\/wp\/v2\/pages\/35068\/revisions\/35073"}],"wp:attachment":[{"href":"\/index.php\/wp-json\/wp\/v2\/media?parent=35068"}],"curies":[{"name":"wp","href":"https:\/\/api.w.org\/{rel}","templated":true}]}}