{"id":35059,"date":"2024-01-29T13:32:46","date_gmt":"2024-01-29T12:32:46","guid":{"rendered":"\/?page_id=35059"},"modified":"2024-01-29T13:34:49","modified_gmt":"2024-01-29T12:34:49","slug":"1959-italbolt-esspresszo-es-cukraszda-vezetoi-tanfolyam-vendeglato-szakmunkas","status":"publish","type":"page","link":"\/index.php\/1959-italbolt-esspresszo-es-cukraszda-vezetoi-tanfolyam-vendeglato-szakmunkas\/","title":{"rendered":"1959 Italbolt esspressz\u00f3 \u00e9s cukr\u00e1szda vezet\u0151i tanfolyam (vend\u00e9gl\u00e1t\u00f3 szakmunk\u00e1s)"},"content":{"rendered":"\t\t<div data-elementor-type=\"wp-page\" data-elementor-id=\"35059\" class=\"elementor elementor-35059\" data-elementor-post-type=\"page\">\n\t\t\t\t\t\t<section class=\"elementor-section elementor-top-section elementor-element elementor-element-0a8417d elementor-section-boxed elementor-section-height-default elementor-section-height-default\" data-id=\"0a8417d\" data-element_type=\"section\" data-e-type=\"section\">\n\t\t\t\t\t\t<div class=\"elementor-container elementor-column-gap-default\">\n\t\t\t\t\t<div class=\"elementor-column elementor-col-100 elementor-top-column elementor-element elementor-element-cdd6e0d\" data-id=\"cdd6e0d\" data-element_type=\"column\" data-e-type=\"column\">\n\t\t\t<div class=\"elementor-widget-wrap elementor-element-populated\">\n\t\t\t\t\t\t<div class=\"elementor-element elementor-element-12af49a elementor-widget elementor-widget-spacer\" data-id=\"12af49a\" data-element_type=\"widget\" data-e-type=\"widget\" data-widget_type=\"spacer.default\">\n\t\t\t\t<div class=\"elementor-widget-container\">\n\t\t\t\t\t\t\t<div class=\"elementor-spacer\">\n\t\t\t<div class=\"elementor-spacer-inner\"><\/div>\n\t\t<\/div>\n\t\t\t\t\t\t<\/div>\n\t\t\t\t<\/div>\n\t\t\t\t\t<\/div>\n\t\t<\/div>\n\t\t\t\t\t<\/div>\n\t\t<\/section>\n\t\t\t\t<section class=\"elementor-section elementor-top-section elementor-element elementor-element-3b7a4bc elementor-section-boxed elementor-section-height-default elementor-section-height-default\" data-id=\"3b7a4bc\" data-element_type=\"section\" data-e-type=\"section\">\n\t\t\t\t\t\t<div class=\"elementor-container elementor-column-gap-default\">\n\t\t\t\t\t<div class=\"elementor-column elementor-col-100 elementor-top-column elementor-element elementor-element-39e6ee2\" data-id=\"39e6ee2\" data-element_type=\"column\" data-e-type=\"column\">\n\t\t\t<div class=\"elementor-widget-wrap elementor-element-populated\">\n\t\t\t\t\t\t<div class=\"elementor-element elementor-element-a48fbfe elementor-widget elementor-widget-heading\" data-id=\"a48fbfe\" data-element_type=\"widget\" data-e-type=\"widget\" data-widget_type=\"heading.default\">\n\t\t\t\t<div class=\"elementor-widget-container\">\n\t\t\t\t\t<h2 class=\"elementor-heading-title elementor-size-default\"><b>1958\/1959<\/b><\/h2>\t\t\t\t<\/div>\n\t\t\t\t<\/div>\n\t\t\t\t\t<\/div>\n\t\t<\/div>\n\t\t\t\t\t<\/div>\n\t\t<\/section>\n\t\t\t\t<section class=\"elementor-section elementor-top-section elementor-element elementor-element-39b8e7e elementor-section-boxed elementor-section-height-default elementor-section-height-default\" data-id=\"39b8e7e\" data-element_type=\"section\" data-e-type=\"section\">\n\t\t\t\t\t\t<div class=\"elementor-container elementor-column-gap-default\">\n\t\t\t\t\t<div class=\"elementor-column elementor-col-100 elementor-top-column elementor-element elementor-element-a3e4687\" data-id=\"a3e4687\" data-element_type=\"column\" data-e-type=\"column\">\n\t\t\t<div class=\"elementor-widget-wrap elementor-element-populated\">\n\t\t\t\t\t\t<div class=\"elementor-element elementor-element-56ee8d9 elementor-widget elementor-widget-spacer\" data-id=\"56ee8d9\" data-element_type=\"widget\" data-e-type=\"widget\" data-widget_type=\"spacer.default\">\n\t\t\t\t<div class=\"elementor-widget-container\">\n\t\t\t\t\t\t\t<div class=\"elementor-spacer\">\n\t\t\t<div class=\"elementor-spacer-inner\"><\/div>\n\t\t<\/div>\n\t\t\t\t\t\t<\/div>\n\t\t\t\t<\/div>\n\t\t\t\t\t<\/div>\n\t\t<\/div>\n\t\t\t\t\t<\/div>\n\t\t<\/section>\n\t\t\t\t<section class=\"elementor-section elementor-top-section elementor-element elementor-element-e719222 elementor-section-boxed elementor-section-height-default elementor-section-height-default\" data-id=\"e719222\" data-element_type=\"section\" data-e-type=\"section\">\n\t\t\t\t\t\t<div class=\"elementor-container elementor-column-gap-default\">\n\t\t\t\t\t<div class=\"elementor-column elementor-col-100 elementor-top-column elementor-element elementor-element-e8ee7eb\" data-id=\"e8ee7eb\" data-element_type=\"column\" data-e-type=\"column\">\n\t\t\t<div class=\"elementor-widget-wrap elementor-element-populated\">\n\t\t\t\t\t\t<div class=\"elementor-element elementor-element-ab4e016 elementor-widget elementor-widget-heading\" data-id=\"ab4e016\" data-element_type=\"widget\" data-e-type=\"widget\" data-widget_type=\"heading.default\">\n\t\t\t\t<div class=\"elementor-widget-container\">\n\t\t\t\t\t<h2 class=\"elementor-heading-title elementor-size-default\"><b>Szakma: italbolt esspressz\u00f3 \u00e9s cukr\u00e1szda vezet\u0151i tanfolyam (vend\u00e9gl\u00e1t\u00f3 szakmunk\u00e1s)<\/b><\/h2>\t\t\t\t<\/div>\n\t\t\t\t<\/div>\n\t\t\t\t\t<\/div>\n\t\t<\/div>\n\t\t\t\t\t<\/div>\n\t\t<\/section>\n\t\t\t\t<section class=\"elementor-section elementor-top-section elementor-element elementor-element-014f4ab elementor-section-boxed elementor-section-height-default elementor-section-height-default\" data-id=\"014f4ab\" data-element_type=\"section\" data-e-type=\"section\">\n\t\t\t\t\t\t<div class=\"elementor-container elementor-column-gap-default\">\n\t\t\t\t\t<div class=\"elementor-column elementor-col-100 elementor-top-column elementor-element elementor-element-faca16a\" data-id=\"faca16a\" data-element_type=\"column\" data-e-type=\"column\">\n\t\t\t<div class=\"elementor-widget-wrap elementor-element-populated\">\n\t\t\t\t\t\t<div class=\"elementor-element elementor-element-ba22428 elementor-widget elementor-widget-spacer\" data-id=\"ba22428\" data-element_type=\"widget\" data-e-type=\"widget\" data-widget_type=\"spacer.default\">\n\t\t\t\t<div class=\"elementor-widget-container\">\n\t\t\t\t\t\t\t<div class=\"elementor-spacer\">\n\t\t\t<div class=\"elementor-spacer-inner\"><\/div>\n\t\t<\/div>\n\t\t\t\t\t\t<\/div>\n\t\t\t\t<\/div>\n\t\t\t\t\t<\/div>\n\t\t<\/div>\n\t\t\t\t\t<\/div>\n\t\t<\/section>\n\t\t\t\t<section class=\"elementor-section elementor-top-section elementor-element elementor-element-d42e492 elementor-section-boxed elementor-section-height-default elementor-section-height-default\" data-id=\"d42e492\" data-element_type=\"section\" data-e-type=\"section\">\n\t\t\t\t\t\t<div class=\"elementor-container elementor-column-gap-default\">\n\t\t\t\t\t<div class=\"elementor-column elementor-col-100 elementor-top-column elementor-element elementor-element-96eccdf\" data-id=\"96eccdf\" data-element_type=\"column\" data-e-type=\"column\">\n\t\t\t<div class=\"elementor-widget-wrap elementor-element-populated\">\n\t\t\t\t\t\t<div class=\"elementor-element elementor-element-dbf8573 elementor-widget elementor-widget-heading\" data-id=\"dbf8573\" data-element_type=\"widget\" data-e-type=\"widget\" data-widget_type=\"heading.default\">\n\t\t\t\t<div class=\"elementor-widget-container\">\n\t\t\t\t\t<h2 class=\"elementor-heading-title elementor-size-default\">1.\tAbord\u00e1n M\u00e1rton<p>\n<\/p>2.\tBurkus Mih\u00e1ly\n<\/p>3.\tCs\u00e1ki L\u00e1szl\u00f3n\u00e9\n<\/p>4.\tCsisz\u00e1r K\u00e1rolyn\u00e9\n<\/p>5.\tD\u00e9nes Istv\u00e1nn\u00e9\n<\/p>6.\tD\u00f3gi Gyula\n<\/p>7.\tG\u00e9cs J\u00e1nos\n<\/p>8.\tJuh\u00e1sz Ill\u00e9sn\u00e9\n<\/p>9.\tKarkus-Lehoczky P\u00e1l\n<\/p>10.\tKili\u00e1n L\u00e1szl\u00f3\n<\/p>11.\tKiszely J\u00e1nos\n<\/p>12.\tKoncseg Istv\u00e1nn\u00e9\n<\/p>13.\tKov\u00e1cs Imre\n<\/p>14.\tL\u00e1z\u00e1r M\u00f3zes\n<\/p>15.\tM Juh\u00e1sz K\u00e1roly\n<\/p>16.\tMarczin Gy\u00f6rgyn\u00e9\n<\/p>17.\tM\u00e1rmarosi Istv\u00e1nn\u00e9\n<\/p>18.\tMarsi Mih\u00e1lyn\u00e9\n<\/p>19.\tM\u00e9sz\u00e1ros Imre\n<\/p>20.\tMezey S\u00e1ndor\n<\/p>21.\tNagy Andr\u00e1s\n<\/p>22.\tNagy Gy\u00f6rgy\n<\/p>23.\tNagy J\u00e1nos\n<\/p>24.\tPleskovics P\u00e1l\n<\/p>25.\tR\u00e1todi Istv\u00e1nn\u00e9\n<\/p>26.\tSimon J\u00f3zsef\n<\/p>27.\tSzarka G\u00e1bor\n<\/p>28.\tSz\u00e9kely J\u00f3zsefn\u00e9\n<\/p>29.\tSzilassi Lajosn\u00e9\n<\/p>30.\tUrb\u00e1n J\u00e1nos\n<\/p>31.\tValnerovicz K\u00e1lm\u00e1nn\u00e9\n<\/p>32.\tVit\u00e1lis Istv\u00e1n<\/h2>\t\t\t\t<\/div>\n\t\t\t\t<\/div>\n\t\t\t\t\t<\/div>\n\t\t<\/div>\n\t\t\t\t\t<\/div>\n\t\t<\/section>\n\t\t\t\t<\/div>\n\t\t","protected":false},"excerpt":{"rendered":"<p>1958\/1959 Szakma: italbolt esspressz\u00f3 \u00e9s cukr\u00e1szda vezet\u0151i tanfolyam (vend\u00e9gl\u00e1t\u00f3 szakmunk\u00e1s) 1. Abord\u00e1n M\u00e1rton 2. Burkus Mih\u00e1ly 3. Cs\u00e1ki L\u00e1szl\u00f3n\u00e9 4. Csisz\u00e1r K\u00e1rolyn\u00e9 5. D\u00e9nes Istv\u00e1nn\u00e9 6. D\u00f3gi Gyula 7. G\u00e9cs J\u00e1nos 8. Juh\u00e1sz Ill\u00e9sn\u00e9 9. Karkus-Lehoczky P\u00e1l 10. Kili\u00e1n L\u00e1szl\u00f3 11. Kiszely J\u00e1nos 12. Koncseg Istv\u00e1nn\u00e9 13. Kov\u00e1cs Imre 14. L\u00e1z\u00e1r M\u00f3zes 15. M Juh\u00e1sz [&hellip;]<\/p>\n","protected":false},"author":4,"featured_media":0,"parent":0,"menu_order":0,"comment_status":"closed","ping_status":"closed","template":"","meta":{"footnotes":""},"class_list":["post-35059","page","type-page","status-publish","hentry"],"_links":{"self":[{"href":"\/index.php\/wp-json\/wp\/v2\/pages\/35059","targetHints":{"allow":["GET"]}}],"collection":[{"href":"\/index.php\/wp-json\/wp\/v2\/pages"}],"about":[{"href":"\/index.php\/wp-json\/wp\/v2\/types\/page"}],"author":[{"embeddable":true,"href":"\/index.php\/wp-json\/wp\/v2\/users\/4"}],"replies":[{"embeddable":true,"href":"\/index.php\/wp-json\/wp\/v2\/comments?post=35059"}],"version-history":[{"count":4,"href":"\/index.php\/wp-json\/wp\/v2\/pages\/35059\/revisions"}],"predecessor-version":[{"id":35064,"href":"\/index.php\/wp-json\/wp\/v2\/pages\/35059\/revisions\/35064"}],"wp:attachment":[{"href":"\/index.php\/wp-json\/wp\/v2\/media?parent=35059"}],"curies":[{"name":"wp","href":"https:\/\/api.w.org\/{rel}","templated":true}]}}