{"id":35047,"date":"2024-01-29T13:26:10","date_gmt":"2024-01-29T12:26:10","guid":{"rendered":"\/?page_id=35047"},"modified":"2024-01-29T13:28:11","modified_gmt":"2024-01-29T12:28:11","slug":"1959-cipo-elado","status":"publish","type":"page","link":"\/index.php\/1959-cipo-elado\/","title":{"rendered":"1959 Cip\u0151 elad\u00f3"},"content":{"rendered":"\t\t<div data-elementor-type=\"wp-page\" data-elementor-id=\"35047\" class=\"elementor elementor-35047\" data-elementor-post-type=\"page\">\n\t\t\t\t\t\t<section class=\"elementor-section elementor-top-section elementor-element elementor-element-80f56a4 elementor-section-boxed elementor-section-height-default elementor-section-height-default\" data-id=\"80f56a4\" data-element_type=\"section\" data-e-type=\"section\">\n\t\t\t\t\t\t<div class=\"elementor-container elementor-column-gap-default\">\n\t\t\t\t\t<div class=\"elementor-column elementor-col-100 elementor-top-column elementor-element elementor-element-016252a\" data-id=\"016252a\" data-element_type=\"column\" data-e-type=\"column\">\n\t\t\t<div class=\"elementor-widget-wrap elementor-element-populated\">\n\t\t\t\t\t\t<div class=\"elementor-element elementor-element-ab445e5 elementor-widget elementor-widget-spacer\" data-id=\"ab445e5\" data-element_type=\"widget\" data-e-type=\"widget\" data-widget_type=\"spacer.default\">\n\t\t\t\t<div class=\"elementor-widget-container\">\n\t\t\t\t\t\t\t<div class=\"elementor-spacer\">\n\t\t\t<div class=\"elementor-spacer-inner\"><\/div>\n\t\t<\/div>\n\t\t\t\t\t\t<\/div>\n\t\t\t\t<\/div>\n\t\t\t\t\t<\/div>\n\t\t<\/div>\n\t\t\t\t\t<\/div>\n\t\t<\/section>\n\t\t\t\t<section class=\"elementor-section elementor-top-section elementor-element elementor-element-ebb1268 elementor-section-boxed elementor-section-height-default elementor-section-height-default\" data-id=\"ebb1268\" data-element_type=\"section\" data-e-type=\"section\">\n\t\t\t\t\t\t<div class=\"elementor-container elementor-column-gap-default\">\n\t\t\t\t\t<div class=\"elementor-column elementor-col-100 elementor-top-column elementor-element elementor-element-24e580c\" data-id=\"24e580c\" data-element_type=\"column\" data-e-type=\"column\">\n\t\t\t<div class=\"elementor-widget-wrap elementor-element-populated\">\n\t\t\t\t\t\t<div class=\"elementor-element elementor-element-d6e3868 elementor-widget elementor-widget-heading\" data-id=\"d6e3868\" data-element_type=\"widget\" data-e-type=\"widget\" data-widget_type=\"heading.default\">\n\t\t\t\t<div class=\"elementor-widget-container\">\n\t\t\t\t\t<h2 class=\"elementor-heading-title elementor-size-default\"><b>1958\/1959<\/b><\/h2>\t\t\t\t<\/div>\n\t\t\t\t<\/div>\n\t\t\t\t\t<\/div>\n\t\t<\/div>\n\t\t\t\t\t<\/div>\n\t\t<\/section>\n\t\t\t\t<section class=\"elementor-section elementor-top-section elementor-element elementor-element-929369e elementor-section-boxed elementor-section-height-default elementor-section-height-default\" data-id=\"929369e\" data-element_type=\"section\" data-e-type=\"section\">\n\t\t\t\t\t\t<div class=\"elementor-container elementor-column-gap-default\">\n\t\t\t\t\t<div class=\"elementor-column elementor-col-100 elementor-top-column elementor-element elementor-element-7c30ec7\" data-id=\"7c30ec7\" data-element_type=\"column\" data-e-type=\"column\">\n\t\t\t<div class=\"elementor-widget-wrap elementor-element-populated\">\n\t\t\t\t\t\t<div class=\"elementor-element elementor-element-7b30cb2 elementor-widget elementor-widget-spacer\" data-id=\"7b30cb2\" data-element_type=\"widget\" data-e-type=\"widget\" data-widget_type=\"spacer.default\">\n\t\t\t\t<div class=\"elementor-widget-container\">\n\t\t\t\t\t\t\t<div class=\"elementor-spacer\">\n\t\t\t<div class=\"elementor-spacer-inner\"><\/div>\n\t\t<\/div>\n\t\t\t\t\t\t<\/div>\n\t\t\t\t<\/div>\n\t\t\t\t\t<\/div>\n\t\t<\/div>\n\t\t\t\t\t<\/div>\n\t\t<\/section>\n\t\t\t\t<section class=\"elementor-section elementor-top-section elementor-element elementor-element-009ed40 elementor-section-boxed elementor-section-height-default elementor-section-height-default\" data-id=\"009ed40\" data-element_type=\"section\" data-e-type=\"section\">\n\t\t\t\t\t\t<div class=\"elementor-container elementor-column-gap-default\">\n\t\t\t\t\t<div class=\"elementor-column elementor-col-100 elementor-top-column elementor-element elementor-element-ba894d8\" data-id=\"ba894d8\" data-element_type=\"column\" data-e-type=\"column\">\n\t\t\t<div class=\"elementor-widget-wrap elementor-element-populated\">\n\t\t\t\t\t\t<div class=\"elementor-element elementor-element-92f6718 elementor-widget elementor-widget-heading\" data-id=\"92f6718\" data-element_type=\"widget\" data-e-type=\"widget\" data-widget_type=\"heading.default\">\n\t\t\t\t<div class=\"elementor-widget-container\">\n\t\t\t\t\t<h2 class=\"elementor-heading-title elementor-size-default\"><b>Szakma: cip\u0151 elad\u00f3<\/b><\/h2>\t\t\t\t<\/div>\n\t\t\t\t<\/div>\n\t\t\t\t\t<\/div>\n\t\t<\/div>\n\t\t\t\t\t<\/div>\n\t\t<\/section>\n\t\t\t\t<section class=\"elementor-section elementor-top-section elementor-element elementor-element-35aa6e9 elementor-section-boxed elementor-section-height-default elementor-section-height-default\" data-id=\"35aa6e9\" data-element_type=\"section\" data-e-type=\"section\">\n\t\t\t\t\t\t<div class=\"elementor-container elementor-column-gap-default\">\n\t\t\t\t\t<div class=\"elementor-column elementor-col-100 elementor-top-column elementor-element elementor-element-2a56d91\" data-id=\"2a56d91\" data-element_type=\"column\" data-e-type=\"column\">\n\t\t\t<div class=\"elementor-widget-wrap elementor-element-populated\">\n\t\t\t\t\t\t<div class=\"elementor-element elementor-element-1b85d00 elementor-widget elementor-widget-spacer\" data-id=\"1b85d00\" data-element_type=\"widget\" data-e-type=\"widget\" data-widget_type=\"spacer.default\">\n\t\t\t\t<div class=\"elementor-widget-container\">\n\t\t\t\t\t\t\t<div class=\"elementor-spacer\">\n\t\t\t<div class=\"elementor-spacer-inner\"><\/div>\n\t\t<\/div>\n\t\t\t\t\t\t<\/div>\n\t\t\t\t<\/div>\n\t\t\t\t\t<\/div>\n\t\t<\/div>\n\t\t\t\t\t<\/div>\n\t\t<\/section>\n\t\t\t\t<section class=\"elementor-section elementor-top-section elementor-element elementor-element-944f694 elementor-section-boxed elementor-section-height-default elementor-section-height-default\" data-id=\"944f694\" data-element_type=\"section\" data-e-type=\"section\">\n\t\t\t\t\t\t<div class=\"elementor-container elementor-column-gap-default\">\n\t\t\t\t\t<div class=\"elementor-column elementor-col-100 elementor-top-column elementor-element elementor-element-4cb3a38\" data-id=\"4cb3a38\" data-element_type=\"column\" data-e-type=\"column\">\n\t\t\t<div class=\"elementor-widget-wrap elementor-element-populated\">\n\t\t\t\t\t\t<div class=\"elementor-element elementor-element-7f865f4 elementor-widget elementor-widget-heading\" data-id=\"7f865f4\" data-element_type=\"widget\" data-e-type=\"widget\" data-widget_type=\"heading.default\">\n\t\t\t\t<div class=\"elementor-widget-container\">\n\t\t\t\t\t<h2 class=\"elementor-heading-title elementor-size-default\">1.\tBal\u00e1zs K\u00e1roly<p>\n<\/p>2.\tBalogh D\u00e1niel\n<\/p>3.\tBalogh Judit\n<\/p>4.\tBauk\u00f3 J\u00e1nos\n<\/p>5.\tBorb\u00e9ly Andr\u00e1s\n<\/p>6.\tCsizmadia Mih\u00e1ly\n<\/p>7.\tJankul\u00e1r Istv\u00e1nn\u00e9\n<\/p>8.\tNov\u00e1k P\u00e1l\n<\/p>9.\tPusztai J\u00e1nos\n<\/p>10.\tRom\u00e1n M\u00e1rta\n<\/p>11.\tSette Istv\u00e1n\n<\/p>12.\tS\u00f3ki Mih\u00e1ly\n<\/p>13.\tSzit\u00e1s J\u00e1nosn\u00e9\n<\/p>14.\tTak\u00e1cs Szilveszter\n<\/p>15.\tVank K\u00e1lm\u00e1n\n<\/p>16.\tWeisz Salamon<\/h2>\t\t\t\t<\/div>\n\t\t\t\t<\/div>\n\t\t\t\t\t<\/div>\n\t\t<\/div>\n\t\t\t\t\t<\/div>\n\t\t<\/section>\n\t\t\t\t<\/div>\n\t\t","protected":false},"excerpt":{"rendered":"<p>1958\/1959 Szakma: cip\u0151 elad\u00f3 1. Bal\u00e1zs K\u00e1roly 2. Balogh D\u00e1niel 3. Balogh Judit 4. Bauk\u00f3 J\u00e1nos 5. Borb\u00e9ly Andr\u00e1s 6. Csizmadia Mih\u00e1ly 7. Jankul\u00e1r Istv\u00e1nn\u00e9 8. Nov\u00e1k P\u00e1l 9. Pusztai J\u00e1nos 10. Rom\u00e1n M\u00e1rta 11. Sette Istv\u00e1n 12. S\u00f3ki Mih\u00e1ly 13. Szit\u00e1s J\u00e1nosn\u00e9 14. Tak\u00e1cs Szilveszter 15. Vank K\u00e1lm\u00e1n 16. Weisz Salamon<\/p>\n","protected":false},"author":4,"featured_media":0,"parent":0,"menu_order":0,"comment_status":"closed","ping_status":"closed","template":"","meta":{"footnotes":""},"class_list":["post-35047","page","type-page","status-publish","hentry"],"_links":{"self":[{"href":"\/index.php\/wp-json\/wp\/v2\/pages\/35047","targetHints":{"allow":["GET"]}}],"collection":[{"href":"\/index.php\/wp-json\/wp\/v2\/pages"}],"about":[{"href":"\/index.php\/wp-json\/wp\/v2\/types\/page"}],"author":[{"embeddable":true,"href":"\/index.php\/wp-json\/wp\/v2\/users\/4"}],"replies":[{"embeddable":true,"href":"\/index.php\/wp-json\/wp\/v2\/comments?post=35047"}],"version-history":[{"count":4,"href":"\/index.php\/wp-json\/wp\/v2\/pages\/35047\/revisions"}],"predecessor-version":[{"id":35052,"href":"\/index.php\/wp-json\/wp\/v2\/pages\/35047\/revisions\/35052"}],"wp:attachment":[{"href":"\/index.php\/wp-json\/wp\/v2\/media?parent=35047"}],"curies":[{"name":"wp","href":"https:\/\/api.w.org\/{rel}","templated":true}]}}