{"id":34992,"date":"2024-01-29T11:38:49","date_gmt":"2024-01-29T10:38:49","guid":{"rendered":"\/?page_id=34992"},"modified":"2024-01-29T13:08:45","modified_gmt":"2024-01-29T12:08:45","slug":"1959-felszolgalo","status":"publish","type":"page","link":"\/index.php\/1959-felszolgalo\/","title":{"rendered":"1959 Felszolg\u00e1l\u00f3"},"content":{"rendered":"\t\t<div data-elementor-type=\"wp-page\" data-elementor-id=\"34992\" class=\"elementor elementor-34992\" data-elementor-post-type=\"page\">\n\t\t\t\t\t\t<section class=\"elementor-section elementor-top-section elementor-element elementor-element-e883f32 elementor-section-boxed elementor-section-height-default elementor-section-height-default\" data-id=\"e883f32\" data-element_type=\"section\" data-e-type=\"section\">\n\t\t\t\t\t\t<div class=\"elementor-container elementor-column-gap-default\">\n\t\t\t\t\t<div class=\"elementor-column elementor-col-100 elementor-top-column elementor-element elementor-element-580b827\" data-id=\"580b827\" data-element_type=\"column\" data-e-type=\"column\">\n\t\t\t<div class=\"elementor-widget-wrap elementor-element-populated\">\n\t\t\t\t\t\t<div class=\"elementor-element elementor-element-674529a elementor-widget elementor-widget-spacer\" data-id=\"674529a\" data-element_type=\"widget\" data-e-type=\"widget\" data-widget_type=\"spacer.default\">\n\t\t\t\t<div class=\"elementor-widget-container\">\n\t\t\t\t\t\t\t<div class=\"elementor-spacer\">\n\t\t\t<div class=\"elementor-spacer-inner\"><\/div>\n\t\t<\/div>\n\t\t\t\t\t\t<\/div>\n\t\t\t\t<\/div>\n\t\t\t\t\t<\/div>\n\t\t<\/div>\n\t\t\t\t\t<\/div>\n\t\t<\/section>\n\t\t\t\t<section class=\"elementor-section elementor-top-section elementor-element elementor-element-96c00d5 elementor-section-boxed elementor-section-height-default elementor-section-height-default\" data-id=\"96c00d5\" data-element_type=\"section\" data-e-type=\"section\">\n\t\t\t\t\t\t<div class=\"elementor-container elementor-column-gap-default\">\n\t\t\t\t\t<div class=\"elementor-column elementor-col-100 elementor-top-column elementor-element elementor-element-94c562c\" data-id=\"94c562c\" data-element_type=\"column\" data-e-type=\"column\">\n\t\t\t<div class=\"elementor-widget-wrap elementor-element-populated\">\n\t\t\t\t\t\t<div class=\"elementor-element elementor-element-b3f392c elementor-widget elementor-widget-heading\" data-id=\"b3f392c\" data-element_type=\"widget\" data-e-type=\"widget\" data-widget_type=\"heading.default\">\n\t\t\t\t<div class=\"elementor-widget-container\">\n\t\t\t\t\t<h2 class=\"elementor-heading-title elementor-size-default\"><b>1958\/1959<\/b><\/h2>\t\t\t\t<\/div>\n\t\t\t\t<\/div>\n\t\t\t\t\t<\/div>\n\t\t<\/div>\n\t\t\t\t\t<\/div>\n\t\t<\/section>\n\t\t\t\t<section class=\"elementor-section elementor-top-section elementor-element elementor-element-c2a551a elementor-section-boxed elementor-section-height-default elementor-section-height-default\" data-id=\"c2a551a\" data-element_type=\"section\" data-e-type=\"section\">\n\t\t\t\t\t\t<div class=\"elementor-container elementor-column-gap-default\">\n\t\t\t\t\t<div class=\"elementor-column elementor-col-100 elementor-top-column elementor-element elementor-element-c56cb74\" data-id=\"c56cb74\" data-element_type=\"column\" data-e-type=\"column\">\n\t\t\t<div class=\"elementor-widget-wrap elementor-element-populated\">\n\t\t\t\t\t\t<div class=\"elementor-element elementor-element-64e3a0c elementor-widget elementor-widget-spacer\" data-id=\"64e3a0c\" data-element_type=\"widget\" data-e-type=\"widget\" data-widget_type=\"spacer.default\">\n\t\t\t\t<div class=\"elementor-widget-container\">\n\t\t\t\t\t\t\t<div class=\"elementor-spacer\">\n\t\t\t<div class=\"elementor-spacer-inner\"><\/div>\n\t\t<\/div>\n\t\t\t\t\t\t<\/div>\n\t\t\t\t<\/div>\n\t\t\t\t\t<\/div>\n\t\t<\/div>\n\t\t\t\t\t<\/div>\n\t\t<\/section>\n\t\t\t\t<section class=\"elementor-section elementor-top-section elementor-element elementor-element-854ae44 elementor-section-boxed elementor-section-height-default elementor-section-height-default\" data-id=\"854ae44\" data-element_type=\"section\" data-e-type=\"section\">\n\t\t\t\t\t\t<div class=\"elementor-container elementor-column-gap-default\">\n\t\t\t\t\t<div class=\"elementor-column elementor-col-100 elementor-top-column elementor-element elementor-element-a926509\" data-id=\"a926509\" data-element_type=\"column\" data-e-type=\"column\">\n\t\t\t<div class=\"elementor-widget-wrap elementor-element-populated\">\n\t\t\t\t\t\t<div class=\"elementor-element elementor-element-1ded3d3 elementor-widget elementor-widget-heading\" data-id=\"1ded3d3\" data-element_type=\"widget\" data-e-type=\"widget\" data-widget_type=\"heading.default\">\n\t\t\t\t<div class=\"elementor-widget-container\">\n\t\t\t\t\t<h2 class=\"elementor-heading-title elementor-size-default\"><b>Szakma: felszolg\u00e1l\u00f3<\/b><\/h2>\t\t\t\t<\/div>\n\t\t\t\t<\/div>\n\t\t\t\t\t<\/div>\n\t\t<\/div>\n\t\t\t\t\t<\/div>\n\t\t<\/section>\n\t\t\t\t<section class=\"elementor-section elementor-top-section elementor-element elementor-element-a58b912 elementor-section-boxed elementor-section-height-default elementor-section-height-default\" data-id=\"a58b912\" data-element_type=\"section\" data-e-type=\"section\">\n\t\t\t\t\t\t<div class=\"elementor-container elementor-column-gap-default\">\n\t\t\t\t\t<div class=\"elementor-column elementor-col-100 elementor-top-column elementor-element elementor-element-28edd92\" data-id=\"28edd92\" data-element_type=\"column\" data-e-type=\"column\">\n\t\t\t<div class=\"elementor-widget-wrap elementor-element-populated\">\n\t\t\t\t\t\t<div class=\"elementor-element elementor-element-bef81a6 elementor-widget elementor-widget-spacer\" data-id=\"bef81a6\" data-element_type=\"widget\" data-e-type=\"widget\" data-widget_type=\"spacer.default\">\n\t\t\t\t<div class=\"elementor-widget-container\">\n\t\t\t\t\t\t\t<div class=\"elementor-spacer\">\n\t\t\t<div class=\"elementor-spacer-inner\"><\/div>\n\t\t<\/div>\n\t\t\t\t\t\t<\/div>\n\t\t\t\t<\/div>\n\t\t\t\t\t<\/div>\n\t\t<\/div>\n\t\t\t\t\t<\/div>\n\t\t<\/section>\n\t\t\t\t<section class=\"elementor-section elementor-top-section elementor-element elementor-element-520256c elementor-section-boxed elementor-section-height-default elementor-section-height-default\" data-id=\"520256c\" data-element_type=\"section\" data-e-type=\"section\">\n\t\t\t\t\t\t<div class=\"elementor-container elementor-column-gap-default\">\n\t\t\t\t\t<div class=\"elementor-column elementor-col-100 elementor-top-column elementor-element elementor-element-55ab460\" data-id=\"55ab460\" data-element_type=\"column\" data-e-type=\"column\">\n\t\t\t<div class=\"elementor-widget-wrap elementor-element-populated\">\n\t\t\t\t\t\t<div class=\"elementor-element elementor-element-6b9d98d elementor-widget elementor-widget-heading\" data-id=\"6b9d98d\" data-element_type=\"widget\" data-e-type=\"widget\" data-widget_type=\"heading.default\">\n\t\t\t\t<div class=\"elementor-widget-container\">\n\t\t\t\t\t<h2 class=\"elementor-heading-title elementor-size-default\">1.\tAmbrus Istv\u00e1n<p>\n<\/p>2.\tBal\u00e1zs S\u00e1ndor\n<\/p>3.\tBud\u00far J\u00e1nos\n<\/p>4.\tCzink\u00f3czki Gy\u00f6rgy\n<\/p>5.\tCsincsi Piroska\n<\/p>6.\tDobra K\u00e1roly\n<\/p>7.\tF\u00e1si Istv\u00e1n\n<\/p>8.\tGugolya Andr\u00e1s\n<\/p>9.\tGyuricza Istv\u00e1n\n<\/p>10.\tKerekes J\u00f3zsef\n<\/p>11.\tKiss Lajos\n<\/p>12.\tKiss Mih\u00e1ly\n<\/p>13.\tMagyarfalvi J\u00e1nos\n<\/p>14.\tMez\u0151si J\u00f3zsef\n<\/p>15.\tOl\u00e1h Gy\u00f6rgy\n<\/p>16.\tPiacsek J\u00f3zsef\n<\/p>17.\tPolj\u00f3ka Gy\u00f6rgy\n<\/p>18.\tPomucz J\u00e1nos\n<\/p>19.\tPusztai Ern\u0151\n<\/p>20.\tR\u00e1cz Istv\u00e1n\n<\/p>21.\tRadics Elem\u00e9r\n<\/p>22.\tSolymosi Gyula\n<\/p>23.\tSzab\u00f3 J\u00e1nos\n<\/p>24.\tSzalai J\u00f3zsefn\u00e9\n<\/p>25.\tT\u00edm\u00e1r J\u00e1nos\n<\/p>26.\tTur\u00e1k J\u00f3zsef\n<\/p>27.\tTuska Mih\u00e1ly\n<\/p>28.\tVach Imre<\/h2>\t\t\t\t<\/div>\n\t\t\t\t<\/div>\n\t\t\t\t\t<\/div>\n\t\t<\/div>\n\t\t\t\t\t<\/div>\n\t\t<\/section>\n\t\t\t\t<\/div>\n\t\t","protected":false},"excerpt":{"rendered":"<p>1958\/1959 Szakma: felszolg\u00e1l\u00f3 1. Ambrus Istv\u00e1n 2. Bal\u00e1zs S\u00e1ndor 3. Bud\u00far J\u00e1nos 4. Czink\u00f3czki Gy\u00f6rgy 5. Csincsi Piroska 6. Dobra K\u00e1roly 7. F\u00e1si Istv\u00e1n 8. Gugolya Andr\u00e1s 9. Gyuricza Istv\u00e1n 10. Kerekes J\u00f3zsef 11. Kiss Lajos 12. Kiss Mih\u00e1ly 13. Magyarfalvi J\u00e1nos 14. Mez\u0151si J\u00f3zsef 15. Ol\u00e1h Gy\u00f6rgy 16. Piacsek J\u00f3zsef 17. Polj\u00f3ka Gy\u00f6rgy 18. [&hellip;]<\/p>\n","protected":false},"author":4,"featured_media":0,"parent":0,"menu_order":0,"comment_status":"closed","ping_status":"closed","template":"","meta":{"footnotes":""},"class_list":["post-34992","page","type-page","status-publish","hentry"],"_links":{"self":[{"href":"\/index.php\/wp-json\/wp\/v2\/pages\/34992","targetHints":{"allow":["GET"]}}],"collection":[{"href":"\/index.php\/wp-json\/wp\/v2\/pages"}],"about":[{"href":"\/index.php\/wp-json\/wp\/v2\/types\/page"}],"author":[{"embeddable":true,"href":"\/index.php\/wp-json\/wp\/v2\/users\/4"}],"replies":[{"embeddable":true,"href":"\/index.php\/wp-json\/wp\/v2\/comments?post=34992"}],"version-history":[{"count":10,"href":"\/index.php\/wp-json\/wp\/v2\/pages\/34992\/revisions"}],"predecessor-version":[{"id":35003,"href":"\/index.php\/wp-json\/wp\/v2\/pages\/34992\/revisions\/35003"}],"wp:attachment":[{"href":"\/index.php\/wp-json\/wp\/v2\/media?parent=34992"}],"curies":[{"name":"wp","href":"https:\/\/api.w.org\/{rel}","templated":true}]}}