{"id":34961,"date":"2024-01-29T10:11:34","date_gmt":"2024-01-29T09:11:34","guid":{"rendered":"\/?page_id=34961"},"modified":"2024-01-29T10:13:57","modified_gmt":"2024-01-29T09:13:57","slug":"1960-szakmai-vizsgat-tett","status":"publish","type":"page","link":"\/index.php\/1960-szakmai-vizsgat-tett\/","title":{"rendered":"1960 Szakmai vizsg\u00e1t tett"},"content":{"rendered":"\t\t<div data-elementor-type=\"wp-page\" data-elementor-id=\"34961\" class=\"elementor elementor-34961\" data-elementor-post-type=\"page\">\n\t\t\t\t\t\t<section class=\"elementor-section elementor-top-section elementor-element elementor-element-9485449 elementor-section-boxed elementor-section-height-default elementor-section-height-default\" data-id=\"9485449\" data-element_type=\"section\" data-e-type=\"section\">\n\t\t\t\t\t\t<div class=\"elementor-container elementor-column-gap-default\">\n\t\t\t\t\t<div class=\"elementor-column elementor-col-100 elementor-top-column elementor-element elementor-element-05aa16e\" data-id=\"05aa16e\" data-element_type=\"column\" data-e-type=\"column\">\n\t\t\t<div class=\"elementor-widget-wrap elementor-element-populated\">\n\t\t\t\t\t\t<div class=\"elementor-element elementor-element-074a9b2 elementor-widget elementor-widget-spacer\" data-id=\"074a9b2\" data-element_type=\"widget\" data-e-type=\"widget\" data-widget_type=\"spacer.default\">\n\t\t\t\t<div class=\"elementor-widget-container\">\n\t\t\t\t\t\t\t<div class=\"elementor-spacer\">\n\t\t\t<div class=\"elementor-spacer-inner\"><\/div>\n\t\t<\/div>\n\t\t\t\t\t\t<\/div>\n\t\t\t\t<\/div>\n\t\t\t\t\t<\/div>\n\t\t<\/div>\n\t\t\t\t\t<\/div>\n\t\t<\/section>\n\t\t\t\t<section class=\"elementor-section elementor-top-section elementor-element elementor-element-26167e4 elementor-section-boxed elementor-section-height-default elementor-section-height-default\" data-id=\"26167e4\" data-element_type=\"section\" data-e-type=\"section\">\n\t\t\t\t\t\t<div class=\"elementor-container elementor-column-gap-default\">\n\t\t\t\t\t<div class=\"elementor-column elementor-col-100 elementor-top-column elementor-element elementor-element-e253798\" data-id=\"e253798\" data-element_type=\"column\" data-e-type=\"column\">\n\t\t\t<div class=\"elementor-widget-wrap elementor-element-populated\">\n\t\t\t\t\t\t<div class=\"elementor-element elementor-element-1c2a055 elementor-widget elementor-widget-heading\" data-id=\"1c2a055\" data-element_type=\"widget\" data-e-type=\"widget\" data-widget_type=\"heading.default\">\n\t\t\t\t<div class=\"elementor-widget-container\">\n\t\t\t\t\t<h2 class=\"elementor-heading-title elementor-size-default\"><b>1959\/1960<\/b><\/h2>\t\t\t\t<\/div>\n\t\t\t\t<\/div>\n\t\t\t\t\t<\/div>\n\t\t<\/div>\n\t\t\t\t\t<\/div>\n\t\t<\/section>\n\t\t\t\t<section class=\"elementor-section elementor-top-section elementor-element elementor-element-9bcedba elementor-section-boxed elementor-section-height-default elementor-section-height-default\" data-id=\"9bcedba\" data-element_type=\"section\" data-e-type=\"section\">\n\t\t\t\t\t\t<div class=\"elementor-container elementor-column-gap-default\">\n\t\t\t\t\t<div class=\"elementor-column elementor-col-100 elementor-top-column elementor-element elementor-element-d82012b\" data-id=\"d82012b\" data-element_type=\"column\" data-e-type=\"column\">\n\t\t\t<div class=\"elementor-widget-wrap elementor-element-populated\">\n\t\t\t\t\t\t<div class=\"elementor-element elementor-element-0fca289 elementor-widget elementor-widget-spacer\" data-id=\"0fca289\" data-element_type=\"widget\" data-e-type=\"widget\" data-widget_type=\"spacer.default\">\n\t\t\t\t<div class=\"elementor-widget-container\">\n\t\t\t\t\t\t\t<div class=\"elementor-spacer\">\n\t\t\t<div class=\"elementor-spacer-inner\"><\/div>\n\t\t<\/div>\n\t\t\t\t\t\t<\/div>\n\t\t\t\t<\/div>\n\t\t\t\t\t<\/div>\n\t\t<\/div>\n\t\t\t\t\t<\/div>\n\t\t<\/section>\n\t\t\t\t<section class=\"elementor-section elementor-top-section elementor-element elementor-element-78072f5 elementor-section-boxed elementor-section-height-default elementor-section-height-default\" data-id=\"78072f5\" data-element_type=\"section\" data-e-type=\"section\">\n\t\t\t\t\t\t<div class=\"elementor-container elementor-column-gap-default\">\n\t\t\t\t\t<div class=\"elementor-column elementor-col-100 elementor-top-column elementor-element elementor-element-1aff28d\" data-id=\"1aff28d\" data-element_type=\"column\" data-e-type=\"column\">\n\t\t\t<div class=\"elementor-widget-wrap elementor-element-populated\">\n\t\t\t\t\t\t<div class=\"elementor-element elementor-element-6ffcf26 elementor-widget elementor-widget-heading\" data-id=\"6ffcf26\" data-element_type=\"widget\" data-e-type=\"widget\" data-widget_type=\"heading.default\">\n\t\t\t\t<div class=\"elementor-widget-container\">\n\t\t\t\t\t<h2 class=\"elementor-heading-title elementor-size-default\"><b>Szakmai vizsg\u00e1t tett<\/b><\/h2>\t\t\t\t<\/div>\n\t\t\t\t<\/div>\n\t\t\t\t\t<\/div>\n\t\t<\/div>\n\t\t\t\t\t<\/div>\n\t\t<\/section>\n\t\t\t\t<section class=\"elementor-section elementor-top-section elementor-element elementor-element-8305c75 elementor-section-boxed elementor-section-height-default elementor-section-height-default\" data-id=\"8305c75\" data-element_type=\"section\" data-e-type=\"section\">\n\t\t\t\t\t\t<div class=\"elementor-container elementor-column-gap-default\">\n\t\t\t\t\t<div class=\"elementor-column elementor-col-100 elementor-top-column elementor-element elementor-element-5e86f56\" data-id=\"5e86f56\" data-element_type=\"column\" data-e-type=\"column\">\n\t\t\t<div class=\"elementor-widget-wrap elementor-element-populated\">\n\t\t\t\t\t\t<div class=\"elementor-element elementor-element-d2602a1 elementor-widget elementor-widget-spacer\" data-id=\"d2602a1\" data-element_type=\"widget\" data-e-type=\"widget\" data-widget_type=\"spacer.default\">\n\t\t\t\t<div class=\"elementor-widget-container\">\n\t\t\t\t\t\t\t<div class=\"elementor-spacer\">\n\t\t\t<div class=\"elementor-spacer-inner\"><\/div>\n\t\t<\/div>\n\t\t\t\t\t\t<\/div>\n\t\t\t\t<\/div>\n\t\t\t\t\t<\/div>\n\t\t<\/div>\n\t\t\t\t\t<\/div>\n\t\t<\/section>\n\t\t\t\t<section class=\"elementor-section elementor-top-section elementor-element elementor-element-5752d3b elementor-section-boxed elementor-section-height-default elementor-section-height-default\" data-id=\"5752d3b\" data-element_type=\"section\" data-e-type=\"section\">\n\t\t\t\t\t\t<div class=\"elementor-container elementor-column-gap-default\">\n\t\t\t\t\t<div class=\"elementor-column elementor-col-100 elementor-top-column elementor-element elementor-element-9157942\" data-id=\"9157942\" data-element_type=\"column\" data-e-type=\"column\">\n\t\t\t<div class=\"elementor-widget-wrap elementor-element-populated\">\n\t\t\t\t\t\t<div class=\"elementor-element elementor-element-37211de elementor-widget elementor-widget-heading\" data-id=\"37211de\" data-element_type=\"widget\" data-e-type=\"widget\" data-widget_type=\"heading.default\">\n\t\t\t\t<div class=\"elementor-widget-container\">\n\t\t\t\t\t<h5 class=\"elementor-heading-title elementor-size-default\">1.\tAndr\u00e1s Anna\t\tcukr\u00e1sz<p>\n<\/p>2.\tArm Andr\u00e1s\t\tcip\u0151 elad\u00f3\n<\/p>3.\tBenke Imre\t\tcukr\u00e1sz\n<\/p>4.\tBenk\u0151 Etelka\t\tcip\u0151 elad\u00f3\n<\/p>5.\tBors J\u00f3zsef\t\th\u00e1ztart\u00e1s-vegyi-\u00e9s illatszer-elad\u00f3\n<\/p>6.\tCsik\u00f3s Imre\t\tvas-m\u0171szaki \u00e1r\u00fa elad\u00f3\n<\/p>7.\tFaj\u00f3 P\u00e1l\t\t\u00fcveg \u00e9s porcel\u00e1n-\u00e1r\u00fa elad\u00f3\n<\/p>8.\tHerter Endre\t\tcukr\u00e1sz\n<\/p>9.\tHorv\u00e1th L\u00e1szl\u00f3 \tcip\u0151 elad\u00f3\n<\/p>10.\tKov\u00e1cs Andr\u00e1s\tcip\u0151 elad\u00f3\n<\/p>11.\tKr\u00e1tki Mig\u00e1ly\t\t\u00fcveg \u00e9s porcel\u00e1n-\u00e1r\u00fa elad\u00f3\n<\/p>12.\tKr\u00e1tki Mih\u00e1lyn\u00e9 \tpap\u00edr-\u00e9s \u00edr\u00f3szer-elad\u00f3\n<\/p>13.\tKucska L\u00e1szl\u00f3\tcukr\u00e1sz\n<\/p>14.\tLov\u00e1sz R\u00f3za\t\tcukr\u00e1sz\n<\/p>15.\tMoln\u00e1r Ferencn\u00e9 \tpap\u00edr-\u00e9s \u00edr\u00f3szer-elad\u00f3\n<\/p>16.\tSarkadi Andr\u00e1s\tcip\u0151 elad\u00f3\n<\/p>17.\tSus\u00e1nszki \u00c1gnes\tdivat \u00e9s k\u00f6t\u00f6tt\u00e1r\u00fa elad\u00f3\n<\/p>18.\tSzekerc\u00e9s Istv\u00e1nn\u00e9\tpap\u00edr-\u00e9s \u00edr\u00f3szer-elad\u00f3\n<\/p>19.\tT\u00f3th Istv\u00e1n\t\t\u00fcveg \u00e9s porcel\u00e1n-\u00e1r\u00fa elad\u00f3\n<\/p>20.\tT\u00f6rj\u00e9k Istv\u00e1n\t\tfelszolg\u00e1l\u00f3<\/h5>\t\t\t\t<\/div>\n\t\t\t\t<\/div>\n\t\t\t\t\t<\/div>\n\t\t<\/div>\n\t\t\t\t\t<\/div>\n\t\t<\/section>\n\t\t\t\t<\/div>\n\t\t","protected":false},"excerpt":{"rendered":"<p>1959\/1960 Szakmai vizsg\u00e1t tett 1. Andr\u00e1s Anna cukr\u00e1sz 2. Arm Andr\u00e1s cip\u0151 elad\u00f3 3. Benke Imre cukr\u00e1sz 4. Benk\u0151 Etelka cip\u0151 elad\u00f3 5. Bors J\u00f3zsef h\u00e1ztart\u00e1s-vegyi-\u00e9s illatszer-elad\u00f3 6. Csik\u00f3s Imre vas-m\u0171szaki \u00e1r\u00fa elad\u00f3 7. Faj\u00f3 P\u00e1l \u00fcveg \u00e9s porcel\u00e1n-\u00e1r\u00fa elad\u00f3 8. Herter Endre cukr\u00e1sz 9. Horv\u00e1th L\u00e1szl\u00f3 cip\u0151 elad\u00f3 10. Kov\u00e1cs Andr\u00e1s cip\u0151 elad\u00f3 11. [&hellip;]<\/p>\n","protected":false},"author":4,"featured_media":0,"parent":0,"menu_order":0,"comment_status":"closed","ping_status":"closed","template":"","meta":{"footnotes":""},"class_list":["post-34961","page","type-page","status-publish","hentry"],"_links":{"self":[{"href":"\/index.php\/wp-json\/wp\/v2\/pages\/34961","targetHints":{"allow":["GET"]}}],"collection":[{"href":"\/index.php\/wp-json\/wp\/v2\/pages"}],"about":[{"href":"\/index.php\/wp-json\/wp\/v2\/types\/page"}],"author":[{"embeddable":true,"href":"\/index.php\/wp-json\/wp\/v2\/users\/4"}],"replies":[{"embeddable":true,"href":"\/index.php\/wp-json\/wp\/v2\/comments?post=34961"}],"version-history":[{"count":4,"href":"\/index.php\/wp-json\/wp\/v2\/pages\/34961\/revisions"}],"predecessor-version":[{"id":34966,"href":"\/index.php\/wp-json\/wp\/v2\/pages\/34961\/revisions\/34966"}],"wp:attachment":[{"href":"\/index.php\/wp-json\/wp\/v2\/media?parent=34961"}],"curies":[{"name":"wp","href":"https:\/\/api.w.org\/{rel}","templated":true}]}}