{"id":34943,"date":"2024-01-29T10:00:31","date_gmt":"2024-01-29T09:00:31","guid":{"rendered":"\/?page_id=34943"},"modified":"2024-01-29T10:02:59","modified_gmt":"2024-01-29T09:02:59","slug":"1960-szakacs","status":"publish","type":"page","link":"\/index.php\/1960-szakacs\/","title":{"rendered":"1960 Szak\u00e1cs"},"content":{"rendered":"\t\t<div data-elementor-type=\"wp-page\" data-elementor-id=\"34943\" class=\"elementor elementor-34943\" data-elementor-post-type=\"page\">\n\t\t\t\t\t\t<section class=\"elementor-section elementor-top-section elementor-element elementor-element-e266e51 elementor-section-boxed elementor-section-height-default elementor-section-height-default\" data-id=\"e266e51\" data-element_type=\"section\" data-e-type=\"section\">\n\t\t\t\t\t\t<div class=\"elementor-container elementor-column-gap-default\">\n\t\t\t\t\t<div class=\"elementor-column elementor-col-100 elementor-top-column elementor-element elementor-element-f710bee\" data-id=\"f710bee\" data-element_type=\"column\" data-e-type=\"column\">\n\t\t\t<div class=\"elementor-widget-wrap elementor-element-populated\">\n\t\t\t\t\t\t<div class=\"elementor-element elementor-element-e7aa6be elementor-widget elementor-widget-spacer\" data-id=\"e7aa6be\" data-element_type=\"widget\" data-e-type=\"widget\" data-widget_type=\"spacer.default\">\n\t\t\t\t<div class=\"elementor-widget-container\">\n\t\t\t\t\t\t\t<div class=\"elementor-spacer\">\n\t\t\t<div class=\"elementor-spacer-inner\"><\/div>\n\t\t<\/div>\n\t\t\t\t\t\t<\/div>\n\t\t\t\t<\/div>\n\t\t\t\t\t<\/div>\n\t\t<\/div>\n\t\t\t\t\t<\/div>\n\t\t<\/section>\n\t\t\t\t<section class=\"elementor-section elementor-top-section elementor-element elementor-element-658520e elementor-section-boxed elementor-section-height-default elementor-section-height-default\" data-id=\"658520e\" data-element_type=\"section\" data-e-type=\"section\">\n\t\t\t\t\t\t<div class=\"elementor-container elementor-column-gap-default\">\n\t\t\t\t\t<div class=\"elementor-column elementor-col-100 elementor-top-column elementor-element elementor-element-2155694\" data-id=\"2155694\" data-element_type=\"column\" data-e-type=\"column\">\n\t\t\t<div class=\"elementor-widget-wrap elementor-element-populated\">\n\t\t\t\t\t\t<div class=\"elementor-element elementor-element-6fca930 elementor-widget elementor-widget-heading\" data-id=\"6fca930\" data-element_type=\"widget\" data-e-type=\"widget\" data-widget_type=\"heading.default\">\n\t\t\t\t<div class=\"elementor-widget-container\">\n\t\t\t\t\t<h2 class=\"elementor-heading-title elementor-size-default\"><b>1959\/1960<\/b><\/h2>\t\t\t\t<\/div>\n\t\t\t\t<\/div>\n\t\t\t\t\t<\/div>\n\t\t<\/div>\n\t\t\t\t\t<\/div>\n\t\t<\/section>\n\t\t\t\t<section class=\"elementor-section elementor-top-section elementor-element elementor-element-faedfcb elementor-section-boxed elementor-section-height-default elementor-section-height-default\" data-id=\"faedfcb\" data-element_type=\"section\" data-e-type=\"section\">\n\t\t\t\t\t\t<div class=\"elementor-container elementor-column-gap-default\">\n\t\t\t\t\t<div class=\"elementor-column elementor-col-100 elementor-top-column elementor-element elementor-element-d33b6e8\" data-id=\"d33b6e8\" data-element_type=\"column\" data-e-type=\"column\">\n\t\t\t<div class=\"elementor-widget-wrap elementor-element-populated\">\n\t\t\t\t\t\t<div class=\"elementor-element elementor-element-e991cd8 elementor-widget elementor-widget-spacer\" data-id=\"e991cd8\" data-element_type=\"widget\" data-e-type=\"widget\" data-widget_type=\"spacer.default\">\n\t\t\t\t<div class=\"elementor-widget-container\">\n\t\t\t\t\t\t\t<div class=\"elementor-spacer\">\n\t\t\t<div class=\"elementor-spacer-inner\"><\/div>\n\t\t<\/div>\n\t\t\t\t\t\t<\/div>\n\t\t\t\t<\/div>\n\t\t\t\t\t<\/div>\n\t\t<\/div>\n\t\t\t\t\t<\/div>\n\t\t<\/section>\n\t\t\t\t<section class=\"elementor-section elementor-top-section elementor-element elementor-element-db931fc elementor-section-boxed elementor-section-height-default elementor-section-height-default\" data-id=\"db931fc\" data-element_type=\"section\" data-e-type=\"section\">\n\t\t\t\t\t\t<div class=\"elementor-container elementor-column-gap-default\">\n\t\t\t\t\t<div class=\"elementor-column elementor-col-100 elementor-top-column elementor-element elementor-element-b99e1f1\" data-id=\"b99e1f1\" data-element_type=\"column\" data-e-type=\"column\">\n\t\t\t<div class=\"elementor-widget-wrap elementor-element-populated\">\n\t\t\t\t\t\t<div class=\"elementor-element elementor-element-c0a3cc8 elementor-widget elementor-widget-heading\" data-id=\"c0a3cc8\" data-element_type=\"widget\" data-e-type=\"widget\" data-widget_type=\"heading.default\">\n\t\t\t\t<div class=\"elementor-widget-container\">\n\t\t\t\t\t<h2 class=\"elementor-heading-title elementor-size-default\"><b>Szakma: szak\u00e1cs<\/b><\/h2>\t\t\t\t<\/div>\n\t\t\t\t<\/div>\n\t\t\t\t\t<\/div>\n\t\t<\/div>\n\t\t\t\t\t<\/div>\n\t\t<\/section>\n\t\t\t\t<section class=\"elementor-section elementor-top-section elementor-element elementor-element-06051ff elementor-section-boxed elementor-section-height-default elementor-section-height-default\" data-id=\"06051ff\" data-element_type=\"section\" data-e-type=\"section\">\n\t\t\t\t\t\t<div class=\"elementor-container elementor-column-gap-default\">\n\t\t\t\t\t<div class=\"elementor-column elementor-col-100 elementor-top-column elementor-element elementor-element-b5fea4e\" data-id=\"b5fea4e\" data-element_type=\"column\" data-e-type=\"column\">\n\t\t\t<div class=\"elementor-widget-wrap elementor-element-populated\">\n\t\t\t\t\t\t<div class=\"elementor-element elementor-element-469fc7e elementor-widget elementor-widget-spacer\" data-id=\"469fc7e\" data-element_type=\"widget\" data-e-type=\"widget\" data-widget_type=\"spacer.default\">\n\t\t\t\t<div class=\"elementor-widget-container\">\n\t\t\t\t\t\t\t<div class=\"elementor-spacer\">\n\t\t\t<div class=\"elementor-spacer-inner\"><\/div>\n\t\t<\/div>\n\t\t\t\t\t\t<\/div>\n\t\t\t\t<\/div>\n\t\t\t\t\t<\/div>\n\t\t<\/div>\n\t\t\t\t\t<\/div>\n\t\t<\/section>\n\t\t\t\t<section class=\"elementor-section elementor-top-section elementor-element elementor-element-8685b8e elementor-section-boxed elementor-section-height-default elementor-section-height-default\" data-id=\"8685b8e\" data-element_type=\"section\" data-e-type=\"section\">\n\t\t\t\t\t\t<div class=\"elementor-container elementor-column-gap-default\">\n\t\t\t\t\t<div class=\"elementor-column elementor-col-100 elementor-top-column elementor-element elementor-element-dcd4243\" data-id=\"dcd4243\" data-element_type=\"column\" data-e-type=\"column\">\n\t\t\t<div class=\"elementor-widget-wrap elementor-element-populated\">\n\t\t\t\t\t\t<div class=\"elementor-element elementor-element-e15b9f7 elementor-widget elementor-widget-heading\" data-id=\"e15b9f7\" data-element_type=\"widget\" data-e-type=\"widget\" data-widget_type=\"heading.default\">\n\t\t\t\t<div class=\"elementor-widget-container\">\n\t\t\t\t\t<h2 class=\"elementor-heading-title elementor-size-default\">1.\tAndr\u00e1s Istv\u00e1nn\u00e9<p>\n<\/p>2.\tBak\u00f3 J\u00e1nosn\u00e9\n<\/p>3.\tB\u00e1lint Istv\u00e1nn\u00e9\n<\/p>4.\tB\u00e1r\u00e1ny K\u00e1rolyn\u00e9\n<\/p>5.\tB\u00e9kefi Istv\u00e1nn\u00e9\n<\/p>6.\tBerecz L\u00e1szl\u00f3n\u00e9\n<\/p>7.\tBod\u00f3 B\u00e9l\u00e1n\u00e9\n<\/p>8.\tBosk\u00f3 Gy\u00f6rgyn\u00e9\n<\/p>9.\tBraun P\u00e9tern\u00e9\n<\/p>10.\tBurku Andr\u00e1sn\u00e9\n<\/p>11.\tBuzi J\u00f3zsefn\u00e9\n<\/p>12.\tCzirok J\u00e1nosn\u00e9\n<\/p>13.\tD\u00e9r Mikl\u00f3sn\u00e9\n<\/p>14.\tEm\u0151di K\u00e1rolyn\u00e9\n<\/p>15.\tFarkas J\u00e1nosn\u00e9\n<\/p>16.\tFazekas Andr\u00e1sn\u00e9\n<\/p>17.\tFekete Jen\u0151n\u00e9\n<\/p>18.\tF\u00e9lix J\u00e1nos\n<\/p>19.\tFodor Zolt\u00e1n\n<\/p>20.\tForr\u00e1s Mih\u00e1lyn\u00e9\n<\/p>21.\tG\u00e1lik J\u00e1nosn\u00e9\n<\/p>22.\tGilicze S\u00e1ndorn\u00e9\n<\/p>23.\tGyaraki L\u00e1szl\u00f3n\u00e9\n<\/p>24.\tGyorgyevics Aur\u00e9ln\u00e9\n<\/p>25.\tHajd\u00fa Zsigmond\n<\/p>26.\tIbr\u00e1nyi Lajosn\u00e9\n<\/p>27.\tJ\u00f3n\u00e1s Istv\u00e1nn\u00e9\n<\/p>28.\tKecskem\u00e9ti S\u00e1ndorn\u00e9\n<\/p>29.\tK\u00e9p\u00edr\u00f3 M\u00e1ria\n<\/p>30.\tKis M\u00e1ria\n<\/p>31.\tKiss Ferenc\n<\/p>32.\tKlausz Istv\u00e1nn\u00e9\n<\/p>33.\tKocsis Mih\u00e1lyn\u00e9\n<\/p>34.\tK\u00f6r\u00f6sfalvi Mih\u00e1lyn\u00e9\n<\/p>35.\tKrucs\u00f3 Piroska\n<\/p>36.\tLengyel S\u00e1ndorn\u00e9\n<\/p>37.\tMahler J\u00f3zsefn\u00e9\n<\/p>38.\tMizera Lajosn\u00e9\n<\/p>39.\tMoln\u00e1r Roz\u00e1lia\n<\/p>40.\tNagy K\u00e1rolyn\u00e9\n<\/p>41.\tNagy Lajosn\u00e9\n<\/p>42.\tNy\u00e1rf\u00e1di G\u00e1born\u00e9\n<\/p>43.\tOl\u00e1h Gy\u00f6rgy\n<\/p>44.\tPetr\u00f3 Mih\u00e1ly\n<\/p>45.\tPrib\u00e9k J\u00e1nosn\u00e9\n<\/p>46.\tP\u00fcski Gy\u00f6rgyn\u00e9\n<\/p>47.\tR\u00e1cz P\u00e9tern\u00e9\n<\/p>48.\tRajt\u00e1r M\u00e1ria\n<\/p>49.\tRikker M\u00e1ria\n<\/p>50.\tS\u00fcveges Ter\u00e9zia\n<\/p>51.\tSzab\u00f3 J\u00e1nosn\u00e9\n<\/p>52.\tSz\u00e1nt\u00f3 Eszter\n<\/p>53.\tSz\u00e9n\u00e1si Lajosn\u00e9\n<\/p>54.\tSzil\u00e1gyi Dezs\u0151n\u00e9\n<\/p>55.\tSzkolcz\u00e1r Mih\u00e1ly\n<\/p>56.\tSz\u0151ke Ferencn\u00e9\n<\/p>57.\tTim\u00e1r Boldizs\u00e1rn\u00e9\n<\/p>58.\tT\u00f3th Elekn\u00e9\n<\/p>59.\tT\u00f3th J\u00e1nosn\u00e9\n<\/p>60.\tT\u00f3th J\u00e1nosn\u00e9\n<\/p>61.\tT\u00f3th L\u00e1szl\u00f3n\u00e9\n<\/p>62.\tT\u00f6r\u00f6k J\u00e1nosn\u00e9\n<\/p>63.\tVas J\u00f3zsefn\u00e9\n<\/p>64.\tVida P\u00e1ln\u00e9\n<\/p>65.\tZeleny\u00e1nszki Katalin<\/h2>\t\t\t\t<\/div>\n\t\t\t\t<\/div>\n\t\t\t\t\t<\/div>\n\t\t<\/div>\n\t\t\t\t\t<\/div>\n\t\t<\/section>\n\t\t\t\t<\/div>\n\t\t","protected":false},"excerpt":{"rendered":"<p>1959\/1960 Szakma: szak\u00e1cs 1. Andr\u00e1s Istv\u00e1nn\u00e9 2. Bak\u00f3 J\u00e1nosn\u00e9 3. B\u00e1lint Istv\u00e1nn\u00e9 4. B\u00e1r\u00e1ny K\u00e1rolyn\u00e9 5. B\u00e9kefi Istv\u00e1nn\u00e9 6. Berecz L\u00e1szl\u00f3n\u00e9 7. Bod\u00f3 B\u00e9l\u00e1n\u00e9 8. Bosk\u00f3 Gy\u00f6rgyn\u00e9 9. Braun P\u00e9tern\u00e9 10. Burku Andr\u00e1sn\u00e9 11. Buzi J\u00f3zsefn\u00e9 12. Czirok J\u00e1nosn\u00e9 13. D\u00e9r Mikl\u00f3sn\u00e9 14. Em\u0151di K\u00e1rolyn\u00e9 15. Farkas J\u00e1nosn\u00e9 16. Fazekas Andr\u00e1sn\u00e9 17. Fekete Jen\u0151n\u00e9 18. [&hellip;]<\/p>\n","protected":false},"author":4,"featured_media":0,"parent":0,"menu_order":0,"comment_status":"closed","ping_status":"closed","template":"","meta":{"footnotes":""},"class_list":["post-34943","page","type-page","status-publish","hentry"],"_links":{"self":[{"href":"\/index.php\/wp-json\/wp\/v2\/pages\/34943","targetHints":{"allow":["GET"]}}],"collection":[{"href":"\/index.php\/wp-json\/wp\/v2\/pages"}],"about":[{"href":"\/index.php\/wp-json\/wp\/v2\/types\/page"}],"author":[{"embeddable":true,"href":"\/index.php\/wp-json\/wp\/v2\/users\/4"}],"replies":[{"embeddable":true,"href":"\/index.php\/wp-json\/wp\/v2\/comments?post=34943"}],"version-history":[{"count":4,"href":"\/index.php\/wp-json\/wp\/v2\/pages\/34943\/revisions"}],"predecessor-version":[{"id":34948,"href":"\/index.php\/wp-json\/wp\/v2\/pages\/34943\/revisions\/34948"}],"wp:attachment":[{"href":"\/index.php\/wp-json\/wp\/v2\/media?parent=34943"}],"curies":[{"name":"wp","href":"https:\/\/api.w.org\/{rel}","templated":true}]}}