{"id":34934,"date":"2024-01-29T09:52:32","date_gmt":"2024-01-29T08:52:32","guid":{"rendered":"\/?page_id=34934"},"modified":"2024-01-29T09:55:40","modified_gmt":"2024-01-29T08:55:40","slug":"1960-ruhazati-elado-vegyes","status":"publish","type":"page","link":"\/index.php\/1960-ruhazati-elado-vegyes\/","title":{"rendered":"1960 Ruh\u00e1zati elad\u00f3 (vegyes)"},"content":{"rendered":"\t\t<div data-elementor-type=\"wp-page\" data-elementor-id=\"34934\" class=\"elementor elementor-34934\" data-elementor-post-type=\"page\">\n\t\t\t\t\t\t<section class=\"elementor-section elementor-top-section elementor-element elementor-element-aada264 elementor-section-boxed elementor-section-height-default elementor-section-height-default\" data-id=\"aada264\" data-element_type=\"section\" data-e-type=\"section\">\n\t\t\t\t\t\t<div class=\"elementor-container elementor-column-gap-default\">\n\t\t\t\t\t<div class=\"elementor-column elementor-col-100 elementor-top-column elementor-element elementor-element-5a9be19\" data-id=\"5a9be19\" data-element_type=\"column\" data-e-type=\"column\">\n\t\t\t<div class=\"elementor-widget-wrap elementor-element-populated\">\n\t\t\t\t\t\t<div class=\"elementor-element elementor-element-27c705a elementor-widget elementor-widget-spacer\" data-id=\"27c705a\" data-element_type=\"widget\" data-e-type=\"widget\" data-widget_type=\"spacer.default\">\n\t\t\t\t<div class=\"elementor-widget-container\">\n\t\t\t\t\t\t\t<div class=\"elementor-spacer\">\n\t\t\t<div class=\"elementor-spacer-inner\"><\/div>\n\t\t<\/div>\n\t\t\t\t\t\t<\/div>\n\t\t\t\t<\/div>\n\t\t\t\t\t<\/div>\n\t\t<\/div>\n\t\t\t\t\t<\/div>\n\t\t<\/section>\n\t\t\t\t<section class=\"elementor-section elementor-top-section elementor-element elementor-element-bca21f8 elementor-section-boxed elementor-section-height-default elementor-section-height-default\" data-id=\"bca21f8\" data-element_type=\"section\" data-e-type=\"section\">\n\t\t\t\t\t\t<div class=\"elementor-container elementor-column-gap-default\">\n\t\t\t\t\t<div class=\"elementor-column elementor-col-100 elementor-top-column elementor-element elementor-element-3a1e474\" data-id=\"3a1e474\" data-element_type=\"column\" data-e-type=\"column\">\n\t\t\t<div class=\"elementor-widget-wrap elementor-element-populated\">\n\t\t\t\t\t\t<div class=\"elementor-element elementor-element-0eea019 elementor-widget elementor-widget-heading\" data-id=\"0eea019\" data-element_type=\"widget\" data-e-type=\"widget\" data-widget_type=\"heading.default\">\n\t\t\t\t<div class=\"elementor-widget-container\">\n\t\t\t\t\t<h2 class=\"elementor-heading-title elementor-size-default\"><b>1959\/1960<\/b><\/h2>\t\t\t\t<\/div>\n\t\t\t\t<\/div>\n\t\t\t\t\t<\/div>\n\t\t<\/div>\n\t\t\t\t\t<\/div>\n\t\t<\/section>\n\t\t\t\t<section class=\"elementor-section elementor-top-section elementor-element elementor-element-3773f38 elementor-section-boxed elementor-section-height-default elementor-section-height-default\" data-id=\"3773f38\" data-element_type=\"section\" data-e-type=\"section\">\n\t\t\t\t\t\t<div class=\"elementor-container elementor-column-gap-default\">\n\t\t\t\t\t<div class=\"elementor-column elementor-col-100 elementor-top-column elementor-element elementor-element-53f908d\" data-id=\"53f908d\" data-element_type=\"column\" data-e-type=\"column\">\n\t\t\t<div class=\"elementor-widget-wrap elementor-element-populated\">\n\t\t\t\t\t\t<div class=\"elementor-element elementor-element-68fba41 elementor-widget elementor-widget-spacer\" data-id=\"68fba41\" data-element_type=\"widget\" data-e-type=\"widget\" data-widget_type=\"spacer.default\">\n\t\t\t\t<div class=\"elementor-widget-container\">\n\t\t\t\t\t\t\t<div class=\"elementor-spacer\">\n\t\t\t<div class=\"elementor-spacer-inner\"><\/div>\n\t\t<\/div>\n\t\t\t\t\t\t<\/div>\n\t\t\t\t<\/div>\n\t\t\t\t\t<\/div>\n\t\t<\/div>\n\t\t\t\t\t<\/div>\n\t\t<\/section>\n\t\t\t\t<section class=\"elementor-section elementor-top-section elementor-element elementor-element-b3c39b1 elementor-section-boxed elementor-section-height-default elementor-section-height-default\" data-id=\"b3c39b1\" data-element_type=\"section\" data-e-type=\"section\">\n\t\t\t\t\t\t<div class=\"elementor-container elementor-column-gap-default\">\n\t\t\t\t\t<div class=\"elementor-column elementor-col-100 elementor-top-column elementor-element elementor-element-af6648e\" data-id=\"af6648e\" data-element_type=\"column\" data-e-type=\"column\">\n\t\t\t<div class=\"elementor-widget-wrap elementor-element-populated\">\n\t\t\t\t\t\t<div class=\"elementor-element elementor-element-b7af608 elementor-widget elementor-widget-heading\" data-id=\"b7af608\" data-element_type=\"widget\" data-e-type=\"widget\" data-widget_type=\"heading.default\">\n\t\t\t\t<div class=\"elementor-widget-container\">\n\t\t\t\t\t<h2 class=\"elementor-heading-title elementor-size-default\"><b>Szakma: ruh\u00e1zati elad\u00f3 (vegyes)<\/b><\/h2>\t\t\t\t<\/div>\n\t\t\t\t<\/div>\n\t\t\t\t\t<\/div>\n\t\t<\/div>\n\t\t\t\t\t<\/div>\n\t\t<\/section>\n\t\t\t\t<section class=\"elementor-section elementor-top-section elementor-element elementor-element-b39550b elementor-section-boxed elementor-section-height-default elementor-section-height-default\" data-id=\"b39550b\" data-element_type=\"section\" data-e-type=\"section\">\n\t\t\t\t\t\t<div class=\"elementor-container elementor-column-gap-default\">\n\t\t\t\t\t<div class=\"elementor-column elementor-col-100 elementor-top-column elementor-element elementor-element-0fca0e1\" data-id=\"0fca0e1\" data-element_type=\"column\" data-e-type=\"column\">\n\t\t\t<div class=\"elementor-widget-wrap elementor-element-populated\">\n\t\t\t\t\t\t<div class=\"elementor-element elementor-element-ca8f5ee elementor-widget elementor-widget-spacer\" data-id=\"ca8f5ee\" data-element_type=\"widget\" data-e-type=\"widget\" data-widget_type=\"spacer.default\">\n\t\t\t\t<div class=\"elementor-widget-container\">\n\t\t\t\t\t\t\t<div class=\"elementor-spacer\">\n\t\t\t<div class=\"elementor-spacer-inner\"><\/div>\n\t\t<\/div>\n\t\t\t\t\t\t<\/div>\n\t\t\t\t<\/div>\n\t\t\t\t\t<\/div>\n\t\t<\/div>\n\t\t\t\t\t<\/div>\n\t\t<\/section>\n\t\t\t\t<section class=\"elementor-section elementor-top-section elementor-element elementor-element-69d5615 elementor-section-boxed elementor-section-height-default elementor-section-height-default\" data-id=\"69d5615\" data-element_type=\"section\" data-e-type=\"section\">\n\t\t\t\t\t\t<div class=\"elementor-container elementor-column-gap-default\">\n\t\t\t\t\t<div class=\"elementor-column elementor-col-100 elementor-top-column elementor-element elementor-element-6102cf8\" data-id=\"6102cf8\" data-element_type=\"column\" data-e-type=\"column\">\n\t\t\t<div class=\"elementor-widget-wrap elementor-element-populated\">\n\t\t\t\t\t\t<div class=\"elementor-element elementor-element-3d0a6a6 elementor-widget elementor-widget-heading\" data-id=\"3d0a6a6\" data-element_type=\"widget\" data-e-type=\"widget\" data-widget_type=\"heading.default\">\n\t\t\t\t<div class=\"elementor-widget-container\">\n\t\t\t\t\t<h2 class=\"elementor-heading-title elementor-size-default\">1.\tAnti K\u00e1rolyn\u00e9<p>\n<\/p>2.\tBagyinka Erzs\u00e9bet\n<\/p>3.\tBalogh L\u00e1szl\u00f3\n<\/p>4.\tBoldizs\u00e1r Erzs\u00e9bet\n<\/p>5.\tCsap\u00f3 L\u00e1szl\u00f3n\u00e9\n<\/p>6.\tCsord\u00e1s Imr\u00e9n\u00e9\n<\/p>7.\tDobsa J\u00f3zsefn\u00e9\n<\/p>8.\tDomokos M\u00e1ria\n<\/p>9.\tFarkas Mih\u00e1lyn\u00e9\n<\/p>10.\tF\u00f6ldv\u00e1ri \u00c9va\n<\/p>11.\tG\u00f6nd\u00f6r Margit\n<\/p>12.\tGuly\u00e1s L\u00e1szl\u00f3n\u00e9\n<\/p>13.\tGyucha Mih\u00e1ly\n<\/p>14.\tHorv\u00e1th L\u00e1szl\u00f3n\u00e9\n<\/p>15.\tKaszna J\u00f3zsef\n<\/p>16.\tKelle Mih\u00e1ly\n<\/p>17.\tKiszely Zs\u00f3fia\n<\/p>18.\tK\u00f6k\u00e9ny Erzs\u00e9bet\n<\/p>19.\tKraszk\u00f3 M\u00e1ria\n<\/p>20.\tLakatos T\u00f3th P\u00e1ln\u00e9\n<\/p>21.\tL\u00e1szl\u00f3 M\u00e1ria\n<\/p>22.\tLipcsei Gyul\u00e1n\u00e9\n<\/p>23.\tLitavecz Margit\n<\/p>24.\tMaturek J\u00e1nosn\u00e9\n<\/p>25.\tNagy S\u00e1ndor\n<\/p>26.\tPacsika J\u00f3zsefn\u00e9\n<\/p>27.\tPapp Mih\u00e1ly\n<\/p>28.\tSzahai Kl\u00e1ra\n<\/p>29.\tSz\u00e9csi Kl\u00e1ra\n<\/p>30.\tSzenk\u00f3 J\u00f3zsefn\u00e9\n<\/p>31.\tSz\u0151ke L\u00e1szl\u00f3\n<\/p>32.\tVarga J\u00e1nos\n<\/p>33.\tVigh Ferencn\u00e9<\/h2>\t\t\t\t<\/div>\n\t\t\t\t<\/div>\n\t\t\t\t\t<\/div>\n\t\t<\/div>\n\t\t\t\t\t<\/div>\n\t\t<\/section>\n\t\t\t\t<\/div>\n\t\t","protected":false},"excerpt":{"rendered":"<p>1959\/1960 Szakma: ruh\u00e1zati elad\u00f3 (vegyes) 1. Anti K\u00e1rolyn\u00e9 2. Bagyinka Erzs\u00e9bet 3. Balogh L\u00e1szl\u00f3 4. Boldizs\u00e1r Erzs\u00e9bet 5. Csap\u00f3 L\u00e1szl\u00f3n\u00e9 6. Csord\u00e1s Imr\u00e9n\u00e9 7. Dobsa J\u00f3zsefn\u00e9 8. Domokos M\u00e1ria 9. Farkas Mih\u00e1lyn\u00e9 10. F\u00f6ldv\u00e1ri \u00c9va 11. G\u00f6nd\u00f6r Margit 12. Guly\u00e1s L\u00e1szl\u00f3n\u00e9 13. Gyucha Mih\u00e1ly 14. Horv\u00e1th L\u00e1szl\u00f3n\u00e9 15. Kaszna J\u00f3zsef 16. Kelle Mih\u00e1ly 17. Kiszely [&hellip;]<\/p>\n","protected":false},"author":4,"featured_media":0,"parent":0,"menu_order":0,"comment_status":"closed","ping_status":"closed","template":"","meta":{"footnotes":""},"class_list":["post-34934","page","type-page","status-publish","hentry"],"_links":{"self":[{"href":"\/index.php\/wp-json\/wp\/v2\/pages\/34934","targetHints":{"allow":["GET"]}}],"collection":[{"href":"\/index.php\/wp-json\/wp\/v2\/pages"}],"about":[{"href":"\/index.php\/wp-json\/wp\/v2\/types\/page"}],"author":[{"embeddable":true,"href":"\/index.php\/wp-json\/wp\/v2\/users\/4"}],"replies":[{"embeddable":true,"href":"\/index.php\/wp-json\/wp\/v2\/comments?post=34934"}],"version-history":[{"count":4,"href":"\/index.php\/wp-json\/wp\/v2\/pages\/34934\/revisions"}],"predecessor-version":[{"id":34939,"href":"\/index.php\/wp-json\/wp\/v2\/pages\/34934\/revisions\/34939"}],"wp:attachment":[{"href":"\/index.php\/wp-json\/wp\/v2\/media?parent=34934"}],"curies":[{"name":"wp","href":"https:\/\/api.w.org\/{rel}","templated":true}]}}