{"id":34909,"date":"2024-01-29T09:32:18","date_gmt":"2024-01-29T08:32:18","guid":{"rendered":"\/?page_id=34909"},"modified":"2024-01-29T09:35:42","modified_gmt":"2024-01-29T08:35:42","slug":"1960-iii-a","status":"publish","type":"page","link":"\/index.php\/1960-iii-a\/","title":{"rendered":"1960 III.A"},"content":{"rendered":"\t\t<div data-elementor-type=\"wp-page\" data-elementor-id=\"34909\" class=\"elementor elementor-34909\" data-elementor-post-type=\"page\">\n\t\t\t\t\t\t<section class=\"elementor-section elementor-top-section elementor-element elementor-element-8711c8a elementor-section-boxed elementor-section-height-default elementor-section-height-default\" data-id=\"8711c8a\" data-element_type=\"section\" data-e-type=\"section\">\n\t\t\t\t\t\t<div class=\"elementor-container elementor-column-gap-default\">\n\t\t\t\t\t<div class=\"elementor-column elementor-col-100 elementor-top-column elementor-element elementor-element-ecf8a86\" data-id=\"ecf8a86\" data-element_type=\"column\" data-e-type=\"column\">\n\t\t\t<div class=\"elementor-widget-wrap elementor-element-populated\">\n\t\t\t\t\t\t<div class=\"elementor-element elementor-element-c13536f elementor-widget elementor-widget-heading\" data-id=\"c13536f\" data-element_type=\"widget\" data-e-type=\"widget\" data-widget_type=\"heading.default\">\n\t\t\t\t<div class=\"elementor-widget-container\">\n\t\t\t\t\t<h2 class=\"elementor-heading-title elementor-size-default\"><b>1959\/1960<\/b><\/h2>\t\t\t\t<\/div>\n\t\t\t\t<\/div>\n\t\t\t\t\t<\/div>\n\t\t<\/div>\n\t\t\t\t\t<\/div>\n\t\t<\/section>\n\t\t\t\t<section class=\"elementor-section elementor-top-section elementor-element elementor-element-480019b elementor-section-boxed elementor-section-height-default elementor-section-height-default\" data-id=\"480019b\" data-element_type=\"section\" data-e-type=\"section\">\n\t\t\t\t\t\t<div class=\"elementor-container elementor-column-gap-default\">\n\t\t\t\t\t<div class=\"elementor-column elementor-col-100 elementor-top-column elementor-element elementor-element-57947fb\" data-id=\"57947fb\" data-element_type=\"column\" data-e-type=\"column\">\n\t\t\t<div class=\"elementor-widget-wrap elementor-element-populated\">\n\t\t\t\t\t\t<div class=\"elementor-element elementor-element-e7757df elementor-widget elementor-widget-spacer\" data-id=\"e7757df\" data-element_type=\"widget\" data-e-type=\"widget\" data-widget_type=\"spacer.default\">\n\t\t\t\t<div class=\"elementor-widget-container\">\n\t\t\t\t\t\t\t<div class=\"elementor-spacer\">\n\t\t\t<div class=\"elementor-spacer-inner\"><\/div>\n\t\t<\/div>\n\t\t\t\t\t\t<\/div>\n\t\t\t\t<\/div>\n\t\t\t\t\t<\/div>\n\t\t<\/div>\n\t\t\t\t\t<\/div>\n\t\t<\/section>\n\t\t\t\t<section class=\"elementor-section elementor-top-section elementor-element elementor-element-fd98b49 elementor-section-boxed elementor-section-height-default elementor-section-height-default\" data-id=\"fd98b49\" data-element_type=\"section\" data-e-type=\"section\">\n\t\t\t\t\t\t<div class=\"elementor-container elementor-column-gap-default\">\n\t\t\t\t\t<div class=\"elementor-column elementor-col-100 elementor-top-column elementor-element elementor-element-4bb5e0a\" data-id=\"4bb5e0a\" data-element_type=\"column\" data-e-type=\"column\">\n\t\t\t<div class=\"elementor-widget-wrap elementor-element-populated\">\n\t\t\t\t\t\t<div class=\"elementor-element elementor-element-c923885 elementor-widget elementor-widget-heading\" data-id=\"c923885\" data-element_type=\"widget\" data-e-type=\"widget\" data-widget_type=\"heading.default\">\n\t\t\t\t<div class=\"elementor-widget-container\">\n\t\t\t\t\t<h2 class=\"elementor-heading-title elementor-size-default\"><b>III.a oszt\u00e1ly<\/b><\/h2>\t\t\t\t<\/div>\n\t\t\t\t<\/div>\n\t\t\t\t\t<\/div>\n\t\t<\/div>\n\t\t\t\t\t<\/div>\n\t\t<\/section>\n\t\t\t\t<section class=\"elementor-section elementor-top-section elementor-element elementor-element-3f8e4cb elementor-section-boxed elementor-section-height-default elementor-section-height-default\" data-id=\"3f8e4cb\" data-element_type=\"section\" data-e-type=\"section\">\n\t\t\t\t\t\t<div class=\"elementor-container elementor-column-gap-default\">\n\t\t\t\t\t<div class=\"elementor-column elementor-col-100 elementor-top-column elementor-element elementor-element-6a4bf73\" data-id=\"6a4bf73\" data-element_type=\"column\" data-e-type=\"column\">\n\t\t\t<div class=\"elementor-widget-wrap elementor-element-populated\">\n\t\t\t\t\t\t<div class=\"elementor-element elementor-element-7e07ba5 elementor-widget elementor-widget-spacer\" data-id=\"7e07ba5\" data-element_type=\"widget\" data-e-type=\"widget\" data-widget_type=\"spacer.default\">\n\t\t\t\t<div class=\"elementor-widget-container\">\n\t\t\t\t\t\t\t<div class=\"elementor-spacer\">\n\t\t\t<div class=\"elementor-spacer-inner\"><\/div>\n\t\t<\/div>\n\t\t\t\t\t\t<\/div>\n\t\t\t\t<\/div>\n\t\t\t\t\t<\/div>\n\t\t<\/div>\n\t\t\t\t\t<\/div>\n\t\t<\/section>\n\t\t\t\t<section class=\"elementor-section elementor-top-section elementor-element elementor-element-5f462a6 elementor-section-boxed elementor-section-height-default elementor-section-height-default\" data-id=\"5f462a6\" data-element_type=\"section\" data-e-type=\"section\">\n\t\t\t\t\t\t<div class=\"elementor-container elementor-column-gap-default\">\n\t\t\t\t\t<div class=\"elementor-column elementor-col-100 elementor-top-column elementor-element elementor-element-c672755\" data-id=\"c672755\" data-element_type=\"column\" data-e-type=\"column\">\n\t\t\t<div class=\"elementor-widget-wrap elementor-element-populated\">\n\t\t\t\t\t\t<div class=\"elementor-element elementor-element-f52367d elementor-widget elementor-widget-heading\" data-id=\"f52367d\" data-element_type=\"widget\" data-e-type=\"widget\" data-widget_type=\"heading.default\">\n\t\t\t\t<div class=\"elementor-widget-container\">\n\t\t\t\t\t<h2 class=\"elementor-heading-title elementor-size-default\"><b>Oszt\u00e1lyf\u0151n\u00f6k: Gag\u00f3 Andr\u00e1s<\/b><\/h2>\t\t\t\t<\/div>\n\t\t\t\t<\/div>\n\t\t\t\t\t<\/div>\n\t\t<\/div>\n\t\t\t\t\t<\/div>\n\t\t<\/section>\n\t\t\t\t<section class=\"elementor-section elementor-top-section elementor-element elementor-element-ccc207c elementor-section-boxed elementor-section-height-default elementor-section-height-default\" data-id=\"ccc207c\" data-element_type=\"section\" data-e-type=\"section\">\n\t\t\t\t\t\t<div class=\"elementor-container elementor-column-gap-default\">\n\t\t\t\t\t<div class=\"elementor-column elementor-col-100 elementor-top-column elementor-element elementor-element-6c2f62a\" data-id=\"6c2f62a\" data-element_type=\"column\" data-e-type=\"column\">\n\t\t\t<div class=\"elementor-widget-wrap elementor-element-populated\">\n\t\t\t\t\t\t<div class=\"elementor-element elementor-element-9207186 elementor-widget elementor-widget-spacer\" data-id=\"9207186\" data-element_type=\"widget\" data-e-type=\"widget\" data-widget_type=\"spacer.default\">\n\t\t\t\t<div class=\"elementor-widget-container\">\n\t\t\t\t\t\t\t<div class=\"elementor-spacer\">\n\t\t\t<div class=\"elementor-spacer-inner\"><\/div>\n\t\t<\/div>\n\t\t\t\t\t\t<\/div>\n\t\t\t\t<\/div>\n\t\t\t\t\t<\/div>\n\t\t<\/div>\n\t\t\t\t\t<\/div>\n\t\t<\/section>\n\t\t\t\t<section class=\"elementor-section elementor-top-section elementor-element elementor-element-d0d96a5 elementor-section-boxed elementor-section-height-default elementor-section-height-default\" data-id=\"d0d96a5\" data-element_type=\"section\" data-e-type=\"section\">\n\t\t\t\t\t\t<div class=\"elementor-container elementor-column-gap-default\">\n\t\t\t\t\t<div class=\"elementor-column elementor-col-100 elementor-top-column elementor-element elementor-element-5236a42\" data-id=\"5236a42\" data-element_type=\"column\" data-e-type=\"column\">\n\t\t\t<div class=\"elementor-widget-wrap elementor-element-populated\">\n\t\t\t\t\t\t<div class=\"elementor-element elementor-element-4e9caf9 elementor-widget elementor-widget-heading\" data-id=\"4e9caf9\" data-element_type=\"widget\" data-e-type=\"widget\" data-widget_type=\"heading.default\">\n\t\t\t\t<div class=\"elementor-widget-container\">\n\t\t\t\t\t<h2 class=\"elementor-heading-title elementor-size-default\"><b>Szakma: cukr\u00e1sz, felszolg\u00e1l\u00f3, szak\u00e1cs, h\u00e1ztart\u00e1si-vegyi \u00e9s illatszer elad\u00f3, r\u00e1di\u00f3,- villamoss\u00e1gi-m\u0171szaki cikk elad\u00f3, \u00fcveg \u00e9s porcel\u00e1n-\u00e1r\u00fa elad\u00f3, vas-\u00e9s ed\u00e9ny elad\u00f3<\/b><\/h2>\t\t\t\t<\/div>\n\t\t\t\t<\/div>\n\t\t\t\t\t<\/div>\n\t\t<\/div>\n\t\t\t\t\t<\/div>\n\t\t<\/section>\n\t\t\t\t<section class=\"elementor-section elementor-top-section elementor-element elementor-element-fc36bcc elementor-section-boxed elementor-section-height-default elementor-section-height-default\" data-id=\"fc36bcc\" data-element_type=\"section\" data-e-type=\"section\">\n\t\t\t\t\t\t<div class=\"elementor-container elementor-column-gap-default\">\n\t\t\t\t\t<div class=\"elementor-column elementor-col-100 elementor-top-column elementor-element elementor-element-eb6c46b\" data-id=\"eb6c46b\" data-element_type=\"column\" data-e-type=\"column\">\n\t\t\t<div class=\"elementor-widget-wrap elementor-element-populated\">\n\t\t\t\t\t\t<div class=\"elementor-element elementor-element-b361d54 elementor-widget elementor-widget-spacer\" data-id=\"b361d54\" data-element_type=\"widget\" data-e-type=\"widget\" data-widget_type=\"spacer.default\">\n\t\t\t\t<div class=\"elementor-widget-container\">\n\t\t\t\t\t\t\t<div class=\"elementor-spacer\">\n\t\t\t<div class=\"elementor-spacer-inner\"><\/div>\n\t\t<\/div>\n\t\t\t\t\t\t<\/div>\n\t\t\t\t<\/div>\n\t\t\t\t\t<\/div>\n\t\t<\/div>\n\t\t\t\t\t<\/div>\n\t\t<\/section>\n\t\t\t\t<section class=\"elementor-section elementor-top-section elementor-element elementor-element-cd1d192 elementor-section-boxed elementor-section-height-default elementor-section-height-default\" data-id=\"cd1d192\" data-element_type=\"section\" data-e-type=\"section\">\n\t\t\t\t\t\t<div class=\"elementor-container elementor-column-gap-default\">\n\t\t\t\t\t<div class=\"elementor-column elementor-col-100 elementor-top-column elementor-element elementor-element-9fb809c\" data-id=\"9fb809c\" data-element_type=\"column\" data-e-type=\"column\">\n\t\t\t<div class=\"elementor-widget-wrap elementor-element-populated\">\n\t\t\t\t\t\t<div class=\"elementor-element elementor-element-b02043c elementor-widget elementor-widget-heading\" data-id=\"b02043c\" data-element_type=\"widget\" data-e-type=\"widget\" data-widget_type=\"heading.default\">\n\t\t\t\t<div class=\"elementor-widget-container\">\n\t\t\t\t\t<h2 class=\"elementor-heading-title elementor-size-default\">1.\tB. Kiss Antal<p>\n<\/p>2.\tBetk\u00f3 Gy\u00f6rgy\n<\/p>3.\tB\u00f3tyik Andr\u00e1s\n<\/p>4.\tD\u00e9nesi S\u00e1ndor\n<\/p>5.\tDud\u00e1s Eszter\n<\/p>6.\tFekete L\u00e1szl\u00f3\n<\/p>7.\tFrank J\u00e1nos\n<\/p>8.\tG\u00e9cs Gy\u00f6rgy\n<\/p>9.\tGitye J\u00f3zsef\n<\/p>10.\tGuly\u00e1s K\u00e1roly\n<\/p>11.\tJanecsk\u00f3 M\u00e1ria\n<\/p>12.\tJ\u00e1nosi K\u00e1roly\n<\/p>13.\tJantyik L\u00e1szl\u00f3\n<\/p>14.\tK\u00e1llai Gy\u00f6rgy\n<\/p>15.\tKocziha M\u00e1ty\u00e1s\n<\/p>16.\tKopp\u00e1nyi J\u00e1nos\n<\/p>17.\tKov\u00e1cs J\u00f3zsef\n<\/p>18.\tL\u00e1szl\u00f3 J\u00f3zsef\n<\/p>19.\tM\u00e9sz\u00e1r J\u00e1nos\n<\/p>20.\tMezei L\u00e1szl\u00f3\n<\/p>21.\tNagy J\u00e1nos\n<\/p>22.\tNagy S\u00e1ndor\n<\/p>23.\t\u00d6kr\u00f6s Gy\u00f6rgy\n<\/p>24.\tS\u00e1rk\u00f6zi J\u00e1nos\n<\/p>25.\tSeres Lajos\n<\/p>26.\tSeres S\u00e1ndor\n<\/p>27.\tSud\u00e1k J\u00e1nos\n<\/p>28.\tSzalai Erzs\u00e9bet\n<\/p>29.\tSzekerka Andr\u00e1s\n<\/p>30.\tSzenczy J\u00e1nos\n<\/p>31.\tT\u00f3th J\u00f3zsef\n<\/p>32.\tV\u00f6r\u00f6s J\u00f3zsef<\/h2>\t\t\t\t<\/div>\n\t\t\t\t<\/div>\n\t\t\t\t\t<\/div>\n\t\t<\/div>\n\t\t\t\t\t<\/div>\n\t\t<\/section>\n\t\t\t\t<\/div>\n\t\t","protected":false},"excerpt":{"rendered":"<p>1959\/1960 III.a oszt\u00e1ly Oszt\u00e1lyf\u0151n\u00f6k: Gag\u00f3 Andr\u00e1s Szakma: cukr\u00e1sz, felszolg\u00e1l\u00f3, szak\u00e1cs, h\u00e1ztart\u00e1si-vegyi \u00e9s illatszer elad\u00f3, r\u00e1di\u00f3,- villamoss\u00e1gi-m\u0171szaki cikk elad\u00f3, \u00fcveg \u00e9s porcel\u00e1n-\u00e1r\u00fa elad\u00f3, vas-\u00e9s ed\u00e9ny elad\u00f3 1. B. Kiss Antal 2. Betk\u00f3 Gy\u00f6rgy 3. B\u00f3tyik Andr\u00e1s 4. D\u00e9nesi S\u00e1ndor 5. Dud\u00e1s Eszter 6. Fekete L\u00e1szl\u00f3 7. Frank J\u00e1nos 8. G\u00e9cs Gy\u00f6rgy 9. Gitye J\u00f3zsef 10. Guly\u00e1s [&hellip;]<\/p>\n","protected":false},"author":4,"featured_media":0,"parent":0,"menu_order":0,"comment_status":"closed","ping_status":"closed","template":"","meta":{"footnotes":""},"class_list":["post-34909","page","type-page","status-publish","hentry"],"_links":{"self":[{"href":"\/index.php\/wp-json\/wp\/v2\/pages\/34909","targetHints":{"allow":["GET"]}}],"collection":[{"href":"\/index.php\/wp-json\/wp\/v2\/pages"}],"about":[{"href":"\/index.php\/wp-json\/wp\/v2\/types\/page"}],"author":[{"embeddable":true,"href":"\/index.php\/wp-json\/wp\/v2\/users\/4"}],"replies":[{"embeddable":true,"href":"\/index.php\/wp-json\/wp\/v2\/comments?post=34909"}],"version-history":[{"count":10,"href":"\/index.php\/wp-json\/wp\/v2\/pages\/34909\/revisions"}],"predecessor-version":[{"id":34921,"href":"\/index.php\/wp-json\/wp\/v2\/pages\/34909\/revisions\/34921"}],"wp:attachment":[{"href":"\/index.php\/wp-json\/wp\/v2\/media?parent=34909"}],"curies":[{"name":"wp","href":"https:\/\/api.w.org\/{rel}","templated":true}]}}