{"id":34897,"date":"2024-01-29T09:24:16","date_gmt":"2024-01-29T08:24:16","guid":{"rendered":"\/?page_id=34897"},"modified":"2024-01-29T09:25:11","modified_gmt":"2024-01-29T08:25:11","slug":"1961-szakmai-vizsgat-tett","status":"publish","type":"page","link":"\/index.php\/1961-szakmai-vizsgat-tett\/","title":{"rendered":"1961 Szakmai vizsg\u00e1t tett"},"content":{"rendered":"\t\t<div data-elementor-type=\"wp-page\" data-elementor-id=\"34897\" class=\"elementor elementor-34897\" data-elementor-post-type=\"page\">\n\t\t\t\t\t\t<section class=\"elementor-section elementor-top-section elementor-element elementor-element-2025394 elementor-section-boxed elementor-section-height-default elementor-section-height-default\" data-id=\"2025394\" data-element_type=\"section\" data-e-type=\"section\">\n\t\t\t\t\t\t<div class=\"elementor-container elementor-column-gap-default\">\n\t\t\t\t\t<div class=\"elementor-column elementor-col-100 elementor-top-column elementor-element elementor-element-6dcffad\" data-id=\"6dcffad\" data-element_type=\"column\" data-e-type=\"column\">\n\t\t\t<div class=\"elementor-widget-wrap elementor-element-populated\">\n\t\t\t\t\t\t<div class=\"elementor-element elementor-element-ae23d3c elementor-widget elementor-widget-spacer\" data-id=\"ae23d3c\" data-element_type=\"widget\" data-e-type=\"widget\" data-widget_type=\"spacer.default\">\n\t\t\t\t<div class=\"elementor-widget-container\">\n\t\t\t\t\t\t\t<div class=\"elementor-spacer\">\n\t\t\t<div class=\"elementor-spacer-inner\"><\/div>\n\t\t<\/div>\n\t\t\t\t\t\t<\/div>\n\t\t\t\t<\/div>\n\t\t\t\t\t<\/div>\n\t\t<\/div>\n\t\t\t\t\t<\/div>\n\t\t<\/section>\n\t\t\t\t<section class=\"elementor-section elementor-top-section elementor-element elementor-element-f697166 elementor-section-boxed elementor-section-height-default elementor-section-height-default\" data-id=\"f697166\" data-element_type=\"section\" data-e-type=\"section\">\n\t\t\t\t\t\t<div class=\"elementor-container elementor-column-gap-default\">\n\t\t\t\t\t<div class=\"elementor-column elementor-col-100 elementor-top-column elementor-element elementor-element-83f7d1b\" data-id=\"83f7d1b\" data-element_type=\"column\" data-e-type=\"column\">\n\t\t\t<div class=\"elementor-widget-wrap elementor-element-populated\">\n\t\t\t\t\t\t<div class=\"elementor-element elementor-element-a5b4903 elementor-widget elementor-widget-heading\" data-id=\"a5b4903\" data-element_type=\"widget\" data-e-type=\"widget\" data-widget_type=\"heading.default\">\n\t\t\t\t<div class=\"elementor-widget-container\">\n\t\t\t\t\t<h2 class=\"elementor-heading-title elementor-size-default\"><b>1960\/1961<\/b><\/h2>\t\t\t\t<\/div>\n\t\t\t\t<\/div>\n\t\t\t\t\t<\/div>\n\t\t<\/div>\n\t\t\t\t\t<\/div>\n\t\t<\/section>\n\t\t\t\t<section class=\"elementor-section elementor-top-section elementor-element elementor-element-06e7a33 elementor-section-boxed elementor-section-height-default elementor-section-height-default\" data-id=\"06e7a33\" data-element_type=\"section\" data-e-type=\"section\">\n\t\t\t\t\t\t<div class=\"elementor-container elementor-column-gap-default\">\n\t\t\t\t\t<div class=\"elementor-column elementor-col-100 elementor-top-column elementor-element elementor-element-40181fc\" data-id=\"40181fc\" data-element_type=\"column\" data-e-type=\"column\">\n\t\t\t<div class=\"elementor-widget-wrap elementor-element-populated\">\n\t\t\t\t\t\t<div class=\"elementor-element elementor-element-89fd099 elementor-widget elementor-widget-spacer\" data-id=\"89fd099\" data-element_type=\"widget\" data-e-type=\"widget\" data-widget_type=\"spacer.default\">\n\t\t\t\t<div class=\"elementor-widget-container\">\n\t\t\t\t\t\t\t<div class=\"elementor-spacer\">\n\t\t\t<div class=\"elementor-spacer-inner\"><\/div>\n\t\t<\/div>\n\t\t\t\t\t\t<\/div>\n\t\t\t\t<\/div>\n\t\t\t\t\t<\/div>\n\t\t<\/div>\n\t\t\t\t\t<\/div>\n\t\t<\/section>\n\t\t\t\t<section class=\"elementor-section elementor-top-section elementor-element elementor-element-ab7cdac elementor-section-boxed elementor-section-height-default elementor-section-height-default\" data-id=\"ab7cdac\" data-element_type=\"section\" data-e-type=\"section\">\n\t\t\t\t\t\t<div class=\"elementor-container elementor-column-gap-default\">\n\t\t\t\t\t<div class=\"elementor-column elementor-col-100 elementor-top-column elementor-element elementor-element-9659ab6\" data-id=\"9659ab6\" data-element_type=\"column\" data-e-type=\"column\">\n\t\t\t<div class=\"elementor-widget-wrap elementor-element-populated\">\n\t\t\t\t\t\t<div class=\"elementor-element elementor-element-473de45 elementor-widget elementor-widget-heading\" data-id=\"473de45\" data-element_type=\"widget\" data-e-type=\"widget\" data-widget_type=\"heading.default\">\n\t\t\t\t<div class=\"elementor-widget-container\">\n\t\t\t\t\t<h2 class=\"elementor-heading-title elementor-size-default\"><b>Szakmai vizsg\u00e1t tett<\/b><\/h2>\t\t\t\t<\/div>\n\t\t\t\t<\/div>\n\t\t\t\t\t<\/div>\n\t\t<\/div>\n\t\t\t\t\t<\/div>\n\t\t<\/section>\n\t\t\t\t<section class=\"elementor-section elementor-top-section elementor-element elementor-element-771a819 elementor-section-boxed elementor-section-height-default elementor-section-height-default\" data-id=\"771a819\" data-element_type=\"section\" data-e-type=\"section\">\n\t\t\t\t\t\t<div class=\"elementor-container elementor-column-gap-default\">\n\t\t\t\t\t<div class=\"elementor-column elementor-col-100 elementor-top-column elementor-element elementor-element-62595ca\" data-id=\"62595ca\" data-element_type=\"column\" data-e-type=\"column\">\n\t\t\t<div class=\"elementor-widget-wrap elementor-element-populated\">\n\t\t\t\t\t\t<div class=\"elementor-element elementor-element-f7f119c elementor-widget elementor-widget-spacer\" data-id=\"f7f119c\" data-element_type=\"widget\" data-e-type=\"widget\" data-widget_type=\"spacer.default\">\n\t\t\t\t<div class=\"elementor-widget-container\">\n\t\t\t\t\t\t\t<div class=\"elementor-spacer\">\n\t\t\t<div class=\"elementor-spacer-inner\"><\/div>\n\t\t<\/div>\n\t\t\t\t\t\t<\/div>\n\t\t\t\t<\/div>\n\t\t\t\t\t<\/div>\n\t\t<\/div>\n\t\t\t\t\t<\/div>\n\t\t<\/section>\n\t\t\t\t<section class=\"elementor-section elementor-top-section elementor-element elementor-element-511c618 elementor-section-boxed elementor-section-height-default elementor-section-height-default\" data-id=\"511c618\" data-element_type=\"section\" data-e-type=\"section\">\n\t\t\t\t\t\t<div class=\"elementor-container elementor-column-gap-default\">\n\t\t\t\t\t<div class=\"elementor-column elementor-col-100 elementor-top-column elementor-element elementor-element-d6f10ce\" data-id=\"d6f10ce\" data-element_type=\"column\" data-e-type=\"column\">\n\t\t\t<div class=\"elementor-widget-wrap elementor-element-populated\">\n\t\t\t\t\t\t<div class=\"elementor-element elementor-element-b4556c6 elementor-widget elementor-widget-heading\" data-id=\"b4556c6\" data-element_type=\"widget\" data-e-type=\"widget\" data-widget_type=\"heading.default\">\n\t\t\t\t<div class=\"elementor-widget-container\">\n\t\t\t\t\t<h5 class=\"elementor-heading-title elementor-size-default\">1.\tMezei Ferenc\t\tm\u00e9ter\u00e1r\u00fa elad\u00f3<p>\n<\/p>2.\tMoln\u00e1r J\u00e1nosn\u00e9\tpap\u00edr-\u00e9s \u00edr\u00f3szer elad\u00f3\n<\/p>3.\tJ\u00e1szovics L\u00e1szl\u00f3n\u00e9\tcip\u0151 elad\u00f3\n<\/p>4.\tK\u00e1rolyi L\u00e1szl\u00f3\tcip\u0151 elad\u00f3\n<\/p>5.\tHrab\u00f3vszki Gy\u00f6rgy\tvas-\u00e9s ed\u00e9ny elad\u00f3\n<\/p>6.\tDoh\u00e1nyos J\u00e1nos\tvas-\u00e9s ed\u00e9ny elad\u00f3\n<\/p>7.\tGyucha P\u00e1l\t\tvas-\u00e9s ed\u00e9ny elad\u00f3\n<\/p>8.\tOl\u00e1h Ferencn\u00e9\t\u00fcveg \u00e9s porcel\u00e1n \u00e1r\u00fa elad\u00f3\n<\/p>9.\tSaly J\u00f3zsefn\u00e9\t\t\u00fcveg \u00e9s porcel\u00e1n \u00e1r\u00fa elad\u00f3\n<\/p>10.\tB\u00e1nya J\u00e1nos\t\tm\u0171szaki \u00e1r\u00fa elad\u00f3<\/h5>\t\t\t\t<\/div>\n\t\t\t\t<\/div>\n\t\t\t\t\t<\/div>\n\t\t<\/div>\n\t\t\t\t\t<\/div>\n\t\t<\/section>\n\t\t\t\t<\/div>\n\t\t","protected":false},"excerpt":{"rendered":"<p>1960\/1961 Szakmai vizsg\u00e1t tett 1. Mezei Ferenc m\u00e9ter\u00e1r\u00fa elad\u00f3 2. Moln\u00e1r J\u00e1nosn\u00e9 pap\u00edr-\u00e9s \u00edr\u00f3szer elad\u00f3 3. J\u00e1szovics L\u00e1szl\u00f3n\u00e9 cip\u0151 elad\u00f3 4. K\u00e1rolyi L\u00e1szl\u00f3 cip\u0151 elad\u00f3 5. Hrab\u00f3vszki Gy\u00f6rgy vas-\u00e9s ed\u00e9ny elad\u00f3 6. Doh\u00e1nyos J\u00e1nos vas-\u00e9s ed\u00e9ny elad\u00f3 7. Gyucha P\u00e1l vas-\u00e9s ed\u00e9ny elad\u00f3 8. Ol\u00e1h Ferencn\u00e9 \u00fcveg \u00e9s porcel\u00e1n \u00e1r\u00fa elad\u00f3 9. Saly J\u00f3zsefn\u00e9 \u00fcveg [&hellip;]<\/p>\n","protected":false},"author":4,"featured_media":0,"parent":0,"menu_order":0,"comment_status":"closed","ping_status":"closed","template":"","meta":{"footnotes":""},"class_list":["post-34897","page","type-page","status-publish","hentry"],"_links":{"self":[{"href":"\/index.php\/wp-json\/wp\/v2\/pages\/34897","targetHints":{"allow":["GET"]}}],"collection":[{"href":"\/index.php\/wp-json\/wp\/v2\/pages"}],"about":[{"href":"\/index.php\/wp-json\/wp\/v2\/types\/page"}],"author":[{"embeddable":true,"href":"\/index.php\/wp-json\/wp\/v2\/users\/4"}],"replies":[{"embeddable":true,"href":"\/index.php\/wp-json\/wp\/v2\/comments?post=34897"}],"version-history":[{"count":4,"href":"\/index.php\/wp-json\/wp\/v2\/pages\/34897\/revisions"}],"predecessor-version":[{"id":34902,"href":"\/index.php\/wp-json\/wp\/v2\/pages\/34897\/revisions\/34902"}],"wp:attachment":[{"href":"\/index.php\/wp-json\/wp\/v2\/media?parent=34897"}],"curies":[{"name":"wp","href":"https:\/\/api.w.org\/{rel}","templated":true}]}}