{"id":34852,"date":"2024-01-29T08:59:52","date_gmt":"2024-01-29T07:59:52","guid":{"rendered":"\/?page_id=34852"},"modified":"2024-01-29T09:02:05","modified_gmt":"2024-01-29T08:02:05","slug":"1961-felszolgalo","status":"publish","type":"page","link":"\/index.php\/1961-felszolgalo\/","title":{"rendered":"1961 Felszolg\u00e1l\u00f3"},"content":{"rendered":"\t\t<div data-elementor-type=\"wp-page\" data-elementor-id=\"34852\" class=\"elementor elementor-34852\" data-elementor-post-type=\"page\">\n\t\t\t\t\t\t<section class=\"elementor-section elementor-top-section elementor-element elementor-element-4fb4535 elementor-section-boxed elementor-section-height-default elementor-section-height-default\" data-id=\"4fb4535\" data-element_type=\"section\" data-e-type=\"section\">\n\t\t\t\t\t\t<div class=\"elementor-container elementor-column-gap-default\">\n\t\t\t\t\t<div class=\"elementor-column elementor-col-100 elementor-top-column elementor-element elementor-element-d4fcd00\" data-id=\"d4fcd00\" data-element_type=\"column\" data-e-type=\"column\">\n\t\t\t<div class=\"elementor-widget-wrap elementor-element-populated\">\n\t\t\t\t\t\t<div class=\"elementor-element elementor-element-0f97012 elementor-widget elementor-widget-spacer\" data-id=\"0f97012\" data-element_type=\"widget\" data-e-type=\"widget\" data-widget_type=\"spacer.default\">\n\t\t\t\t<div class=\"elementor-widget-container\">\n\t\t\t\t\t\t\t<div class=\"elementor-spacer\">\n\t\t\t<div class=\"elementor-spacer-inner\"><\/div>\n\t\t<\/div>\n\t\t\t\t\t\t<\/div>\n\t\t\t\t<\/div>\n\t\t\t\t\t<\/div>\n\t\t<\/div>\n\t\t\t\t\t<\/div>\n\t\t<\/section>\n\t\t\t\t<section class=\"elementor-section elementor-top-section elementor-element elementor-element-d967ba0 elementor-section-boxed elementor-section-height-default elementor-section-height-default\" data-id=\"d967ba0\" data-element_type=\"section\" data-e-type=\"section\">\n\t\t\t\t\t\t<div class=\"elementor-container elementor-column-gap-default\">\n\t\t\t\t\t<div class=\"elementor-column elementor-col-100 elementor-top-column elementor-element elementor-element-89ebf6b\" data-id=\"89ebf6b\" data-element_type=\"column\" data-e-type=\"column\">\n\t\t\t<div class=\"elementor-widget-wrap elementor-element-populated\">\n\t\t\t\t\t\t<div class=\"elementor-element elementor-element-b00c490 elementor-widget elementor-widget-heading\" data-id=\"b00c490\" data-element_type=\"widget\" data-e-type=\"widget\" data-widget_type=\"heading.default\">\n\t\t\t\t<div class=\"elementor-widget-container\">\n\t\t\t\t\t<h2 class=\"elementor-heading-title elementor-size-default\"><b>1960\/1961<\/b><\/h2>\t\t\t\t<\/div>\n\t\t\t\t<\/div>\n\t\t\t\t\t<\/div>\n\t\t<\/div>\n\t\t\t\t\t<\/div>\n\t\t<\/section>\n\t\t\t\t<section class=\"elementor-section elementor-top-section elementor-element elementor-element-e6d27dd elementor-section-boxed elementor-section-height-default elementor-section-height-default\" data-id=\"e6d27dd\" data-element_type=\"section\" data-e-type=\"section\">\n\t\t\t\t\t\t<div class=\"elementor-container elementor-column-gap-default\">\n\t\t\t\t\t<div class=\"elementor-column elementor-col-100 elementor-top-column elementor-element elementor-element-990f259\" data-id=\"990f259\" data-element_type=\"column\" data-e-type=\"column\">\n\t\t\t<div class=\"elementor-widget-wrap elementor-element-populated\">\n\t\t\t\t\t\t<div class=\"elementor-element elementor-element-2781a6b elementor-widget elementor-widget-spacer\" data-id=\"2781a6b\" data-element_type=\"widget\" data-e-type=\"widget\" data-widget_type=\"spacer.default\">\n\t\t\t\t<div class=\"elementor-widget-container\">\n\t\t\t\t\t\t\t<div class=\"elementor-spacer\">\n\t\t\t<div class=\"elementor-spacer-inner\"><\/div>\n\t\t<\/div>\n\t\t\t\t\t\t<\/div>\n\t\t\t\t<\/div>\n\t\t\t\t\t<\/div>\n\t\t<\/div>\n\t\t\t\t\t<\/div>\n\t\t<\/section>\n\t\t\t\t<section class=\"elementor-section elementor-top-section elementor-element elementor-element-47288bf elementor-section-boxed elementor-section-height-default elementor-section-height-default\" data-id=\"47288bf\" data-element_type=\"section\" data-e-type=\"section\">\n\t\t\t\t\t\t<div class=\"elementor-container elementor-column-gap-default\">\n\t\t\t\t\t<div class=\"elementor-column elementor-col-100 elementor-top-column elementor-element elementor-element-d8ffdb7\" data-id=\"d8ffdb7\" data-element_type=\"column\" data-e-type=\"column\">\n\t\t\t<div class=\"elementor-widget-wrap elementor-element-populated\">\n\t\t\t\t\t\t<div class=\"elementor-element elementor-element-2e2f4a9 elementor-widget elementor-widget-heading\" data-id=\"2e2f4a9\" data-element_type=\"widget\" data-e-type=\"widget\" data-widget_type=\"heading.default\">\n\t\t\t\t<div class=\"elementor-widget-container\">\n\t\t\t\t\t<h2 class=\"elementor-heading-title elementor-size-default\"><b>Szakma: felszolg\u00e1l\u00f3<\/b><\/h2>\t\t\t\t<\/div>\n\t\t\t\t<\/div>\n\t\t\t\t\t<\/div>\n\t\t<\/div>\n\t\t\t\t\t<\/div>\n\t\t<\/section>\n\t\t\t\t<section class=\"elementor-section elementor-top-section elementor-element elementor-element-e33730e elementor-section-boxed elementor-section-height-default elementor-section-height-default\" data-id=\"e33730e\" data-element_type=\"section\" data-e-type=\"section\">\n\t\t\t\t\t\t<div class=\"elementor-container elementor-column-gap-default\">\n\t\t\t\t\t<div class=\"elementor-column elementor-col-100 elementor-top-column elementor-element elementor-element-a44adad\" data-id=\"a44adad\" data-element_type=\"column\" data-e-type=\"column\">\n\t\t\t<div class=\"elementor-widget-wrap elementor-element-populated\">\n\t\t\t\t\t\t<div class=\"elementor-element elementor-element-4b76ec1 elementor-widget elementor-widget-spacer\" data-id=\"4b76ec1\" data-element_type=\"widget\" data-e-type=\"widget\" data-widget_type=\"spacer.default\">\n\t\t\t\t<div class=\"elementor-widget-container\">\n\t\t\t\t\t\t\t<div class=\"elementor-spacer\">\n\t\t\t<div class=\"elementor-spacer-inner\"><\/div>\n\t\t<\/div>\n\t\t\t\t\t\t<\/div>\n\t\t\t\t<\/div>\n\t\t\t\t\t<\/div>\n\t\t<\/div>\n\t\t\t\t\t<\/div>\n\t\t<\/section>\n\t\t\t\t<section class=\"elementor-section elementor-top-section elementor-element elementor-element-90b86ef elementor-section-boxed elementor-section-height-default elementor-section-height-default\" data-id=\"90b86ef\" data-element_type=\"section\" data-e-type=\"section\">\n\t\t\t\t\t\t<div class=\"elementor-container elementor-column-gap-default\">\n\t\t\t\t\t<div class=\"elementor-column elementor-col-100 elementor-top-column elementor-element elementor-element-2e4f21e\" data-id=\"2e4f21e\" data-element_type=\"column\" data-e-type=\"column\">\n\t\t\t<div class=\"elementor-widget-wrap elementor-element-populated\">\n\t\t\t\t\t\t<div class=\"elementor-element elementor-element-ab494c2 elementor-widget elementor-widget-heading\" data-id=\"ab494c2\" data-element_type=\"widget\" data-e-type=\"widget\" data-widget_type=\"heading.default\">\n\t\t\t\t<div class=\"elementor-widget-container\">\n\t\t\t\t\t<h2 class=\"elementor-heading-title elementor-size-default\">1.\tApponyi B\u00e9la<p>\n<\/p>2.\tBojtor Istv\u00e1nn\u00e9\n<\/p>3.\tCsernai Mih\u00e1ly\n<\/p>4.\tDe\u00e1k Ferenc\n<\/p>5.\tDud\u00e1s S\u00e1ndorn\u00e9\n<\/p>6.\tK\u00e1d\u00e1r Lajos\n<\/p>7.\tKotrocz\u00f3 K\u00e1roly\n<\/p>8.\tLeset\u00e1r G\u00e9z\u00e1n\u00e9\n<\/p>9.\tMih\u00e1lik P\u00e9ter\n<\/p>10.\tNagy B\u00e1lint\n<\/p>11.\t\u0150ze L\u00e1szl\u00f3\n<\/p>12.\tP\u00e1ncz\u00e9l J\u00e1nos\n<\/p>13.\tPetr\u00f3 Mih\u00e1ly\n<\/p>14.\tRajki Istv\u00e1n\n<\/p>15.\tSajben P\u00e1l\n<\/p>16.\tSz\u00e1sz Istv\u00e1n\n<\/p>17.\tSz\u00fabenyik Mih\u00e1ly\n<\/p>18.\tValentinyi J\u00e1nos\n<\/p>19.\tV\u00e1rhegyi Andr\u00e1s<\/h2>\t\t\t\t<\/div>\n\t\t\t\t<\/div>\n\t\t\t\t\t<\/div>\n\t\t<\/div>\n\t\t\t\t\t<\/div>\n\t\t<\/section>\n\t\t\t\t<\/div>\n\t\t","protected":false},"excerpt":{"rendered":"<p>1960\/1961 Szakma: felszolg\u00e1l\u00f3 1. Apponyi B\u00e9la 2. Bojtor Istv\u00e1nn\u00e9 3. Csernai Mih\u00e1ly 4. De\u00e1k Ferenc 5. Dud\u00e1s S\u00e1ndorn\u00e9 6. K\u00e1d\u00e1r Lajos 7. Kotrocz\u00f3 K\u00e1roly 8. Leset\u00e1r G\u00e9z\u00e1n\u00e9 9. Mih\u00e1lik P\u00e9ter 10. Nagy B\u00e1lint 11. \u0150ze L\u00e1szl\u00f3 12. P\u00e1ncz\u00e9l J\u00e1nos 13. Petr\u00f3 Mih\u00e1ly 14. Rajki Istv\u00e1n 15. Sajben P\u00e1l 16. Sz\u00e1sz Istv\u00e1n 17. Sz\u00fabenyik Mih\u00e1ly 18. [&hellip;]<\/p>\n","protected":false},"author":4,"featured_media":0,"parent":0,"menu_order":0,"comment_status":"closed","ping_status":"closed","template":"","meta":{"footnotes":""},"class_list":["post-34852","page","type-page","status-publish","hentry"],"_links":{"self":[{"href":"\/index.php\/wp-json\/wp\/v2\/pages\/34852","targetHints":{"allow":["GET"]}}],"collection":[{"href":"\/index.php\/wp-json\/wp\/v2\/pages"}],"about":[{"href":"\/index.php\/wp-json\/wp\/v2\/types\/page"}],"author":[{"embeddable":true,"href":"\/index.php\/wp-json\/wp\/v2\/users\/4"}],"replies":[{"embeddable":true,"href":"\/index.php\/wp-json\/wp\/v2\/comments?post=34852"}],"version-history":[{"count":4,"href":"\/index.php\/wp-json\/wp\/v2\/pages\/34852\/revisions"}],"predecessor-version":[{"id":34857,"href":"\/index.php\/wp-json\/wp\/v2\/pages\/34852\/revisions\/34857"}],"wp:attachment":[{"href":"\/index.php\/wp-json\/wp\/v2\/media?parent=34852"}],"curies":[{"name":"wp","href":"https:\/\/api.w.org\/{rel}","templated":true}]}}