{"id":34834,"date":"2024-01-29T08:53:47","date_gmt":"2024-01-29T07:53:47","guid":{"rendered":"\/?page_id=34834"},"modified":"2024-01-29T08:56:09","modified_gmt":"2024-01-29T07:56:09","slug":"1961-fuszer-es-csemege-elado","status":"publish","type":"page","link":"\/index.php\/1961-fuszer-es-csemege-elado\/","title":{"rendered":"1961 F\u0171szer-\u00e9s csemege elad\u00f3"},"content":{"rendered":"\t\t<div data-elementor-type=\"wp-page\" data-elementor-id=\"34834\" class=\"elementor elementor-34834\" data-elementor-post-type=\"page\">\n\t\t\t\t\t\t<section class=\"elementor-section elementor-top-section elementor-element elementor-element-90e6f96 elementor-section-boxed elementor-section-height-default elementor-section-height-default\" data-id=\"90e6f96\" data-element_type=\"section\" data-e-type=\"section\">\n\t\t\t\t\t\t<div class=\"elementor-container elementor-column-gap-default\">\n\t\t\t\t\t<div class=\"elementor-column elementor-col-100 elementor-top-column elementor-element elementor-element-d7cecfd\" data-id=\"d7cecfd\" data-element_type=\"column\" data-e-type=\"column\">\n\t\t\t<div class=\"elementor-widget-wrap elementor-element-populated\">\n\t\t\t\t\t\t<div class=\"elementor-element elementor-element-46033a0 elementor-widget elementor-widget-spacer\" data-id=\"46033a0\" data-element_type=\"widget\" data-e-type=\"widget\" data-widget_type=\"spacer.default\">\n\t\t\t\t<div class=\"elementor-widget-container\">\n\t\t\t\t\t\t\t<div class=\"elementor-spacer\">\n\t\t\t<div class=\"elementor-spacer-inner\"><\/div>\n\t\t<\/div>\n\t\t\t\t\t\t<\/div>\n\t\t\t\t<\/div>\n\t\t\t\t\t<\/div>\n\t\t<\/div>\n\t\t\t\t\t<\/div>\n\t\t<\/section>\n\t\t\t\t<section class=\"elementor-section elementor-top-section elementor-element elementor-element-8bcc703 elementor-section-boxed elementor-section-height-default elementor-section-height-default\" data-id=\"8bcc703\" data-element_type=\"section\" data-e-type=\"section\">\n\t\t\t\t\t\t<div class=\"elementor-container elementor-column-gap-default\">\n\t\t\t\t\t<div class=\"elementor-column elementor-col-100 elementor-top-column elementor-element elementor-element-d75dfc3\" data-id=\"d75dfc3\" data-element_type=\"column\" data-e-type=\"column\">\n\t\t\t<div class=\"elementor-widget-wrap elementor-element-populated\">\n\t\t\t\t\t\t<div class=\"elementor-element elementor-element-435742b elementor-widget elementor-widget-heading\" data-id=\"435742b\" data-element_type=\"widget\" data-e-type=\"widget\" data-widget_type=\"heading.default\">\n\t\t\t\t<div class=\"elementor-widget-container\">\n\t\t\t\t\t<h2 class=\"elementor-heading-title elementor-size-default\"><b>1960\/1961<\/b><\/h2>\t\t\t\t<\/div>\n\t\t\t\t<\/div>\n\t\t\t\t\t<\/div>\n\t\t<\/div>\n\t\t\t\t\t<\/div>\n\t\t<\/section>\n\t\t\t\t<section class=\"elementor-section elementor-top-section elementor-element elementor-element-4ad4418 elementor-section-boxed elementor-section-height-default elementor-section-height-default\" data-id=\"4ad4418\" data-element_type=\"section\" data-e-type=\"section\">\n\t\t\t\t\t\t<div class=\"elementor-container elementor-column-gap-default\">\n\t\t\t\t\t<div class=\"elementor-column elementor-col-100 elementor-top-column elementor-element elementor-element-2e86824\" data-id=\"2e86824\" data-element_type=\"column\" data-e-type=\"column\">\n\t\t\t<div class=\"elementor-widget-wrap elementor-element-populated\">\n\t\t\t\t\t\t<div class=\"elementor-element elementor-element-4a66865 elementor-widget elementor-widget-spacer\" data-id=\"4a66865\" data-element_type=\"widget\" data-e-type=\"widget\" data-widget_type=\"spacer.default\">\n\t\t\t\t<div class=\"elementor-widget-container\">\n\t\t\t\t\t\t\t<div class=\"elementor-spacer\">\n\t\t\t<div class=\"elementor-spacer-inner\"><\/div>\n\t\t<\/div>\n\t\t\t\t\t\t<\/div>\n\t\t\t\t<\/div>\n\t\t\t\t\t<\/div>\n\t\t<\/div>\n\t\t\t\t\t<\/div>\n\t\t<\/section>\n\t\t\t\t<section class=\"elementor-section elementor-top-section elementor-element elementor-element-28f0c89 elementor-section-boxed elementor-section-height-default elementor-section-height-default\" data-id=\"28f0c89\" data-element_type=\"section\" data-e-type=\"section\">\n\t\t\t\t\t\t<div class=\"elementor-container elementor-column-gap-default\">\n\t\t\t\t\t<div class=\"elementor-column elementor-col-100 elementor-top-column elementor-element elementor-element-2a134e9\" data-id=\"2a134e9\" data-element_type=\"column\" data-e-type=\"column\">\n\t\t\t<div class=\"elementor-widget-wrap elementor-element-populated\">\n\t\t\t\t\t\t<div class=\"elementor-element elementor-element-e811984 elementor-widget elementor-widget-heading\" data-id=\"e811984\" data-element_type=\"widget\" data-e-type=\"widget\" data-widget_type=\"heading.default\">\n\t\t\t\t<div class=\"elementor-widget-container\">\n\t\t\t\t\t<h2 class=\"elementor-heading-title elementor-size-default\"><b>Szakma: f\u0171szer-\u00e9s csemege elad\u00f3<\/b><\/h2>\t\t\t\t<\/div>\n\t\t\t\t<\/div>\n\t\t\t\t\t<\/div>\n\t\t<\/div>\n\t\t\t\t\t<\/div>\n\t\t<\/section>\n\t\t\t\t<section class=\"elementor-section elementor-top-section elementor-element elementor-element-c07ce99 elementor-section-boxed elementor-section-height-default elementor-section-height-default\" data-id=\"c07ce99\" data-element_type=\"section\" data-e-type=\"section\">\n\t\t\t\t\t\t<div class=\"elementor-container elementor-column-gap-default\">\n\t\t\t\t\t<div class=\"elementor-column elementor-col-100 elementor-top-column elementor-element elementor-element-164e4a7\" data-id=\"164e4a7\" data-element_type=\"column\" data-e-type=\"column\">\n\t\t\t<div class=\"elementor-widget-wrap elementor-element-populated\">\n\t\t\t\t\t\t<div class=\"elementor-element elementor-element-c25b9a2 elementor-widget elementor-widget-spacer\" data-id=\"c25b9a2\" data-element_type=\"widget\" data-e-type=\"widget\" data-widget_type=\"spacer.default\">\n\t\t\t\t<div class=\"elementor-widget-container\">\n\t\t\t\t\t\t\t<div class=\"elementor-spacer\">\n\t\t\t<div class=\"elementor-spacer-inner\"><\/div>\n\t\t<\/div>\n\t\t\t\t\t\t<\/div>\n\t\t\t\t<\/div>\n\t\t\t\t\t<\/div>\n\t\t<\/div>\n\t\t\t\t\t<\/div>\n\t\t<\/section>\n\t\t\t\t<section class=\"elementor-section elementor-top-section elementor-element elementor-element-204f6fe elementor-section-boxed elementor-section-height-default elementor-section-height-default\" data-id=\"204f6fe\" data-element_type=\"section\" data-e-type=\"section\">\n\t\t\t\t\t\t<div class=\"elementor-container elementor-column-gap-default\">\n\t\t\t\t\t<div class=\"elementor-column elementor-col-100 elementor-top-column elementor-element elementor-element-95205ee\" data-id=\"95205ee\" data-element_type=\"column\" data-e-type=\"column\">\n\t\t\t<div class=\"elementor-widget-wrap elementor-element-populated\">\n\t\t\t\t\t\t<div class=\"elementor-element elementor-element-c0bb8ae elementor-widget elementor-widget-heading\" data-id=\"c0bb8ae\" data-element_type=\"widget\" data-e-type=\"widget\" data-widget_type=\"heading.default\">\n\t\t\t\t<div class=\"elementor-widget-container\">\n\t\t\t\t\t<h2 class=\"elementor-heading-title elementor-size-default\">1.\t\u00c1rp\u00e1d Mih\u00e1lyn\u00e9<p>\n<\/p>2.\tB\u00e1rdos Antaln\u00e9\n<\/p>3.\tBenk\u0151 Istv\u00e1nn\u00e9\n<\/p>4.\tBoz\u00f3 Andr\u00e1s\n<\/p>5.\tBoz\u00f3 Andr\u00e1sn\u00e9\n<\/p>6.\tCserm\u00e1k S\u00e1ndor\n<\/p>7.\tCs\u00edk J\u00e1nos\n<\/p>8.\tCsord\u00e1s Lajos\n<\/p>9.\tCsord\u00e1s Lajosn\u00e9\n<\/p>10.\tDobra K\u00e1roly\n<\/p>11.\tD\u00f6m\u00e9rzy Ferencn\u00e9\n<\/p>12.\tFodor Gy\u00f6rgy\n<\/p>13.\tForg\u00e1cs L\u00e1szl\u00f3n\u00e9\n<\/p>14.\tForrai \u00c9va\n<\/p>15.\tG\u00e1l Mikl\u00f3s\n<\/p>16.\tGalli P\u00e1ln\u00e9\n<\/p>17.\tGazdag \u00c9va\n<\/p>18.\tH\u00f3di Imr\u00e9n\u00e9\n<\/p>19.\tKiss Imre\n<\/p>20.\tKov\u00e1cs Gyula\n<\/p>21.\tKulykai S\u00e1ndorn\u00e9\n<\/p>22.\tLacz\u00f3 Andr\u00e1s\n<\/p>23.\tL\u00e9tai J\u00f3zsef\n<\/p>24.\tN\u00e1das L\u00e1szl\u00f3\n<\/p>25.\tNagy K\u00e1rolyn\u00e9\n<\/p>26.\tOl\u00e1h Imr\u00e9n\u00e9\n<\/p>27.\tOncsik J\u00e1nosn\u00e9\n<\/p>28.\t\u00d6rd\u00f6g J\u00f3zsef\n<\/p>29.\tPallag Imre\n<\/p>30.\tPort\u00f6r\u0151 Istv\u00e1nn\u00e9\n<\/p>31.\tSeben Gy\u00f6rgyn\u00e9\n<\/p>32.\tSzab\u00f3 J\u00e1nos\n<\/p>33.\tSzab\u00f3 L\u00e1szl\u00f3n\u00e9\n<\/p>34.\tSzasz\u00e1k Dorottya\n<\/p>35.\tSzendi-Horv\u00e1th B\u00e1lintn\u00e9\n<\/p>36.\tTak\u00e1cs Istv\u00e1n\n<\/p>37.\tT\u00f3th Rudolfn\u00e9\n<\/p>38.\tTurbucz Lajos\n<\/p>39.\t\u00dcrm\u00f6s G\u00e1sp\u00e1rn\u00e9\n<\/p>40.\tV\u00edgh K\u00e1roly\n<\/p>41.\tVoz\u00e1r P\u00e1ln\u00e9\n<\/p>42.\tZs\u00f3t\u00e9r Lajosn\u00e9<\/h2>\t\t\t\t<\/div>\n\t\t\t\t<\/div>\n\t\t\t\t\t<\/div>\n\t\t<\/div>\n\t\t\t\t\t<\/div>\n\t\t<\/section>\n\t\t\t\t<\/div>\n\t\t","protected":false},"excerpt":{"rendered":"<p>1960\/1961 Szakma: f\u0171szer-\u00e9s csemege elad\u00f3 1. \u00c1rp\u00e1d Mih\u00e1lyn\u00e9 2. B\u00e1rdos Antaln\u00e9 3. Benk\u0151 Istv\u00e1nn\u00e9 4. Boz\u00f3 Andr\u00e1s 5. Boz\u00f3 Andr\u00e1sn\u00e9 6. Cserm\u00e1k S\u00e1ndor 7. Cs\u00edk J\u00e1nos 8. Csord\u00e1s Lajos 9. Csord\u00e1s Lajosn\u00e9 10. Dobra K\u00e1roly 11. D\u00f6m\u00e9rzy Ferencn\u00e9 12. Fodor Gy\u00f6rgy 13. Forg\u00e1cs L\u00e1szl\u00f3n\u00e9 14. Forrai \u00c9va 15. G\u00e1l Mikl\u00f3s 16. Galli P\u00e1ln\u00e9 17. Gazdag [&hellip;]<\/p>\n","protected":false},"author":4,"featured_media":0,"parent":0,"menu_order":0,"comment_status":"closed","ping_status":"closed","template":"","meta":{"footnotes":""},"class_list":["post-34834","page","type-page","status-publish","hentry"],"_links":{"self":[{"href":"\/index.php\/wp-json\/wp\/v2\/pages\/34834","targetHints":{"allow":["GET"]}}],"collection":[{"href":"\/index.php\/wp-json\/wp\/v2\/pages"}],"about":[{"href":"\/index.php\/wp-json\/wp\/v2\/types\/page"}],"author":[{"embeddable":true,"href":"\/index.php\/wp-json\/wp\/v2\/users\/4"}],"replies":[{"embeddable":true,"href":"\/index.php\/wp-json\/wp\/v2\/comments?post=34834"}],"version-history":[{"count":4,"href":"\/index.php\/wp-json\/wp\/v2\/pages\/34834\/revisions"}],"predecessor-version":[{"id":34839,"href":"\/index.php\/wp-json\/wp\/v2\/pages\/34834\/revisions\/34839"}],"wp:attachment":[{"href":"\/index.php\/wp-json\/wp\/v2\/media?parent=34834"}],"curies":[{"name":"wp","href":"https:\/\/api.w.org\/{rel}","templated":true}]}}