{"id":34803,"date":"2024-01-29T08:35:25","date_gmt":"2024-01-29T07:35:25","guid":{"rendered":"\/?page_id=34803"},"modified":"2024-01-29T08:37:50","modified_gmt":"2024-01-29T07:37:50","slug":"1962-szakmai-vizsgat-tett","status":"publish","type":"page","link":"\/index.php\/1962-szakmai-vizsgat-tett\/","title":{"rendered":"1962 Szakmai vizsg\u00e1t tett"},"content":{"rendered":"\t\t<div data-elementor-type=\"wp-page\" data-elementor-id=\"34803\" class=\"elementor elementor-34803\" data-elementor-post-type=\"page\">\n\t\t\t\t\t\t<section class=\"elementor-section elementor-top-section elementor-element elementor-element-e1352ce elementor-section-boxed elementor-section-height-default elementor-section-height-default\" data-id=\"e1352ce\" data-element_type=\"section\" data-e-type=\"section\">\n\t\t\t\t\t\t<div class=\"elementor-container elementor-column-gap-default\">\n\t\t\t\t\t<div class=\"elementor-column elementor-col-100 elementor-top-column elementor-element elementor-element-276d615\" data-id=\"276d615\" data-element_type=\"column\" data-e-type=\"column\">\n\t\t\t<div class=\"elementor-widget-wrap elementor-element-populated\">\n\t\t\t\t\t\t<div class=\"elementor-element elementor-element-c5973c0 elementor-widget elementor-widget-spacer\" data-id=\"c5973c0\" data-element_type=\"widget\" data-e-type=\"widget\" data-widget_type=\"spacer.default\">\n\t\t\t\t<div class=\"elementor-widget-container\">\n\t\t\t\t\t\t\t<div class=\"elementor-spacer\">\n\t\t\t<div class=\"elementor-spacer-inner\"><\/div>\n\t\t<\/div>\n\t\t\t\t\t\t<\/div>\n\t\t\t\t<\/div>\n\t\t\t\t\t<\/div>\n\t\t<\/div>\n\t\t\t\t\t<\/div>\n\t\t<\/section>\n\t\t\t\t<section class=\"elementor-section elementor-top-section elementor-element elementor-element-fced2e3 elementor-section-boxed elementor-section-height-default elementor-section-height-default\" data-id=\"fced2e3\" data-element_type=\"section\" data-e-type=\"section\">\n\t\t\t\t\t\t<div class=\"elementor-container elementor-column-gap-default\">\n\t\t\t\t\t<div class=\"elementor-column elementor-col-100 elementor-top-column elementor-element elementor-element-ec5a95a\" data-id=\"ec5a95a\" data-element_type=\"column\" data-e-type=\"column\">\n\t\t\t<div class=\"elementor-widget-wrap elementor-element-populated\">\n\t\t\t\t\t\t<div class=\"elementor-element elementor-element-6e67dcf elementor-widget elementor-widget-heading\" data-id=\"6e67dcf\" data-element_type=\"widget\" data-e-type=\"widget\" data-widget_type=\"heading.default\">\n\t\t\t\t<div class=\"elementor-widget-container\">\n\t\t\t\t\t<h2 class=\"elementor-heading-title elementor-size-default\"><b>1961\/1962<\/b><\/h2>\t\t\t\t<\/div>\n\t\t\t\t<\/div>\n\t\t\t\t\t<\/div>\n\t\t<\/div>\n\t\t\t\t\t<\/div>\n\t\t<\/section>\n\t\t\t\t<section class=\"elementor-section elementor-top-section elementor-element elementor-element-02e33b2 elementor-section-boxed elementor-section-height-default elementor-section-height-default\" data-id=\"02e33b2\" data-element_type=\"section\" data-e-type=\"section\">\n\t\t\t\t\t\t<div class=\"elementor-container elementor-column-gap-default\">\n\t\t\t\t\t<div class=\"elementor-column elementor-col-100 elementor-top-column elementor-element elementor-element-3c9e3ea\" data-id=\"3c9e3ea\" data-element_type=\"column\" data-e-type=\"column\">\n\t\t\t<div class=\"elementor-widget-wrap elementor-element-populated\">\n\t\t\t\t\t\t<div class=\"elementor-element elementor-element-9713355 elementor-widget elementor-widget-spacer\" data-id=\"9713355\" data-element_type=\"widget\" data-e-type=\"widget\" data-widget_type=\"spacer.default\">\n\t\t\t\t<div class=\"elementor-widget-container\">\n\t\t\t\t\t\t\t<div class=\"elementor-spacer\">\n\t\t\t<div class=\"elementor-spacer-inner\"><\/div>\n\t\t<\/div>\n\t\t\t\t\t\t<\/div>\n\t\t\t\t<\/div>\n\t\t\t\t\t<\/div>\n\t\t<\/div>\n\t\t\t\t\t<\/div>\n\t\t<\/section>\n\t\t\t\t<section class=\"elementor-section elementor-top-section elementor-element elementor-element-a9cdbc0 elementor-section-boxed elementor-section-height-default elementor-section-height-default\" data-id=\"a9cdbc0\" data-element_type=\"section\" data-e-type=\"section\">\n\t\t\t\t\t\t<div class=\"elementor-container elementor-column-gap-default\">\n\t\t\t\t\t<div class=\"elementor-column elementor-col-100 elementor-top-column elementor-element elementor-element-6135a8b\" data-id=\"6135a8b\" data-element_type=\"column\" data-e-type=\"column\">\n\t\t\t<div class=\"elementor-widget-wrap elementor-element-populated\">\n\t\t\t\t\t\t<div class=\"elementor-element elementor-element-a0a18ca elementor-widget elementor-widget-heading\" data-id=\"a0a18ca\" data-element_type=\"widget\" data-e-type=\"widget\" data-widget_type=\"heading.default\">\n\t\t\t\t<div class=\"elementor-widget-container\">\n\t\t\t\t\t<h2 class=\"elementor-heading-title elementor-size-default\"><b>Szakmai vizsg\u00e1t tett<\/b><\/h2>\t\t\t\t<\/div>\n\t\t\t\t<\/div>\n\t\t\t\t\t<\/div>\n\t\t<\/div>\n\t\t\t\t\t<\/div>\n\t\t<\/section>\n\t\t\t\t<section class=\"elementor-section elementor-top-section elementor-element elementor-element-a0ba5bc elementor-section-boxed elementor-section-height-default elementor-section-height-default\" data-id=\"a0ba5bc\" data-element_type=\"section\" data-e-type=\"section\">\n\t\t\t\t\t\t<div class=\"elementor-container elementor-column-gap-default\">\n\t\t\t\t\t<div class=\"elementor-column elementor-col-100 elementor-top-column elementor-element elementor-element-c628663\" data-id=\"c628663\" data-element_type=\"column\" data-e-type=\"column\">\n\t\t\t<div class=\"elementor-widget-wrap elementor-element-populated\">\n\t\t\t\t\t\t<div class=\"elementor-element elementor-element-422dfe4 elementor-widget elementor-widget-spacer\" data-id=\"422dfe4\" data-element_type=\"widget\" data-e-type=\"widget\" data-widget_type=\"spacer.default\">\n\t\t\t\t<div class=\"elementor-widget-container\">\n\t\t\t\t\t\t\t<div class=\"elementor-spacer\">\n\t\t\t<div class=\"elementor-spacer-inner\"><\/div>\n\t\t<\/div>\n\t\t\t\t\t\t<\/div>\n\t\t\t\t<\/div>\n\t\t\t\t\t<\/div>\n\t\t<\/div>\n\t\t\t\t\t<\/div>\n\t\t<\/section>\n\t\t\t\t<section class=\"elementor-section elementor-top-section elementor-element elementor-element-0895be7 elementor-section-boxed elementor-section-height-default elementor-section-height-default\" data-id=\"0895be7\" data-element_type=\"section\" data-e-type=\"section\">\n\t\t\t\t\t\t<div class=\"elementor-container elementor-column-gap-default\">\n\t\t\t\t\t<div class=\"elementor-column elementor-col-100 elementor-top-column elementor-element elementor-element-408495d\" data-id=\"408495d\" data-element_type=\"column\" data-e-type=\"column\">\n\t\t\t<div class=\"elementor-widget-wrap elementor-element-populated\">\n\t\t\t\t\t\t<div class=\"elementor-element elementor-element-7c0bc46 elementor-widget elementor-widget-heading\" data-id=\"7c0bc46\" data-element_type=\"widget\" data-e-type=\"widget\" data-widget_type=\"heading.default\">\n\t\t\t\t<div class=\"elementor-widget-container\">\n\t\t\t\t\t<h5 class=\"elementor-heading-title elementor-size-default\">1.\tHanyecz J\u00e1nos\tcukr\u00e1sz<p>\n<\/p>2.\tH\u00e9jjas \u00c9va\t\tf\u0171szer \u00e9s csemege elad\u00f3\n<\/p>3.\tJantos Istv\u00e1n\t\tr\u00e1di\u00f3,- villamoss\u00e1gi-m\u0171szaki cikk elad\u00f3\n<\/p>4.\tKasnyik P\u00e1ln\u00e9\t\tillatszer elad\u00f3\n<\/p>5.\tKnyih\u00e1r P\u00e1l\t\t\u00fcveg-\u00e9s porcel\u00e1n-\u00e1r\u00fa-elad\u00f3\n<\/p>6.\tLipt\u00e1k Erzs\u00e9bet\tr\u00e1di\u00f3,- villamoss\u00e1gi-m\u0171szaki cikk elad\u00f3\n<\/p>7.\tN\u00e1fr\u00e1di Ferencn\u00e9\tf\u0171szer \u00e9s csemege elad\u00f3\n<\/p>8.\tPick G\u00e1bor\t\tr\u00e1di\u00f3,- villamoss\u00e1gi-m\u0171szaki cikk elad\u00f3\n<\/p>9.\tSalamon J\u00e1nos\th\u00e1ztart\u00e1s,-vegyi \u00e9s illatszer elad\u00f3\n<\/p>10.\tSimcsik Margit\tf\u0171szer \u00e9s csemege elad\u00f3\n<\/p>11.\tVajda Imre\t\th\u00e1ztart\u00e1s,-vegyi \u00e9s illatszer elad\u00f3<\/h5>\t\t\t\t<\/div>\n\t\t\t\t<\/div>\n\t\t\t\t\t<\/div>\n\t\t<\/div>\n\t\t\t\t\t<\/div>\n\t\t<\/section>\n\t\t\t\t<\/div>\n\t\t","protected":false},"excerpt":{"rendered":"<p>1961\/1962 Szakmai vizsg\u00e1t tett 1. Hanyecz J\u00e1nos cukr\u00e1sz 2. H\u00e9jjas \u00c9va f\u0171szer \u00e9s csemege elad\u00f3 3. Jantos Istv\u00e1n r\u00e1di\u00f3,- villamoss\u00e1gi-m\u0171szaki cikk elad\u00f3 4. Kasnyik P\u00e1ln\u00e9 illatszer elad\u00f3 5. Knyih\u00e1r P\u00e1l \u00fcveg-\u00e9s porcel\u00e1n-\u00e1r\u00fa-elad\u00f3 6. Lipt\u00e1k Erzs\u00e9bet r\u00e1di\u00f3,- villamoss\u00e1gi-m\u0171szaki cikk elad\u00f3 7. N\u00e1fr\u00e1di Ferencn\u00e9 f\u0171szer \u00e9s csemege elad\u00f3 8. Pick G\u00e1bor r\u00e1di\u00f3,- villamoss\u00e1gi-m\u0171szaki cikk elad\u00f3 9. Salamon [&hellip;]<\/p>\n","protected":false},"author":4,"featured_media":0,"parent":0,"menu_order":0,"comment_status":"closed","ping_status":"closed","template":"","meta":{"footnotes":""},"class_list":["post-34803","page","type-page","status-publish","hentry"],"_links":{"self":[{"href":"\/index.php\/wp-json\/wp\/v2\/pages\/34803","targetHints":{"allow":["GET"]}}],"collection":[{"href":"\/index.php\/wp-json\/wp\/v2\/pages"}],"about":[{"href":"\/index.php\/wp-json\/wp\/v2\/types\/page"}],"author":[{"embeddable":true,"href":"\/index.php\/wp-json\/wp\/v2\/users\/4"}],"replies":[{"embeddable":true,"href":"\/index.php\/wp-json\/wp\/v2\/comments?post=34803"}],"version-history":[{"count":4,"href":"\/index.php\/wp-json\/wp\/v2\/pages\/34803\/revisions"}],"predecessor-version":[{"id":34808,"href":"\/index.php\/wp-json\/wp\/v2\/pages\/34803\/revisions\/34808"}],"wp:attachment":[{"href":"\/index.php\/wp-json\/wp\/v2\/media?parent=34803"}],"curies":[{"name":"wp","href":"https:\/\/api.w.org\/{rel}","templated":true}]}}