{"id":34613,"date":"2024-01-24T12:01:21","date_gmt":"2024-01-24T11:01:21","guid":{"rendered":"\/?page_id=34613"},"modified":"2024-01-26T10:48:41","modified_gmt":"2024-01-26T09:48:41","slug":"1963-szakmai-vizsgat-tett","status":"publish","type":"page","link":"\/index.php\/1963-szakmai-vizsgat-tett\/","title":{"rendered":"1963 Szakmai vizsg\u00e1t tett"},"content":{"rendered":"\t\t<div data-elementor-type=\"wp-page\" data-elementor-id=\"34613\" class=\"elementor elementor-34613\" data-elementor-post-type=\"page\">\n\t\t\t\t\t\t<section class=\"elementor-section elementor-top-section elementor-element elementor-element-077fe6b elementor-section-boxed elementor-section-height-default elementor-section-height-default\" data-id=\"077fe6b\" data-element_type=\"section\" data-e-type=\"section\">\n\t\t\t\t\t\t<div class=\"elementor-container elementor-column-gap-default\">\n\t\t\t\t\t<div class=\"elementor-column elementor-col-100 elementor-top-column elementor-element elementor-element-d8d21f7\" data-id=\"d8d21f7\" data-element_type=\"column\" data-e-type=\"column\">\n\t\t\t<div class=\"elementor-widget-wrap elementor-element-populated\">\n\t\t\t\t\t\t<div class=\"elementor-element elementor-element-e927226 elementor-widget elementor-widget-spacer\" data-id=\"e927226\" data-element_type=\"widget\" data-e-type=\"widget\" data-widget_type=\"spacer.default\">\n\t\t\t\t<div class=\"elementor-widget-container\">\n\t\t\t\t\t\t\t<div class=\"elementor-spacer\">\n\t\t\t<div class=\"elementor-spacer-inner\"><\/div>\n\t\t<\/div>\n\t\t\t\t\t\t<\/div>\n\t\t\t\t<\/div>\n\t\t\t\t\t<\/div>\n\t\t<\/div>\n\t\t\t\t\t<\/div>\n\t\t<\/section>\n\t\t\t\t<section class=\"elementor-section elementor-top-section elementor-element elementor-element-2899ae3 elementor-section-boxed elementor-section-height-default elementor-section-height-default\" data-id=\"2899ae3\" data-element_type=\"section\" data-e-type=\"section\">\n\t\t\t\t\t\t<div class=\"elementor-container elementor-column-gap-default\">\n\t\t\t\t\t<div class=\"elementor-column elementor-col-100 elementor-top-column elementor-element elementor-element-e45bc44\" data-id=\"e45bc44\" data-element_type=\"column\" data-e-type=\"column\">\n\t\t\t<div class=\"elementor-widget-wrap elementor-element-populated\">\n\t\t\t\t\t\t<div class=\"elementor-element elementor-element-9940e6a elementor-widget elementor-widget-heading\" data-id=\"9940e6a\" data-element_type=\"widget\" data-e-type=\"widget\" data-widget_type=\"heading.default\">\n\t\t\t\t<div class=\"elementor-widget-container\">\n\t\t\t\t\t<h2 class=\"elementor-heading-title elementor-size-default\"><b>1962\/1963<\/b><\/h2>\t\t\t\t<\/div>\n\t\t\t\t<\/div>\n\t\t\t\t\t<\/div>\n\t\t<\/div>\n\t\t\t\t\t<\/div>\n\t\t<\/section>\n\t\t\t\t<section class=\"elementor-section elementor-top-section elementor-element elementor-element-b8e9ee1 elementor-section-boxed elementor-section-height-default elementor-section-height-default\" data-id=\"b8e9ee1\" data-element_type=\"section\" data-e-type=\"section\">\n\t\t\t\t\t\t<div class=\"elementor-container elementor-column-gap-default\">\n\t\t\t\t\t<div class=\"elementor-column elementor-col-100 elementor-top-column elementor-element elementor-element-e68d618\" data-id=\"e68d618\" data-element_type=\"column\" data-e-type=\"column\">\n\t\t\t<div class=\"elementor-widget-wrap elementor-element-populated\">\n\t\t\t\t\t\t<div class=\"elementor-element elementor-element-cd665f2 elementor-widget elementor-widget-spacer\" data-id=\"cd665f2\" data-element_type=\"widget\" data-e-type=\"widget\" data-widget_type=\"spacer.default\">\n\t\t\t\t<div class=\"elementor-widget-container\">\n\t\t\t\t\t\t\t<div class=\"elementor-spacer\">\n\t\t\t<div class=\"elementor-spacer-inner\"><\/div>\n\t\t<\/div>\n\t\t\t\t\t\t<\/div>\n\t\t\t\t<\/div>\n\t\t\t\t\t<\/div>\n\t\t<\/div>\n\t\t\t\t\t<\/div>\n\t\t<\/section>\n\t\t\t\t<section class=\"elementor-section elementor-top-section elementor-element elementor-element-81403d5 elementor-section-boxed elementor-section-height-default elementor-section-height-default\" data-id=\"81403d5\" data-element_type=\"section\" data-e-type=\"section\">\n\t\t\t\t\t\t<div class=\"elementor-container elementor-column-gap-default\">\n\t\t\t\t\t<div class=\"elementor-column elementor-col-100 elementor-top-column elementor-element elementor-element-79d4fa6\" data-id=\"79d4fa6\" data-element_type=\"column\" data-e-type=\"column\">\n\t\t\t<div class=\"elementor-widget-wrap elementor-element-populated\">\n\t\t\t\t\t\t<div class=\"elementor-element elementor-element-9f07a4a elementor-widget elementor-widget-heading\" data-id=\"9f07a4a\" data-element_type=\"widget\" data-e-type=\"widget\" data-widget_type=\"heading.default\">\n\t\t\t\t<div class=\"elementor-widget-container\">\n\t\t\t\t\t<h2 class=\"elementor-heading-title elementor-size-default\"><b>Szakmai vizsg\u00e1t tett<\/b><\/h2>\t\t\t\t<\/div>\n\t\t\t\t<\/div>\n\t\t\t\t\t<\/div>\n\t\t<\/div>\n\t\t\t\t\t<\/div>\n\t\t<\/section>\n\t\t\t\t<section class=\"elementor-section elementor-top-section elementor-element elementor-element-5759f4f elementor-section-boxed elementor-section-height-default elementor-section-height-default\" data-id=\"5759f4f\" data-element_type=\"section\" data-e-type=\"section\">\n\t\t\t\t\t\t<div class=\"elementor-container elementor-column-gap-default\">\n\t\t\t\t\t<div class=\"elementor-column elementor-col-100 elementor-top-column elementor-element elementor-element-b2faeef\" data-id=\"b2faeef\" data-element_type=\"column\" data-e-type=\"column\">\n\t\t\t<div class=\"elementor-widget-wrap elementor-element-populated\">\n\t\t\t\t\t\t<div class=\"elementor-element elementor-element-942dc0e elementor-widget elementor-widget-spacer\" data-id=\"942dc0e\" data-element_type=\"widget\" data-e-type=\"widget\" data-widget_type=\"spacer.default\">\n\t\t\t\t<div class=\"elementor-widget-container\">\n\t\t\t\t\t\t\t<div class=\"elementor-spacer\">\n\t\t\t<div class=\"elementor-spacer-inner\"><\/div>\n\t\t<\/div>\n\t\t\t\t\t\t<\/div>\n\t\t\t\t<\/div>\n\t\t\t\t\t<\/div>\n\t\t<\/div>\n\t\t\t\t\t<\/div>\n\t\t<\/section>\n\t\t\t\t<section class=\"elementor-section elementor-top-section elementor-element elementor-element-d80a21f elementor-section-boxed elementor-section-height-default elementor-section-height-default\" data-id=\"d80a21f\" data-element_type=\"section\" data-e-type=\"section\">\n\t\t\t\t\t\t<div class=\"elementor-container elementor-column-gap-default\">\n\t\t\t\t\t<div class=\"elementor-column elementor-col-100 elementor-top-column elementor-element elementor-element-f9c9b96\" data-id=\"f9c9b96\" data-element_type=\"column\" data-e-type=\"column\">\n\t\t\t<div class=\"elementor-widget-wrap elementor-element-populated\">\n\t\t\t\t\t\t<div class=\"elementor-element elementor-element-d3770fe elementor-widget elementor-widget-spacer\" data-id=\"d3770fe\" data-element_type=\"widget\" data-e-type=\"widget\" data-widget_type=\"spacer.default\">\n\t\t\t\t<div class=\"elementor-widget-container\">\n\t\t\t\t\t\t\t<div class=\"elementor-spacer\">\n\t\t\t<div class=\"elementor-spacer-inner\"><\/div>\n\t\t<\/div>\n\t\t\t\t\t\t<\/div>\n\t\t\t\t<\/div>\n\t\t\t\t\t<\/div>\n\t\t<\/div>\n\t\t\t\t\t<\/div>\n\t\t<\/section>\n\t\t\t\t<section class=\"elementor-section elementor-top-section elementor-element elementor-element-7f5d02a elementor-section-boxed elementor-section-height-default elementor-section-height-default\" data-id=\"7f5d02a\" data-element_type=\"section\" data-e-type=\"section\">\n\t\t\t\t\t\t<div class=\"elementor-container elementor-column-gap-default\">\n\t\t\t\t\t<div class=\"elementor-column elementor-col-100 elementor-top-column elementor-element elementor-element-df0a0ce\" data-id=\"df0a0ce\" data-element_type=\"column\" data-e-type=\"column\">\n\t\t\t<div class=\"elementor-widget-wrap elementor-element-populated\">\n\t\t\t\t\t\t<div class=\"elementor-element elementor-element-0dfbfd5 elementor-widget elementor-widget-heading\" data-id=\"0dfbfd5\" data-element_type=\"widget\" data-e-type=\"widget\" data-widget_type=\"heading.default\">\n\t\t\t\t<div class=\"elementor-widget-container\">\n\t\t\t\t\t<h4 class=\"elementor-heading-title elementor-size-default\">1.\tAnd\u00f3 J\u00e1nos \u00fcveg \u00e9s porcel\u00e1n-\u00e1r\u00fa elad\u00f3<p>\n<\/p>2.\tBeraczka Ilona f\u0171szer-\u00e9s csemege elad\u00f3\n<\/p>3.\tB\u00f3csik P\u00e1ln\u00e9 r\u00e1di\u00f3,- villamoss\u00e1gi-m\u0171szaki cikk elad\u00f3\n<\/p>4.\tBohus Andr\u00e1sn\u00e9\tf\u0171szer-\u00e9s csemege elad\u00f3\n<\/p>5.\tCsasztvan Istv\u00e1nn\u00e9 \u00fcveg \u00e9s porcel\u00e1n-\u00e1r\u00fa elad\u00f3\n<\/p>6.\tCs\u00f3v\u00e1s L\u00e1szl\u00f3n\u00e9\tvas-ed\u00e9ny elad\u00f3\n<\/p>7.\tGyeraj Gy\u00f6rgyn\u00e9\tvas-ed\u00e9ny elad\u00f3\n<\/p>8.\tKov\u00e1cs Gyula\tr\u00e1di\u00f3,- villamoss\u00e1gi-m\u0171szaki cikk elad\u00f3\n<\/p>9.\tK\u0151szegi Mih\u00e1ly\th\u00e1ztart\u00e1si vegyi \u00e9s illatszer-elad\u00f3\n<\/p>10.\tMelega Erzs\u00e9bet\tf\u0171szer-\u00e9s csemege elad\u00f3\n<\/p>11.\tRenner L\u00e1szl\u00f3n\u00e9\tvas-ed\u00e9ny elad\u00f3\n<\/p>12.\tSzeles Adorj\u00e1n \t\u00fcveg \u00e9s porcel\u00e1n-\u00e1r\u00fa elad\u00f3<\/h4>\t\t\t\t<\/div>\n\t\t\t\t<\/div>\n\t\t\t\t\t<\/div>\n\t\t<\/div>\n\t\t\t\t\t<\/div>\n\t\t<\/section>\n\t\t\t\t<\/div>\n\t\t","protected":false},"excerpt":{"rendered":"<p>1962\/1963 Szakmai vizsg\u00e1t tett 1. And\u00f3 J\u00e1nos \u00fcveg \u00e9s porcel\u00e1n-\u00e1r\u00fa elad\u00f3 2. Beraczka Ilona f\u0171szer-\u00e9s csemege elad\u00f3 3. B\u00f3csik P\u00e1ln\u00e9 r\u00e1di\u00f3,- villamoss\u00e1gi-m\u0171szaki cikk elad\u00f3 4. Bohus Andr\u00e1sn\u00e9 f\u0171szer-\u00e9s csemege elad\u00f3 5. Csasztvan Istv\u00e1nn\u00e9 \u00fcveg \u00e9s porcel\u00e1n-\u00e1r\u00fa elad\u00f3 6. Cs\u00f3v\u00e1s L\u00e1szl\u00f3n\u00e9 vas-ed\u00e9ny elad\u00f3 7. Gyeraj Gy\u00f6rgyn\u00e9 vas-ed\u00e9ny elad\u00f3 8. Kov\u00e1cs Gyula r\u00e1di\u00f3,- villamoss\u00e1gi-m\u0171szaki cikk elad\u00f3 9. [&hellip;]<\/p>\n","protected":false},"author":4,"featured_media":0,"parent":0,"menu_order":0,"comment_status":"closed","ping_status":"closed","template":"","meta":{"footnotes":""},"class_list":["post-34613","page","type-page","status-publish","hentry"],"_links":{"self":[{"href":"\/index.php\/wp-json\/wp\/v2\/pages\/34613","targetHints":{"allow":["GET"]}}],"collection":[{"href":"\/index.php\/wp-json\/wp\/v2\/pages"}],"about":[{"href":"\/index.php\/wp-json\/wp\/v2\/types\/page"}],"author":[{"embeddable":true,"href":"\/index.php\/wp-json\/wp\/v2\/users\/4"}],"replies":[{"embeddable":true,"href":"\/index.php\/wp-json\/wp\/v2\/comments?post=34613"}],"version-history":[{"count":10,"href":"\/index.php\/wp-json\/wp\/v2\/pages\/34613\/revisions"}],"predecessor-version":[{"id":34700,"href":"\/index.php\/wp-json\/wp\/v2\/pages\/34613\/revisions\/34700"}],"wp:attachment":[{"href":"\/index.php\/wp-json\/wp\/v2\/media?parent=34613"}],"curies":[{"name":"wp","href":"https:\/\/api.w.org\/{rel}","templated":true}]}}