{"id":34571,"date":"2024-01-24T10:06:42","date_gmt":"2024-01-24T09:06:42","guid":{"rendered":"\/?page_id=34571"},"modified":"2024-01-26T10:41:32","modified_gmt":"2024-01-26T09:41:32","slug":"1963-szakacs","status":"publish","type":"page","link":"\/index.php\/1963-szakacs\/","title":{"rendered":"1963 Szak\u00e1cs"},"content":{"rendered":"\t\t<div data-elementor-type=\"wp-page\" data-elementor-id=\"34571\" class=\"elementor elementor-34571\" data-elementor-post-type=\"page\">\n\t\t\t\t\t\t<section class=\"elementor-section elementor-top-section elementor-element elementor-element-9136327 elementor-section-boxed elementor-section-height-default elementor-section-height-default\" data-id=\"9136327\" data-element_type=\"section\" data-e-type=\"section\">\n\t\t\t\t\t\t<div class=\"elementor-container elementor-column-gap-default\">\n\t\t\t\t\t<div class=\"elementor-column elementor-col-100 elementor-top-column elementor-element elementor-element-143aeb5\" data-id=\"143aeb5\" data-element_type=\"column\" data-e-type=\"column\">\n\t\t\t<div class=\"elementor-widget-wrap elementor-element-populated\">\n\t\t\t\t\t\t<div class=\"elementor-element elementor-element-66a9fdc elementor-widget elementor-widget-spacer\" data-id=\"66a9fdc\" data-element_type=\"widget\" data-e-type=\"widget\" data-widget_type=\"spacer.default\">\n\t\t\t\t<div class=\"elementor-widget-container\">\n\t\t\t\t\t\t\t<div class=\"elementor-spacer\">\n\t\t\t<div class=\"elementor-spacer-inner\"><\/div>\n\t\t<\/div>\n\t\t\t\t\t\t<\/div>\n\t\t\t\t<\/div>\n\t\t\t\t\t<\/div>\n\t\t<\/div>\n\t\t\t\t\t<\/div>\n\t\t<\/section>\n\t\t\t\t<section class=\"elementor-section elementor-top-section elementor-element elementor-element-2f5d08b elementor-section-boxed elementor-section-height-default elementor-section-height-default\" data-id=\"2f5d08b\" data-element_type=\"section\" data-e-type=\"section\">\n\t\t\t\t\t\t<div class=\"elementor-container elementor-column-gap-default\">\n\t\t\t\t\t<div class=\"elementor-column elementor-col-100 elementor-top-column elementor-element elementor-element-2569d2d\" data-id=\"2569d2d\" data-element_type=\"column\" data-e-type=\"column\">\n\t\t\t<div class=\"elementor-widget-wrap elementor-element-populated\">\n\t\t\t\t\t\t<div class=\"elementor-element elementor-element-e4940af elementor-widget elementor-widget-heading\" data-id=\"e4940af\" data-element_type=\"widget\" data-e-type=\"widget\" data-widget_type=\"heading.default\">\n\t\t\t\t<div class=\"elementor-widget-container\">\n\t\t\t\t\t<h2 class=\"elementor-heading-title elementor-size-default\"><b>1962\/1963<\/b><\/h2>\t\t\t\t<\/div>\n\t\t\t\t<\/div>\n\t\t\t\t\t<\/div>\n\t\t<\/div>\n\t\t\t\t\t<\/div>\n\t\t<\/section>\n\t\t\t\t<section class=\"elementor-section elementor-top-section elementor-element elementor-element-387dd0c elementor-section-boxed elementor-section-height-default elementor-section-height-default\" data-id=\"387dd0c\" data-element_type=\"section\" data-e-type=\"section\">\n\t\t\t\t\t\t<div class=\"elementor-container elementor-column-gap-default\">\n\t\t\t\t\t<div class=\"elementor-column elementor-col-100 elementor-top-column elementor-element elementor-element-95fcfc9\" data-id=\"95fcfc9\" data-element_type=\"column\" data-e-type=\"column\">\n\t\t\t<div class=\"elementor-widget-wrap elementor-element-populated\">\n\t\t\t\t\t\t<div class=\"elementor-element elementor-element-03056b5 elementor-widget elementor-widget-spacer\" data-id=\"03056b5\" data-element_type=\"widget\" data-e-type=\"widget\" data-widget_type=\"spacer.default\">\n\t\t\t\t<div class=\"elementor-widget-container\">\n\t\t\t\t\t\t\t<div class=\"elementor-spacer\">\n\t\t\t<div class=\"elementor-spacer-inner\"><\/div>\n\t\t<\/div>\n\t\t\t\t\t\t<\/div>\n\t\t\t\t<\/div>\n\t\t\t\t\t<\/div>\n\t\t<\/div>\n\t\t\t\t\t<\/div>\n\t\t<\/section>\n\t\t\t\t<section class=\"elementor-section elementor-top-section elementor-element elementor-element-8727442 elementor-section-boxed elementor-section-height-default elementor-section-height-default\" data-id=\"8727442\" data-element_type=\"section\" data-e-type=\"section\">\n\t\t\t\t\t\t<div class=\"elementor-container elementor-column-gap-default\">\n\t\t\t\t\t<div class=\"elementor-column elementor-col-100 elementor-top-column elementor-element elementor-element-15751f2\" data-id=\"15751f2\" data-element_type=\"column\" data-e-type=\"column\">\n\t\t\t<div class=\"elementor-widget-wrap elementor-element-populated\">\n\t\t\t\t\t\t<div class=\"elementor-element elementor-element-c7e0e2e elementor-widget elementor-widget-heading\" data-id=\"c7e0e2e\" data-element_type=\"widget\" data-e-type=\"widget\" data-widget_type=\"heading.default\">\n\t\t\t\t<div class=\"elementor-widget-container\">\n\t\t\t\t\t<h2 class=\"elementor-heading-title elementor-size-default\"><b>Szakma: szak\u00e1cs<\/b><\/h2>\t\t\t\t<\/div>\n\t\t\t\t<\/div>\n\t\t\t\t\t<\/div>\n\t\t<\/div>\n\t\t\t\t\t<\/div>\n\t\t<\/section>\n\t\t\t\t<section class=\"elementor-section elementor-top-section elementor-element elementor-element-4f73b85 elementor-section-boxed elementor-section-height-default elementor-section-height-default\" data-id=\"4f73b85\" data-element_type=\"section\" data-e-type=\"section\">\n\t\t\t\t\t\t<div class=\"elementor-container elementor-column-gap-default\">\n\t\t\t\t\t<div class=\"elementor-column elementor-col-100 elementor-top-column elementor-element elementor-element-a1325c5\" data-id=\"a1325c5\" data-element_type=\"column\" data-e-type=\"column\">\n\t\t\t<div class=\"elementor-widget-wrap elementor-element-populated\">\n\t\t\t\t\t\t<div class=\"elementor-element elementor-element-243f619 elementor-widget elementor-widget-spacer\" data-id=\"243f619\" data-element_type=\"widget\" data-e-type=\"widget\" data-widget_type=\"spacer.default\">\n\t\t\t\t<div class=\"elementor-widget-container\">\n\t\t\t\t\t\t\t<div class=\"elementor-spacer\">\n\t\t\t<div class=\"elementor-spacer-inner\"><\/div>\n\t\t<\/div>\n\t\t\t\t\t\t<\/div>\n\t\t\t\t<\/div>\n\t\t\t\t\t<\/div>\n\t\t<\/div>\n\t\t\t\t\t<\/div>\n\t\t<\/section>\n\t\t\t\t<section class=\"elementor-section elementor-top-section elementor-element elementor-element-2827315 elementor-section-boxed elementor-section-height-default elementor-section-height-default\" data-id=\"2827315\" data-element_type=\"section\" data-e-type=\"section\">\n\t\t\t\t\t\t<div class=\"elementor-container elementor-column-gap-default\">\n\t\t\t\t\t<div class=\"elementor-column elementor-col-100 elementor-top-column elementor-element elementor-element-2aa0fe4\" data-id=\"2aa0fe4\" data-element_type=\"column\" data-e-type=\"column\">\n\t\t\t<div class=\"elementor-widget-wrap elementor-element-populated\">\n\t\t\t\t\t\t<div class=\"elementor-element elementor-element-4feea09 elementor-widget elementor-widget-heading\" data-id=\"4feea09\" data-element_type=\"widget\" data-e-type=\"widget\" data-widget_type=\"heading.default\">\n\t\t\t\t<div class=\"elementor-widget-container\">\n\t\t\t\t\t<h2 class=\"elementor-heading-title elementor-size-default\">1.\tAndr\u00e9k Mih\u00e1lyn\u00e9<p>\n<\/p>2.\tBabovka B\u00e9l\u00e1n\u00e9\n<\/p>3.\tBagi Gy\u00f6rgyn\u00e9\n<\/p>4.\tBal\u00e1zs L\u00e1szl\u00f3n\u00e9\n<\/p>5.\tBende Imre\n<\/p>6.\tBere Gyul\u00e1n\u00e9\n<\/p>7.\tBereczki Eszter\n<\/p>8.\tBerki K\u00e1rolyn\u00e9\n<\/p>9.\tBontovics Imr\u00e9n\u00e9\n<\/p>10.\tB\u00f6jfi Istv\u00e1n\n<\/p>11.\tCzene Istv\u00e1nn\u00e9\n<\/p>12.\tCzombos Istv\u00e1nn\u00e9\n<\/p>13.\tCsiernyik Mih\u00e1lyn\u00e9\n<\/p>14.\tCsik\u00f3s L\u00e1szl\u00f3\n<\/p>15.\tCsizmadia Istv\u00e1nn\u00e9\n<\/p>16.\tDank\u00f3 P\u00e1ln\u00e9\n<\/p>17.\tDuzs Lajosn\u00e9\n<\/p>18.\tErd\u00e9lyi J\u00e1nosn\u00e9\n<\/p>19.\tGy\u00f6ngy\u00f6s Mih\u00e1lyn\u00e9\n<\/p>20.\tHajd\u00fa Lajos\n<\/p>21.\tJankul\u00e1r Lajosn\u00e9\n<\/p>22.\tJeszenszky J\u00f3zsefn\u00e9\n<\/p>23.\tJo\u00f3 Mih\u00e1lyn\u00e9\n<\/p>24.\tKerekes Lajos\n<\/p>25.\tKotrocz\u00f3 Dezs\u0151n\u00e9\n<\/p>26.\tL Szab\u00f3 Mih\u00e1lyn\u00e9\n<\/p>27.\tLuki Zolt\u00e1nn\u00e9\n<\/p>28.\tMezei P\u00e1ln\u00e9\n<\/p>29.\tMily\u00f3 Andr\u00e1sn\u00e9\n<\/p>30.\tMis\u00far Gy\u00f6rgyn\u00e9\n<\/p>31.\tMocs\u00e1ri J\u00f3zsefn\u00e9\n<\/p>32.\tMucsi Gy\u00f6rgyn\u00e9\n<\/p>33.\tOl\u00e1h Istv\u00e1n\n<\/p>34.\t\u00d6. Csat\u00e1ri J\u00e1nosn\u00e9\n<\/p>35.\t\u00f6. Urb\u00e1n Istv\u00e1nn\u00e9\n<\/p>36.\t\u00d6rd\u00f6gh M\u00e1rtonn\u00e9\n<\/p>37.\tP\u00fcski Imr\u00e9n\u00e9\n<\/p>38.\tRaffai Gy\u00f6rgy\n<\/p>39.\tReh\u00e1k J\u00e1nosn\u00e9\n<\/p>40.\tR\u00f3nasz\u00e9ki J\u00f3zsefn\u00e9\n<\/p>41.\tSal\u00e1nki Julianna\n<\/p>42.\tS\u00e1nta Istv\u00e1nn\u00e9\n<\/p>43.\tSink\u00f3 Imr\u00e9n\u00e9\n<\/p>44.\tS\u00edpos Gy\u00f6rgyn\u00e9\n<\/p>45.\tSz\u00e1sz J\u00e1nosn\u00e9\n<\/p>46.\tSzil\u00e1gyi Antaln\u00e9\n<\/p>47.\tTurcs\u00e1n Istv\u00e1nn\u00e9\n<\/p>48.\tTuska P\u00e1ln\u00e9\n<\/p>49.\tVarga Piroaka\n<\/p>50.\tV\u00e1rhegyi Mih\u00e1lyn\u00e9\n<\/p>51.\tVet\u00e9si Imr\u00e9n\u00e9\n<\/p>52.\tVicell\u00e1r J\u00f3zsefn\u00e9\n<\/p>53.\tVidovenyecz Mih\u00e1ly\n<\/p>54.\tZsiga Mih\u00e1ly<\/h2>\t\t\t\t<\/div>\n\t\t\t\t<\/div>\n\t\t\t\t\t<\/div>\n\t\t<\/div>\n\t\t\t\t\t<\/div>\n\t\t<\/section>\n\t\t\t\t<\/div>\n\t\t","protected":false},"excerpt":{"rendered":"<p>1962\/1963 Szakma: szak\u00e1cs 1. Andr\u00e9k Mih\u00e1lyn\u00e9 2. Babovka B\u00e9l\u00e1n\u00e9 3. Bagi Gy\u00f6rgyn\u00e9 4. Bal\u00e1zs L\u00e1szl\u00f3n\u00e9 5. Bende Imre 6. Bere Gyul\u00e1n\u00e9 7. Bereczki Eszter 8. Berki K\u00e1rolyn\u00e9 9. Bontovics Imr\u00e9n\u00e9 10. B\u00f6jfi Istv\u00e1n 11. Czene Istv\u00e1nn\u00e9 12. Czombos Istv\u00e1nn\u00e9 13. Csiernyik Mih\u00e1lyn\u00e9 14. Csik\u00f3s L\u00e1szl\u00f3 15. Csizmadia Istv\u00e1nn\u00e9 16. Dank\u00f3 P\u00e1ln\u00e9 17. Duzs Lajosn\u00e9 18. [&hellip;]<\/p>\n","protected":false},"author":4,"featured_media":0,"parent":0,"menu_order":0,"comment_status":"closed","ping_status":"closed","template":"","meta":{"footnotes":""},"class_list":["post-34571","page","type-page","status-publish","hentry"],"_links":{"self":[{"href":"\/index.php\/wp-json\/wp\/v2\/pages\/34571","targetHints":{"allow":["GET"]}}],"collection":[{"href":"\/index.php\/wp-json\/wp\/v2\/pages"}],"about":[{"href":"\/index.php\/wp-json\/wp\/v2\/types\/page"}],"author":[{"embeddable":true,"href":"\/index.php\/wp-json\/wp\/v2\/users\/4"}],"replies":[{"embeddable":true,"href":"\/index.php\/wp-json\/wp\/v2\/comments?post=34571"}],"version-history":[{"count":7,"href":"\/index.php\/wp-json\/wp\/v2\/pages\/34571\/revisions"}],"predecessor-version":[{"id":34687,"href":"\/index.php\/wp-json\/wp\/v2\/pages\/34571\/revisions\/34687"}],"wp:attachment":[{"href":"\/index.php\/wp-json\/wp\/v2\/media?parent=34571"}],"curies":[{"name":"wp","href":"https:\/\/api.w.org\/{rel}","templated":true}]}}