{"id":34562,"date":"2024-01-24T10:01:25","date_gmt":"2024-01-24T09:01:25","guid":{"rendered":"\/?page_id=34562"},"modified":"2024-01-26T10:39:00","modified_gmt":"2024-01-26T09:39:00","slug":"1963-iii-e","status":"publish","type":"page","link":"\/index.php\/1963-iii-e\/","title":{"rendered":"1963 III.E"},"content":{"rendered":"\t\t<div data-elementor-type=\"wp-page\" data-elementor-id=\"34562\" class=\"elementor elementor-34562\" data-elementor-post-type=\"page\">\n\t\t\t\t\t\t<section class=\"elementor-section elementor-top-section elementor-element elementor-element-02eb8f0 elementor-section-boxed elementor-section-height-default elementor-section-height-default\" data-id=\"02eb8f0\" data-element_type=\"section\" data-e-type=\"section\">\n\t\t\t\t\t\t<div class=\"elementor-container elementor-column-gap-default\">\n\t\t\t\t\t<div class=\"elementor-column elementor-col-100 elementor-top-column elementor-element elementor-element-09424ff\" data-id=\"09424ff\" data-element_type=\"column\" data-e-type=\"column\">\n\t\t\t<div class=\"elementor-widget-wrap elementor-element-populated\">\n\t\t\t\t\t\t<div class=\"elementor-element elementor-element-6eaca2c elementor-widget elementor-widget-spacer\" data-id=\"6eaca2c\" data-element_type=\"widget\" data-e-type=\"widget\" data-widget_type=\"spacer.default\">\n\t\t\t\t<div class=\"elementor-widget-container\">\n\t\t\t\t\t\t\t<div class=\"elementor-spacer\">\n\t\t\t<div class=\"elementor-spacer-inner\"><\/div>\n\t\t<\/div>\n\t\t\t\t\t\t<\/div>\n\t\t\t\t<\/div>\n\t\t\t\t<div class=\"elementor-element elementor-element-6815f11 elementor-widget elementor-widget-heading\" data-id=\"6815f11\" data-element_type=\"widget\" data-e-type=\"widget\" data-widget_type=\"heading.default\">\n\t\t\t\t<div class=\"elementor-widget-container\">\n\t\t\t\t\t<h2 class=\"elementor-heading-title elementor-size-default\"><b>1962\/1963<\/b><\/h2>\t\t\t\t<\/div>\n\t\t\t\t<\/div>\n\t\t\t\t\t<\/div>\n\t\t<\/div>\n\t\t\t\t\t<\/div>\n\t\t<\/section>\n\t\t\t\t<section class=\"elementor-section elementor-top-section elementor-element elementor-element-af66d29 elementor-section-boxed elementor-section-height-default elementor-section-height-default\" data-id=\"af66d29\" data-element_type=\"section\" data-e-type=\"section\">\n\t\t\t\t\t\t<div class=\"elementor-container elementor-column-gap-default\">\n\t\t\t\t\t<div class=\"elementor-column elementor-col-100 elementor-top-column elementor-element elementor-element-43842d0\" data-id=\"43842d0\" data-element_type=\"column\" data-e-type=\"column\">\n\t\t\t<div class=\"elementor-widget-wrap elementor-element-populated\">\n\t\t\t\t\t\t<div class=\"elementor-element elementor-element-b8dca4a elementor-widget elementor-widget-spacer\" data-id=\"b8dca4a\" data-element_type=\"widget\" data-e-type=\"widget\" data-widget_type=\"spacer.default\">\n\t\t\t\t<div class=\"elementor-widget-container\">\n\t\t\t\t\t\t\t<div class=\"elementor-spacer\">\n\t\t\t<div class=\"elementor-spacer-inner\"><\/div>\n\t\t<\/div>\n\t\t\t\t\t\t<\/div>\n\t\t\t\t<\/div>\n\t\t\t\t<div class=\"elementor-element elementor-element-7fabee7 elementor-widget elementor-widget-heading\" data-id=\"7fabee7\" data-element_type=\"widget\" data-e-type=\"widget\" data-widget_type=\"heading.default\">\n\t\t\t\t<div class=\"elementor-widget-container\">\n\t\t\t\t\t<h2 class=\"elementor-heading-title elementor-size-default\"><b>III. c oszt\u00e1ly<\/b><\/h2>\t\t\t\t<\/div>\n\t\t\t\t<\/div>\n\t\t\t\t\t<\/div>\n\t\t<\/div>\n\t\t\t\t\t<\/div>\n\t\t<\/section>\n\t\t\t\t<section class=\"elementor-section elementor-top-section elementor-element elementor-element-0d16d31 elementor-section-boxed elementor-section-height-default elementor-section-height-default\" data-id=\"0d16d31\" data-element_type=\"section\" data-e-type=\"section\">\n\t\t\t\t\t\t<div class=\"elementor-container elementor-column-gap-default\">\n\t\t\t\t\t<div class=\"elementor-column elementor-col-100 elementor-top-column elementor-element elementor-element-81c547e\" data-id=\"81c547e\" data-element_type=\"column\" data-e-type=\"column\">\n\t\t\t<div class=\"elementor-widget-wrap elementor-element-populated\">\n\t\t\t\t\t\t<div class=\"elementor-element elementor-element-562641b elementor-widget elementor-widget-spacer\" data-id=\"562641b\" data-element_type=\"widget\" data-e-type=\"widget\" data-widget_type=\"spacer.default\">\n\t\t\t\t<div class=\"elementor-widget-container\">\n\t\t\t\t\t\t\t<div class=\"elementor-spacer\">\n\t\t\t<div class=\"elementor-spacer-inner\"><\/div>\n\t\t<\/div>\n\t\t\t\t\t\t<\/div>\n\t\t\t\t<\/div>\n\t\t\t\t\t<\/div>\n\t\t<\/div>\n\t\t\t\t\t<\/div>\n\t\t<\/section>\n\t\t\t\t<section class=\"elementor-section elementor-top-section elementor-element elementor-element-9cd5589 elementor-section-boxed elementor-section-height-default elementor-section-height-default\" data-id=\"9cd5589\" data-element_type=\"section\" data-e-type=\"section\">\n\t\t\t\t\t\t<div class=\"elementor-container elementor-column-gap-default\">\n\t\t\t\t\t<div class=\"elementor-column elementor-col-100 elementor-top-column elementor-element elementor-element-cb056e0\" data-id=\"cb056e0\" data-element_type=\"column\" data-e-type=\"column\">\n\t\t\t<div class=\"elementor-widget-wrap elementor-element-populated\">\n\t\t\t\t\t\t<div class=\"elementor-element elementor-element-576c279 elementor-widget elementor-widget-heading\" data-id=\"576c279\" data-element_type=\"widget\" data-e-type=\"widget\" data-widget_type=\"heading.default\">\n\t\t\t\t<div class=\"elementor-widget-container\">\n\t\t\t\t\t<h2 class=\"elementor-heading-title elementor-size-default\"><b>Oszt\u00e1lyf\u0151n\u00f6k: Sz\u00e1k Kocsis P\u00e1l<\/b><\/h2>\t\t\t\t<\/div>\n\t\t\t\t<\/div>\n\t\t\t\t\t<\/div>\n\t\t<\/div>\n\t\t\t\t\t<\/div>\n\t\t<\/section>\n\t\t\t\t<section class=\"elementor-section elementor-top-section elementor-element elementor-element-e2db3dc elementor-section-boxed elementor-section-height-default elementor-section-height-default\" data-id=\"e2db3dc\" data-element_type=\"section\" data-e-type=\"section\">\n\t\t\t\t\t\t<div class=\"elementor-container elementor-column-gap-default\">\n\t\t\t\t\t<div class=\"elementor-column elementor-col-100 elementor-top-column elementor-element elementor-element-dc8716d\" data-id=\"dc8716d\" data-element_type=\"column\" data-e-type=\"column\">\n\t\t\t<div class=\"elementor-widget-wrap elementor-element-populated\">\n\t\t\t\t\t\t<div class=\"elementor-element elementor-element-9b449d4 elementor-widget elementor-widget-spacer\" data-id=\"9b449d4\" data-element_type=\"widget\" data-e-type=\"widget\" data-widget_type=\"spacer.default\">\n\t\t\t\t<div class=\"elementor-widget-container\">\n\t\t\t\t\t\t\t<div class=\"elementor-spacer\">\n\t\t\t<div class=\"elementor-spacer-inner\"><\/div>\n\t\t<\/div>\n\t\t\t\t\t\t<\/div>\n\t\t\t\t<\/div>\n\t\t\t\t\t<\/div>\n\t\t<\/div>\n\t\t\t\t\t<\/div>\n\t\t<\/section>\n\t\t\t\t<section class=\"elementor-section elementor-top-section elementor-element elementor-element-c458130 elementor-section-boxed elementor-section-height-default elementor-section-height-default\" data-id=\"c458130\" data-element_type=\"section\" data-e-type=\"section\">\n\t\t\t\t\t\t<div class=\"elementor-container elementor-column-gap-default\">\n\t\t\t\t\t<div class=\"elementor-column elementor-col-100 elementor-top-column elementor-element elementor-element-d10c4d1\" data-id=\"d10c4d1\" data-element_type=\"column\" data-e-type=\"column\">\n\t\t\t<div class=\"elementor-widget-wrap elementor-element-populated\">\n\t\t\t\t\t\t<div class=\"elementor-element elementor-element-891e015 elementor-widget elementor-widget-heading\" data-id=\"891e015\" data-element_type=\"widget\" data-e-type=\"widget\" data-widget_type=\"heading.default\">\n\t\t\t\t<div class=\"elementor-widget-container\">\n\t\t\t\t\t<h2 class=\"elementor-heading-title elementor-size-default\"><b>Szakma: cukr\u00e1sz, szak\u00e1cs<\/b><\/h2>\t\t\t\t<\/div>\n\t\t\t\t<\/div>\n\t\t\t\t\t<\/div>\n\t\t<\/div>\n\t\t\t\t\t<\/div>\n\t\t<\/section>\n\t\t\t\t<section class=\"elementor-section elementor-top-section elementor-element elementor-element-c65b497 elementor-section-boxed elementor-section-height-default elementor-section-height-default\" data-id=\"c65b497\" data-element_type=\"section\" data-e-type=\"section\">\n\t\t\t\t\t\t<div class=\"elementor-container elementor-column-gap-default\">\n\t\t\t\t\t<div class=\"elementor-column elementor-col-100 elementor-top-column elementor-element elementor-element-8fb8818\" data-id=\"8fb8818\" data-element_type=\"column\" data-e-type=\"column\">\n\t\t\t<div class=\"elementor-widget-wrap elementor-element-populated\">\n\t\t\t\t\t\t<div class=\"elementor-element elementor-element-50fd463 elementor-widget elementor-widget-spacer\" data-id=\"50fd463\" data-element_type=\"widget\" data-e-type=\"widget\" data-widget_type=\"spacer.default\">\n\t\t\t\t<div class=\"elementor-widget-container\">\n\t\t\t\t\t\t\t<div class=\"elementor-spacer\">\n\t\t\t<div class=\"elementor-spacer-inner\"><\/div>\n\t\t<\/div>\n\t\t\t\t\t\t<\/div>\n\t\t\t\t<\/div>\n\t\t\t\t\t<\/div>\n\t\t<\/div>\n\t\t\t\t\t<\/div>\n\t\t<\/section>\n\t\t\t\t<section class=\"elementor-section elementor-top-section elementor-element elementor-element-080c85a elementor-section-boxed elementor-section-height-default elementor-section-height-default\" data-id=\"080c85a\" data-element_type=\"section\" data-e-type=\"section\">\n\t\t\t\t\t\t<div class=\"elementor-container elementor-column-gap-default\">\n\t\t\t\t\t<div class=\"elementor-column elementor-col-100 elementor-top-column elementor-element elementor-element-e2ec417\" data-id=\"e2ec417\" data-element_type=\"column\" data-e-type=\"column\">\n\t\t\t<div class=\"elementor-widget-wrap elementor-element-populated\">\n\t\t\t\t\t\t<div class=\"elementor-element elementor-element-e1321e1 elementor-widget elementor-widget-heading\" data-id=\"e1321e1\" data-element_type=\"widget\" data-e-type=\"widget\" data-widget_type=\"heading.default\">\n\t\t\t\t<div class=\"elementor-widget-container\">\n\t\t\t\t\t<h2 class=\"elementor-heading-title elementor-size-default\">1.\tAmbrus L\u00e1szl\u00f3<p>\n<\/p>2.\tArat\u00f3 S\u00e1ndor\n<\/p>3.\tCsala K\u00e1roly\n<\/p>4.\tD\u00e1nyi J\u00f3zsef\n<\/p>5.\tDarida Gy\u00f6rgy\n<\/p>6.\tD\u00e9zsi Istv\u00e1n\n<\/p>7.\tEgri \u00c9va\n<\/p>8.\tFarag\u00f3 Margit\n<\/p>9.\tForg\u00f3 \u00c1gota\n<\/p>10.\tG\u00e1lik Mih\u00e1ly\n<\/p>11.\tGergely G\u00e1bor\n<\/p>12.\tHatos L\u00e1szl\u00f3\n<\/p>13.\tHorv\u00e1th P\u00e9ter\n<\/p>14.\tKocsor L\u00e1szl\u00f3\n<\/p>15.\tMacz\u00e1k Katalin\n<\/p>16.\tMarkovics Julianna\n<\/p>17.\tMoln\u00e1r L\u00e1szl\u00f3\n<\/p>18.\tNagy Istv\u00e1n\n<\/p>19.\tPervanov Val\u00e9ria\n<\/p>20.\tP\u00fcski Istv\u00e1n\n<\/p>21.\tS\u00edpos J\u00e1nos\n<\/p>22.\tSzasz\u00e1k Ferenc\n<\/p>23.\tSzatm\u00e1ri \u00c1gnes\n<\/p>24.\tSzendi Horv\u00e1th S\u00e1ra\n<\/p>25.\tTak\u00e1cs Mih\u00e1ly\n<\/p>26.\tVagyon Istv\u00e1n\n<\/p>27.\tVarga Erzs\u00e9bet\n<\/p>28.\tVarj\u00fa J\u00f3zsef\n<\/p>29.\tVeraszt\u00f3 Istv\u00e1n\n<\/p>30.\tVez\u00e9r Ferenc\n<\/p>31.\tVoz\u00e1r Judit<\/h2>\t\t\t\t<\/div>\n\t\t\t\t<\/div>\n\t\t\t\t\t<\/div>\n\t\t<\/div>\n\t\t\t\t\t<\/div>\n\t\t<\/section>\n\t\t\t\t<\/div>\n\t\t","protected":false},"excerpt":{"rendered":"<p>1962\/1963 III. c oszt\u00e1ly Oszt\u00e1lyf\u0151n\u00f6k: Sz\u00e1k Kocsis P\u00e1l Szakma: cukr\u00e1sz, szak\u00e1cs 1. Ambrus L\u00e1szl\u00f3 2. Arat\u00f3 S\u00e1ndor 3. Csala K\u00e1roly 4. D\u00e1nyi J\u00f3zsef 5. Darida Gy\u00f6rgy 6. D\u00e9zsi Istv\u00e1n 7. Egri \u00c9va 8. Farag\u00f3 Margit 9. Forg\u00f3 \u00c1gota 10. G\u00e1lik Mih\u00e1ly 11. Gergely G\u00e1bor 12. Hatos L\u00e1szl\u00f3 13. Horv\u00e1th P\u00e9ter 14. Kocsor L\u00e1szl\u00f3 15. Macz\u00e1k [&hellip;]<\/p>\n","protected":false},"author":4,"featured_media":0,"parent":0,"menu_order":0,"comment_status":"closed","ping_status":"closed","template":"","meta":{"footnotes":""},"class_list":["post-34562","page","type-page","status-publish","hentry"],"_links":{"self":[{"href":"\/index.php\/wp-json\/wp\/v2\/pages\/34562","targetHints":{"allow":["GET"]}}],"collection":[{"href":"\/index.php\/wp-json\/wp\/v2\/pages"}],"about":[{"href":"\/index.php\/wp-json\/wp\/v2\/types\/page"}],"author":[{"embeddable":true,"href":"\/index.php\/wp-json\/wp\/v2\/users\/4"}],"replies":[{"embeddable":true,"href":"\/index.php\/wp-json\/wp\/v2\/comments?post=34562"}],"version-history":[{"count":7,"href":"\/index.php\/wp-json\/wp\/v2\/pages\/34562\/revisions"}],"predecessor-version":[{"id":34683,"href":"\/index.php\/wp-json\/wp\/v2\/pages\/34562\/revisions\/34683"}],"wp:attachment":[{"href":"\/index.php\/wp-json\/wp\/v2\/media?parent=34562"}],"curies":[{"name":"wp","href":"https:\/\/api.w.org\/{rel}","templated":true}]}}