{"id":34528,"date":"2024-01-24T08:54:24","date_gmt":"2024-01-24T07:54:24","guid":{"rendered":"\/?page_id=34528"},"modified":"2024-01-26T10:27:58","modified_gmt":"2024-01-26T09:27:58","slug":"1963-iii-b","status":"publish","type":"page","link":"\/index.php\/1963-iii-b\/","title":{"rendered":"1963 III.B"},"content":{"rendered":"\t\t<div data-elementor-type=\"wp-page\" data-elementor-id=\"34528\" class=\"elementor elementor-34528\" data-elementor-post-type=\"page\">\n\t\t\t\t\t\t<section class=\"elementor-section elementor-top-section elementor-element elementor-element-8131737 elementor-section-boxed elementor-section-height-default elementor-section-height-default\" data-id=\"8131737\" data-element_type=\"section\" data-e-type=\"section\">\n\t\t\t\t\t\t<div class=\"elementor-container elementor-column-gap-default\">\n\t\t\t\t\t<div class=\"elementor-column elementor-col-100 elementor-top-column elementor-element elementor-element-dea1f39\" data-id=\"dea1f39\" data-element_type=\"column\" data-e-type=\"column\">\n\t\t\t<div class=\"elementor-widget-wrap elementor-element-populated\">\n\t\t\t\t\t\t<div class=\"elementor-element elementor-element-92f4139 elementor-widget elementor-widget-spacer\" data-id=\"92f4139\" data-element_type=\"widget\" data-e-type=\"widget\" data-widget_type=\"spacer.default\">\n\t\t\t\t<div class=\"elementor-widget-container\">\n\t\t\t\t\t\t\t<div class=\"elementor-spacer\">\n\t\t\t<div class=\"elementor-spacer-inner\"><\/div>\n\t\t<\/div>\n\t\t\t\t\t\t<\/div>\n\t\t\t\t<\/div>\n\t\t\t\t\t<\/div>\n\t\t<\/div>\n\t\t\t\t\t<\/div>\n\t\t<\/section>\n\t\t\t\t<section class=\"elementor-section elementor-top-section elementor-element elementor-element-3ea3cae elementor-section-boxed elementor-section-height-default elementor-section-height-default\" data-id=\"3ea3cae\" data-element_type=\"section\" data-e-type=\"section\">\n\t\t\t\t\t\t<div class=\"elementor-container elementor-column-gap-default\">\n\t\t\t\t\t<div class=\"elementor-column elementor-col-100 elementor-top-column elementor-element elementor-element-f56990b\" data-id=\"f56990b\" data-element_type=\"column\" data-e-type=\"column\">\n\t\t\t<div class=\"elementor-widget-wrap elementor-element-populated\">\n\t\t\t\t\t\t<div class=\"elementor-element elementor-element-53759fb elementor-widget elementor-widget-heading\" data-id=\"53759fb\" data-element_type=\"widget\" data-e-type=\"widget\" data-widget_type=\"heading.default\">\n\t\t\t\t<div class=\"elementor-widget-container\">\n\t\t\t\t\t<h2 class=\"elementor-heading-title elementor-size-default\"><b>1962\/1963<\/b><\/h2>\t\t\t\t<\/div>\n\t\t\t\t<\/div>\n\t\t\t\t\t<\/div>\n\t\t<\/div>\n\t\t\t\t\t<\/div>\n\t\t<\/section>\n\t\t\t\t<section class=\"elementor-section elementor-top-section elementor-element elementor-element-1a933e6 elementor-section-boxed elementor-section-height-default elementor-section-height-default\" data-id=\"1a933e6\" data-element_type=\"section\" data-e-type=\"section\">\n\t\t\t\t\t\t<div class=\"elementor-container elementor-column-gap-default\">\n\t\t\t\t\t<div class=\"elementor-column elementor-col-100 elementor-top-column elementor-element elementor-element-928b95b\" data-id=\"928b95b\" data-element_type=\"column\" data-e-type=\"column\">\n\t\t\t<div class=\"elementor-widget-wrap elementor-element-populated\">\n\t\t\t\t\t\t<div class=\"elementor-element elementor-element-50863bb elementor-widget elementor-widget-spacer\" data-id=\"50863bb\" data-element_type=\"widget\" data-e-type=\"widget\" data-widget_type=\"spacer.default\">\n\t\t\t\t<div class=\"elementor-widget-container\">\n\t\t\t\t\t\t\t<div class=\"elementor-spacer\">\n\t\t\t<div class=\"elementor-spacer-inner\"><\/div>\n\t\t<\/div>\n\t\t\t\t\t\t<\/div>\n\t\t\t\t<\/div>\n\t\t\t\t\t<\/div>\n\t\t<\/div>\n\t\t\t\t\t<\/div>\n\t\t<\/section>\n\t\t\t\t<section class=\"elementor-section elementor-top-section elementor-element elementor-element-3496420 elementor-section-boxed elementor-section-height-default elementor-section-height-default\" data-id=\"3496420\" data-element_type=\"section\" data-e-type=\"section\">\n\t\t\t\t\t\t<div class=\"elementor-container elementor-column-gap-default\">\n\t\t\t\t\t<div class=\"elementor-column elementor-col-100 elementor-top-column elementor-element elementor-element-2b60d02\" data-id=\"2b60d02\" data-element_type=\"column\" data-e-type=\"column\">\n\t\t\t<div class=\"elementor-widget-wrap elementor-element-populated\">\n\t\t\t\t\t\t<div class=\"elementor-element elementor-element-d058985 elementor-widget elementor-widget-heading\" data-id=\"d058985\" data-element_type=\"widget\" data-e-type=\"widget\" data-widget_type=\"heading.default\">\n\t\t\t\t<div class=\"elementor-widget-container\">\n\t\t\t\t\t<h2 class=\"elementor-heading-title elementor-size-default\"><b>III. b oszt\u00e1ly<\/b><\/h2>\t\t\t\t<\/div>\n\t\t\t\t<\/div>\n\t\t\t\t\t<\/div>\n\t\t<\/div>\n\t\t\t\t\t<\/div>\n\t\t<\/section>\n\t\t\t\t<section class=\"elementor-section elementor-top-section elementor-element elementor-element-52cbe4a elementor-section-boxed elementor-section-height-default elementor-section-height-default\" data-id=\"52cbe4a\" data-element_type=\"section\" data-e-type=\"section\">\n\t\t\t\t\t\t<div class=\"elementor-container elementor-column-gap-default\">\n\t\t\t\t\t<div class=\"elementor-column elementor-col-100 elementor-top-column elementor-element elementor-element-587de3b\" data-id=\"587de3b\" data-element_type=\"column\" data-e-type=\"column\">\n\t\t\t<div class=\"elementor-widget-wrap elementor-element-populated\">\n\t\t\t\t\t\t<div class=\"elementor-element elementor-element-1418663 elementor-widget elementor-widget-spacer\" data-id=\"1418663\" data-element_type=\"widget\" data-e-type=\"widget\" data-widget_type=\"spacer.default\">\n\t\t\t\t<div class=\"elementor-widget-container\">\n\t\t\t\t\t\t\t<div class=\"elementor-spacer\">\n\t\t\t<div class=\"elementor-spacer-inner\"><\/div>\n\t\t<\/div>\n\t\t\t\t\t\t<\/div>\n\t\t\t\t<\/div>\n\t\t\t\t\t<\/div>\n\t\t<\/div>\n\t\t\t\t\t<\/div>\n\t\t<\/section>\n\t\t\t\t<section class=\"elementor-section elementor-top-section elementor-element elementor-element-27b37ad elementor-section-boxed elementor-section-height-default elementor-section-height-default\" data-id=\"27b37ad\" data-element_type=\"section\" data-e-type=\"section\">\n\t\t\t\t\t\t<div class=\"elementor-container elementor-column-gap-default\">\n\t\t\t\t\t<div class=\"elementor-column elementor-col-100 elementor-top-column elementor-element elementor-element-52a99ac\" data-id=\"52a99ac\" data-element_type=\"column\" data-e-type=\"column\">\n\t\t\t<div class=\"elementor-widget-wrap elementor-element-populated\">\n\t\t\t\t\t\t<div class=\"elementor-element elementor-element-4a95fc8 elementor-widget elementor-widget-heading\" data-id=\"4a95fc8\" data-element_type=\"widget\" data-e-type=\"widget\" data-widget_type=\"heading.default\">\n\t\t\t\t<div class=\"elementor-widget-container\">\n\t\t\t\t\t<h2 class=\"elementor-heading-title elementor-size-default\"><b>Oszt\u00e1lyf\u0151n\u00f6k: T\u00f3th Istv\u00e1n<\/b><\/h2>\t\t\t\t<\/div>\n\t\t\t\t<\/div>\n\t\t\t\t\t<\/div>\n\t\t<\/div>\n\t\t\t\t\t<\/div>\n\t\t<\/section>\n\t\t\t\t<section class=\"elementor-section elementor-top-section elementor-element elementor-element-1b4a861 elementor-section-boxed elementor-section-height-default elementor-section-height-default\" data-id=\"1b4a861\" data-element_type=\"section\" data-e-type=\"section\">\n\t\t\t\t\t\t<div class=\"elementor-container elementor-column-gap-default\">\n\t\t\t\t\t<div class=\"elementor-column elementor-col-100 elementor-top-column elementor-element elementor-element-3b504cd\" data-id=\"3b504cd\" data-element_type=\"column\" data-e-type=\"column\">\n\t\t\t<div class=\"elementor-widget-wrap elementor-element-populated\">\n\t\t\t\t\t\t<div class=\"elementor-element elementor-element-b3f5c32 elementor-widget elementor-widget-spacer\" data-id=\"b3f5c32\" data-element_type=\"widget\" data-e-type=\"widget\" data-widget_type=\"spacer.default\">\n\t\t\t\t<div class=\"elementor-widget-container\">\n\t\t\t\t\t\t\t<div class=\"elementor-spacer\">\n\t\t\t<div class=\"elementor-spacer-inner\"><\/div>\n\t\t<\/div>\n\t\t\t\t\t\t<\/div>\n\t\t\t\t<\/div>\n\t\t\t\t\t<\/div>\n\t\t<\/div>\n\t\t\t\t\t<\/div>\n\t\t<\/section>\n\t\t\t\t<section class=\"elementor-section elementor-top-section elementor-element elementor-element-0f0486e elementor-section-boxed elementor-section-height-default elementor-section-height-default\" data-id=\"0f0486e\" data-element_type=\"section\" data-e-type=\"section\">\n\t\t\t\t\t\t<div class=\"elementor-container elementor-column-gap-default\">\n\t\t\t\t\t<div class=\"elementor-column elementor-col-100 elementor-top-column elementor-element elementor-element-4ffaaab\" data-id=\"4ffaaab\" data-element_type=\"column\" data-e-type=\"column\">\n\t\t\t<div class=\"elementor-widget-wrap elementor-element-populated\">\n\t\t\t\t\t\t<div class=\"elementor-element elementor-element-b54a7cd elementor-widget elementor-widget-heading\" data-id=\"b54a7cd\" data-element_type=\"widget\" data-e-type=\"widget\" data-widget_type=\"heading.default\">\n\t\t\t\t<div class=\"elementor-widget-container\">\n\t\t\t\t\t<h2 class=\"elementor-heading-title elementor-size-default\"><b>Szakma: ruh\u00e1zati elad\u00f3 (vegyes), pap\u00edr-\u00edr\u00f3szer elad\u00f3, cip\u0151 elad\u00f3<\/b><\/h2>\t\t\t\t<\/div>\n\t\t\t\t<\/div>\n\t\t\t\t\t<\/div>\n\t\t<\/div>\n\t\t\t\t\t<\/div>\n\t\t<\/section>\n\t\t\t\t<section class=\"elementor-section elementor-top-section elementor-element elementor-element-5251862 elementor-section-boxed elementor-section-height-default elementor-section-height-default\" data-id=\"5251862\" data-element_type=\"section\" data-e-type=\"section\">\n\t\t\t\t\t\t<div class=\"elementor-container elementor-column-gap-default\">\n\t\t\t\t\t<div class=\"elementor-column elementor-col-100 elementor-top-column elementor-element elementor-element-faa639c\" data-id=\"faa639c\" data-element_type=\"column\" data-e-type=\"column\">\n\t\t\t<div class=\"elementor-widget-wrap elementor-element-populated\">\n\t\t\t\t\t\t<div class=\"elementor-element elementor-element-e7ca569 elementor-widget elementor-widget-spacer\" data-id=\"e7ca569\" data-element_type=\"widget\" data-e-type=\"widget\" data-widget_type=\"spacer.default\">\n\t\t\t\t<div class=\"elementor-widget-container\">\n\t\t\t\t\t\t\t<div class=\"elementor-spacer\">\n\t\t\t<div class=\"elementor-spacer-inner\"><\/div>\n\t\t<\/div>\n\t\t\t\t\t\t<\/div>\n\t\t\t\t<\/div>\n\t\t\t\t\t<\/div>\n\t\t<\/div>\n\t\t\t\t\t<\/div>\n\t\t<\/section>\n\t\t\t\t<section class=\"elementor-section elementor-top-section elementor-element elementor-element-0b5d9d4 elementor-section-boxed elementor-section-height-default elementor-section-height-default\" data-id=\"0b5d9d4\" data-element_type=\"section\" data-e-type=\"section\">\n\t\t\t\t\t\t<div class=\"elementor-container elementor-column-gap-default\">\n\t\t\t\t\t<div class=\"elementor-column elementor-col-100 elementor-top-column elementor-element elementor-element-bce462b\" data-id=\"bce462b\" data-element_type=\"column\" data-e-type=\"column\">\n\t\t\t<div class=\"elementor-widget-wrap elementor-element-populated\">\n\t\t\t\t\t\t<div class=\"elementor-element elementor-element-85cd3a6 elementor-widget elementor-widget-heading\" data-id=\"85cd3a6\" data-element_type=\"widget\" data-e-type=\"widget\" data-widget_type=\"heading.default\">\n\t\t\t\t<div class=\"elementor-widget-container\">\n\t\t\t\t\t<h2 class=\"elementor-heading-title elementor-size-default\">1.\tBalta Gyula<p>\n<\/p>2.\tBeh\u00e1n Margit\n<\/p>3.\tBencze S\u00e1ndor\n<\/p>4.\tB\u00edr\u00f3 Zsuzsanna\n<\/p>5.\tDarabos L\u00e1szl\u00f3\n<\/p>6.\tDuma J\u00e1nos\n<\/p>7.\t\u00c9. Nagy Mih\u00e1ly\n<\/p>8.\tGr\u00f3sz G\u00e1bor\n<\/p>9.\tJuh\u00e1sz Mih\u00e1ly\n<\/p>10.\tK\u00edny\u00f3 Gy\u00f6rgy\n<\/p>11.\tKlampeczki G\u00e1bor\n<\/p>12.\tKov\u00e1cs Zsuzsanna\n<\/p>13.\tKrist\u00f3f Istv\u00e1n\n<\/p>14.\tK\u00fcrti Roz\u00e1lia\n<\/p>15.\tLaurinyecz Gy\u00f6rgy\n<\/p>16.\tLaurinyecz Istv\u00e1n\n17.\tLud\u00e1nyi Istv\u00e1n\n18.\tMajernyik J\u00e1nos\n19.\tMelich P\u00e1l\n20.\tNagy Lajos\n21.\tNy\u00e1ri Imre\n22.\tR\u00e1cz S\u00e1ndor\n23.\tSchultz Zsuzsanna\n24.\tSomogyi B\u00e9la\n25.\tSzabados Istv\u00e1n\n26.\tSzab\u00f3 Julianna\n27.\tSzab\u00f3 P\u00e1l\n28.\tSzab\u00f3 S\u00e1ndor\n29.\tSzalai Eszter\n30.\tSzalai Lajos\n31.\tSzekeres Imre\n32.\tViczi\u00e1n Mih\u00e1ly\n<div><br><\/div><\/h2>\t\t\t\t<\/div>\n\t\t\t\t<\/div>\n\t\t\t\t\t<\/div>\n\t\t<\/div>\n\t\t\t\t\t<\/div>\n\t\t<\/section>\n\t\t\t\t<\/div>\n\t\t","protected":false},"excerpt":{"rendered":"<p>1962\/1963 III. b oszt\u00e1ly Oszt\u00e1lyf\u0151n\u00f6k: T\u00f3th Istv\u00e1n Szakma: ruh\u00e1zati elad\u00f3 (vegyes), pap\u00edr-\u00edr\u00f3szer elad\u00f3, cip\u0151 elad\u00f3 1. Balta Gyula 2. Beh\u00e1n Margit 3. Bencze S\u00e1ndor 4. B\u00edr\u00f3 Zsuzsanna 5. Darabos L\u00e1szl\u00f3 6. Duma J\u00e1nos 7. \u00c9. Nagy Mih\u00e1ly 8. Gr\u00f3sz G\u00e1bor 9. Juh\u00e1sz Mih\u00e1ly 10. K\u00edny\u00f3 Gy\u00f6rgy 11. Klampeczki G\u00e1bor 12. Kov\u00e1cs Zsuzsanna 13. Krist\u00f3f Istv\u00e1n [&hellip;]<\/p>\n","protected":false},"author":4,"featured_media":0,"parent":0,"menu_order":0,"comment_status":"closed","ping_status":"closed","template":"","meta":{"footnotes":""},"class_list":["post-34528","page","type-page","status-publish","hentry"],"_links":{"self":[{"href":"\/index.php\/wp-json\/wp\/v2\/pages\/34528","targetHints":{"allow":["GET"]}}],"collection":[{"href":"\/index.php\/wp-json\/wp\/v2\/pages"}],"about":[{"href":"\/index.php\/wp-json\/wp\/v2\/types\/page"}],"author":[{"embeddable":true,"href":"\/index.php\/wp-json\/wp\/v2\/users\/4"}],"replies":[{"embeddable":true,"href":"\/index.php\/wp-json\/wp\/v2\/comments?post=34528"}],"version-history":[{"count":7,"href":"\/index.php\/wp-json\/wp\/v2\/pages\/34528\/revisions"}],"predecessor-version":[{"id":34673,"href":"\/index.php\/wp-json\/wp\/v2\/pages\/34528\/revisions\/34673"}],"wp:attachment":[{"href":"\/index.php\/wp-json\/wp\/v2\/media?parent=34528"}],"curies":[{"name":"wp","href":"https:\/\/api.w.org\/{rel}","templated":true}]}}