{"id":34508,"date":"2024-01-23T14:31:55","date_gmt":"2024-01-23T13:31:55","guid":{"rendered":"\/?page_id=34508"},"modified":"2024-01-26T10:24:35","modified_gmt":"2024-01-26T09:24:35","slug":"1963-iii-a","status":"publish","type":"page","link":"\/index.php\/1963-iii-a\/","title":{"rendered":"1963 III.A"},"content":{"rendered":"\t\t<div data-elementor-type=\"wp-page\" data-elementor-id=\"34508\" class=\"elementor elementor-34508\" data-elementor-post-type=\"page\">\n\t\t\t\t\t\t<section class=\"elementor-section elementor-top-section elementor-element elementor-element-949a156 elementor-section-boxed elementor-section-height-default elementor-section-height-default\" data-id=\"949a156\" data-element_type=\"section\" data-e-type=\"section\">\n\t\t\t\t\t\t<div class=\"elementor-container elementor-column-gap-default\">\n\t\t\t\t\t<div class=\"elementor-column elementor-col-100 elementor-top-column elementor-element elementor-element-9ad683d\" data-id=\"9ad683d\" data-element_type=\"column\" data-e-type=\"column\">\n\t\t\t<div class=\"elementor-widget-wrap elementor-element-populated\">\n\t\t\t\t\t\t<div class=\"elementor-element elementor-element-cfcb4f8 elementor-widget elementor-widget-spacer\" data-id=\"cfcb4f8\" data-element_type=\"widget\" data-e-type=\"widget\" data-widget_type=\"spacer.default\">\n\t\t\t\t<div class=\"elementor-widget-container\">\n\t\t\t\t\t\t\t<div class=\"elementor-spacer\">\n\t\t\t<div class=\"elementor-spacer-inner\"><\/div>\n\t\t<\/div>\n\t\t\t\t\t\t<\/div>\n\t\t\t\t<\/div>\n\t\t\t\t\t<\/div>\n\t\t<\/div>\n\t\t\t\t\t<\/div>\n\t\t<\/section>\n\t\t\t\t<section class=\"elementor-section elementor-top-section elementor-element elementor-element-2765eee elementor-section-boxed elementor-section-height-default elementor-section-height-default\" data-id=\"2765eee\" data-element_type=\"section\" data-e-type=\"section\">\n\t\t\t\t\t\t<div class=\"elementor-container elementor-column-gap-default\">\n\t\t\t\t\t<div class=\"elementor-column elementor-col-100 elementor-top-column elementor-element elementor-element-a943b08\" data-id=\"a943b08\" data-element_type=\"column\" data-e-type=\"column\">\n\t\t\t<div class=\"elementor-widget-wrap elementor-element-populated\">\n\t\t\t\t\t\t<div class=\"elementor-element elementor-element-3f7c556 elementor-widget elementor-widget-heading\" data-id=\"3f7c556\" data-element_type=\"widget\" data-e-type=\"widget\" data-widget_type=\"heading.default\">\n\t\t\t\t<div class=\"elementor-widget-container\">\n\t\t\t\t\t<h2 class=\"elementor-heading-title elementor-size-default\"><b>1962\/1963<\/b><\/h2>\t\t\t\t<\/div>\n\t\t\t\t<\/div>\n\t\t\t\t\t<\/div>\n\t\t<\/div>\n\t\t\t\t\t<\/div>\n\t\t<\/section>\n\t\t\t\t<section class=\"elementor-section elementor-top-section elementor-element elementor-element-29fadbf elementor-section-boxed elementor-section-height-default elementor-section-height-default\" data-id=\"29fadbf\" data-element_type=\"section\" data-e-type=\"section\">\n\t\t\t\t\t\t<div class=\"elementor-container elementor-column-gap-default\">\n\t\t\t\t\t<div class=\"elementor-column elementor-col-100 elementor-top-column elementor-element elementor-element-9ba1e82\" data-id=\"9ba1e82\" data-element_type=\"column\" data-e-type=\"column\">\n\t\t\t<div class=\"elementor-widget-wrap elementor-element-populated\">\n\t\t\t\t\t\t<div class=\"elementor-element elementor-element-b8d2121 elementor-widget elementor-widget-spacer\" data-id=\"b8d2121\" data-element_type=\"widget\" data-e-type=\"widget\" data-widget_type=\"spacer.default\">\n\t\t\t\t<div class=\"elementor-widget-container\">\n\t\t\t\t\t\t\t<div class=\"elementor-spacer\">\n\t\t\t<div class=\"elementor-spacer-inner\"><\/div>\n\t\t<\/div>\n\t\t\t\t\t\t<\/div>\n\t\t\t\t<\/div>\n\t\t\t\t\t<\/div>\n\t\t<\/div>\n\t\t\t\t\t<\/div>\n\t\t<\/section>\n\t\t\t\t<section class=\"elementor-section elementor-top-section elementor-element elementor-element-6e086e9 elementor-section-boxed elementor-section-height-default elementor-section-height-default\" data-id=\"6e086e9\" data-element_type=\"section\" data-e-type=\"section\">\n\t\t\t\t\t\t<div class=\"elementor-container elementor-column-gap-default\">\n\t\t\t\t\t<div class=\"elementor-column elementor-col-100 elementor-top-column elementor-element elementor-element-143ad98\" data-id=\"143ad98\" data-element_type=\"column\" data-e-type=\"column\">\n\t\t\t<div class=\"elementor-widget-wrap elementor-element-populated\">\n\t\t\t\t\t\t<div class=\"elementor-element elementor-element-2c9adaa elementor-widget elementor-widget-heading\" data-id=\"2c9adaa\" data-element_type=\"widget\" data-e-type=\"widget\" data-widget_type=\"heading.default\">\n\t\t\t\t<div class=\"elementor-widget-container\">\n\t\t\t\t\t<h2 class=\"elementor-heading-title elementor-size-default\"><b>III. a oszt\u00e1ly<\/b><\/h2>\t\t\t\t<\/div>\n\t\t\t\t<\/div>\n\t\t\t\t\t<\/div>\n\t\t<\/div>\n\t\t\t\t\t<\/div>\n\t\t<\/section>\n\t\t\t\t<section class=\"elementor-section elementor-top-section elementor-element elementor-element-35ef461 elementor-section-boxed elementor-section-height-default elementor-section-height-default\" data-id=\"35ef461\" data-element_type=\"section\" data-e-type=\"section\">\n\t\t\t\t\t\t<div class=\"elementor-container elementor-column-gap-default\">\n\t\t\t\t\t<div class=\"elementor-column elementor-col-100 elementor-top-column elementor-element elementor-element-94df711\" data-id=\"94df711\" data-element_type=\"column\" data-e-type=\"column\">\n\t\t\t<div class=\"elementor-widget-wrap elementor-element-populated\">\n\t\t\t\t\t\t<div class=\"elementor-element elementor-element-ce0b9ed elementor-widget elementor-widget-spacer\" data-id=\"ce0b9ed\" data-element_type=\"widget\" data-e-type=\"widget\" data-widget_type=\"spacer.default\">\n\t\t\t\t<div class=\"elementor-widget-container\">\n\t\t\t\t\t\t\t<div class=\"elementor-spacer\">\n\t\t\t<div class=\"elementor-spacer-inner\"><\/div>\n\t\t<\/div>\n\t\t\t\t\t\t<\/div>\n\t\t\t\t<\/div>\n\t\t\t\t\t<\/div>\n\t\t<\/div>\n\t\t\t\t\t<\/div>\n\t\t<\/section>\n\t\t\t\t<section class=\"elementor-section elementor-top-section elementor-element elementor-element-5da80e0 elementor-section-boxed elementor-section-height-default elementor-section-height-default\" data-id=\"5da80e0\" data-element_type=\"section\" data-e-type=\"section\">\n\t\t\t\t\t\t<div class=\"elementor-container elementor-column-gap-default\">\n\t\t\t\t\t<div class=\"elementor-column elementor-col-100 elementor-top-column elementor-element elementor-element-c11428a\" data-id=\"c11428a\" data-element_type=\"column\" data-e-type=\"column\">\n\t\t\t<div class=\"elementor-widget-wrap elementor-element-populated\">\n\t\t\t\t\t\t<div class=\"elementor-element elementor-element-5854e18 elementor-widget elementor-widget-heading\" data-id=\"5854e18\" data-element_type=\"widget\" data-e-type=\"widget\" data-widget_type=\"heading.default\">\n\t\t\t\t<div class=\"elementor-widget-container\">\n\t\t\t\t\t<h2 class=\"elementor-heading-title elementor-size-default\"><b>Oszt\u00e1lyf\u0151n\u00f6k: Kocziszki J\u00e1nos<\/b><\/h2>\t\t\t\t<\/div>\n\t\t\t\t<\/div>\n\t\t\t\t\t<\/div>\n\t\t<\/div>\n\t\t\t\t\t<\/div>\n\t\t<\/section>\n\t\t\t\t<section class=\"elementor-section elementor-top-section elementor-element elementor-element-6e2107e elementor-section-boxed elementor-section-height-default elementor-section-height-default\" data-id=\"6e2107e\" data-element_type=\"section\" data-e-type=\"section\">\n\t\t\t\t\t\t<div class=\"elementor-container elementor-column-gap-default\">\n\t\t\t\t\t<div class=\"elementor-column elementor-col-100 elementor-top-column elementor-element elementor-element-bb3b071\" data-id=\"bb3b071\" data-element_type=\"column\" data-e-type=\"column\">\n\t\t\t<div class=\"elementor-widget-wrap elementor-element-populated\">\n\t\t\t\t\t\t<div class=\"elementor-element elementor-element-6fabe77 elementor-widget elementor-widget-spacer\" data-id=\"6fabe77\" data-element_type=\"widget\" data-e-type=\"widget\" data-widget_type=\"spacer.default\">\n\t\t\t\t<div class=\"elementor-widget-container\">\n\t\t\t\t\t\t\t<div class=\"elementor-spacer\">\n\t\t\t<div class=\"elementor-spacer-inner\"><\/div>\n\t\t<\/div>\n\t\t\t\t\t\t<\/div>\n\t\t\t\t<\/div>\n\t\t\t\t\t<\/div>\n\t\t<\/div>\n\t\t\t\t\t<\/div>\n\t\t<\/section>\n\t\t\t\t<section class=\"elementor-section elementor-top-section elementor-element elementor-element-88d08eb elementor-section-boxed elementor-section-height-default elementor-section-height-default\" data-id=\"88d08eb\" data-element_type=\"section\" data-e-type=\"section\">\n\t\t\t\t\t\t<div class=\"elementor-container elementor-column-gap-default\">\n\t\t\t\t\t<div class=\"elementor-column elementor-col-100 elementor-top-column elementor-element elementor-element-bd9696b\" data-id=\"bd9696b\" data-element_type=\"column\" data-e-type=\"column\">\n\t\t\t<div class=\"elementor-widget-wrap elementor-element-populated\">\n\t\t\t\t\t\t<div class=\"elementor-element elementor-element-08d2f87 elementor-widget elementor-widget-heading\" data-id=\"08d2f87\" data-element_type=\"widget\" data-e-type=\"widget\" data-widget_type=\"heading.default\">\n\t\t\t\t<div class=\"elementor-widget-container\">\n\t\t\t\t\t<h2 class=\"elementor-heading-title elementor-size-default\"><b>Szakma: f\u0171szer-\u00e9s csemege elad\u00f3<\/b><\/h2>\t\t\t\t<\/div>\n\t\t\t\t<\/div>\n\t\t\t\t\t<\/div>\n\t\t<\/div>\n\t\t\t\t\t<\/div>\n\t\t<\/section>\n\t\t\t\t<section class=\"elementor-section elementor-top-section elementor-element elementor-element-d0df86c elementor-section-boxed elementor-section-height-default elementor-section-height-default\" data-id=\"d0df86c\" data-element_type=\"section\" data-e-type=\"section\">\n\t\t\t\t\t\t<div class=\"elementor-container elementor-column-gap-default\">\n\t\t\t\t\t<div class=\"elementor-column elementor-col-100 elementor-top-column elementor-element elementor-element-8e16caa\" data-id=\"8e16caa\" data-element_type=\"column\" data-e-type=\"column\">\n\t\t\t<div class=\"elementor-widget-wrap elementor-element-populated\">\n\t\t\t\t\t\t<div class=\"elementor-element elementor-element-2730d8f elementor-widget elementor-widget-spacer\" data-id=\"2730d8f\" data-element_type=\"widget\" data-e-type=\"widget\" data-widget_type=\"spacer.default\">\n\t\t\t\t<div class=\"elementor-widget-container\">\n\t\t\t\t\t\t\t<div class=\"elementor-spacer\">\n\t\t\t<div class=\"elementor-spacer-inner\"><\/div>\n\t\t<\/div>\n\t\t\t\t\t\t<\/div>\n\t\t\t\t<\/div>\n\t\t\t\t\t<\/div>\n\t\t<\/div>\n\t\t\t\t\t<\/div>\n\t\t<\/section>\n\t\t\t\t<section class=\"elementor-section elementor-top-section elementor-element elementor-element-0abe53a elementor-section-boxed elementor-section-height-default elementor-section-height-default\" data-id=\"0abe53a\" data-element_type=\"section\" data-e-type=\"section\">\n\t\t\t\t\t\t<div class=\"elementor-container elementor-column-gap-default\">\n\t\t\t\t\t<div class=\"elementor-column elementor-col-100 elementor-top-column elementor-element elementor-element-74a11a1\" data-id=\"74a11a1\" data-element_type=\"column\" data-e-type=\"column\">\n\t\t\t<div class=\"elementor-widget-wrap elementor-element-populated\">\n\t\t\t\t\t\t<div class=\"elementor-element elementor-element-2dee50a elementor-widget elementor-widget-heading\" data-id=\"2dee50a\" data-element_type=\"widget\" data-e-type=\"widget\" data-widget_type=\"heading.default\">\n\t\t\t\t<div class=\"elementor-widget-container\">\n\t\t\t\t\t<h2 class=\"elementor-heading-title elementor-size-default\">1.\tAnd\u00f3 Ilona<p>\n<\/p>2.\t\u00c1rp\u00e1d Istv\u00e1n<p>\n<\/p>3.\tBenedek Istv\u00e1n\n<\/p>4.\tCsanda Ferenc\n<\/p>5.\tCsurg\u00f3 Anna\n<\/p>6.\tFarag\u00f3 Ir\u00e9n\n<\/p>7.\tGeszner Erzs\u00e9bet\n<\/p>8.\tG\u00f3g Kl\u00e1ra\n<\/p>9.\tKondacs M\u00e1ria\n<\/p>10.\tKov\u00e1cs J\u00f3zsef\n<\/p>11.\tKov\u00e1cs Tibor\n<\/p>12.\tLudvig Ir\u00e9n\n<\/p>13.\tM\u00e1cs\u00e1r M\u00e1rta\n<\/p>14.\tMih\u00e1ly Erzs\u00e9bet\n<\/p>15.\tMih\u00e1ly Roz\u00e1lia\n<\/p>16.\tMikl\u00f3s M\u00e1ria\n<\/p>17.\tNagy Ir\u00e9n\n<\/p>18.\tPacsika Andr\u00e1s\n<\/p>19.\tPalotai \u00c9va\n<\/p>20.\tPisztavok G\u00e1bor\n<\/p>21.\tPetrov Mikl\u00f3s\n<\/p>22.\tR\u00f3ka Ferenc\n<\/p>23.\tRozs Roz\u00e1lia\n<\/p>24.\tSzil\u00e1gyi Erzs\u00e9bet\n<\/p>25.\tSz\u0171cs-Szab\u00f3 Zsuzsanna\n<\/p>26.\tVarj\u00fa P\u00e1l<\/h2>\t\t\t\t<\/div>\n\t\t\t\t<\/div>\n\t\t\t\t\t<\/div>\n\t\t<\/div>\n\t\t\t\t\t<\/div>\n\t\t<\/section>\n\t\t\t\t<\/div>\n\t\t","protected":false},"excerpt":{"rendered":"<p>1962\/1963 III. a oszt\u00e1ly Oszt\u00e1lyf\u0151n\u00f6k: Kocziszki J\u00e1nos Szakma: f\u0171szer-\u00e9s csemege elad\u00f3 1. And\u00f3 Ilona 2. \u00c1rp\u00e1d Istv\u00e1n 3. Benedek Istv\u00e1n 4. Csanda Ferenc 5. Csurg\u00f3 Anna 6. Farag\u00f3 Ir\u00e9n 7. Geszner Erzs\u00e9bet 8. G\u00f3g Kl\u00e1ra 9. Kondacs M\u00e1ria 10. Kov\u00e1cs J\u00f3zsef 11. Kov\u00e1cs Tibor 12. Ludvig Ir\u00e9n 13. M\u00e1cs\u00e1r M\u00e1rta 14. Mih\u00e1ly Erzs\u00e9bet 15. Mih\u00e1ly [&hellip;]<\/p>\n","protected":false},"author":4,"featured_media":0,"parent":0,"menu_order":0,"comment_status":"closed","ping_status":"closed","template":"","meta":{"footnotes":""},"class_list":["post-34508","page","type-page","status-publish","hentry"],"_links":{"self":[{"href":"\/index.php\/wp-json\/wp\/v2\/pages\/34508","targetHints":{"allow":["GET"]}}],"collection":[{"href":"\/index.php\/wp-json\/wp\/v2\/pages"}],"about":[{"href":"\/index.php\/wp-json\/wp\/v2\/types\/page"}],"author":[{"embeddable":true,"href":"\/index.php\/wp-json\/wp\/v2\/users\/4"}],"replies":[{"embeddable":true,"href":"\/index.php\/wp-json\/wp\/v2\/comments?post=34508"}],"version-history":[{"count":10,"href":"\/index.php\/wp-json\/wp\/v2\/pages\/34508\/revisions"}],"predecessor-version":[{"id":34669,"href":"\/index.php\/wp-json\/wp\/v2\/pages\/34508\/revisions\/34669"}],"wp:attachment":[{"href":"\/index.php\/wp-json\/wp\/v2\/media?parent=34508"}],"curies":[{"name":"wp","href":"https:\/\/api.w.org\/{rel}","templated":true}]}}