{"id":32504,"date":"2023-10-09T11:22:16","date_gmt":"2023-10-09T10:22:16","guid":{"rendered":"\/?page_id=32504"},"modified":"2025-03-19T15:12:55","modified_gmt":"2025-03-19T14:12:55","slug":"elerhetosegeink","status":"publish","type":"page","link":"\/index.php\/elerhetosegeink\/","title":{"rendered":"El\u00e9rhet\u0151s\u00e9geink"},"content":{"rendered":"\t\t<div data-elementor-type=\"wp-page\" data-elementor-id=\"32504\" class=\"elementor elementor-32504\" data-elementor-post-type=\"page\">\n\t\t\t\t\t\t<section class=\"elementor-section elementor-top-section elementor-element elementor-element-b24e938 elementor-section-boxed elementor-section-height-default elementor-section-height-default\" data-id=\"b24e938\" data-element_type=\"section\" data-e-type=\"section\">\n\t\t\t\t\t\t<div class=\"elementor-container elementor-column-gap-default\">\n\t\t\t\t\t<div class=\"elementor-column elementor-col-100 elementor-top-column elementor-element elementor-element-6b43bd2\" data-id=\"6b43bd2\" data-element_type=\"column\" data-e-type=\"column\">\n\t\t\t<div class=\"elementor-widget-wrap elementor-element-populated\">\n\t\t\t\t\t\t<div class=\"elementor-element elementor-element-61d6f37 elementor-widget elementor-widget-spacer\" data-id=\"61d6f37\" data-element_type=\"widget\" data-e-type=\"widget\" data-widget_type=\"spacer.default\">\n\t\t\t\t<div class=\"elementor-widget-container\">\n\t\t\t\t\t\t\t<div class=\"elementor-spacer\">\n\t\t\t<div class=\"elementor-spacer-inner\"><\/div>\n\t\t<\/div>\n\t\t\t\t\t\t<\/div>\n\t\t\t\t<\/div>\n\t\t\t\t\t<\/div>\n\t\t<\/div>\n\t\t\t\t\t<\/div>\n\t\t<\/section>\n\t\t\t\t<section class=\"elementor-section elementor-top-section elementor-element elementor-element-df3e9fa elementor-section-boxed elementor-section-height-default elementor-section-height-default\" data-id=\"df3e9fa\" data-element_type=\"section\" data-e-type=\"section\">\n\t\t\t\t\t\t<div class=\"elementor-container elementor-column-gap-default\">\n\t\t\t\t\t<div class=\"elementor-column elementor-col-100 elementor-top-column elementor-element elementor-element-588b63c\" data-id=\"588b63c\" data-element_type=\"column\" data-e-type=\"column\">\n\t\t\t<div class=\"elementor-widget-wrap elementor-element-populated\">\n\t\t\t\t\t\t<div class=\"elementor-element elementor-element-bec01d3 elementor-widget elementor-widget-heading\" data-id=\"bec01d3\" data-element_type=\"widget\" data-e-type=\"widget\" data-widget_type=\"heading.default\">\n\t\t\t\t<div class=\"elementor-widget-container\">\n\t\t\t\t\t<h5 class=\"elementor-heading-title elementor-size-default\">B\u00e9k\u00e9scsabai SZC Zwack J\u00f3zsef Technikum \u00e9s Szakk\u00e9pz\u0151 Iskola<\/h5>\t\t\t\t<\/div>\n\t\t\t\t<\/div>\n\t\t\t\t\t<\/div>\n\t\t<\/div>\n\t\t\t\t\t<\/div>\n\t\t<\/section>\n\t\t\t\t<section class=\"elementor-section elementor-top-section elementor-element elementor-element-4efd010 elementor-section-boxed elementor-section-height-default elementor-section-height-default\" data-id=\"4efd010\" data-element_type=\"section\" data-e-type=\"section\">\n\t\t\t\t\t\t<div class=\"elementor-container elementor-column-gap-default\">\n\t\t\t\t\t<div class=\"elementor-column elementor-col-100 elementor-top-column elementor-element elementor-element-ffd475b\" data-id=\"ffd475b\" data-element_type=\"column\" data-e-type=\"column\">\n\t\t\t<div class=\"elementor-widget-wrap elementor-element-populated\">\n\t\t\t\t\t\t<div class=\"elementor-element elementor-element-7a9e339 elementor-widget elementor-widget-text-editor\" data-id=\"7a9e339\" data-element_type=\"widget\" data-e-type=\"widget\" data-widget_type=\"text-editor.default\">\n\t\t\t\t<div class=\"elementor-widget-container\">\n\t\t\t\t\t\t\t\t\t<p><strong>C\u00edm:<\/strong>\u00a05600 B\u00e9k\u00e9scsaba, Gyulai \u00fat 32.<\/p><p><strong>Titk\u00e1rs\u00e1gi asszisztens:<\/strong>\u00a0Urb\u00e1nn\u00e9 Kov\u00e1cs \u00c9va<br \/><strong>Telefon:<\/strong>\u00a066\/445-845<\/p><p><strong>Iskolatitk\u00e1rok:\u00a0<\/strong> Zsil\u00e1kn\u00e9 S\u00f3dar Erika, Kmetyk\u00f3 Bianka<br \/><strong>Telefon:<\/strong>\u00a066\/529-382<\/p><p><strong>WEB:<\/strong>\u00a0<a href=\"http:\/\/www.zwackeri.hu\/\">zwackkeri.hu<\/a><br \/><strong>E-mail<\/strong>:\u00a0<a href=\"mailto:zwack@bszc.hu\">zwack@bszc.hu<\/a><\/p><p><strong>\u00dcgyf\u00e9lfogad\u00e1si rend:<\/strong><\/p><div>H\u00e9tf\u0151:\u00a0 \u00a0 8:00 &#8211; 16:00<\/div><div>Kedd:\u00a0 \u00a0 \u00a08:00 &#8211; 16:00<\/div><div>Szerda:\u00a0 \u00a08:00 &#8211; 16:00<\/div><div>Cs\u00fct\u00f6rt\u00f6k: 8:00 &#8211; 16:00<\/div><div>P\u00e9ntek:\u00a0 8:00 &#8211; 14:00<\/div><div>\u00a0<\/div>\t\t\t\t\t\t\t\t<\/div>\n\t\t\t\t<\/div>\n\t\t\t\t\t<\/div>\n\t\t<\/div>\n\t\t\t\t\t<\/div>\n\t\t<\/section>\n\t\t\t\t<\/div>\n\t\t","protected":false},"excerpt":{"rendered":"<p>B\u00e9k\u00e9scsabai SZC Zwack J\u00f3zsef Technikum \u00e9s Szakk\u00e9pz\u0151 Iskola C\u00edm:\u00a05600 B\u00e9k\u00e9scsaba, Gyulai \u00fat 32. Titk\u00e1rs\u00e1gi asszisztens:\u00a0Urb\u00e1nn\u00e9 Kov\u00e1cs \u00c9vaTelefon:\u00a066\/445-845 Iskolatitk\u00e1rok:\u00a0 Zsil\u00e1kn\u00e9 S\u00f3dar Erika, Kmetyk\u00f3 BiankaTelefon:\u00a066\/529-382 WEB:\u00a0zwackkeri.huE-mail:\u00a0zwack@bszc.hu \u00dcgyf\u00e9lfogad\u00e1si rend: H\u00e9tf\u0151:\u00a0 \u00a0 8:00 &#8211; 16:00Kedd:\u00a0 \u00a0 \u00a08:00 &#8211; 16:00Szerda:\u00a0 \u00a08:00 &#8211; 16:00Cs\u00fct\u00f6rt\u00f6k: 8:00 &#8211; 16:00P\u00e9ntek:\u00a0 8:00 &#8211; 14:00\u00a0<\/p>\n","protected":false},"author":4,"featured_media":0,"parent":0,"menu_order":0,"comment_status":"closed","ping_status":"closed","template":"","meta":{"footnotes":""},"class_list":["post-32504","page","type-page","status-publish","hentry"],"_links":{"self":[{"href":"\/index.php\/wp-json\/wp\/v2\/pages\/32504","targetHints":{"allow":["GET"]}}],"collection":[{"href":"\/index.php\/wp-json\/wp\/v2\/pages"}],"about":[{"href":"\/index.php\/wp-json\/wp\/v2\/types\/page"}],"author":[{"embeddable":true,"href":"\/index.php\/wp-json\/wp\/v2\/users\/4"}],"replies":[{"embeddable":true,"href":"\/index.php\/wp-json\/wp\/v2\/comments?post=32504"}],"version-history":[{"count":10,"href":"\/index.php\/wp-json\/wp\/v2\/pages\/32504\/revisions"}],"predecessor-version":[{"id":47066,"href":"\/index.php\/wp-json\/wp\/v2\/pages\/32504\/revisions\/47066"}],"wp:attachment":[{"href":"\/index.php\/wp-json\/wp\/v2\/media?parent=32504"}],"curies":[{"name":"wp","href":"https:\/\/api.w.org\/{rel}","templated":true}]}}