{"id":3101,"date":"2021-03-12T11:41:02","date_gmt":"2021-03-12T10:41:02","guid":{"rendered":"\/?page_id=3101"},"modified":"2023-02-02T08:10:04","modified_gmt":"2023-02-02T07:10:04","slug":"online-jelentkezes-az-erettsegi-utani-kepzeshez","status":"publish","type":"page","link":"\/index.php\/online-jelentkezes-az-erettsegi-utani-kepzeshez\/","title":{"rendered":"Online jelentkez\u00e9s az \u00e9retts\u00e9gi ut\u00e1ni 2 \u00e9ves k\u00e9pz\u00e9sre &#8211; 2022\/2023. tan\u00e9v"},"content":{"rendered":"\t\t<div data-elementor-type=\"wp-page\" data-elementor-id=\"3101\" class=\"elementor elementor-3101\" data-elementor-post-type=\"page\">\n\t\t\t\t\t\t<section class=\"elementor-section elementor-top-section elementor-element elementor-element-076219c elementor-section-boxed elementor-section-height-default elementor-section-height-default\" data-id=\"076219c\" data-element_type=\"section\" data-e-type=\"section\">\n\t\t\t\t\t\t<div class=\"elementor-container elementor-column-gap-default\">\n\t\t\t\t\t<div class=\"elementor-column elementor-col-100 elementor-top-column elementor-element elementor-element-b23e283\" data-id=\"b23e283\" data-element_type=\"column\" data-e-type=\"column\">\n\t\t\t<div class=\"elementor-widget-wrap elementor-element-populated\">\n\t\t\t\t\t\t<div class=\"elementor-element elementor-element-c59760e elementor-widget elementor-widget-spacer\" data-id=\"c59760e\" data-element_type=\"widget\" data-e-type=\"widget\" data-widget_type=\"spacer.default\">\n\t\t\t\t<div class=\"elementor-widget-container\">\n\t\t\t\t\t\t\t<div class=\"elementor-spacer\">\n\t\t\t<div class=\"elementor-spacer-inner\"><\/div>\n\t\t<\/div>\n\t\t\t\t\t\t<\/div>\n\t\t\t\t<\/div>\n\t\t\t\t\t<\/div>\n\t\t<\/div>\n\t\t\t\t\t<\/div>\n\t\t<\/section>\n\t\t\t\t<section class=\"elementor-section elementor-top-section elementor-element elementor-element-9d0aa5b elementor-section-boxed elementor-section-height-default elementor-section-height-default\" data-id=\"9d0aa5b\" data-element_type=\"section\" data-e-type=\"section\">\n\t\t\t\t\t\t<div class=\"elementor-container elementor-column-gap-default\">\n\t\t\t\t\t<div class=\"elementor-column elementor-col-100 elementor-top-column elementor-element elementor-element-d616e4c\" data-id=\"d616e4c\" data-element_type=\"column\" data-e-type=\"column\">\n\t\t\t<div class=\"elementor-widget-wrap elementor-element-populated\">\n\t\t\t\t\t\t<div class=\"elementor-element elementor-element-915351b elementor-widget elementor-widget-heading\" data-id=\"915351b\" data-element_type=\"widget\" data-e-type=\"widget\" data-widget_type=\"heading.default\">\n\t\t\t\t<div class=\"elementor-widget-container\">\n\t\t\t\t\t<h4 class=\"elementor-heading-title elementor-size-default\">Kedves Jelentkez\u0151!<\/h4>\t\t\t\t<\/div>\n\t\t\t\t<\/div>\n\t\t\t\t\t<\/div>\n\t\t<\/div>\n\t\t\t\t\t<\/div>\n\t\t<\/section>\n\t\t\t\t<section class=\"elementor-section elementor-top-section elementor-element elementor-element-96a6f51 elementor-section-boxed elementor-section-height-default elementor-section-height-default\" data-id=\"96a6f51\" data-element_type=\"section\" data-e-type=\"section\">\n\t\t\t\t\t\t<div class=\"elementor-container elementor-column-gap-default\">\n\t\t\t\t\t<div class=\"elementor-column elementor-col-100 elementor-top-column elementor-element elementor-element-4d251c8\" data-id=\"4d251c8\" data-element_type=\"column\" data-e-type=\"column\">\n\t\t\t<div class=\"elementor-widget-wrap elementor-element-populated\">\n\t\t\t\t\t\t<div class=\"elementor-element elementor-element-af0792e elementor-widget elementor-widget-heading\" data-id=\"af0792e\" data-element_type=\"widget\" data-e-type=\"widget\" data-widget_type=\"heading.default\">\n\t\t\t\t<div class=\"elementor-widget-container\">\n\t\t\t\t\t<h2 class=\"elementor-heading-title elementor-size-default\"><p> Ezen az oldalon tud jelentkezni a 2022\/2023-as tan\u00e9vben indul\u00f3 \u00e9retts\u00e9gi ut\u00e1ni k\u00e9pz\u00e9seinkre. <\/p><p>K\u00e9rj\u00fck, hogy a jelentkez\u00e9si \u0171rlapot pontosan, a val\u00f3s\u00e1gnak megfelel\u0151 adatokkal legyen sz\u00edves kit\u00f6lteni!<span style=\"font-family: Montserrat;font-size: 2rem;text-align: left\"><\/span><\/p><\/h2>\t\t\t\t<\/div>\n\t\t\t\t<\/div>\n\t\t\t\t\t<\/div>\n\t\t<\/div>\n\t\t\t\t\t<\/div>\n\t\t<\/section>\n\t\t\t\t<section class=\"elementor-section elementor-top-section elementor-element elementor-element-fc717b7 elementor-section-boxed elementor-section-height-default elementor-section-height-default\" data-id=\"fc717b7\" data-element_type=\"section\" data-e-type=\"section\">\n\t\t\t\t\t\t<div class=\"elementor-container elementor-column-gap-default\">\n\t\t\t\t\t<div class=\"elementor-column elementor-col-100 elementor-top-column elementor-element elementor-element-0d1370c\" data-id=\"0d1370c\" data-element_type=\"column\" data-e-type=\"column\">\n\t\t\t<div class=\"elementor-widget-wrap elementor-element-populated\">\n\t\t\t\t\t\t<div class=\"elementor-element elementor-element-b0d4ad6 elementor-widget elementor-widget-heading\" data-id=\"b0d4ad6\" data-element_type=\"widget\" data-e-type=\"widget\" data-widget_type=\"heading.default\">\n\t\t\t\t<div class=\"elementor-widget-container\">\n\t\t\t\t\t<h4 class=\"elementor-heading-title elementor-size-default\">K\u00f6sz\u00f6nj\u00fck!<\/h4>\t\t\t\t<\/div>\n\t\t\t\t<\/div>\n\t\t\t\t\t<\/div>\n\t\t<\/div>\n\t\t\t\t\t<\/div>\n\t\t<\/section>\n\t\t\t\t<section class=\"elementor-section elementor-top-section elementor-element elementor-element-91cf971 elementor-section-boxed elementor-section-height-default elementor-section-height-default\" data-id=\"91cf971\" data-element_type=\"section\" data-e-type=\"section\">\n\t\t\t\t\t\t<div class=\"elementor-container elementor-column-gap-default\">\n\t\t\t\t\t<div class=\"elementor-column elementor-col-100 elementor-top-column elementor-element elementor-element-34a6d97\" data-id=\"34a6d97\" data-element_type=\"column\" data-e-type=\"column\">\n\t\t\t<div class=\"elementor-widget-wrap elementor-element-populated\">\n\t\t\t\t\t\t<div class=\"elementor-element elementor-element-553839e elementor-widget elementor-widget-text-editor\" data-id=\"553839e\" data-element_type=\"widget\" data-e-type=\"widget\" data-widget_type=\"text-editor.default\">\n\t\t\t\t<div class=\"elementor-widget-container\">\n\t\t\t\t\t\t\t\t\t<div id=\"erf_form_container_3096\" class=\"erf-container erf-contact erf-label-top erf-layout-one-column erf-style-rounded-corner\">\n        \n    \n         \n                    <div class=\"erf-content-above\">\n                            <\/div>\n            <form method=\"post\" enctype=\"multipart\/form-data\" class=\"erf-form erf-front-form\" data-parsley-validate=\"\" novalidate=\"true\" data-erf-submission-id=\"0\" data-erf-form-id=\"3096\">\n                <div class=\"erf-form-html\" id=\"erf_form_3096\">\n                    <div class=\"rendered-form\">\n                        <div class=\"erf-header erf-element-width-12\"><h2  data-non-input='1' data-ref-label='Heading1' data-ref-id='header-gwgt4jt2' class='' >V\u00e1lasztott szakma<\/h2><\/div><div class=\"erf-richtext erf-element-width-12\"><div data-non-input='1' data-ref-label='V\u00e1laszt\u00e1s' data-ref-id='richtext-olsvkzyc' class='erf-rich-text' ><p>K\u00e9rj\u00fck v\u00e1lassza ki a leg\u00f6rd\u00fcl\u0151 men\u00fcb\u0151l, hogy milyen szakm\u00e1t szeretne tanulni!<\/p>\n<p>K\u00e9rj\u00fck, hogy csak 1 szakm\u00e1t v\u00e1lasszon!<\/p><\/div><\/div><div class=\"erf-select form-group field-field-fhOiIClOWoEcsa9 erf-element-width-12\"><label for=\"field-fhOiIClOWoEcsa9\" class=\"erf-select-label\">Technikum<\/label><select data-ref-label='Select4' class='form-control' name='field-fhOiIClOWoEcsa9' id='field-fhOiIClOWoEcsa9'  ><option value=\"\"><\/option><option value=\"Cukr\u00e1sz szaktechnikus (5 1013 23 02)\">Cukr\u00e1sz szaktechnikus (5 1013 23 02)<\/option><option value=\"Dekorat\u0151r (5 0212 16 7)\">Dekorat\u0151r (5 0212 16 7)<\/option><option value=\"\u00c9lelmiszer-ellen\u0151rz\u00e9si technikus (5 0721 05 03)\">\u00c9lelmiszer-ellen\u0151rz\u00e9si technikus (5 0721 05 03)<\/option><option value=\"Keresked\u0151 \u00e9s web\u00e1ruh\u00e1zi technikus (5 0416 13 03)\">Keresked\u0151 \u00e9s web\u00e1ruh\u00e1zi technikus (5 0416 13 03)<\/option><option value=\"S\u00fct\u0151- \u00e9s cukr\u00e1szipari technikus (5 0721 05 13)\">S\u00fct\u0151- \u00e9s cukr\u00e1szipari technikus (5 0721 05 13)<\/option><option value=\"Szak\u00e1cs szaktechnikus (5 1013 23 06)\">Szak\u00e1cs szaktechnikus (5 1013 23 06)<\/option><option value=\"Turisztikai technikus (5 1015 23 07)\">Turisztikai technikus (5 1015 23 07)<\/option><option value=\"Vend\u00e9gt\u00e9ri szaktechnikus (5 1013 23 08)\">Vend\u00e9gt\u00e9ri szaktechnikus (5 1013 23 08)<\/option><option value=\"Fitness-wellness instruktor (5 1014 20 01)\">Fitness-wellness instruktor (5 1014 20 01)<\/option><\/select><\/div><div class=\"erf-select form-group field-field-2WW5mBfClCzyTCW erf-element-width-12\"><label for=\"field-2WW5mBfClCzyTCW\" class=\"erf-select-label\">Szakk\u00e9pz\u0151 iskola<\/label><select data-ref-label='Select5' class='form-control' name='field-2WW5mBfClCzyTCW' id='field-2WW5mBfClCzyTCW'  ><option value=\"\"><\/option><option value=\"Cukr\u00e1sz (4 1013 23 01)\">Cukr\u00e1sz (4 1013 23 01)<\/option><option value=\"Kereskedelmi \u00e9rt\u00e9kes\u00edt\u0151 (4 0416 13 02)\">Kereskedelmi \u00e9rt\u00e9kes\u00edt\u0151 (4 0416 13 02)<\/option><option value=\"P\u00e9k-cukr\u00e1sz (4 0721 05 12)\">P\u00e9k-cukr\u00e1sz (4 0721 05 12)<\/option><option value=\"Pinc\u00e9r-vend\u00e9gt\u00e9ri szakember (4 1013 23 04)\">Pinc\u00e9r-vend\u00e9gt\u00e9ri szakember (4 1013 23 04)<\/option><option value=\"Szak\u00e1cs (4 1013 23 05)\">Szak\u00e1cs (4 1013 23 05)<\/option><option value=\"Panzi\u00f3s-Fogad\u00f3s (4 1013 23 03)\">Panzi\u00f3s-Fogad\u00f3s (4 1013 23 03)<\/option><option value=\"P\u00e9k (4 0721 05 11)\">P\u00e9k (4 0721 05 11)<\/option><\/select><\/div><div class=\"erf-separator erf-element-width-12\"><div data-non-input='1' custom-type='spacer' data-ref-label='Separator1' class='spacer' data-ref-id='separator-ry8yfqqo' >Separator1<\/div><\/div><div class=\"erf-header erf-element-width-12\"><h2  data-non-input='1' data-ref-label='Heading2' data-ref-id='header-qwwdqeey' class='' >Jelentkez\u0151 adatai<\/h2><\/div><div class=\"erf-text form-group field-text-122988002336 erf-element-width-12\"><label for=\"text-122988002336\" class=\"erf-text-label\">Jelentkez\u0151 neve<span class=\"erf-required\">*<\/span><\/label><input type='text' maxlength='50' required='required' class='form-control' name='text-122988002336' data-ref-label='First_Name' id='text-122988002336'  \/><\/div><div class=\"erf-text form-group field-field-nEXN7DWMcY0Fbzs erf-element-width-12\"><label for=\"field-nEXN7DWMcY0Fbzs\" class=\"erf-text-label\">\u00c9desanyja le\u00e1nykori neve<span class=\"erf-required\">*<\/span><\/label><input type='text' data-ref-label='Text_Field4' class='form-control' name='field-nEXN7DWMcY0Fbzs' required='required' id='field-nEXN7DWMcY0Fbzs'  \/><\/div><div class=\"erf-text form-group field-text-165657886163 erf-element-width-12\"><label for=\"text-165657886163\" class=\"erf-text-label\">Sz\u00fclet\u00e9si hely<span class=\"erf-required\">*<\/span><\/label><input type='text' required='required' maxlength='50' class='form-control' name='text-165657886163' data-ref-label='Last_Name' id='text-165657886163'  \/><\/div><div class=\"erf-text form-group field-field-59hiKnZApsC6LDk erf-element-width-12\"><label for=\"field-59hiKnZApsC6LDk\" class=\"erf-text-label\">Sz\u00fclet\u00e9si id\u0151<span class=\"erf-required\">*<\/span><\/label><input type='text' data-ref-label='Text_Field3' class='form-control' name='field-59hiKnZApsC6LDk' required='required' id='field-59hiKnZApsC6LDk'  \/><\/div><div class=\"erf-text form-group field-field-7WntBFEdrzNTiRE erf-element-width-12\"><label for=\"field-7WntBFEdrzNTiRE\" class=\"erf-text-label\">Lakc\u00edm<span class=\"erf-required\">*<\/span><\/label><input type='text' data-ref-label='Text_Field5' class='form-control' name='field-7WntBFEdrzNTiRE' required='required' id='field-7WntBFEdrzNTiRE'  \/><\/div><div class=\"erf-text form-group field-field-mzVm73TyBslqYoy erf-element-width-12\"><label for=\"field-mzVm73TyBslqYoy\" class=\"erf-text-label\">Telefonsz\u00e1m<span class=\"erf-required\">*<\/span><\/label><input type='text' data-ref-label='TextField9' class='form-control' name='field-mzVm73TyBslqYoy' required='required' id='field-mzVm73TyBslqYoy'  \/><\/div><div class=\"erf-email form-group field-text-22129256083 erf-element-width-12\"><label for=\"text-22129256083\" class=\"erf-email-label\">E-mail c\u00edm<span class=\"erf-required\">*<\/span><\/label><input type='email' required='required' class='form-control' name='text-22129256083' data-ref-label='Email' id='text-22129256083'  \/><\/div><div class=\"erf-text form-group field-field-TMZYi6hPIhLXza3 erf-element-width-12\"><label for=\"field-TMZYi6hPIhLXza3\" class=\"erf-text-label\">Oktat\u00e1si azonos\u00edt\u00f3 sz\u00e1m (11 jegy\u0171)<span class=\"erf-required\">*<\/span><\/label><input type='text' data-ref-label='Text_Field9' class='form-control' name='field-TMZYi6hPIhLXza3' required='required' id='field-TMZYi6hPIhLXza3'  \/><\/div><div class=\"erf-text form-group field-field-VSudSSCgIgSeual erf-element-width-12\"><label for=\"field-VSudSSCgIgSeual\" class=\"erf-text-label\">El\u0151z\u0151 k\u00f6z\u00e9piskola neve<span class=\"erf-required\">*<\/span><\/label><input type='text' data-ref-label='Text_Field6' class='form-control' name='field-VSudSSCgIgSeual' required='required' id='field-VSudSSCgIgSeual'  \/><\/div><div class=\"erf-select form-group field-field-UmfZnRWaliIje63 erf-element-width-12\"><label for=\"field-UmfZnRWaliIje63\" class=\"erf-select-label\">Szakk\u00e9pes\u00edt\u00e9ssel rendelkezik-e<span class=\"erf-required\">*<\/span><\/label><select data-ref-label='Select1' class='form-control' name='field-UmfZnRWaliIje63' required='required' id='field-UmfZnRWaliIje63'  ><option value=\"Value\"><\/option><option value=\"Igen\">Igen<\/option><option value=\"Nem\">Nem<\/option><\/select><\/div><div class=\"erf-text form-group field-field-pRp5UwUAKTMB0tA erf-element-width-12\"><label for=\"field-pRp5UwUAKTMB0tA\" class=\"erf-text-label\">Szakma megnevez\u00e9se \u00e9s sz\u00e1ma<span class=\"erf-required\">*<\/span><\/label><input type='text' data-ref-label='Text_Field7' class='form-control' name='field-pRp5UwUAKTMB0tA' required='required' id='field-pRp5UwUAKTMB0tA'  \/><\/div><div class=\"erf-select form-group field-field-rvkgnkhmThzTdsP erf-element-width-12\"><label for=\"field-rvkgnkhmThzTdsP\" class=\"erf-select-label\">Kor\u00e1bban melyik nyelvet tanulta?<span class=\"erf-required\">*<\/span><\/label><select data-ref-label='Select2' class='form-control' name='field-rvkgnkhmThzTdsP' required='required' id='field-rvkgnkhmThzTdsP'  ><option value=\"Value\"><\/option><option value=\"angol\">angol<\/option><option value=\"n\u00e9met\">n\u00e9met<\/option><\/select><\/div><div class=\"erf-richtext erf-element-width-12\"><div data-non-input='1' data-ref-label='\u00c9retts\u00e9gi m\u00e1solat' data-ref-id='richtext-hctdger7' class='erf-rich-text' ><p>A jelentkez\u00e9si laphoz mell\u00e9kelnie kell az \u00e9retts\u00e9gi bizony\u00edtv\u00e1ny\u00e1nak m\u00e1solat\u00e1t.\u00a0<\/p>\n<p>K\u00e9rj\u00fck, hogy csak j\u00f3 min\u0151s\u00e9g\u0171, j\u00f3l olvashat\u00f3 k\u00e9pet t\u00f6lts\u00f6n fel a bizony\u00edtv\u00e1ny\u00e1r\u00f3l!<\/p><\/div><\/div><div class=\"erf-file form-group field-field-e7cI4jPruUBS8UG erf-element-width-12\"><label for=\"field-e7cI4jPruUBS8UG\" class=\"erf-file-label\">\u00c9retts\u00e9gi bizony\u00edtv\u00e1ny m\u00e1solata<\/label><input type='file' data-ref-label='File_Upload1' class='form-control' name='field-e7cI4jPruUBS8UG' id='field-e7cI4jPruUBS8UG'  \/><\/div><div class=\"erf-richtext erf-element-width-12\"><div data-non-input='1' data-ref-label='RichText3' data-ref-id='richtext-azgj2ybn' class='erf-rich-text' ><p><strong>Felel\u0151ss\u00e9gem tudat\u00e1ban kijelentem, hogy a jelentkez\u00e9si lapon szerepl\u0151 adatok a val\u00f3s\u00e1gnak megfelelnek. Nyilatkozom, hogy hozz\u00e1j\u00e1rulok a bemutatott okiratok m\u00e1solat\u00e1nak elk\u00e9sz\u00edt\u00e9s\u00e9hez.<\/strong><\/p><\/div><\/div><div class=\"erf-richtext erf-element-width-12\"><div data-non-input='1' data-ref-label='RichText4' data-ref-id='richtext-suu7bg0d' class='erf-rich-text' ><p>Tisztelt Jelentkez\u0151! T\u00e1j\u00e9koztatjuk, hogy a jelentkez\u00e9s sor\u00e1n a szem\u00e9lyes adatok kezel\u00e9s\u00e9re az \u00e1ltal\u00e1nos adatv\u00e9delmi rendeletben (Az Eur\u00f3pai Parlament \u00e9s a Tan\u00e1cs 2016\/679 Rendelete, a tov\u00e1bbiakban: GDPR) az inform\u00e1ci\u00f3s \u00f6nrendelkez\u00e9si jogr\u00f3l \u00e9s inform\u00e1ci\u00f3szabads\u00e1gr\u00f3l sz\u00f3l\u00f3 2011. \u00e9vi CXII. t\u00f6rv\u00e9nyben, az oktat\u00e1si nyilv\u00e1ntart\u00e1sr\u00f3l sz\u00f3l\u00f3 2018. \u00e9vi LXXXIX. t\u00f6rv\u00e9nyben (a tov\u00e1bbiakban: Onytv.) meghat\u00e1rozott rendelkez\u00e9sek alapj\u00e1n ker\u00fcl sor. Az adatkezel\u00e9s jogalapja a GDPR 6. cikk (1) bekezd\u00e9s c) \u00e9s e) pontja alapj\u00e1n az adatkezel\u0151re vonatkoz\u00f3 jogi k\u00f6telezetts\u00e9g teljes\u00edt\u00e9se.<\/p><\/div><\/div><div class=\"erf-button form-group field-button-4303875095 erf-element-width-12\"><button type='submit'class='btn btn-default'name='button-4303875095'data-ref-label='Send'id='button-4303875095'>K\u00fcld\u00e9s<\/button><\/div>                    <\/div> \n                <\/div>    \n\n                <div class=\"erf-external-form-elements\">\n                    \n                    \n                    \n\n                    \n                                        <div class=\"erf-errors\" style=\"display:none\">\n                        <span class=\"erf-errors-head erf-error-row\">Error occured. Please confirm your data and submit again:<\/span>\n                        <div class=\"erf-errors-body\">\n                                                    <\/div> \n                    <\/div>\n\n                <\/div>\n                <!-- Contains multipage Next,Previous buttons -->\n                <div class=\"erf-form-nav clearfix\"><\/div> \n\n                <!-- Single page form button -->\n                <div class=\"erf-submit-button clearfix\"><\/div>\n\n\n                <input type=\"hidden\" name=\"erform_id\" value=\"3096\" \/>\n                <input type=\"hidden\" id=\"erform_submission_nonce\" name=\"erform_submission_nonce\" value=\"4682f9ebdc\" \/><input type=\"hidden\" name=\"_wp_http_referer\" value=\"\/index.php\/wp-json\/wp\/v2\/pages\/3101\" \/>                <input type=\"hidden\" name=\"action\" value=\"erf_submit_form\" \/>\n\n            <\/form>\n            \n<\/div>\n\t\t\t\t\t\t\t\t<\/div>\n\t\t\t\t<\/div>\n\t\t\t\t\t<\/div>\n\t\t<\/div>\n\t\t\t\t\t<\/div>\n\t\t<\/section>\n\t\t\t\t<\/div>\n\t\t","protected":false},"excerpt":{"rendered":"<p>Kedves Jelentkez\u0151! Ezen az oldalon tud jelentkezni a 2022\/2023-as tan\u00e9vben indul\u00f3 \u00e9retts\u00e9gi ut\u00e1ni k\u00e9pz\u00e9seinkre. K\u00e9rj\u00fck, hogy a jelentkez\u00e9si \u0171rlapot pontosan, a val\u00f3s\u00e1gnak megfelel\u0151 adatokkal legyen sz\u00edves kit\u00f6lteni! K\u00f6sz\u00f6nj\u00fck!<\/p>\n","protected":false},"author":4,"featured_media":0,"parent":0,"menu_order":0,"comment_status":"closed","ping_status":"closed","template":"","meta":{"footnotes":""},"class_list":["post-3101","page","type-page","status-publish","hentry"],"_links":{"self":[{"href":"\/index.php\/wp-json\/wp\/v2\/pages\/3101","targetHints":{"allow":["GET"]}}],"collection":[{"href":"\/index.php\/wp-json\/wp\/v2\/pages"}],"about":[{"href":"\/index.php\/wp-json\/wp\/v2\/types\/page"}],"author":[{"embeddable":true,"href":"\/index.php\/wp-json\/wp\/v2\/users\/4"}],"replies":[{"embeddable":true,"href":"\/index.php\/wp-json\/wp\/v2\/comments?post=3101"}],"version-history":[{"count":29,"href":"\/index.php\/wp-json\/wp\/v2\/pages\/3101\/revisions"}],"predecessor-version":[{"id":22283,"href":"\/index.php\/wp-json\/wp\/v2\/pages\/3101\/revisions\/22283"}],"wp:attachment":[{"href":"\/index.php\/wp-json\/wp\/v2\/media?parent=3101"}],"curies":[{"name":"wp","href":"https:\/\/api.w.org\/{rel}","templated":true}]}}