{"id":288,"date":"2020-04-08T13:48:16","date_gmt":"2020-04-08T12:48:16","guid":{"rendered":"\/?page_id=288"},"modified":"2020-10-18T14:16:21","modified_gmt":"2020-10-18T13:16:21","slug":"0316-panzios-fogados-turizmus-vendeglatas-agazat","status":"publish","type":"page","link":"\/index.php\/szakkepzo-iskola\/0316-panzios-fogados-turizmus-vendeglatas-agazat\/","title":{"rendered":"0316 Panzi\u00f3s-fogad\u00f3s"},"content":{"rendered":"\t\t<div data-elementor-type=\"wp-page\" data-elementor-id=\"288\" class=\"elementor elementor-288\" data-elementor-post-type=\"page\">\n\t\t\t\t\t\t<section class=\"elementor-section elementor-top-section elementor-element elementor-element-bfb58ad elementor-section-boxed elementor-section-height-default elementor-section-height-default\" data-id=\"bfb58ad\" data-element_type=\"section\" data-e-type=\"section\">\n\t\t\t\t\t\t<div class=\"elementor-container elementor-column-gap-default\">\n\t\t\t\t\t<div class=\"elementor-column elementor-col-100 elementor-top-column elementor-element elementor-element-26a0267\" data-id=\"26a0267\" data-element_type=\"column\" data-e-type=\"column\">\n\t\t\t<div class=\"elementor-widget-wrap elementor-element-populated\">\n\t\t\t\t\t\t<div class=\"elementor-element elementor-element-63d771f elementor-widget elementor-widget-text-editor\" data-id=\"63d771f\" data-element_type=\"widget\" data-e-type=\"widget\" data-widget_type=\"text-editor.default\">\n\t\t\t\t<div class=\"elementor-widget-container\">\n\t\t\t\t\t\t\t\t\t<p>A vend\u00e9gl\u00e1t\u00e1s \u00e1gazatba tartoz\u00f3 <b>panzi\u00f3s-fogad\u00f3s<\/b> 3 \u00e9ves k\u00e9pz\u00e9s\u00fcnk rendk\u00edv\u00fcl szerte\u00e1gaz\u00f3 feladatok megold\u00e1s\u00e1ra k\u00e9sz\u00edti fel a fiatalokat. A fogad\u00f3s a vend\u00e9g meg\u00e9rkez\u00e9s\u00e9t\u0151l a t\u00e1voz\u00e1s\u00e1ig, szinte minden mozzanatban r\u00e9szt v\u00e1llal. Megtanulj\u00e1k a vend\u00e9gl\u00e1t\u00f3helyek \u00fczemeltet\u00e9s\u00e9nek, a vend\u00e9gekkel val\u00f3 udvarias kapcsolattart\u00e1snak a mik\u00e9ntj\u00e9t. A panzi\u00f3s-fogad\u00f3s a vend\u00e9gl\u00e1t\u00e1s ter\u00fclet\u00e9n szerepl\u0151 \u00f6sszes r\u00e9szt vev\u0151 munk\u00e1j\u00e1ra r\u00e1l\u00e1t, \u00f6sszehangol, szervez \u2013 k\u00f6zvet\u00edt a vend\u00e9g \u00e9s a munkat\u00e1rsak k\u00f6z\u00f6tt. Keresi a vend\u00e9g kedv\u00e9t, hisz tudja: a kiszolg\u00e1lt vend\u00e9g, megel\u00e9gedett vend\u00e9g!<\/p>\t\t\t\t\t\t\t\t<\/div>\n\t\t\t\t<\/div>\n\t\t\t\t\t<\/div>\n\t\t<\/div>\n\t\t\t\t\t<\/div>\n\t\t<\/section>\n\t\t\t\t<section class=\"elementor-section elementor-top-section elementor-element elementor-element-b016589 elementor-section-boxed elementor-section-height-default elementor-section-height-default\" data-id=\"b016589\" data-element_type=\"section\" data-e-type=\"section\">\n\t\t\t\t\t\t<div class=\"elementor-container elementor-column-gap-default\">\n\t\t\t\t\t<div class=\"elementor-column elementor-col-100 elementor-top-column elementor-element elementor-element-6a1300d\" data-id=\"6a1300d\" data-element_type=\"column\" data-e-type=\"column\">\n\t\t\t<div class=\"elementor-widget-wrap elementor-element-populated\">\n\t\t\t\t\t\t<div class=\"elementor-element elementor-element-3798b5d elementor-widget elementor-widget-text-editor\" data-id=\"3798b5d\" data-element_type=\"widget\" data-e-type=\"widget\" data-widget_type=\"text-editor.default\">\n\t\t\t\t<div class=\"elementor-widget-container\">\n\t\t\t\t\t\t\t\t\t<p>KOMPETENCIAELV\u00c1R\u00c1S<\/p>\t\t\t\t\t\t\t\t<\/div>\n\t\t\t\t<\/div>\n\t\t\t\t\t<\/div>\n\t\t<\/div>\n\t\t\t\t\t<\/div>\n\t\t<\/section>\n\t\t\t\t<section class=\"elementor-section elementor-top-section elementor-element elementor-element-ffdaff4 elementor-section-boxed elementor-section-height-default elementor-section-height-default\" data-id=\"ffdaff4\" data-element_type=\"section\" data-e-type=\"section\">\n\t\t\t\t\t\t<div class=\"elementor-container elementor-column-gap-default\">\n\t\t\t\t\t<div class=\"elementor-column elementor-col-100 elementor-top-column elementor-element elementor-element-5499b53\" data-id=\"5499b53\" data-element_type=\"column\" data-e-type=\"column\">\n\t\t\t<div class=\"elementor-widget-wrap elementor-element-populated\">\n\t\t\t\t\t\t<div class=\"elementor-element elementor-element-b507e43 elementor-widget elementor-widget-text-editor\" data-id=\"b507e43\" data-element_type=\"widget\" data-e-type=\"widget\" data-widget_type=\"text-editor.default\">\n\t\t\t\t<div class=\"elementor-widget-container\">\n\t\t\t\t\t\t\t\t\t<p style=\"box-sizing: border-box; margin: 10px 0px; padding: 0px; outline: none; font-size: 18px; line-height: normal; font-weight: 400; text-align: justify; color: #003b43; font-family: Alegreya; font-style: normal; font-variant-ligatures: normal; font-variant-caps: normal; letter-spacing: normal; orphans: 2; text-indent: 0px; text-transform: none; white-space: normal; widows: 2; word-spacing: 0px; -webkit-text-stroke-width: 0px; background-color: #ffffff; text-decoration-style: initial; text-decoration-color: initial;\">Sz\u00e9lesk\u00f6r\u0171 t\u00e1j\u00e9kozotts\u00e1g, j\u00f3 kommunik\u00e1ci\u00f3s k\u00e9szs\u00e9g, probl\u00e9mamegold\u00f3 k\u00e9pess\u00e9g, vend\u00e9gszeretet, szervez\u0151k\u00e9pess\u00e9g.<\/p>\t\t\t\t\t\t\t\t<\/div>\n\t\t\t\t<\/div>\n\t\t\t\t\t<\/div>\n\t\t<\/div>\n\t\t\t\t\t<\/div>\n\t\t<\/section>\n\t\t\t\t<section class=\"elementor-section elementor-top-section elementor-element elementor-element-9ae544f elementor-section-boxed elementor-section-height-default elementor-section-height-default\" data-id=\"9ae544f\" data-element_type=\"section\" data-e-type=\"section\">\n\t\t\t\t\t\t<div class=\"elementor-container elementor-column-gap-default\">\n\t\t\t\t\t<div class=\"elementor-column elementor-col-100 elementor-top-column elementor-element elementor-element-2fa9060\" data-id=\"2fa9060\" data-element_type=\"column\" data-e-type=\"column\">\n\t\t\t<div class=\"elementor-widget-wrap elementor-element-populated\">\n\t\t\t\t\t\t<div class=\"elementor-element elementor-element-8e37fa7 elementor-widget elementor-widget-text-editor\" data-id=\"8e37fa7\" data-element_type=\"widget\" data-e-type=\"widget\" data-widget_type=\"text-editor.default\">\n\t\t\t\t<div class=\"elementor-widget-container\">\n\t\t\t\t\t\t\t\t\t<p>A SZAKK\u00c9PZETTS\u00c9GGEL RENDELKEZ\u0150<\/p>\t\t\t\t\t\t\t\t<\/div>\n\t\t\t\t<\/div>\n\t\t\t\t\t<\/div>\n\t\t<\/div>\n\t\t\t\t\t<\/div>\n\t\t<\/section>\n\t\t\t\t<section class=\"elementor-section elementor-top-section elementor-element elementor-element-84f3a64 elementor-section-boxed elementor-section-height-default elementor-section-height-default\" data-id=\"84f3a64\" data-element_type=\"section\" data-e-type=\"section\">\n\t\t\t\t\t\t<div class=\"elementor-container elementor-column-gap-default\">\n\t\t\t\t\t<div class=\"elementor-column elementor-col-100 elementor-top-column elementor-element elementor-element-48cf5a8\" data-id=\"48cf5a8\" data-element_type=\"column\" data-e-type=\"column\">\n\t\t\t<div class=\"elementor-widget-wrap elementor-element-populated\">\n\t\t\t\t\t\t<div class=\"elementor-element elementor-element-c6d5481 elementor-widget elementor-widget-text-editor\" data-id=\"c6d5481\" data-element_type=\"widget\" data-e-type=\"widget\" data-widget_type=\"text-editor.default\">\n\t\t\t\t<div class=\"elementor-widget-container\">\n\t\t\t\t\t\t\t\t\t<ul>\n<li>\u00fczemelteti a vend\u00e9gl\u00e1t\u00f3helyet;<\/li>\n<li>marketig tev\u00e9kenys\u00e9get v\u00e9gez;<\/li>\n<li>vend\u00e9gekkel, partnerekkel kapcsolatot tart;<\/li>\n<li>konyh\u00e1t \u00fczemeltet;<\/li>\n<li>karbantart\u00e1sokat biztos\u00edtja;<\/li>\n<li>\u00fcgyel a vend\u00e9gl\u00e1t\u00f3hely k\u00f6rnyezet\u00e9re;<\/li>\n<li>takar\u00edt\u00e1st folyamatosan prec\u00edzen biztos\u00edtja;<\/li>\n<li>vend\u00e9gek sz\u00e1m\u00e1ra programokat szervez;<\/li>\n<li>logisztikai feladatokat ell\u00e1t;<\/li>\n<li>gazd\u00e1lkod\u00e1si \u00e9s p\u00e9nz\u00fcgyi \u00fcgyeket int\u00e9z;<\/li>\n<li>munkav\u00e9delmi, balesetv\u00e9delmi, t\u0171z \u00e9s k\u00f6rnyezetv\u00e9delmi el\u0151\u00edr\u00e1sokat betartja \u00e9s betartatja;<\/li>\n<li>ir\u00e1ny\u00edtja, szervezi \u00e9s \u00e9rt\u00e9keli a munkat\u00e1rsak munk\u00e1j\u00e1t;<\/li>\n<li>kapcsolatot tart m\u00e1s szolg\u00e1ltat\u00f3kkal, m\u00e1s sz\u00e1ll\u00e1sad\u00f3kkal partneri viszonyt kialak\u00edtva m\u0171k\u00f6dteti a vend\u00e9gl\u00e1t\u00f3 egys\u00e9g\u00e9t.<\/li>\n<\/ul>\t\t\t\t\t\t\t\t<\/div>\n\t\t\t\t<\/div>\n\t\t\t\t\t<\/div>\n\t\t<\/div>\n\t\t\t\t\t<\/div>\n\t\t<\/section>\n\t\t\t\t<section class=\"elementor-section elementor-top-section elementor-element elementor-element-54fc6bad elementor-section-boxed elementor-section-height-default elementor-section-height-default\" data-id=\"54fc6bad\" data-element_type=\"section\" data-e-type=\"section\">\n\t\t\t\t\t\t<div class=\"elementor-container elementor-column-gap-default\">\n\t\t\t\t\t<div class=\"elementor-column elementor-col-100 elementor-top-column elementor-element elementor-element-492b047e\" data-id=\"492b047e\" data-element_type=\"column\" data-e-type=\"column\">\n\t\t\t<div class=\"elementor-widget-wrap elementor-element-populated\">\n\t\t\t\t\t\t<div class=\"elementor-element elementor-element-6528a2d8 elementor-widget elementor-widget-text-editor\" data-id=\"6528a2d8\" data-element_type=\"widget\" data-e-type=\"widget\" data-widget_type=\"text-editor.default\">\n\t\t\t\t<div class=\"elementor-widget-container\">\n\t\t\t\t\t\t\t\t\t<p><\/p>\n<p><\/p>\n<p><\/p>\n<div><span style=\"color: #003b43; font-family: Alegreya; font-size: 18px; text-align: justify;\">Aj\u00e1nlott minden fiatal sz\u00e1m\u00e1ra, aki a vend\u00e9gl\u00e1t\u00e1sban tal\u00e1lja meg azokat a kih\u00edv\u00e1sokat, amelyek \u00e9rdeklik. Szereti a vend\u00e9geket, a turisztikai-vend\u00e9gl\u00e1t\u00f3 tev\u00e9kenys\u00e9get hossz\u00fa t\u00e1vra tervezi.<\/span><\/div>\n<p><\/p>\t\t\t\t\t\t\t\t<\/div>\n\t\t\t\t<\/div>\n\t\t\t\t\t<\/div>\n\t\t<\/div>\n\t\t\t\t\t<\/div>\n\t\t<\/section>\n\t\t\t\t<\/div>\n\t\t","protected":false},"excerpt":{"rendered":"<p>A vend\u00e9gl\u00e1t\u00e1s \u00e1gazatba tartoz\u00f3 panzi\u00f3s-fogad\u00f3s 3 \u00e9ves k\u00e9pz\u00e9s\u00fcnk rendk\u00edv\u00fcl szerte\u00e1gaz\u00f3 feladatok megold\u00e1s\u00e1ra k\u00e9sz\u00edti fel a fiatalokat. A fogad\u00f3s a vend\u00e9g meg\u00e9rkez\u00e9s\u00e9t\u0151l a t\u00e1voz\u00e1s\u00e1ig, szinte minden mozzanatban r\u00e9szt v\u00e1llal. Megtanulj\u00e1k a vend\u00e9gl\u00e1t\u00f3helyek \u00fczemeltet\u00e9s\u00e9nek, a vend\u00e9gekkel val\u00f3 udvarias kapcsolattart\u00e1snak a mik\u00e9ntj\u00e9t. A panzi\u00f3s-fogad\u00f3s a vend\u00e9gl\u00e1t\u00e1s ter\u00fclet\u00e9n szerepl\u0151 \u00f6sszes r\u00e9szt vev\u0151 munk\u00e1j\u00e1ra r\u00e1l\u00e1t, \u00f6sszehangol, szervez \u2013 k\u00f6zvet\u00edt a [&hellip;]<\/p>\n","protected":false},"author":4,"featured_media":757,"parent":180,"menu_order":0,"comment_status":"closed","ping_status":"closed","template":"","meta":{"footnotes":""},"class_list":["post-288","page","type-page","status-publish","has-post-thumbnail","hentry"],"_links":{"self":[{"href":"\/index.php\/wp-json\/wp\/v2\/pages\/288","targetHints":{"allow":["GET"]}}],"collection":[{"href":"\/index.php\/wp-json\/wp\/v2\/pages"}],"about":[{"href":"\/index.php\/wp-json\/wp\/v2\/types\/page"}],"author":[{"embeddable":true,"href":"\/index.php\/wp-json\/wp\/v2\/users\/4"}],"replies":[{"embeddable":true,"href":"\/index.php\/wp-json\/wp\/v2\/comments?post=288"}],"version-history":[{"count":6,"href":"\/index.php\/wp-json\/wp\/v2\/pages\/288\/revisions"}],"predecessor-version":[{"id":1706,"href":"\/index.php\/wp-json\/wp\/v2\/pages\/288\/revisions\/1706"}],"up":[{"embeddable":true,"href":"\/index.php\/wp-json\/wp\/v2\/pages\/180"}],"wp:featuredmedia":[{"embeddable":true,"href":"\/index.php\/wp-json\/wp\/v2\/media\/757"}],"wp:attachment":[{"href":"\/index.php\/wp-json\/wp\/v2\/media?parent=288"}],"curies":[{"name":"wp","href":"https:\/\/api.w.org\/{rel}","templated":true}]}}