{"id":284,"date":"2020-04-08T13:45:39","date_gmt":"2020-04-08T12:45:39","guid":{"rendered":"\/?page_id=284"},"modified":"2020-10-18T14:12:50","modified_gmt":"2020-10-18T13:12:50","slug":"0314-pincer-vendegteri-szakember-turizmus-vendeglatas-agazat","status":"publish","type":"page","link":"\/index.php\/szakkepzo-iskola\/0314-pincer-vendegteri-szakember-turizmus-vendeglatas-agazat\/","title":{"rendered":"0314 Pinc\u00e9r-vend\u00e9gt\u00e9ri szakember"},"content":{"rendered":"\t\t<div data-elementor-type=\"wp-page\" data-elementor-id=\"284\" class=\"elementor elementor-284\" data-elementor-post-type=\"page\">\n\t\t\t\t\t\t<section class=\"elementor-section elementor-top-section elementor-element elementor-element-708a169 elementor-section-boxed elementor-section-height-default elementor-section-height-default\" data-id=\"708a169\" data-element_type=\"section\" data-e-type=\"section\">\n\t\t\t\t\t\t<div class=\"elementor-container elementor-column-gap-default\">\n\t\t\t\t\t<div class=\"elementor-column elementor-col-100 elementor-top-column elementor-element elementor-element-a32a339\" data-id=\"a32a339\" data-element_type=\"column\" data-e-type=\"column\">\n\t\t\t<div class=\"elementor-widget-wrap elementor-element-populated\">\n\t\t\t\t\t\t<div class=\"elementor-element elementor-element-a7de7ce elementor-widget elementor-widget-text-editor\" data-id=\"a7de7ce\" data-element_type=\"widget\" data-e-type=\"widget\" data-widget_type=\"text-editor.default\">\n\t\t\t\t<div class=\"elementor-widget-container\">\n\t\t\t\t\t\t\t\t\t<p>A vend\u00e9gl\u00e1t\u00e1s m\u00e1r az ajt\u00f3ban elkezd\u0151dik \u2013 tudja is ezt a talpraesett pinc\u00e9r, aki szorosan egy\u00fcttm\u0171k\u00f6dik a szak\u00e1ccsal. A turizmus-vend\u00e9gl\u00e1t\u00e1s \u00e1gazat szakmacsoport <strong>pinc\u00e9r \u2013 vend\u00e9gt\u00e9ri szakember<\/strong> elnevez\u00e9s\u0171 szakm\u00e1ja 3 \u00e9v alatt szerezhet\u0151 meg.\u00a0 Ide azokat a fiatalokat v\u00e1rjuk, akik j\u00f3 kommunik\u00e1ci\u00f3s- \u00e9s\u00a0 helyzetfelismer\u0151k\u00e9szs\u00e9ggel rendelkeznek, de a probl\u00e9mamegold\u00f3 k\u00e9pess\u00e9g\u00fck, \u00e1ll\u00f3k\u00e9pess\u00e9g\u00fck, stresszt\u0171r\u0151k\u00e9pess\u00e9g\u00fck is igen csak a hely\u00e9n van, j\u00f3l terhelhet\u0151k, empatikusak \u00e9s j\u00f3l egy\u00fctt tudnak m\u0171k\u00f6dni a vend\u00e9gl\u00e1t\u00f3egys\u00e9g m\u00e1s dolgoz\u00f3ival. A kreat\u00edv ter\u00edt\u00e9sek, rendel\u00e9sfelv\u00e9tel, kiszolg\u00e1l\u00e1s tudnival\u00f3i mellett elsaj\u00e1t\u00edthatj\u00e1k a barista, bartender \u00e9s sommelier tev\u00e9kenys\u00e9gek fort\u00e9lyait is. \u00cdgy ak\u00e1r egy magas sz\u00ednvonal\u00fa k\u00fclf\u00f6ldi vend\u00e9gl\u00e1t\u00f3helyen is meg\u00e1llhatj\u00e1k hely\u00fcket.<\/p>\t\t\t\t\t\t\t\t<\/div>\n\t\t\t\t<\/div>\n\t\t\t\t\t<\/div>\n\t\t<\/div>\n\t\t\t\t\t<\/div>\n\t\t<\/section>\n\t\t\t\t<section class=\"elementor-section elementor-top-section elementor-element elementor-element-fcc27a8 elementor-section-boxed elementor-section-height-default elementor-section-height-default\" data-id=\"fcc27a8\" data-element_type=\"section\" data-e-type=\"section\">\n\t\t\t\t\t\t<div class=\"elementor-container elementor-column-gap-default\">\n\t\t\t\t\t<div class=\"elementor-column elementor-col-100 elementor-top-column elementor-element elementor-element-3497a01\" data-id=\"3497a01\" data-element_type=\"column\" data-e-type=\"column\">\n\t\t\t<div class=\"elementor-widget-wrap elementor-element-populated\">\n\t\t\t\t\t\t<div class=\"elementor-element elementor-element-1d1f65a elementor-widget elementor-widget-text-editor\" data-id=\"1d1f65a\" data-element_type=\"widget\" data-e-type=\"widget\" data-widget_type=\"text-editor.default\">\n\t\t\t\t<div class=\"elementor-widget-container\">\n\t\t\t\t\t\t\t\t\t<p>KOMPETENCIAELV\u00c1R\u00c1S<\/p>\t\t\t\t\t\t\t\t<\/div>\n\t\t\t\t<\/div>\n\t\t\t\t\t<\/div>\n\t\t<\/div>\n\t\t\t\t\t<\/div>\n\t\t<\/section>\n\t\t\t\t<section class=\"elementor-section elementor-top-section elementor-element elementor-element-880d274 elementor-section-boxed elementor-section-height-default elementor-section-height-default\" data-id=\"880d274\" data-element_type=\"section\" data-e-type=\"section\">\n\t\t\t\t\t\t<div class=\"elementor-container elementor-column-gap-default\">\n\t\t\t\t\t<div class=\"elementor-column elementor-col-100 elementor-top-column elementor-element elementor-element-0676512\" data-id=\"0676512\" data-element_type=\"column\" data-e-type=\"column\">\n\t\t\t<div class=\"elementor-widget-wrap elementor-element-populated\">\n\t\t\t\t\t\t<div class=\"elementor-element elementor-element-a690825 elementor-widget elementor-widget-text-editor\" data-id=\"a690825\" data-element_type=\"widget\" data-e-type=\"widget\" data-widget_type=\"text-editor.default\">\n\t\t\t\t<div class=\"elementor-widget-container\">\n\t\t\t\t\t\t\t\t\t<p style=\"box-sizing: border-box; margin: 10px 0px; padding: 0px; outline: none; font-size: 18px; line-height: normal; font-weight: 400; text-align: justify; color: #003b43; font-family: Alegreya; font-style: normal; font-variant-ligatures: normal; font-variant-caps: normal; letter-spacing: normal; orphans: 2; text-indent: 0px; text-transform: none; white-space: normal; widows: 2; word-spacing: 0px; -webkit-text-stroke-width: 0px; background-color: #ffffff; text-decoration-style: initial; text-decoration-color: initial;\">J\u00f3 kommunik\u00e1ci\u00f3s k\u00e9szs\u00e9g, j\u00f3 probl\u00e9mamegold\u00f3 k\u00e9pess\u00e9g, \u00e1ll\u00f3k\u00e9pess\u00e9g, nagy terhelhet\u0151s\u00e9g, j\u00f3 stresszt\u0171r\u0151 k\u00e9pess\u00e9g, emp\u00e1tia, j\u00f3 szervez\u0151k\u00e9szs\u00e9g, egy\u00fcttm\u0171k\u00f6d\u0151 k\u00e9pess\u00e9g.<\/p>\t\t\t\t\t\t\t\t<\/div>\n\t\t\t\t<\/div>\n\t\t\t\t\t<\/div>\n\t\t<\/div>\n\t\t\t\t\t<\/div>\n\t\t<\/section>\n\t\t\t\t<section class=\"elementor-section elementor-top-section elementor-element elementor-element-9a6af27 elementor-section-boxed elementor-section-height-default elementor-section-height-default\" data-id=\"9a6af27\" data-element_type=\"section\" data-e-type=\"section\">\n\t\t\t\t\t\t<div class=\"elementor-container elementor-column-gap-default\">\n\t\t\t\t\t<div class=\"elementor-column elementor-col-100 elementor-top-column elementor-element elementor-element-e023edb\" data-id=\"e023edb\" data-element_type=\"column\" data-e-type=\"column\">\n\t\t\t<div class=\"elementor-widget-wrap elementor-element-populated\">\n\t\t\t\t\t\t<div class=\"elementor-element elementor-element-809c19f elementor-widget elementor-widget-text-editor\" data-id=\"809c19f\" data-element_type=\"widget\" data-e-type=\"widget\" data-widget_type=\"text-editor.default\">\n\t\t\t\t<div class=\"elementor-widget-container\">\n\t\t\t\t\t\t\t\t\t<p>A SZAKK\u00c9PZETTS\u00c9GGEL RENDELKEZ\u0150<\/p>\t\t\t\t\t\t\t\t<\/div>\n\t\t\t\t<\/div>\n\t\t\t\t\t<\/div>\n\t\t<\/div>\n\t\t\t\t\t<\/div>\n\t\t<\/section>\n\t\t\t\t<section class=\"elementor-section elementor-top-section elementor-element elementor-element-ec22331 elementor-section-boxed elementor-section-height-default elementor-section-height-default\" data-id=\"ec22331\" data-element_type=\"section\" data-e-type=\"section\">\n\t\t\t\t\t\t<div class=\"elementor-container elementor-column-gap-default\">\n\t\t\t\t\t<div class=\"elementor-column elementor-col-100 elementor-top-column elementor-element elementor-element-0c33f4c\" data-id=\"0c33f4c\" data-element_type=\"column\" data-e-type=\"column\">\n\t\t\t<div class=\"elementor-widget-wrap elementor-element-populated\">\n\t\t\t\t\t\t<div class=\"elementor-element elementor-element-8aab62d elementor-widget elementor-widget-text-editor\" data-id=\"8aab62d\" data-element_type=\"widget\" data-e-type=\"widget\" data-widget_type=\"text-editor.default\">\n\t\t\t\t<div class=\"elementor-widget-container\">\n\t\t\t\t\t\t\t\t\t<ul>\n<li>elv\u00e9gzi az \u00fczemeltet\u00e9ssel kapcsolatos teend\u0151ket;<\/li>\n<li>figyelemmel k\u00eds\u00e9ri az \u00e1ruk\u00e9szletet, r\u00e9szt vesz az \u00e1ru szakszer\u0171 min\u0151s\u00e9gi \u00e9s mennyis\u00e9gi \u00e1tv\u00e9tel\u00e9ben, t\u00e1rol\u00e1s\u00e1ban \u00e9s dokument\u00e1l\u00e1s\u00e1ban;<\/li>\n<li>ismerteti a v\u00e1laszt\u00e9kot, \u00e9teleket aj\u00e1nl az allerg\u00e9nek figyelembev\u00e9tel\u00e9vel, italokat aj\u00e1nl, azokat p\u00e1ros\u00edtja a vend\u00e9g \u00e1ltal megrendelt \u00e9telekhez;<\/li>\n<li>felveszi a rendel\u00e9st;<\/li>\n<li>felszolg\u00e1l;<\/li>\n<li>a k\u00fcl\u00f6nb\u00f6z\u0151 felszolg\u00e1l\u00e1si rendszerek \u00e9s az egys\u00e9g ig\u00e9nyeinek figyelembev\u00e9tel\u00e9vel el\u0151k\u00e9sz\u00edti a felszolg\u00e1l\u00e1shoz sz\u00fcks\u00e9ges eszk\u00f6z\u00f6ket, elk\u00e9sz\u00edti az italokat, majd szakszer\u0171en kiviszi az \u00e9teleket, italokat a vend\u00e9gek asztal\u00e1hoz;<\/li>\n<li>barista, bartender, sommelier tev\u00e9kenys\u00e9get v\u00e9gez;<\/li>\n<li>figyelemmel k\u00eds\u00e9ri a vend\u00e9gek k\u00e9r\u00e9seit, a vend\u00e9gek \u00e9tkez\u00e9se sor\u00e1n kommunik\u00e1l, t\u00e1j\u00e9koz\u00f3dik el\u00e9gedetts\u00e9g\u00fckr\u0151l;<\/li>\n<li>megszervezi a saj\u00e1t \u00e9s beosztott munkat\u00e1rsai munk\u00e1j\u00e1t, ellen\u0151rzi azt, ki\u00e1ll\u00edtja a sz\u00e1ml\u00e1t, kezeli a p\u00e9nzt\u00e1rg\u00e9pet, \u00e9ttermi szoftvert.<\/li>\n<\/ul>\t\t\t\t\t\t\t\t<\/div>\n\t\t\t\t<\/div>\n\t\t\t\t\t<\/div>\n\t\t<\/div>\n\t\t\t\t\t<\/div>\n\t\t<\/section>\n\t\t\t\t<section class=\"elementor-section elementor-top-section elementor-element elementor-element-6dddf9e2 elementor-section-boxed elementor-section-height-default elementor-section-height-default\" data-id=\"6dddf9e2\" data-element_type=\"section\" data-e-type=\"section\">\n\t\t\t\t\t\t<div class=\"elementor-container elementor-column-gap-default\">\n\t\t\t\t\t<div class=\"elementor-column elementor-col-100 elementor-top-column elementor-element elementor-element-71fb6f17\" data-id=\"71fb6f17\" data-element_type=\"column\" data-e-type=\"column\">\n\t\t\t<div class=\"elementor-widget-wrap elementor-element-populated\">\n\t\t\t\t\t\t<div class=\"elementor-element elementor-element-2d9a35bb elementor-widget elementor-widget-text-editor\" data-id=\"2d9a35bb\" data-element_type=\"widget\" data-e-type=\"widget\" data-widget_type=\"text-editor.default\">\n\t\t\t\t<div class=\"elementor-widget-container\">\n\t\t\t\t\t\t\t\t\t<p><\/p>\n<p><\/p>\n<p><\/p>\n<div><span style=\"color: #003b43; font-family: Alegreya; font-size: 18px; text-align: justify;\">Azoknak a fiataloknak aj\u00e1nljuk, akiket \u00e9rdekel a vend\u00e9gl\u00e1t\u00e1s ter\u00fclete, a szervez\u00e9s \u00e9s logisztika, valamint szeretnek emberekkel dolgozni. A szakk\u00e9pzetts\u00e9ggel a v\u00e9gzett szakemberek kiv\u00e1l\u00f3an el tudnak helyezkedni a munkaer\u0151piacon. A v\u00e9gzett fiatalok sz\u00e1m\u00e1ra nyitva van az \u00fat a szakir\u00e1ny\u00fa tanulm\u00e1nyok folytat\u00e1s\u00e1ra.<\/span><\/div>\n<p><\/p>\t\t\t\t\t\t\t\t<\/div>\n\t\t\t\t<\/div>\n\t\t\t\t\t<\/div>\n\t\t<\/div>\n\t\t\t\t\t<\/div>\n\t\t<\/section>\n\t\t\t\t<\/div>\n\t\t","protected":false},"excerpt":{"rendered":"<p>A vend\u00e9gl\u00e1t\u00e1s m\u00e1r az ajt\u00f3ban elkezd\u0151dik \u2013 tudja is ezt a talpraesett pinc\u00e9r, aki szorosan egy\u00fcttm\u0171k\u00f6dik a szak\u00e1ccsal. A turizmus-vend\u00e9gl\u00e1t\u00e1s \u00e1gazat szakmacsoport pinc\u00e9r \u2013 vend\u00e9gt\u00e9ri szakember elnevez\u00e9s\u0171 szakm\u00e1ja 3 \u00e9v alatt szerezhet\u0151 meg.\u00a0 Ide azokat a fiatalokat v\u00e1rjuk, akik j\u00f3 kommunik\u00e1ci\u00f3s- \u00e9s\u00a0 helyzetfelismer\u0151k\u00e9szs\u00e9ggel rendelkeznek, de a probl\u00e9mamegold\u00f3 k\u00e9pess\u00e9g\u00fck, \u00e1ll\u00f3k\u00e9pess\u00e9g\u00fck, stresszt\u0171r\u0151k\u00e9pess\u00e9g\u00fck is igen csak a hely\u00e9n [&hellip;]<\/p>\n","protected":false},"author":4,"featured_media":753,"parent":180,"menu_order":0,"comment_status":"closed","ping_status":"closed","template":"","meta":{"footnotes":""},"class_list":["post-284","page","type-page","status-publish","has-post-thumbnail","hentry"],"_links":{"self":[{"href":"\/index.php\/wp-json\/wp\/v2\/pages\/284","targetHints":{"allow":["GET"]}}],"collection":[{"href":"\/index.php\/wp-json\/wp\/v2\/pages"}],"about":[{"href":"\/index.php\/wp-json\/wp\/v2\/types\/page"}],"author":[{"embeddable":true,"href":"\/index.php\/wp-json\/wp\/v2\/users\/4"}],"replies":[{"embeddable":true,"href":"\/index.php\/wp-json\/wp\/v2\/comments?post=284"}],"version-history":[{"count":6,"href":"\/index.php\/wp-json\/wp\/v2\/pages\/284\/revisions"}],"predecessor-version":[{"id":1702,"href":"\/index.php\/wp-json\/wp\/v2\/pages\/284\/revisions\/1702"}],"up":[{"embeddable":true,"href":"\/index.php\/wp-json\/wp\/v2\/pages\/180"}],"wp:featuredmedia":[{"embeddable":true,"href":"\/index.php\/wp-json\/wp\/v2\/media\/753"}],"wp:attachment":[{"href":"\/index.php\/wp-json\/wp\/v2\/media?parent=284"}],"curies":[{"name":"wp","href":"https:\/\/api.w.org\/{rel}","templated":true}]}}