{"id":280,"date":"2020-04-08T13:40:23","date_gmt":"2020-04-08T12:40:23","guid":{"rendered":"\/?page_id=280"},"modified":"2020-10-18T14:09:19","modified_gmt":"2020-10-18T13:09:19","slug":"0312-pek-cukrasz-elelmiszeripar-agazat","status":"publish","type":"page","link":"\/index.php\/szakkepzo-iskola\/0312-pek-cukrasz-elelmiszeripar-agazat\/","title":{"rendered":"0312 P\u00e9k-cukr\u00e1sz"},"content":{"rendered":"\t\t<div data-elementor-type=\"wp-page\" data-elementor-id=\"280\" class=\"elementor elementor-280\" data-elementor-post-type=\"page\">\n\t\t\t\t\t\t<section class=\"elementor-section elementor-top-section elementor-element elementor-element-edb3339 elementor-section-boxed elementor-section-height-default elementor-section-height-default\" data-id=\"edb3339\" data-element_type=\"section\" data-e-type=\"section\">\n\t\t\t\t\t\t<div class=\"elementor-container elementor-column-gap-default\">\n\t\t\t\t\t<div class=\"elementor-column elementor-col-100 elementor-top-column elementor-element elementor-element-da95def\" data-id=\"da95def\" data-element_type=\"column\" data-e-type=\"column\">\n\t\t\t<div class=\"elementor-widget-wrap elementor-element-populated\">\n\t\t\t\t\t\t<div class=\"elementor-element elementor-element-07e4086 elementor-widget elementor-widget-text-editor\" data-id=\"07e4086\" data-element_type=\"widget\" data-e-type=\"widget\" data-widget_type=\"text-editor.default\">\n\t\t\t\t<div class=\"elementor-widget-container\">\n\t\t\t\t\t\t\t\t\t<p>Iskol\u00e1nkban az \u00e9lelmiszeripar \u00e1gazatban az egyik legr\u00e9gebbi szakma fort\u00e9lyait tanulhatj\u00e1k meg a 3 \u00e9ves <strong>p\u00e9k \u2013 cukr\u00e1sz technikus<\/strong> k\u00e9pz\u00e9st v\u00e1laszt\u00f3k. Az ism\u00e9t egyre nagyobb megbecs\u00fclts\u00e9gnek \u00f6rvend\u0151 szakm\u00e1t v\u00e1laszt\u00f3 p\u00e9kek munk\u00e1j\u00e1t manaps\u00e1g m\u00e1r korszer\u0171 g\u00e9pek \u00e9s technol\u00f3gi\u00e1k seg\u00edtik. Az eg\u00e9szs\u00e9ges \u00e9letm\u00f3d n\u00e9lk\u00fcl\u00f6zhetetlen alapterm\u00e9keit \u00e1ll\u00edtj\u00e1k el\u0151 a j\u00f3l k\u00e9pzett szakemberek. A v\u00e1s\u00e1rl\u00f3k a p\u00e9ks\u00e9gekben is keresik a cukr\u00e1szipari term\u00e9keket, illetve ford\u00edtva: a cukr\u00e1szatok is egyre t\u00f6bb s\u00fct\u0151ipari term\u00e9ket vesznek fel k\u00edn\u00e1latukba. A sokr\u00e9t\u0171 szakmai tud\u00e1ssal rendelkez\u0151 szakemberekre nagy sz\u00fcks\u00e9g van a munkaer\u0151piacon. A technikusi k\u00e9pz\u00e9s sor\u00e1n a szakmai alapok mellett olyan magas szint\u0171 szakmai tapasztalatot szerezhetnek tanul\u00f3ink, melyre egyre nagyobb sz\u00fcks\u00e9ge van a v\u00e1llalkoz\u00e1soknak, p\u00e9ld\u00e1ul a min\u0151s\u00e9gbiztos\u00edt\u00e1sban. De a sokr\u00e9t\u0171 szakmai tud\u00e1ssal rendelkez\u0151 szakemberekre egyre nagyobb a kereslet a k\u00e9zm\u0171ves-, bio- \u00e9s reformterm\u00e9keket el\u0151\u00e1ll\u00edt\u00f3 v\u00e1llalkoz\u00e1sokn\u00e1l is.<\/p>\t\t\t\t\t\t\t\t<\/div>\n\t\t\t\t<\/div>\n\t\t\t\t\t<\/div>\n\t\t<\/div>\n\t\t\t\t\t<\/div>\n\t\t<\/section>\n\t\t\t\t<section class=\"elementor-section elementor-top-section elementor-element elementor-element-33d52fa elementor-section-boxed elementor-section-height-default elementor-section-height-default\" data-id=\"33d52fa\" data-element_type=\"section\" data-e-type=\"section\">\n\t\t\t\t\t\t<div class=\"elementor-container elementor-column-gap-default\">\n\t\t\t\t\t<div class=\"elementor-column elementor-col-100 elementor-top-column elementor-element elementor-element-14e271e\" data-id=\"14e271e\" data-element_type=\"column\" data-e-type=\"column\">\n\t\t\t<div class=\"elementor-widget-wrap elementor-element-populated\">\n\t\t\t\t\t\t<div class=\"elementor-element elementor-element-dccd39f elementor-widget elementor-widget-text-editor\" data-id=\"dccd39f\" data-element_type=\"widget\" data-e-type=\"widget\" data-widget_type=\"text-editor.default\">\n\t\t\t\t<div class=\"elementor-widget-container\">\n\t\t\t\t\t\t\t\t\t<p>KOMPETENCIAELV\u00c1R\u00c1S<\/p>\t\t\t\t\t\t\t\t<\/div>\n\t\t\t\t<\/div>\n\t\t\t\t\t<\/div>\n\t\t<\/div>\n\t\t\t\t\t<\/div>\n\t\t<\/section>\n\t\t\t\t<section class=\"elementor-section elementor-top-section elementor-element elementor-element-6db66f4 elementor-section-boxed elementor-section-height-default elementor-section-height-default\" data-id=\"6db66f4\" data-element_type=\"section\" data-e-type=\"section\">\n\t\t\t\t\t\t<div class=\"elementor-container elementor-column-gap-default\">\n\t\t\t\t\t<div class=\"elementor-column elementor-col-100 elementor-top-column elementor-element elementor-element-a0e9f22\" data-id=\"a0e9f22\" data-element_type=\"column\" data-e-type=\"column\">\n\t\t\t<div class=\"elementor-widget-wrap elementor-element-populated\">\n\t\t\t\t\t\t<div class=\"elementor-element elementor-element-4769411 elementor-widget elementor-widget-text-editor\" data-id=\"4769411\" data-element_type=\"widget\" data-e-type=\"widget\" data-widget_type=\"text-editor.default\">\n\t\t\t\t<div class=\"elementor-widget-container\">\n\t\t\t\t\t\t\t\t\t<p style=\"box-sizing: border-box; margin: 10px 0px; padding: 0px; outline: none; font-size: 18px; line-height: normal; font-weight: 400; text-align: justify; color: #003b43; font-family: Alegreya; font-style: normal; font-variant-ligatures: normal; font-variant-caps: normal; letter-spacing: normal; orphans: 2; text-indent: 0px; text-transform: none; white-space: normal; widows: 2; word-spacing: 0px; -webkit-text-stroke-width: 0px; background-color: #ffffff; text-decoration-style: initial; text-decoration-color: initial;\">K\u00e9z\u00fcgyess\u00e9g, \u00e1ll\u00f3k\u00e9pess\u00e9g, \u00edz\u00e9rz\u00e9kel\u00e9s, sz\u00ednl\u00e1t\u00e1s, csapatmunka.<\/p>\t\t\t\t\t\t\t\t<\/div>\n\t\t\t\t<\/div>\n\t\t\t\t\t<\/div>\n\t\t<\/div>\n\t\t\t\t\t<\/div>\n\t\t<\/section>\n\t\t\t\t<section class=\"elementor-section elementor-top-section elementor-element elementor-element-3ab0d7b elementor-section-boxed elementor-section-height-default elementor-section-height-default\" data-id=\"3ab0d7b\" data-element_type=\"section\" data-e-type=\"section\">\n\t\t\t\t\t\t<div class=\"elementor-container elementor-column-gap-default\">\n\t\t\t\t\t<div class=\"elementor-column elementor-col-100 elementor-top-column elementor-element elementor-element-7d7b8c0\" data-id=\"7d7b8c0\" data-element_type=\"column\" data-e-type=\"column\">\n\t\t\t<div class=\"elementor-widget-wrap elementor-element-populated\">\n\t\t\t\t\t\t<div class=\"elementor-element elementor-element-17392aa elementor-widget elementor-widget-text-editor\" data-id=\"17392aa\" data-element_type=\"widget\" data-e-type=\"widget\" data-widget_type=\"text-editor.default\">\n\t\t\t\t<div class=\"elementor-widget-container\">\n\t\t\t\t\t\t\t\t\t<p>A SZAKK\u00c9PZETTS\u00c9GGEL RENDELKEZ\u0150<\/p>\t\t\t\t\t\t\t\t<\/div>\n\t\t\t\t<\/div>\n\t\t\t\t\t<\/div>\n\t\t<\/div>\n\t\t\t\t\t<\/div>\n\t\t<\/section>\n\t\t\t\t<section class=\"elementor-section elementor-top-section elementor-element elementor-element-d02a617 elementor-section-boxed elementor-section-height-default elementor-section-height-default\" data-id=\"d02a617\" data-element_type=\"section\" data-e-type=\"section\">\n\t\t\t\t\t\t<div class=\"elementor-container elementor-column-gap-default\">\n\t\t\t\t\t<div class=\"elementor-column elementor-col-100 elementor-top-column elementor-element elementor-element-f91c1e7\" data-id=\"f91c1e7\" data-element_type=\"column\" data-e-type=\"column\">\n\t\t\t<div class=\"elementor-widget-wrap elementor-element-populated\">\n\t\t\t\t\t\t<div class=\"elementor-element elementor-element-dda387e elementor-widget elementor-widget-text-editor\" data-id=\"dda387e\" data-element_type=\"widget\" data-e-type=\"widget\" data-widget_type=\"text-editor.default\">\n\t\t\t\t<div class=\"elementor-widget-container\">\n\t\t\t\t\t\t\t\t\t<ul>\n<li>cukr\u00e1sztechnol\u00f3giai alapm\u0171veleteket v\u00e9gez;<\/li>\n<li>cukr\u00e1szati f\u00e9lk\u00e9szterm\u00e9keket k\u00e9sz\u00edt;<\/li>\n<li>cukr\u00e1szati k\u00e9szterm\u00e9keket k\u00e9sz\u00edt;<\/li>\n<li>d\u00edsz\u00edt\u0151 m\u0171veleteket v\u00e9gez;<\/li>\n<li>fagylaltot, parf\u00e9t k\u00e9sz\u00edt;<\/li>\n<li>poh\u00e1rkr\u00e9met k\u00e9sz\u00edt;<\/li>\n<li>s\u00fct\u0151ipari nyersanyagokat el\u0151k\u00e9sz\u00edt;<\/li>\n<li>p\u00e9ks\u00fctem\u00e9nyeket \u00e9s finom p\u00e9k\u00e1rukat k\u00e9sz\u00edt;<\/li>\n<li>c\u00e9lzott t\u00e1pl\u00e1lkoz\u00e1si ig\u00e9nyt kiel\u00e9g\u00edt\u0151 term\u00e9keket k\u00e9sz\u00edt;<\/li>\n<li>s\u00fct\u0151ipari \u00e9s cukr\u00e1szati term\u00e9keket min\u0151s\u00edt;<\/li>\n<li>min\u0151s\u00e9gbiztos\u00edt\u00e1si dokumentumokat vezet;<\/li>\n<li>min\u0151s\u00e9gbiztos\u00edt\u00e1si ellen\u0151rz\u00e9seket v\u00e9gez;<\/li>\n<li>a technol\u00f3giai berendez\u00e9seket, g\u00e9peket be\u00e1ll\u00edt, \u00fczemeltet;<\/li>\n<li>gondoskodik a mell\u00e9kterm\u00e9kek felhaszn\u00e1l\u00e1s\u00e1r\u00f3l;<\/li>\n<li>v\u00e1llalkoz\u00e1st ind\u00edt, m\u0171k\u00f6dtet.<\/li>\n<\/ul>\t\t\t\t\t\t\t\t<\/div>\n\t\t\t\t<\/div>\n\t\t\t\t\t<\/div>\n\t\t<\/div>\n\t\t\t\t\t<\/div>\n\t\t<\/section>\n\t\t\t\t<section class=\"elementor-section elementor-top-section elementor-element elementor-element-17ff2ab7 elementor-section-boxed elementor-section-height-default elementor-section-height-default\" data-id=\"17ff2ab7\" data-element_type=\"section\" data-e-type=\"section\">\n\t\t\t\t\t\t<div class=\"elementor-container elementor-column-gap-default\">\n\t\t\t\t\t<div class=\"elementor-column elementor-col-100 elementor-top-column elementor-element elementor-element-59e69467\" data-id=\"59e69467\" data-element_type=\"column\" data-e-type=\"column\">\n\t\t\t<div class=\"elementor-widget-wrap elementor-element-populated\">\n\t\t\t\t\t\t<div class=\"elementor-element elementor-element-7d3b1604 elementor-widget elementor-widget-text-editor\" data-id=\"7d3b1604\" data-element_type=\"widget\" data-e-type=\"widget\" data-widget_type=\"text-editor.default\">\n\t\t\t\t<div class=\"elementor-widget-container\">\n\t\t\t\t\t\t\t\t\t<p><\/p>\n<p><\/p>\n<p><\/p>\n<div><span style=\"color: #003b43; font-family: Alegreya; font-size: 18px; text-align: justify;\">Aj\u00e1nlott minden fiatal sz\u00e1m\u00e1ra, akit \u00e9rdekelnek az \u00e9dess\u00e9gek, a s\u00fctem\u00e9nyk\u00e9sz\u00edt\u00e9s, a keny\u00e9rf\u00e9l\u00e9k \u00e9s p\u00e9ks\u00fctem\u00e9nyek el\u0151\u00e1ll\u00edt\u00e1sa.<\/span><\/div>\n<p><\/p>\t\t\t\t\t\t\t\t<\/div>\n\t\t\t\t<\/div>\n\t\t\t\t\t<\/div>\n\t\t<\/div>\n\t\t\t\t\t<\/div>\n\t\t<\/section>\n\t\t\t\t<\/div>\n\t\t","protected":false},"excerpt":{"rendered":"<p>Iskol\u00e1nkban az \u00e9lelmiszeripar \u00e1gazatban az egyik legr\u00e9gebbi szakma fort\u00e9lyait tanulhatj\u00e1k meg a 3 \u00e9ves p\u00e9k \u2013 cukr\u00e1sz technikus k\u00e9pz\u00e9st v\u00e1laszt\u00f3k. Az ism\u00e9t egyre nagyobb megbecs\u00fclts\u00e9gnek \u00f6rvend\u0151 szakm\u00e1t v\u00e1laszt\u00f3 p\u00e9kek munk\u00e1j\u00e1t manaps\u00e1g m\u00e1r korszer\u0171 g\u00e9pek \u00e9s technol\u00f3gi\u00e1k seg\u00edtik. Az eg\u00e9szs\u00e9ges \u00e9letm\u00f3d n\u00e9lk\u00fcl\u00f6zhetetlen alapterm\u00e9keit \u00e1ll\u00edtj\u00e1k el\u0151 a j\u00f3l k\u00e9pzett szakemberek. A v\u00e1s\u00e1rl\u00f3k a p\u00e9ks\u00e9gekben is keresik a [&hellip;]<\/p>\n","protected":false},"author":4,"featured_media":749,"parent":180,"menu_order":0,"comment_status":"closed","ping_status":"closed","template":"","meta":{"footnotes":""},"class_list":["post-280","page","type-page","status-publish","has-post-thumbnail","hentry"],"_links":{"self":[{"href":"\/index.php\/wp-json\/wp\/v2\/pages\/280","targetHints":{"allow":["GET"]}}],"collection":[{"href":"\/index.php\/wp-json\/wp\/v2\/pages"}],"about":[{"href":"\/index.php\/wp-json\/wp\/v2\/types\/page"}],"author":[{"embeddable":true,"href":"\/index.php\/wp-json\/wp\/v2\/users\/4"}],"replies":[{"embeddable":true,"href":"\/index.php\/wp-json\/wp\/v2\/comments?post=280"}],"version-history":[{"count":6,"href":"\/index.php\/wp-json\/wp\/v2\/pages\/280\/revisions"}],"predecessor-version":[{"id":1700,"href":"\/index.php\/wp-json\/wp\/v2\/pages\/280\/revisions\/1700"}],"up":[{"embeddable":true,"href":"\/index.php\/wp-json\/wp\/v2\/pages\/180"}],"wp:featuredmedia":[{"embeddable":true,"href":"\/index.php\/wp-json\/wp\/v2\/media\/749"}],"wp:attachment":[{"href":"\/index.php\/wp-json\/wp\/v2\/media?parent=280"}],"curies":[{"name":"wp","href":"https:\/\/api.w.org\/{rel}","templated":true}]}}