{"id":274,"date":"2020-04-08T13:35:57","date_gmt":"2020-04-08T12:35:57","guid":{"rendered":"\/?page_id=274"},"modified":"2023-01-23T14:04:45","modified_gmt":"2023-01-23T13:04:45","slug":"0311-kereskedelmi-ertekesito-kereskedelem-agazat","status":"publish","type":"page","link":"\/index.php\/szakkepzo-iskola\/0311-kereskedelmi-ertekesito-kereskedelem-agazat\/","title":{"rendered":"0311 Kereskedelmi \u00e9rt\u00e9kes\u00edt\u0151"},"content":{"rendered":"\t\t<div data-elementor-type=\"wp-page\" data-elementor-id=\"274\" class=\"elementor elementor-274\" data-elementor-post-type=\"page\">\n\t\t\t\t\t\t<section class=\"elementor-section elementor-top-section elementor-element elementor-element-7dcc7c7 elementor-section-boxed elementor-section-height-default elementor-section-height-default\" data-id=\"7dcc7c7\" data-element_type=\"section\" data-e-type=\"section\">\n\t\t\t\t\t\t<div class=\"elementor-container elementor-column-gap-default\">\n\t\t\t\t\t<div class=\"elementor-column elementor-col-100 elementor-top-column elementor-element elementor-element-f429e34\" data-id=\"f429e34\" data-element_type=\"column\" data-e-type=\"column\">\n\t\t\t<div class=\"elementor-widget-wrap elementor-element-populated\">\n\t\t\t\t\t\t<div class=\"elementor-element elementor-element-4c03c98 elementor-widget elementor-widget-text-editor\" data-id=\"4c03c98\" data-element_type=\"widget\" data-e-type=\"widget\" data-widget_type=\"text-editor.default\">\n\t\t\t\t<div class=\"elementor-widget-container\">\n\t\t\t\t\t\t\t\t\t<p>A kereskedelem \u00e1gazat 3 \u00e9ves k\u00e9pz\u00e9se a <b>kereskedelmi \u00e9rt\u00e9kes\u00edt\u0151<\/b>, szakk\u00e9pzetts\u00e9g megszerz\u00e9s\u00e9vel z\u00e1rul. A klasszikus elad\u00f3i, \u00e1rubeszerz\u0151i ismeretek mellett korszer\u0171 elad\u00e1stechnik\u00e1k, \u00e9rt\u00e9kes\u00edt\u00e9si strat\u00e9gi\u00e1k, eszt\u00e9tikus csomagol\u00e1stechnik\u00e1k elsaj\u00e1t\u00edt\u00e1s\u00e1t is megtanulhatja n\u00e1lunk, aki ezt a szakm\u00e1t v\u00e1lasztja. A kor h\u00edv\u00f3 szav\u00e1nak megfelel\u0151en m\u00e1r nem csak a k\u00f6zvetlen, hanem az online \u00e9rt\u00e9kes\u00edt\u00e9s is meghat\u00e1rozott keretek k\u00f6z\u00f6tt zajlik. Az \u00e1ltal\u00e1nos kereskedelmi folyamatok megismer\u00e9se mellett a marketing, a logisztika, az arculattervez\u00e9s \u00e9s a magas szint\u0171 informatikai tud\u00e1s megszerz\u00e9se is szerepel k\u00e9pz\u00e9s\u00fcnk sor\u00e1n.&nbsp;<\/p>\t\t\t\t\t\t\t\t<\/div>\n\t\t\t\t<\/div>\n\t\t\t\t\t<\/div>\n\t\t<\/div>\n\t\t\t\t\t<\/div>\n\t\t<\/section>\n\t\t\t\t<section class=\"elementor-section elementor-top-section elementor-element elementor-element-5c6fb8d elementor-section-boxed elementor-section-height-default elementor-section-height-default\" data-id=\"5c6fb8d\" data-element_type=\"section\" data-e-type=\"section\">\n\t\t\t\t\t\t<div class=\"elementor-container elementor-column-gap-default\">\n\t\t\t\t\t<div class=\"elementor-column elementor-col-100 elementor-top-column elementor-element elementor-element-62d5359\" data-id=\"62d5359\" data-element_type=\"column\" data-e-type=\"column\">\n\t\t\t<div class=\"elementor-widget-wrap elementor-element-populated\">\n\t\t\t\t\t\t<div class=\"elementor-element elementor-element-bec38f0 elementor-widget elementor-widget-text-editor\" data-id=\"bec38f0\" data-element_type=\"widget\" data-e-type=\"widget\" data-widget_type=\"text-editor.default\">\n\t\t\t\t<div class=\"elementor-widget-container\">\n\t\t\t\t\t\t\t\t\t<p>KOMPETENCIAELV\u00c1R\u00c1S<\/p>\t\t\t\t\t\t\t\t<\/div>\n\t\t\t\t<\/div>\n\t\t\t\t\t<\/div>\n\t\t<\/div>\n\t\t\t\t\t<\/div>\n\t\t<\/section>\n\t\t\t\t<section class=\"elementor-section elementor-top-section elementor-element elementor-element-43dd413 elementor-section-boxed elementor-section-height-default elementor-section-height-default\" data-id=\"43dd413\" data-element_type=\"section\" data-e-type=\"section\">\n\t\t\t\t\t\t<div class=\"elementor-container elementor-column-gap-default\">\n\t\t\t\t\t<div class=\"elementor-column elementor-col-100 elementor-top-column elementor-element elementor-element-e1f8b83\" data-id=\"e1f8b83\" data-element_type=\"column\" data-e-type=\"column\">\n\t\t\t<div class=\"elementor-widget-wrap elementor-element-populated\">\n\t\t\t\t\t\t<div class=\"elementor-element elementor-element-20fae90 elementor-widget elementor-widget-text-editor\" data-id=\"20fae90\" data-element_type=\"widget\" data-e-type=\"widget\" data-widget_type=\"text-editor.default\">\n\t\t\t\t<div class=\"elementor-widget-container\">\n\t\t\t\t\t\t\t\t\t<p style=\"box-sizing: border-box; margin: 10px 0px; padding: 0px; outline: none; font-size: 18px; line-height: normal; font-weight: 400; text-align: justify; color: #003b43; font-family: Alegreya; font-style: normal; font-variant-ligatures: normal; font-variant-caps: normal; letter-spacing: normal; orphans: 2; text-indent: 0px; text-transform: none; white-space: normal; widows: 2; word-spacing: 0px; -webkit-text-stroke-width: 0px; background-color: #ffffff; text-decoration-style: initial; text-decoration-color: initial;\">\u00d6n\u00e1ll\u00f3s\u00e1g, felel\u0151ss\u00e9gtudat, kommunik\u00e1ci\u00f3s k\u00e9szs\u00e9g, csapatban val\u00f3 egy\u00fcttm\u0171k\u00f6d\u00e9s, precizit\u00e1s, probl\u00e9mamegold\u00f3 k\u00e9pess\u00e9g, j\u00f3 kapcsolatteremt\u0151 k\u00e9pess\u00e9g, emp\u00e1tia, digit\u00e1lis eszk\u00f6z\u00f6k haszn\u00e1lata.<\/p>\t\t\t\t\t\t\t\t<\/div>\n\t\t\t\t<\/div>\n\t\t\t\t\t<\/div>\n\t\t<\/div>\n\t\t\t\t\t<\/div>\n\t\t<\/section>\n\t\t\t\t<section class=\"elementor-section elementor-top-section elementor-element elementor-element-f949087 elementor-section-boxed elementor-section-height-default elementor-section-height-default\" data-id=\"f949087\" data-element_type=\"section\" data-e-type=\"section\">\n\t\t\t\t\t\t<div class=\"elementor-container elementor-column-gap-default\">\n\t\t\t\t\t<div class=\"elementor-column elementor-col-100 elementor-top-column elementor-element elementor-element-b62d30d\" data-id=\"b62d30d\" data-element_type=\"column\" data-e-type=\"column\">\n\t\t\t<div class=\"elementor-widget-wrap elementor-element-populated\">\n\t\t\t\t\t\t<div class=\"elementor-element elementor-element-9b5a71a elementor-widget elementor-widget-text-editor\" data-id=\"9b5a71a\" data-element_type=\"widget\" data-e-type=\"widget\" data-widget_type=\"text-editor.default\">\n\t\t\t\t<div class=\"elementor-widget-container\">\n\t\t\t\t\t\t\t\t\t<p>A SZAKK\u00c9PZETTS\u00c9GGEL RENDELKEZ\u0150<\/p>\t\t\t\t\t\t\t\t<\/div>\n\t\t\t\t<\/div>\n\t\t\t\t\t<\/div>\n\t\t<\/div>\n\t\t\t\t\t<\/div>\n\t\t<\/section>\n\t\t\t\t<section class=\"elementor-section elementor-top-section elementor-element elementor-element-6f9e308 elementor-section-boxed elementor-section-height-default elementor-section-height-default\" data-id=\"6f9e308\" data-element_type=\"section\" data-e-type=\"section\">\n\t\t\t\t\t\t<div class=\"elementor-container elementor-column-gap-default\">\n\t\t\t\t\t<div class=\"elementor-column elementor-col-100 elementor-top-column elementor-element elementor-element-27eb21a\" data-id=\"27eb21a\" data-element_type=\"column\" data-e-type=\"column\">\n\t\t\t<div class=\"elementor-widget-wrap elementor-element-populated\">\n\t\t\t\t\t\t<div class=\"elementor-element elementor-element-0903e88 elementor-widget elementor-widget-text-editor\" data-id=\"0903e88\" data-element_type=\"widget\" data-e-type=\"widget\" data-widget_type=\"text-editor.default\">\n\t\t\t\t<div class=\"elementor-widget-container\">\n\t\t\t\t\t\t\t\t\t<ul>\n<li>felm\u00e9ri a v\u00e1s\u00e1rl\u00f3 ig\u00e9nyeit, bemutatja az \u00e1rut \u00e9s a lehets\u00e9ges kapcsol\u00f3d\u00f3\u00a0szolg\u00e1ltat\u00e1sokat, szakmai tan\u00e1csaival seg\u00edti a v\u00e1s\u00e1rl\u00f3t a d\u00f6nt\u00e9sben;<\/li>\n<li>kialak\u00edtja \u00e9s fenntartja az \u00fczlet polck\u00e9p\u00e9t;<\/li>\n<li>kezeli \u00e9s ellen\u0151rzi az \u00e1ruk\u00e9szletet;<\/li>\n<li>felt\u00f6lti az elad\u00f3teret \u00e1ruval;<\/li>\n<li>k\u00f6zrem\u0171k\u00f6dik az \u00e1rubeszerz\u00e9s folyamat\u00e1ban: el\u0151k\u00e9sz\u00edti a megrendel\u00e9st vagy megrendeli az \u00e1rut;<\/li>\n<li>az \u00e1rut \u00e1tveszi, min\u0151s\u00e9gileg \u00e9s mennyis\u00e9gileg ellen\u0151rzi, t\u00e1rolja, kezeli, meg\u00f3vja min\u0151s\u00e9g\u00e9t;<\/li>\n<li>betartja az eg\u00e9szs\u00e9g\u00fcgyi \u00e9s k\u00f6rnyezetv\u00e9delmi el\u0151\u00edr\u00e1sokat;<\/li>\n<li>esetenk\u00e9nt kezeli a p\u00e9nzt\u00e1rg\u00e9pet \u00e9s sz\u00e1ml\u00e1z;<\/li>\n<li>kezeli a vev\u0151i panaszokat;<\/li>\n<li>kezeli a szakter\u00fclet\u00e9nek megfelel\u0151 g\u00e9peket, berendez\u00e9seket, eszk\u00f6z\u00f6ket.<\/li>\n<\/ul>\t\t\t\t\t\t\t\t<\/div>\n\t\t\t\t<\/div>\n\t\t\t\t\t<\/div>\n\t\t<\/div>\n\t\t\t\t\t<\/div>\n\t\t<\/section>\n\t\t\t\t<section class=\"elementor-section elementor-top-section elementor-element elementor-element-5969f440 elementor-section-boxed elementor-section-height-default elementor-section-height-default\" data-id=\"5969f440\" data-element_type=\"section\" data-e-type=\"section\">\n\t\t\t\t\t\t<div class=\"elementor-container elementor-column-gap-default\">\n\t\t\t\t\t<div class=\"elementor-column elementor-col-100 elementor-top-column elementor-element elementor-element-54b3be26\" data-id=\"54b3be26\" data-element_type=\"column\" data-e-type=\"column\">\n\t\t\t<div class=\"elementor-widget-wrap elementor-element-populated\">\n\t\t\t\t\t\t<div class=\"elementor-element elementor-element-643bd001 elementor-widget elementor-widget-text-editor\" data-id=\"643bd001\" data-element_type=\"widget\" data-e-type=\"widget\" data-widget_type=\"text-editor.default\">\n\t\t\t\t<div class=\"elementor-widget-container\">\n\t\t\t\t\t\t\t\t\t<p><\/p>\n<p><\/p>\n<p><\/p>\n<div><span style=\"color: #003b43; font-family: Alegreya; font-size: 18px; text-align: justify;\">Aj\u00e1nlott minden fiatal sz\u00e1m\u00e1ra, aki szeret emberekkel foglalkozni, szereti a v\u00e1ltozatos kih\u00edv\u00e1sokat, \u00f6szt\u00f6nzi a kereskedelmi dinamizmus, fontos sz\u00e1m\u00e1ra a hossz\u00fa t\u00e1v\u00fa karrierlehet\u0151s\u00e9g.<\/span><\/div>\n<p><\/p>\t\t\t\t\t\t\t\t<\/div>\n\t\t\t\t<\/div>\n\t\t\t\t\t<\/div>\n\t\t<\/div>\n\t\t\t\t\t<\/div>\n\t\t<\/section>\n\t\t\t\t<\/div>\n\t\t","protected":false},"excerpt":{"rendered":"<p>A kereskedelem \u00e1gazat 3 \u00e9ves k\u00e9pz\u00e9se a kereskedelmi \u00e9rt\u00e9kes\u00edt\u0151, szakk\u00e9pzetts\u00e9g megszerz\u00e9s\u00e9vel z\u00e1rul. A klasszikus elad\u00f3i, \u00e1rubeszerz\u0151i ismeretek mellett korszer\u0171 elad\u00e1stechnik\u00e1k, \u00e9rt\u00e9kes\u00edt\u00e9si strat\u00e9gi\u00e1k, eszt\u00e9tikus csomagol\u00e1stechnik\u00e1k elsaj\u00e1t\u00edt\u00e1s\u00e1t is megtanulhatja n\u00e1lunk, aki ezt a szakm\u00e1t v\u00e1lasztja. A kor h\u00edv\u00f3 szav\u00e1nak megfelel\u0151en m\u00e1r nem csak a k\u00f6zvetlen, hanem az online \u00e9rt\u00e9kes\u00edt\u00e9s is meghat\u00e1rozott keretek k\u00f6z\u00f6tt zajlik. Az \u00e1ltal\u00e1nos kereskedelmi [&hellip;]<\/p>\n","protected":false},"author":4,"featured_media":747,"parent":180,"menu_order":0,"comment_status":"closed","ping_status":"closed","template":"","meta":{"footnotes":""},"class_list":["post-274","page","type-page","status-publish","has-post-thumbnail","hentry"],"_links":{"self":[{"href":"\/index.php\/wp-json\/wp\/v2\/pages\/274","targetHints":{"allow":["GET"]}}],"collection":[{"href":"\/index.php\/wp-json\/wp\/v2\/pages"}],"about":[{"href":"\/index.php\/wp-json\/wp\/v2\/types\/page"}],"author":[{"embeddable":true,"href":"\/index.php\/wp-json\/wp\/v2\/users\/4"}],"replies":[{"embeddable":true,"href":"\/index.php\/wp-json\/wp\/v2\/comments?post=274"}],"version-history":[{"count":12,"href":"\/index.php\/wp-json\/wp\/v2\/pages\/274\/revisions"}],"predecessor-version":[{"id":21896,"href":"\/index.php\/wp-json\/wp\/v2\/pages\/274\/revisions\/21896"}],"up":[{"embeddable":true,"href":"\/index.php\/wp-json\/wp\/v2\/pages\/180"}],"wp:featuredmedia":[{"embeddable":true,"href":"\/index.php\/wp-json\/wp\/v2\/media\/747"}],"wp:attachment":[{"href":"\/index.php\/wp-json\/wp\/v2\/media?parent=274"}],"curies":[{"name":"wp","href":"https:\/\/api.w.org\/{rel}","templated":true}]}}