{"id":2553,"date":"2021-02-04T08:55:10","date_gmt":"2021-02-04T07:55:10","guid":{"rendered":"\/?page_id=2553"},"modified":"2021-02-04T09:09:11","modified_gmt":"2021-02-04T08:09:11","slug":"mesleki-egitimde-girisimcilik-egitimi","status":"publish","type":"page","link":"\/index.php\/mesleki-egitimde-girisimcilik-egitimi\/","title":{"rendered":"Mesleki E\u011fitimde Giri\u015fimcilik E\u011fitimi"},"content":{"rendered":"\t\t<div data-elementor-type=\"wp-page\" data-elementor-id=\"2553\" class=\"elementor elementor-2553\" data-elementor-post-type=\"page\">\n\t\t\t\t\t\t<section class=\"elementor-section elementor-top-section elementor-element elementor-element-6f83b10 elementor-section-boxed elementor-section-height-default elementor-section-height-default\" data-id=\"6f83b10\" data-element_type=\"section\" data-e-type=\"section\">\n\t\t\t\t\t\t<div class=\"elementor-container elementor-column-gap-default\">\n\t\t\t\t\t<div class=\"elementor-column elementor-col-100 elementor-top-column elementor-element elementor-element-88c8523\" data-id=\"88c8523\" data-element_type=\"column\" data-e-type=\"column\">\n\t\t\t<div class=\"elementor-widget-wrap elementor-element-populated\">\n\t\t\t\t\t\t<div class=\"elementor-element elementor-element-cefcca5 elementor-widget elementor-widget-spacer\" data-id=\"cefcca5\" data-element_type=\"widget\" data-e-type=\"widget\" data-widget_type=\"spacer.default\">\n\t\t\t\t<div class=\"elementor-widget-container\">\n\t\t\t\t\t\t\t<div class=\"elementor-spacer\">\n\t\t\t<div class=\"elementor-spacer-inner\"><\/div>\n\t\t<\/div>\n\t\t\t\t\t\t<\/div>\n\t\t\t\t<\/div>\n\t\t\t\t\t<\/div>\n\t\t<\/div>\n\t\t\t\t\t<\/div>\n\t\t<\/section>\n\t\t\t\t<section class=\"elementor-section elementor-top-section elementor-element elementor-element-9e476fb elementor-section-boxed elementor-section-height-default elementor-section-height-default\" data-id=\"9e476fb\" data-element_type=\"section\" data-e-type=\"section\">\n\t\t\t\t\t\t<div class=\"elementor-container elementor-column-gap-default\">\n\t\t\t\t\t<div class=\"elementor-column elementor-col-66 elementor-top-column elementor-element elementor-element-5357080\" data-id=\"5357080\" data-element_type=\"column\" data-e-type=\"column\">\n\t\t\t<div class=\"elementor-widget-wrap elementor-element-populated\">\n\t\t\t\t\t\t<div class=\"elementor-element elementor-element-bb29b1f elementor-widget elementor-widget-heading\" data-id=\"bb29b1f\" data-element_type=\"widget\" data-e-type=\"widget\" data-widget_type=\"heading.default\">\n\t\t\t\t<div class=\"elementor-widget-container\">\n\t\t\t\t\t<h5 class=\"elementor-heading-title elementor-size-default\">T\u00f6r\u00f6korsz\u00e1g - 2020.02.23-02.29<\/h5>\t\t\t\t<\/div>\n\t\t\t\t<\/div>\n\t\t\t\t\t<\/div>\n\t\t<\/div>\n\t\t\t\t<div class=\"elementor-column elementor-col-33 elementor-top-column elementor-element elementor-element-14fa3bb\" data-id=\"14fa3bb\" data-element_type=\"column\" data-e-type=\"column\">\n\t\t\t<div class=\"elementor-widget-wrap elementor-element-populated\">\n\t\t\t\t\t\t<div class=\"elementor-element elementor-element-4aca93c elementor-align-center elementor-widget elementor-widget-button\" data-id=\"4aca93c\" data-element_type=\"widget\" data-e-type=\"widget\" data-widget_type=\"button.default\">\n\t\t\t\t<div class=\"elementor-widget-container\">\n\t\t\t\t\t\t\t\t\t<div class=\"elementor-button-wrapper\">\n\t\t\t\t\t<a class=\"elementor-button elementor-button-link elementor-size-lg\" href=\"index.php\/torokorszag-2020-02-23-02-29\/\">\n\t\t\t\t\t\t<span class=\"elementor-button-content-wrapper\">\n\t\t\t\t\t\t\t\t\t<span class=\"elementor-button-text\">Megn\u00e9zem<\/span>\n\t\t\t\t\t<\/span>\n\t\t\t\t\t<\/a>\n\t\t\t\t<\/div>\n\t\t\t\t\t\t\t\t<\/div>\n\t\t\t\t<\/div>\n\t\t\t\t\t<\/div>\n\t\t<\/div>\n\t\t\t\t\t<\/div>\n\t\t<\/section>\n\t\t\t\t<\/div>\n\t\t","protected":false},"excerpt":{"rendered":"<p>T\u00f6r\u00f6korsz\u00e1g &#8211; 2020.02.23-02.29 Megn\u00e9zem<\/p>\n","protected":false},"author":4,"featured_media":0,"parent":0,"menu_order":0,"comment_status":"closed","ping_status":"closed","template":"","meta":{"footnotes":""},"class_list":["post-2553","page","type-page","status-publish","hentry"],"_links":{"self":[{"href":"\/index.php\/wp-json\/wp\/v2\/pages\/2553","targetHints":{"allow":["GET"]}}],"collection":[{"href":"\/index.php\/wp-json\/wp\/v2\/pages"}],"about":[{"href":"\/index.php\/wp-json\/wp\/v2\/types\/page"}],"author":[{"embeddable":true,"href":"\/index.php\/wp-json\/wp\/v2\/users\/4"}],"replies":[{"embeddable":true,"href":"\/index.php\/wp-json\/wp\/v2\/comments?post=2553"}],"version-history":[{"count":7,"href":"\/index.php\/wp-json\/wp\/v2\/pages\/2553\/revisions"}],"predecessor-version":[{"id":2596,"href":"\/index.php\/wp-json\/wp\/v2\/pages\/2553\/revisions\/2596"}],"wp:attachment":[{"href":"\/index.php\/wp-json\/wp\/v2\/media?parent=2553"}],"curies":[{"name":"wp","href":"https:\/\/api.w.org\/{rel}","templated":true}]}}