{"id":249,"date":"2020-04-08T12:01:16","date_gmt":"2020-04-08T11:01:16","guid":{"rendered":"\/?page_id=249"},"modified":"2020-05-19T08:50:15","modified_gmt":"2020-05-19T07:50:15","slug":"erasmus","status":"publish","type":"page","link":"\/index.php\/erasmus\/","title":{"rendered":"Erasmus+"},"content":{"rendered":"<div data-post-id=\"684\" class=\"insert-page insert-page-684 \"><h1><a href=\"\/index.php\/erasmus-2016-2018\/\">Erasmus+ (2016-2018)<\/a><\/h1>\n\t\t\t\t\t\t\t<p>Ir\u00e1ny Eur\u00f3pa! &#8211; Kerisek szakmai gyakorlata \u00e9s tapasztalatszerz\u00e9se k\u00fclf\u00f6ld\u00f6n 2016-1-HU01-KA102-022808 16\/1\/KA102\/022808 2016.06.01. \u2013 2018.05.31. H\u00e1tt\u00e9r: A B\u00e9k\u00e9scsabai Szakk\u00e9pz\u00e9si Centrum (BSZC) Zwack J\u00f3zsef Kereskedelmi \u00e9s Vend\u00e9gl\u00e1t\u00f3ipari Szakk\u00e9pz\u0151 Iskol\u00e1ja (el\u0151dint\u00e9zm\u00e9nyeivel) m\u00e1r 2004 \u00f3ta foglalkozik nemzetk\u00f6zi projektekkel. Az elm\u00falt \u00e9vek sor\u00e1n t\u00f6bb tan\u00e1r koll\u00e9ga csatlakozott ahhoz a kezdeti 2-3 f\u0151s csapathoz, amely ezeket a projekteket megval\u00f3s\u00edtja. \u00c9vek \u00f3ta [&hellip;]<\/p>\n<\/div>\n\n<div data-post-id=\"693\" class=\"insert-page insert-page-693 \"><h1><a href=\"\/index.php\/erasmus-2017-2019\/\">Erasmus+ (2017-2019)<\/a><\/h1>\n\t\t\t\t\t\t\t<p>P\u00c1LY\u00c1ZATI EREDM\u00c9NYEK Eur\u00f3pa hat\u00e1rok n\u00e9lk\u00fcl! &#8211; a Kerisekkel&#8221; 2017-1-HU01-KA116-035734 17\/1\/KA116\/035734 (2017.06.01. \u2013 2019.05.31.) A projekt h\u00e1ttere: A B\u00e9k\u00e9scsabai SZC Zwack J\u00f3zsef Kereskedelmi \u00e9s Vend\u00e9gl\u00e1t\u00f3ipari Szakgimn\u00e1ziuma \u00e9s Szakk\u00f6z\u00e9piskol\u00e1ja m\u00e1r 2004 \u00f3ta akt\u00edvan k\u00f6zrem\u0171k\u00f6dik nemzetk\u00f6zi projektekben. \u00c9vek \u00f3ta r\u00e9szt vesz\u00fcnk ERASMUS+ \u00e9s Hat\u00e1rtalanul! p\u00e1ly\u00e1zatokban, melyek seg\u00edts\u00e9g\u00e9vel sz\u00e1mos partnerrel alak\u00edthattunk ki megb\u00edzhat\u00f3, j\u00f3l m\u0171k\u00f6d\u0151 kapcsolatot. A 2017 \u00e9s [&hellip;]<\/p>\n<\/div>\n\n<div data-post-id=\"900\" class=\"insert-page insert-page-900 \"><h1><a href=\"\/index.php\/erasmus-ka2\/\">ERASMUS+ KA2<\/a><\/h1>\n\t\t\t\t\t\t\t<p>K\u00f6znevel\u00e9si projektek az Erasmus+ programban Az Erasmus+ program keret\u00e9ben a k\u00f6znevel\u00e9si-, illetve a k\u00f6znevel\u00e9s ter\u00e9n akt\u00edv int\u00e9zm\u00e9nyek szakmai fejleszt\u00e9si c\u00e9ljaik el\u00e9r\u00e9se \u00e9rdek\u00e9ben mobilit\u00e1si \u00e9s partners\u00e9gi projektek megval\u00f3s\u00edt\u00e1s\u00e1hoz k\u00e9rhetnek t\u00e1mogat\u00e1st. Ezek a projektek tulajdonk\u00e9ppen int\u00e9zm\u00e9nyi tanul\u00e1si form\u00e1k, melyekben sz\u00e1mos tanul\u00e1si alkalom azonos\u00edthat\u00f3.\u00a0 A mobilit\u00e1si p\u00e1ly\u00e1zatokban a k\u00fclf\u00f6ldi mobilit\u00e1s a projekt f\u0151 eleme, a legfontosabb tanul\u00e1si alkalom, [&hellip;]<\/p>\n<\/div>\n\n<div data-post-id=\"1074\" class=\"insert-page insert-page-1074 \"><h1><a href=\"\/index.php\/erasmus-ka101\/\">Erasmus+ KA101<\/a><\/h1>\n\t\t\t\t\t\t\t<p>\u201cEUR\u00d3PA HAT\u00c1ROK N\u00c9LK\u00dcL!\u201d &#8211; A KERISEKKEL\u201d &#8222;EUROPA WITHOUT BORDERS! \u2013 WITH KERISEK.\u201d 2018-1-HU01-KA101-046971 AZ EUR\u00d3PAI BIZOTTS\u00c1G \u00c9S A TEMPUS K\u00d6ZALAP\u00cdTV\u00c1NY T\u00c1MOGAT\u00c1S\u00c1VAL INT\u00c9ZM\u00c9NY\u00dcNK A KA101 &#8211; K\u00d6ZNEVEL\u00c9SI INT\u00c9ZM\u00c9NYEK MUNKAT\u00c1RSAINAK MOBILIT\u00c1SA T\u00cdPUS\u00da P\u00c1LY\u00c1ZATOT NYERT 2018-BAN. A projekt \u00f6sszefoglal\u00e1sa A projekt kontextusa\/h\u00e1ttere: A p\u00e1ly\u00e1z\u00f3 iskola, a B\u00e9k\u00e9scsabai Szakk\u00e9pz\u00e9si Centrum (BSZC) B\u00e9k\u00e9scsabai SZC Zwack J\u00f3zsef Kereskedelmi \u00e9s Vend\u00e9gl\u00e1t\u00f3ipari Szakgimn\u00e1ziuma. [&hellip;]<\/p>\n<\/div>","protected":false},"excerpt":{"rendered":"","protected":false},"author":2,"featured_media":768,"parent":0,"menu_order":0,"comment_status":"closed","ping_status":"closed","template":"","meta":{"footnotes":""},"class_list":["post-249","page","type-page","status-publish","has-post-thumbnail","hentry"],"_links":{"self":[{"href":"\/index.php\/wp-json\/wp\/v2\/pages\/249","targetHints":{"allow":["GET"]}}],"collection":[{"href":"\/index.php\/wp-json\/wp\/v2\/pages"}],"about":[{"href":"\/index.php\/wp-json\/wp\/v2\/types\/page"}],"author":[{"embeddable":true,"href":"\/index.php\/wp-json\/wp\/v2\/users\/2"}],"replies":[{"embeddable":true,"href":"\/index.php\/wp-json\/wp\/v2\/comments?post=249"}],"version-history":[{"count":5,"href":"\/index.php\/wp-json\/wp\/v2\/pages\/249\/revisions"}],"predecessor-version":[{"id":1533,"href":"\/index.php\/wp-json\/wp\/v2\/pages\/249\/revisions\/1533"}],"wp:featuredmedia":[{"embeddable":true,"href":"\/index.php\/wp-json\/wp\/v2\/media\/768"}],"wp:attachment":[{"href":"\/index.php\/wp-json\/wp\/v2\/media?parent=249"}],"curies":[{"name":"wp","href":"https:\/\/api.w.org\/{rel}","templated":true}]}}