{"id":24696,"date":"2023-04-19T23:32:55","date_gmt":"2023-04-19T22:32:55","guid":{"rendered":"\/?page_id=24696"},"modified":"2023-04-19T23:33:47","modified_gmt":"2023-04-19T22:33:47","slug":"2023-2024-tanevi-tankonyvrendelo-kk-13-e","status":"publish","type":"page","link":"\/index.php\/2023-2024-tanevi-tankonyvrendelo-kk-13-e\/","title":{"rendered":"2023\/2024. tan\u00e9vi tank\u00f6nyvrendel\u0151 \u2013 KK 13.E"},"content":{"rendered":"\t\t<div data-elementor-type=\"wp-page\" data-elementor-id=\"24696\" class=\"elementor elementor-24696\" data-elementor-post-type=\"page\">\n\t\t\t\t\t\t<section class=\"elementor-section elementor-top-section elementor-element elementor-element-d7c6c08 elementor-section-boxed elementor-section-height-default elementor-section-height-default\" data-id=\"d7c6c08\" data-element_type=\"section\" data-e-type=\"section\">\n\t\t\t\t\t\t<div class=\"elementor-container elementor-column-gap-default\">\n\t\t\t\t\t<div class=\"elementor-column elementor-col-100 elementor-top-column elementor-element elementor-element-2d0eb2b\" data-id=\"2d0eb2b\" data-element_type=\"column\" data-e-type=\"column\">\n\t\t\t<div class=\"elementor-widget-wrap elementor-element-populated\">\n\t\t\t\t\t\t<div class=\"elementor-element elementor-element-43ec457 elementor-widget elementor-widget-spacer\" data-id=\"43ec457\" data-element_type=\"widget\" data-e-type=\"widget\" data-widget_type=\"spacer.default\">\n\t\t\t\t<div class=\"elementor-widget-container\">\n\t\t\t\t\t\t\t<div class=\"elementor-spacer\">\n\t\t\t<div class=\"elementor-spacer-inner\"><\/div>\n\t\t<\/div>\n\t\t\t\t\t\t<\/div>\n\t\t\t\t<\/div>\n\t\t\t\t\t<\/div>\n\t\t<\/div>\n\t\t\t\t\t<\/div>\n\t\t<\/section>\n\t\t\t\t<section class=\"elementor-section elementor-top-section elementor-element elementor-element-9c534cd elementor-section-boxed elementor-section-height-default elementor-section-height-default\" data-id=\"9c534cd\" data-element_type=\"section\" data-e-type=\"section\">\n\t\t\t\t\t\t<div class=\"elementor-container elementor-column-gap-default\">\n\t\t\t\t\t<div class=\"elementor-column elementor-col-100 elementor-top-column elementor-element elementor-element-684496a\" data-id=\"684496a\" data-element_type=\"column\" data-e-type=\"column\">\n\t\t\t<div class=\"elementor-widget-wrap elementor-element-populated\">\n\t\t\t\t\t\t<div class=\"elementor-element elementor-element-5400698 elementor-widget elementor-widget-heading\" data-id=\"5400698\" data-element_type=\"widget\" data-e-type=\"widget\" data-widget_type=\"heading.default\">\n\t\t\t\t<div class=\"elementor-widget-container\">\n\t\t\t\t\t<h2 class=\"elementor-heading-title elementor-size-default\"><section data-id=\"bead540\" data-element_type=\"section\" style=\", sans-serif;font-size: 15px;white-space: normal\"><div><div style=\"width: 629.983px\"><div data-id=\"f9abd1f\" data-element_type=\"column\" style=\"width: 629.983px\"><div style=\"width: 629.983px\"><div style=\"width: 609.983px\"><div data-id=\"1649d62\" data-element_type=\"widget\" data-widget_type=\"heading.default\" style=\"width: 609.983px;text-align: center\"><div><h5 style=\"font-family: Alegreya, sans-serif\">K\u00e9rj\u00fck, hogy az al\u00e1bbi \u0171rlapon kiz\u00e1r\u00f3lag a val\u00f3s\u00e1gnak megfelel\u0151 adatokat legyen sz\u00edves megadni!<\/h5><\/div><\/div><\/div><\/div><\/div><\/div><\/div><\/section><\/h2>\t\t\t\t<\/div>\n\t\t\t\t<\/div>\n\t\t\t\t<div class=\"elementor-element elementor-element-c44dbd2 elementor-widget elementor-widget-heading\" data-id=\"c44dbd2\" data-element_type=\"widget\" data-e-type=\"widget\" data-widget_type=\"heading.default\">\n\t\t\t\t<div class=\"elementor-widget-container\">\n\t\t\t\t\t<h2 class=\"elementor-heading-title elementor-size-default\"><section data-id=\"d322742\" data-element_type=\"section\" style=\", sans-serif;font-size: 15px;white-space: normal\"><div><div style=\"width: 629.983px\"><div data-id=\"8c25c10\" data-element_type=\"column\" style=\"width: 629.983px\"><div style=\"width: 629.983px\"><div style=\"width: 609.983px\"><div data-id=\"65d9c89\" data-element_type=\"widget\" data-widget_type=\"heading.default\" style=\"width: 609.983px;text-align: center\"><div><h5 style=\"font-family: Alegreya, sans-serif\">K\u00f6sz\u00f6nj\u00fck!<\/h5><\/div><\/div><\/div><\/div><\/div><\/div><\/div><\/section><\/h2>\t\t\t\t<\/div>\n\t\t\t\t<\/div>\n\t\t\t\t\t<\/div>\n\t\t<\/div>\n\t\t\t\t\t<\/div>\n\t\t<\/section>\n\t\t\t\t<section class=\"elementor-section elementor-top-section elementor-element elementor-element-62f5854 elementor-section-boxed elementor-section-height-default elementor-section-height-default\" data-id=\"62f5854\" data-element_type=\"section\" data-e-type=\"section\">\n\t\t\t\t\t\t<div class=\"elementor-container elementor-column-gap-default\">\n\t\t\t\t\t<div class=\"elementor-column elementor-col-100 elementor-top-column elementor-element elementor-element-2026750\" data-id=\"2026750\" data-element_type=\"column\" data-e-type=\"column\">\n\t\t\t<div class=\"elementor-widget-wrap elementor-element-populated\">\n\t\t\t\t\t\t<div class=\"elementor-element elementor-element-305c02e elementor-widget elementor-widget-text-editor\" data-id=\"305c02e\" data-element_type=\"widget\" data-e-type=\"widget\" data-widget_type=\"text-editor.default\">\n\t\t\t\t<div class=\"elementor-widget-container\">\n\t\t\t\t\t\t\t\t\tNo such form exists in Database.\t\t\t\t\t\t\t\t<\/div>\n\t\t\t\t<\/div>\n\t\t\t\t\t<\/div>\n\t\t<\/div>\n\t\t\t\t\t<\/div>\n\t\t<\/section>\n\t\t\t\t<\/div>\n\t\t","protected":false},"excerpt":{"rendered":"<p>K\u00e9rj\u00fck, hogy az al\u00e1bbi \u0171rlapon kiz\u00e1r\u00f3lag a val\u00f3s\u00e1gnak megfelel\u0151 adatokat legyen sz\u00edves megadni! K\u00f6sz\u00f6nj\u00fck!<\/p>\n","protected":false},"author":4,"featured_media":0,"parent":0,"menu_order":0,"comment_status":"closed","ping_status":"closed","template":"","meta":{"footnotes":""},"class_list":["post-24696","page","type-page","status-publish","hentry"],"_links":{"self":[{"href":"\/index.php\/wp-json\/wp\/v2\/pages\/24696","targetHints":{"allow":["GET"]}}],"collection":[{"href":"\/index.php\/wp-json\/wp\/v2\/pages"}],"about":[{"href":"\/index.php\/wp-json\/wp\/v2\/types\/page"}],"author":[{"embeddable":true,"href":"\/index.php\/wp-json\/wp\/v2\/users\/4"}],"replies":[{"embeddable":true,"href":"\/index.php\/wp-json\/wp\/v2\/comments?post=24696"}],"version-history":[{"count":4,"href":"\/index.php\/wp-json\/wp\/v2\/pages\/24696\/revisions"}],"predecessor-version":[{"id":24701,"href":"\/index.php\/wp-json\/wp\/v2\/pages\/24696\/revisions\/24701"}],"wp:attachment":[{"href":"\/index.php\/wp-json\/wp\/v2\/media?parent=24696"}],"curies":[{"name":"wp","href":"https:\/\/api.w.org\/{rel}","templated":true}]}}