{"id":24623,"date":"2023-04-19T23:11:08","date_gmt":"2023-04-19T22:11:08","guid":{"rendered":"\/?page_id=24623"},"modified":"2023-04-19T23:12:13","modified_gmt":"2023-04-19T22:12:13","slug":"2023-2024-tanevi-tankonyvrendelo-11-c-cukrasz-szaktechnikus","status":"publish","type":"page","link":"\/index.php\/2023-2024-tanevi-tankonyvrendelo-11-c-cukrasz-szaktechnikus\/","title":{"rendered":"2023\/2024. tan\u00e9vi tank\u00f6nyvrendel\u0151 \u2013 11.C \u2013 Cukr\u00e1sz szaktechnikus"},"content":{"rendered":"\t\t<div data-elementor-type=\"wp-page\" data-elementor-id=\"24623\" class=\"elementor elementor-24623\" data-elementor-post-type=\"page\">\n\t\t\t\t\t\t<section class=\"elementor-section elementor-top-section elementor-element elementor-element-afdf99e elementor-section-boxed elementor-section-height-default elementor-section-height-default\" data-id=\"afdf99e\" data-element_type=\"section\" data-e-type=\"section\">\n\t\t\t\t\t\t<div class=\"elementor-container elementor-column-gap-default\">\n\t\t\t\t\t<div class=\"elementor-column elementor-col-100 elementor-top-column elementor-element elementor-element-9296c4a\" data-id=\"9296c4a\" data-element_type=\"column\" data-e-type=\"column\">\n\t\t\t<div class=\"elementor-widget-wrap elementor-element-populated\">\n\t\t\t\t\t\t<div class=\"elementor-element elementor-element-530e58d elementor-widget elementor-widget-spacer\" data-id=\"530e58d\" data-element_type=\"widget\" data-e-type=\"widget\" data-widget_type=\"spacer.default\">\n\t\t\t\t<div class=\"elementor-widget-container\">\n\t\t\t\t\t\t\t<div class=\"elementor-spacer\">\n\t\t\t<div class=\"elementor-spacer-inner\"><\/div>\n\t\t<\/div>\n\t\t\t\t\t\t<\/div>\n\t\t\t\t<\/div>\n\t\t\t\t\t<\/div>\n\t\t<\/div>\n\t\t\t\t\t<\/div>\n\t\t<\/section>\n\t\t\t\t<section class=\"elementor-section elementor-top-section elementor-element elementor-element-83df54e elementor-section-boxed elementor-section-height-default elementor-section-height-default\" data-id=\"83df54e\" data-element_type=\"section\" data-e-type=\"section\">\n\t\t\t\t\t\t<div class=\"elementor-container elementor-column-gap-default\">\n\t\t\t\t\t<div class=\"elementor-column elementor-col-100 elementor-top-column elementor-element elementor-element-e78d18f\" data-id=\"e78d18f\" data-element_type=\"column\" data-e-type=\"column\">\n\t\t\t<div class=\"elementor-widget-wrap elementor-element-populated\">\n\t\t\t\t\t\t<div class=\"elementor-element elementor-element-b17b85e elementor-widget elementor-widget-heading\" data-id=\"b17b85e\" data-element_type=\"widget\" data-e-type=\"widget\" data-widget_type=\"heading.default\">\n\t\t\t\t<div class=\"elementor-widget-container\">\n\t\t\t\t\t<h2 class=\"elementor-heading-title elementor-size-default\"><section data-id=\"bead540\" data-element_type=\"section\" style=\", sans-serif;font-size: 15px;white-space: normal\"><div><div style=\"width: 629.983px\"><div data-id=\"f9abd1f\" data-element_type=\"column\" style=\"width: 629.983px\"><div style=\"width: 629.983px\"><div style=\"width: 609.983px\"><div data-id=\"1649d62\" data-element_type=\"widget\" data-widget_type=\"heading.default\" style=\"width: 609.983px;text-align: center\"><div><h5 style=\"font-family: Alegreya, sans-serif\">K\u00e9rj\u00fck, hogy az al\u00e1bbi \u0171rlapon kiz\u00e1r\u00f3lag a val\u00f3s\u00e1gnak megfelel\u0151 adatokat legyen sz\u00edves megadni!<\/h5><\/div><\/div><\/div><\/div><\/div><\/div><\/div><\/section><\/h2>\t\t\t\t<\/div>\n\t\t\t\t<\/div>\n\t\t\t\t\t<\/div>\n\t\t<\/div>\n\t\t\t\t\t<\/div>\n\t\t<\/section>\n\t\t\t\t<section class=\"elementor-section elementor-top-section elementor-element elementor-element-d6fe1f8 elementor-section-boxed elementor-section-height-default elementor-section-height-default\" data-id=\"d6fe1f8\" data-element_type=\"section\" data-e-type=\"section\">\n\t\t\t\t\t\t<div class=\"elementor-container elementor-column-gap-default\">\n\t\t\t\t\t<div class=\"elementor-column elementor-col-100 elementor-top-column elementor-element elementor-element-e5d5a30\" data-id=\"e5d5a30\" data-element_type=\"column\" data-e-type=\"column\">\n\t\t\t<div class=\"elementor-widget-wrap elementor-element-populated\">\n\t\t\t\t\t\t<div class=\"elementor-element elementor-element-f12da12 elementor-widget elementor-widget-heading\" data-id=\"f12da12\" data-element_type=\"widget\" data-e-type=\"widget\" data-widget_type=\"heading.default\">\n\t\t\t\t<div class=\"elementor-widget-container\">\n\t\t\t\t\t<h2 class=\"elementor-heading-title elementor-size-default\"><section data-id=\"d322742\" data-element_type=\"section\" style=\", sans-serif;font-size: 15px;white-space: normal\"><div><div style=\"width: 629.983px\"><div data-id=\"8c25c10\" data-element_type=\"column\" style=\"width: 629.983px\"><div style=\"width: 629.983px\"><div style=\"width: 609.983px\"><div data-id=\"65d9c89\" data-element_type=\"widget\" data-widget_type=\"heading.default\" style=\"width: 609.983px;text-align: center\"><div><h5 style=\"font-family: Alegreya, sans-serif\">K\u00f6sz\u00f6nj\u00fck!<\/h5><\/div><\/div><\/div><\/div><\/div><\/div><\/div><\/section><\/h2>\t\t\t\t<\/div>\n\t\t\t\t<\/div>\n\t\t\t\t\t<\/div>\n\t\t<\/div>\n\t\t\t\t\t<\/div>\n\t\t<\/section>\n\t\t\t\t<section class=\"elementor-section elementor-top-section elementor-element elementor-element-081e2cf elementor-section-boxed elementor-section-height-default elementor-section-height-default\" data-id=\"081e2cf\" data-element_type=\"section\" data-e-type=\"section\">\n\t\t\t\t\t\t<div class=\"elementor-container elementor-column-gap-default\">\n\t\t\t\t\t<div class=\"elementor-column elementor-col-100 elementor-top-column elementor-element elementor-element-5464215\" data-id=\"5464215\" data-element_type=\"column\" data-e-type=\"column\">\n\t\t\t<div class=\"elementor-widget-wrap elementor-element-populated\">\n\t\t\t\t\t\t<div class=\"elementor-element elementor-element-97700f9 elementor-widget elementor-widget-text-editor\" data-id=\"97700f9\" data-element_type=\"widget\" data-e-type=\"widget\" data-widget_type=\"text-editor.default\">\n\t\t\t\t<div class=\"elementor-widget-container\">\n\t\t\t\t\t\t\t\t\t<div id=\"erf_form_container_24489\" class=\"erf-container erf-contact erf-label-top erf-layout-one-column erf-style-rounded-corner\">\n        \n    \n         \n                    <div class=\"erf-content-above\">\n                            <\/div>\n            <form method=\"post\" enctype=\"multipart\/form-data\" class=\"erf-form erf-front-form\" data-parsley-validate=\"\" novalidate=\"true\" data-erf-submission-id=\"0\" data-erf-form-id=\"24489\">\n                <div class=\"erf-form-html\" id=\"erf_form_24489\">\n                    <div class=\"rendered-form\">\n                        <div class=\"erf-header erf-element-width-12\"><h1  data-non-input='1' data-ref-label='Heading1' data-ref-id='header-pqqfwdxc' class='' >Tanul\u00f3 adatai<\/h1><\/div><div class=\"erf-text form-group field-text-19125522377 erf-element-width-12\"><label for=\"text-19125522377\" class=\"erf-text-label\">Tanul\u00f3 neve<span class=\"erf-required\">*<\/span><\/label><input type='text' maxlength='50' required='required' class='form-control' name='text-19125522377' data-ref-label='First_Name' id='text-19125522377'  \/><\/div><div class=\"erf-text form-group field-text-211644441570 erf-element-width-12\"><label for=\"text-211644441570\" class=\"erf-text-label\">Oktat\u00e1si azonos\u00edt\u00f3 sz\u00e1ma (11 sz\u00e1mjegy\u0171)<span class=\"erf-required\">*<\/span><\/label><input type='text' required='required' maxlength='50' class='form-control' name='text-211644441570' data-ref-label='Last_Name' id='text-211644441570'  \/><\/div><div class=\"erf-text form-group field-field-qsSAocOaTZprDOv erf-element-width-12\"><label for=\"field-qsSAocOaTZprDOv\" class=\"erf-text-label\">Di\u00e1kigazolv\u00e1ny sz\u00e1ma<span class=\"erf-required\">*<\/span><\/label><input type='text' data-ref-label='Text_Field3' class='form-control' name='field-qsSAocOaTZprDOv' required='required' id='field-qsSAocOaTZprDOv'  \/><\/div><div class=\"erf-separator erf-element-width-12\"><div data-non-input='1' custom-type='spacer' data-ref-label='Separator1' class='spacer' data-ref-id='separator-fwn2akuf' >Separator1<\/div><\/div><div class=\"erf-header erf-element-width-12\"><h1  data-non-input='1' data-ref-label='Heading2' data-ref-id='header-e4k6llbz' class='' >Sz\u00fcl\u0151 \/ gondvisel\u0151 adatai <\/h1><\/div><div class=\"erf-richtext erf-element-width-12\"><div data-non-input='1' data-ref-label='RichText1' data-ref-id='richtext-obthyilm' class='erf-rich-text' ><p>(Amennyiben m\u00e9g nem nagykor\u00fa a tanul\u00f3, \u00fagy k\u00f6telez\u0151 kit\u00f6lteni ezeket a mez\u0151ket is!)<\/p><\/div><\/div><div class=\"erf-text form-group field-field-eH6B4swOr5WwWCT erf-element-width-12\"><label for=\"field-eH6B4swOr5WwWCT\" class=\"erf-text-label\">Sz\u00fcl\u0151 \/ gondvisel\u0151 neve<\/label><input type='text' data-ref-label='Text_Field4' class='form-control' name='field-eH6B4swOr5WwWCT' id='field-eH6B4swOr5WwWCT'  \/><\/div><div class=\"erf-select form-group field-field-XZaQn5LTfIKVifX erf-element-width-12\"><label for=\"field-XZaQn5LTfIKVifX\" class=\"erf-select-label\">Azonos\u00edt\u00f3 irat\u00e1nak t\u00edpusa<\/label><select data-ref-label='Select1' class='form-control' name='field-XZaQn5LTfIKVifX' id='field-XZaQn5LTfIKVifX'  ><option value=\"\"><\/option><option value=\"Szem\u00e9lyi igazolv\u00e1ny\">Szem\u00e9lyi igazolv\u00e1ny<\/option><option value=\"Jogos\u00edtv\u00e1ny\">Jogos\u00edtv\u00e1ny<\/option><\/select><\/div><div class=\"erf-text form-group field-field-f8VmfCXHphTNvWF erf-element-width-12\"><label for=\"field-f8VmfCXHphTNvWF\" class=\"erf-text-label\">Azonos\u00edt\u00f3 irat\u00e1nak sz\u00e1ma<\/label><input type='text' data-ref-label='Text_Field5' class='form-control' name='field-f8VmfCXHphTNvWF' id='field-f8VmfCXHphTNvWF'  \/><\/div><div class=\"erf-separator erf-element-width-12\"><div data-non-input='1' custom-type='spacer' data-ref-label='Separator2' class='spacer' data-ref-id='separator-egdmscoz' >Separator2<\/div><\/div><div class=\"erf-header erf-element-width-12\"><h1  data-non-input='1' data-ref-label='Heading3' data-ref-id='header-5y1ykkm3' class='' >Tank\u00f6nyv megrendel\u0151<\/h1><\/div><div class=\"erf-richtext erf-element-width-12\"><div data-non-input='1' data-ref-label='RichText2' data-ref-id='richtext-dqphit1k' class='erf-rich-text' ><p>K\u00e9rj\u00fck, hogy a leg\u00f6rd\u00fcl\u0151 men\u00fcb\u0151l v\u00e1lassza ki, hogy melyik tank\u00f6nyvet k\u00e9rik vagy nem k\u00e9rik a k\u00f6vetkez\u0151 tan\u00e9vre!<\/p><\/div><\/div><div class=\"erf-select form-group field-field-fH8GUZK5PNuWSxW erf-element-width-12\"><label for=\"field-fH8GUZK5PNuWSxW\" class=\"erf-select-label\">OH-MAT11TA &#8211; Matematika tank\u00f6nyv 11.<span class=\"erf-required\">*<\/span><\/label><select data-ref-label='Select2' class='form-control' name='field-fH8GUZK5PNuWSxW' required='required' id='field-fH8GUZK5PNuWSxW'  ><option value=\"\"><\/option><option value=\"K\u00e9rem\">K\u00e9rem<\/option><option value=\"Nem k\u00e9rem\">Nem k\u00e9rem<\/option><\/select><\/div><div class=\"erf-select form-group field-field-p91PB2Mx5cDNhQI erf-element-width-12\"><label for=\"field-p91PB2Mx5cDNhQI\" class=\"erf-select-label\">OH-MNY11TA &#8211; Hargittay Gergely: Magyar nyelv Tank\u00f6nyv 11.<span class=\"erf-required\">*<\/span><\/label><select data-ref-label='Select3' class='form-control' name='field-p91PB2Mx5cDNhQI' required='required' id='field-p91PB2Mx5cDNhQI'  ><option value=\"\"><\/option><option value=\"K\u00e9rem\">K\u00e9rem<\/option><option value=\"Nem k\u00e9rem\">Nem k\u00e9rem<\/option><\/select><\/div><div class=\"erf-select form-group field-field-ITWDV587ctN3fQw erf-element-width-12\"><label for=\"field-ITWDV587ctN3fQw\" class=\"erf-select-label\">OH-MNY11MA &#8211; Magyar nyelv Munkaf\u00fczet 11.<span class=\"erf-required\">*<\/span><\/label><select data-ref-label='Select5' class='form-control' name='field-ITWDV587ctN3fQw' required='required' id='field-ITWDV587ctN3fQw'  ><option value=\"\"><\/option><option value=\"K\u00e9rem\">K\u00e9rem<\/option><option value=\"Nem k\u00e9rem\">Nem k\u00e9rem<\/option><\/select><\/div><div class=\"erf-select form-group field-field-K7CjnPkpsa5a9UY erf-element-width-12\"><label for=\"field-K7CjnPkpsa5a9UY\" class=\"erf-select-label\">OH-MIR11TB &#8211; dr. Kiss Gabriella, Tank\u00f3 Istv\u00e1nn\u00e9: Sz\u00ednes irodalom 11. \u00e9vfolyam<span class=\"erf-required\">*<\/span><\/label><select data-ref-label='Select131' class='form-control' name='field-K7CjnPkpsa5a9UY' required='required' id='field-K7CjnPkpsa5a9UY'  ><option value=\"\"><\/option><option value=\"K\u00e9rem\">K\u00e9rem<\/option><option value=\"Nem k\u00e9rem\">Nem k\u00e9rem<\/option><\/select><\/div><div class=\"erf-select form-group field-field-C5yxb6GjV8Wbgvd erf-element-width-12\"><label for=\"field-C5yxb6GjV8Wbgvd\" class=\"erf-select-label\">OH-MIR11SZ &#8211; Dr. Kiss Gabriella, Tank\u00f3 Istv\u00e1nn\u00e9, Volant Vivien: Irodalom sz\u00f6veggy\u0171jtem\u00e9ny 11.<span class=\"erf-required\">*<\/span><\/label><select data-ref-label='Select6' class='form-control' name='field-C5yxb6GjV8Wbgvd' required='required' id='field-C5yxb6GjV8Wbgvd'  ><option value=\"\"><\/option><option value=\"K\u00e9rem\">K\u00e9rem<\/option><option value=\"Nem k\u00e9rem\">Nem k\u00e9rem<\/option><\/select><\/div><div class=\"erf-select form-group field-field-Rs2HDipveKUhHHU erf-element-width-12\"><label for=\"field-Rs2HDipveKUhHHU\" class=\"erf-select-label\">OH-TOR11TB &#8211; Sz\u00e1ray Mikl\u00f3s: T\u00f6rt\u00e9nelem 11. a szakk\u00f6z\u00e9piskol\u00e1k sz\u00e1m\u00e1ra<span class=\"erf-required\">*<\/span><\/label><select data-ref-label='Select7' class='form-control' name='field-Rs2HDipveKUhHHU' required='required' id='field-Rs2HDipveKUhHHU'  ><option value=\"\"><\/option><option value=\"K\u00e9rem\">K\u00e9rem<\/option><option value=\"Nem k\u00e9rem\">Nem k\u00e9rem<\/option><\/select><\/div><div class=\"erf-select form-group field-field-Fsr2H4gbR3z3ZL0 erf-element-width-12\"><label for=\"field-Fsr2H4gbR3z3ZL0\" class=\"erf-select-label\">OH-TOR11MAB &#8211; Borhegyi P\u00e9ter, Sz\u00e1ray Mikl\u00f3s: T\u00f6rt\u00e9nelem feladatgy\u0171jtem\u00e9ny 11.<span class=\"erf-required\">*<\/span><\/label><select data-ref-label='Select8' class='form-control' name='field-Fsr2H4gbR3z3ZL0' required='required' id='field-Fsr2H4gbR3z3ZL0'  ><option value=\"\"><\/option><option value=\"K\u00e9rem\">K\u00e9rem<\/option><option value=\"Nem k\u00e9rem\">Nem k\u00e9rem<\/option><\/select><\/div><div class=\"erf-select form-group field-field-BIMnHcupVUs6JNF erf-element-width-12\"><label for=\"field-BIMnHcupVUs6JNF\" class=\"erf-select-label\">FI-504010903\/2 &#8211; T\u00f6rt\u00e9nelmi atlasz k\u00f6z\u00e9piskol\u00e1soknak (OFI kiad\u00e1s)<span class=\"erf-required\">*<\/span><\/label><select data-ref-label='Select9' class='form-control' name='field-BIMnHcupVUs6JNF' required='required' id='field-BIMnHcupVUs6JNF'  ><option value=\"\"><\/option><option value=\"K\u00e9rem\">K\u00e9rem<\/option><option value=\"Nem k\u00e9rem\">Nem k\u00e9rem<\/option><\/select><\/div><div class=\"erf-select form-group field-field-UPb2br5Av9LvFHp erf-element-width-12\"><label for=\"field-UPb2br5Av9LvFHp\" class=\"erf-select-label\">EK-Pioneer3_SB &#8211; Pioneer Intermediate Student&#8217;s Material<span class=\"erf-required\">*<\/span><\/label><select data-ref-label='Select142' class='form-control' name='field-UPb2br5Av9LvFHp' required='required' id='field-UPb2br5Av9LvFHp'  ><option value=\"\"><\/option><option value=\"K\u00e9rem\">K\u00e9rem<\/option><option value=\"Nem k\u00e9rem\">Nem k\u00e9rem<\/option><\/select><\/div><div class=\"erf-select form-group field-field-59M9cxzD6WBKDdr erf-element-width-12\"><label for=\"field-59M9cxzD6WBKDdr\" class=\"erf-select-label\">EK-Pioneer3_WB &#8211; Pioneer Intermediate Workbook (with CD)<span class=\"erf-required\">*<\/span><\/label><select data-ref-label='Select141' class='form-control' name='field-59M9cxzD6WBKDdr' required='required' id='field-59M9cxzD6WBKDdr'  ><option value=\"\"><\/option><option value=\"K\u00e9rem\">K\u00e9rem<\/option><option value=\"Nem k\u00e9rem\">Nem k\u00e9rem<\/option><\/select><\/div><div class=\"erf-select form-group field-field-bE1nf9V6bLoE2rk erf-element-width-12\"><label for=\"field-bE1nf9V6bLoE2rk\" class=\"erf-select-label\">RK-532898-5 &#8211; Aspekte junior B1 plus Kursbuch mit Audios und Clips online<span class=\"erf-required\">*<\/span><\/label><select data-ref-label='Select11' class='form-control' name='field-bE1nf9V6bLoE2rk' required='required' id='field-bE1nf9V6bLoE2rk'  ><option value=\"\"><\/option><option value=\"K\u00e9rem\">K\u00e9rem<\/option><option value=\"Nem k\u00e9rem\">Nem k\u00e9rem<\/option><\/select><\/div><div class=\"erf-select form-group field-field-obuggDJUC6eruhn erf-element-width-12\"><label for=\"field-obuggDJUC6eruhn\" class=\"erf-select-label\">RK-532899-2 &#8211; Aspekte junior \u00dcbungsbuch B1 plus mit Audios online<span class=\"erf-required\">*<\/span><\/label><select data-ref-label='Select13' class='form-control' name='field-obuggDJUC6eruhn' required='required' id='field-obuggDJUC6eruhn'  ><option value=\"\"><\/option><option value=\"K\u00e9rem\">K\u00e9rem<\/option><option value=\"Nem k\u00e9rem\">Nem k\u00e9rem<\/option><\/select><\/div><div class=\"erf-select form-group field-field-HnSpRbt7oXEIPhA erf-element-width-12\"><label for=\"field-HnSpRbt7oXEIPhA\" class=\"erf-select-label\">MK-5815 &#8211; Kem\u00e9ny Andr\u00e1sn\u00e9: Cukr\u00e1szszakmai ismeretek 1.<span class=\"erf-required\">*<\/span><\/label><select data-ref-label='Select14' class='form-control' name='field-HnSpRbt7oXEIPhA' required='required' id='field-HnSpRbt7oXEIPhA'  ><option value=\"\"><\/option><option value=\"K\u00e9rem\">K\u00e9rem<\/option><option value=\"Nem k\u00e9rem\">Nem k\u00e9rem<\/option><\/select><\/div><div class=\"erf-select form-group field-field-a36vpV2TfcZzxST erf-element-width-12\"><label for=\"field-a36vpV2TfcZzxST\" class=\"erf-select-label\">MK-5816 &#8211; Kem\u00e9ny Andr\u00e1sn\u00e9: Cukr\u00e1szszakmai ismeretek 2.<span class=\"erf-required\">*<\/span><\/label><select data-ref-label='Select15' class='form-control' name='field-a36vpV2TfcZzxST' required='required' id='field-a36vpV2TfcZzxST'  ><option value=\"\"><\/option><option value=\"K\u00e9rem\">K\u00e9rem<\/option><option value=\"Nem k\u00e9rem\">Nem k\u00e9rem<\/option><\/select><\/div><div class=\"erf-richtext erf-element-width-12\"><div data-non-input='1' data-ref-label='RichText3' data-ref-id='richtext-uqs6g9ss' class='erf-rich-text' ><p><strong>Felel\u0151ss\u00e9gem tudat\u00e1ban kijelentem, hogy a tank\u00f6nyvrendel\u0151 lapon szerepl\u0151 adatok a val\u00f3s\u00e1gnak megfelelnek.<\/strong><\/p><\/div><\/div><div class=\"erf-richtext erf-element-width-12\"><div data-non-input='1' data-ref-label='RichText4' data-ref-id='richtext-veax4aoa' class='erf-rich-text' ><p>Tisztelt Kit\u00f6lt\u0151! T\u00e1j\u00e9koztatjuk, hogy a tank\u00f6nyvrendel\u00e9se sor\u00e1n a szem\u00e9lyes adatok kezel\u00e9s\u00e9re az \u00e1ltal\u00e1nos adatv\u00e9delmi rendeletben (Az Eur\u00f3pai Parlament \u00e9s a Tan\u00e1cs 2016\/679 Rendelete, a tov\u00e1bbiakban: GDPR) az inform\u00e1ci\u00f3s \u00f6nrendelkez\u00e9si jogr\u00f3l \u00e9s inform\u00e1ci\u00f3szabads\u00e1gr\u00f3l sz\u00f3l\u00f3 2011. \u00e9vi CXII. t\u00f6rv\u00e9nyben, az oktat\u00e1si nyilv\u00e1ntart\u00e1sr\u00f3l sz\u00f3l\u00f3 2018. \u00e9vi LXXXIX. t\u00f6rv\u00e9nyben (a tov\u00e1bbiakban: Onytv.) meghat\u00e1rozott rendelkez\u00e9sek alapj\u00e1n ker\u00fcl sor. Az adatkezel\u00e9s jogalapja a GDPR 6. cikk (1) bekezd\u00e9s c) \u00e9s e) pontja alapj\u00e1n az adatkezel\u0151re vonatkoz\u00f3 jogi k\u00f6telezetts\u00e9g teljes\u00edt\u00e9se.<\/p><\/div><\/div><div class=\"erf-button form-group field-button-8011365169 erf-element-width-12\"><button type='submit'class='btn btn-default'name='button-8011365169'data-ref-label='Send'id='button-8011365169'>K\u00fcld\u00e9s<\/button><\/div>                    <\/div> \n                <\/div>    \n\n                <div class=\"erf-external-form-elements\">\n                    \n                    \n                    \n\n                    \n                                        <div class=\"erf-errors\" style=\"display:none\">\n                        <span class=\"erf-errors-head erf-error-row\">Error occured. Please confirm your data and submit again:<\/span>\n                        <div class=\"erf-errors-body\">\n                                                    <\/div> \n                    <\/div>\n\n                <\/div>\n                <!-- Contains multipage Next,Previous buttons -->\n                <div class=\"erf-form-nav clearfix\"><\/div> \n\n                <!-- Single page form button -->\n                <div class=\"erf-submit-button clearfix\"><\/div>\n\n\n                <input type=\"hidden\" name=\"erform_id\" value=\"24489\" \/>\n                <input type=\"hidden\" id=\"erform_submission_nonce\" name=\"erform_submission_nonce\" value=\"092b6a7344\" \/><input type=\"hidden\" name=\"_wp_http_referer\" value=\"\/index.php\/wp-json\/wp\/v2\/pages\/24623\" \/>                <input type=\"hidden\" name=\"action\" value=\"erf_submit_form\" \/>\n\n            <\/form>\n            \n<\/div>\n\t\t\t\t\t\t\t\t<\/div>\n\t\t\t\t<\/div>\n\t\t\t\t\t<\/div>\n\t\t<\/div>\n\t\t\t\t\t<\/div>\n\t\t<\/section>\n\t\t\t\t<\/div>\n\t\t","protected":false},"excerpt":{"rendered":"<p>K\u00e9rj\u00fck, hogy az al\u00e1bbi \u0171rlapon kiz\u00e1r\u00f3lag a val\u00f3s\u00e1gnak megfelel\u0151 adatokat legyen sz\u00edves megadni! K\u00f6sz\u00f6nj\u00fck!<\/p>\n","protected":false},"author":4,"featured_media":0,"parent":0,"menu_order":0,"comment_status":"closed","ping_status":"closed","template":"","meta":{"footnotes":""},"class_list":["post-24623","page","type-page","status-publish","hentry"],"_links":{"self":[{"href":"\/index.php\/wp-json\/wp\/v2\/pages\/24623","targetHints":{"allow":["GET"]}}],"collection":[{"href":"\/index.php\/wp-json\/wp\/v2\/pages"}],"about":[{"href":"\/index.php\/wp-json\/wp\/v2\/types\/page"}],"author":[{"embeddable":true,"href":"\/index.php\/wp-json\/wp\/v2\/users\/4"}],"replies":[{"embeddable":true,"href":"\/index.php\/wp-json\/wp\/v2\/comments?post=24623"}],"version-history":[{"count":4,"href":"\/index.php\/wp-json\/wp\/v2\/pages\/24623\/revisions"}],"predecessor-version":[{"id":24628,"href":"\/index.php\/wp-json\/wp\/v2\/pages\/24623\/revisions\/24628"}],"wp:attachment":[{"href":"\/index.php\/wp-json\/wp\/v2\/media?parent=24623"}],"curies":[{"name":"wp","href":"https:\/\/api.w.org\/{rel}","templated":true}]}}