{"id":24446,"date":"2023-04-14T17:02:23","date_gmt":"2023-04-14T16:02:23","guid":{"rendered":"\/?page_id=24446"},"modified":"2023-04-24T10:58:37","modified_gmt":"2023-04-24T09:58:37","slug":"tankonyvrendeles-a-2023-2024-es-tanevre","status":"publish","type":"page","link":"\/index.php\/tankonyvrendeles-a-2023-2024-es-tanevre\/","title":{"rendered":"Tank\u00f6nyvrendel\u00e9s a 2023\/2024-es tan\u00e9vre"},"content":{"rendered":"\t\t<div data-elementor-type=\"wp-page\" data-elementor-id=\"24446\" class=\"elementor elementor-24446\" data-elementor-post-type=\"page\">\n\t\t\t\t\t\t<section class=\"elementor-section elementor-top-section elementor-element elementor-element-bee85c7 elementor-section-boxed elementor-section-height-default elementor-section-height-default\" data-id=\"bee85c7\" data-element_type=\"section\" data-e-type=\"section\">\n\t\t\t\t\t\t<div class=\"elementor-container elementor-column-gap-default\">\n\t\t\t\t\t<div class=\"elementor-column elementor-col-100 elementor-top-column elementor-element elementor-element-1896572\" data-id=\"1896572\" data-element_type=\"column\" data-e-type=\"column\">\n\t\t\t<div class=\"elementor-widget-wrap elementor-element-populated\">\n\t\t\t\t\t\t<div class=\"elementor-element elementor-element-c98650d elementor-widget elementor-widget-spacer\" data-id=\"c98650d\" data-element_type=\"widget\" data-e-type=\"widget\" data-widget_type=\"spacer.default\">\n\t\t\t\t<div class=\"elementor-widget-container\">\n\t\t\t\t\t\t\t<div class=\"elementor-spacer\">\n\t\t\t<div class=\"elementor-spacer-inner\"><\/div>\n\t\t<\/div>\n\t\t\t\t\t\t<\/div>\n\t\t\t\t<\/div>\n\t\t\t\t\t<\/div>\n\t\t<\/div>\n\t\t\t\t\t<\/div>\n\t\t<\/section>\n\t\t\t\t<section class=\"elementor-section elementor-top-section elementor-element elementor-element-368aefc elementor-section-boxed elementor-section-height-default elementor-section-height-default\" data-id=\"368aefc\" data-element_type=\"section\" data-e-type=\"section\">\n\t\t\t\t\t\t<div class=\"elementor-container elementor-column-gap-default\">\n\t\t\t\t\t<div class=\"elementor-column elementor-col-100 elementor-top-column elementor-element elementor-element-31d4339\" data-id=\"31d4339\" data-element_type=\"column\" data-e-type=\"column\">\n\t\t\t<div class=\"elementor-widget-wrap elementor-element-populated\">\n\t\t\t\t\t\t<div class=\"elementor-element elementor-element-36f9d66 elementor-widget elementor-widget-heading\" data-id=\"36f9d66\" data-element_type=\"widget\" data-e-type=\"widget\" data-widget_type=\"heading.default\">\n\t\t\t\t<div class=\"elementor-widget-container\">\n\t\t\t\t\t<h2 class=\"elementor-heading-title elementor-size-default\"><h2 data-elementor-setting-key=\"title\" data-pen-placeholder=\"Ide \u00edrj...\" style=\"font-family: Alegreya, sans-serif\">Tisztelt Sz\u00fcl\u0151k!<\/h2><\/h2>\t\t\t\t<\/div>\n\t\t\t\t<\/div>\n\t\t\t\t\t<\/div>\n\t\t<\/div>\n\t\t\t\t\t<\/div>\n\t\t<\/section>\n\t\t\t\t<section class=\"elementor-section elementor-top-section elementor-element elementor-element-afa53f5 elementor-section-boxed elementor-section-height-default elementor-section-height-default\" data-id=\"afa53f5\" data-element_type=\"section\" data-e-type=\"section\">\n\t\t\t\t\t\t<div class=\"elementor-container elementor-column-gap-default\">\n\t\t\t\t\t<div class=\"elementor-column elementor-col-100 elementor-top-column elementor-element elementor-element-1800bf0\" data-id=\"1800bf0\" data-element_type=\"column\" data-e-type=\"column\">\n\t\t\t<div class=\"elementor-widget-wrap elementor-element-populated\">\n\t\t\t\t\t\t<div class=\"elementor-element elementor-element-ac5eae3 elementor-widget elementor-widget-spacer\" data-id=\"ac5eae3\" data-element_type=\"widget\" data-e-type=\"widget\" data-widget_type=\"spacer.default\">\n\t\t\t\t<div class=\"elementor-widget-container\">\n\t\t\t\t\t\t\t<div class=\"elementor-spacer\">\n\t\t\t<div class=\"elementor-spacer-inner\"><\/div>\n\t\t<\/div>\n\t\t\t\t\t\t<\/div>\n\t\t\t\t<\/div>\n\t\t\t\t\t<\/div>\n\t\t<\/div>\n\t\t\t\t\t<\/div>\n\t\t<\/section>\n\t\t\t\t<section class=\"elementor-section elementor-top-section elementor-element elementor-element-62f5bda elementor-section-boxed elementor-section-height-default elementor-section-height-default\" data-id=\"62f5bda\" data-element_type=\"section\" data-e-type=\"section\">\n\t\t\t\t\t\t<div class=\"elementor-container elementor-column-gap-default\">\n\t\t\t\t\t<div class=\"elementor-column elementor-col-100 elementor-top-column elementor-element elementor-element-1d21b5a\" data-id=\"1d21b5a\" data-element_type=\"column\" data-e-type=\"column\">\n\t\t\t<div class=\"elementor-widget-wrap elementor-element-populated\">\n\t\t\t\t\t\t<div class=\"elementor-element elementor-element-c25fcf7 elementor-widget elementor-widget-text-editor\" data-id=\"c25fcf7\" data-element_type=\"widget\" data-e-type=\"widget\" data-widget_type=\"text-editor.default\">\n\t\t\t\t<div class=\"elementor-widget-container\">\n\t\t\t\t\t\t\t\t\t<p>Az el\u0151z\u0151 tan\u00e9vehez hasonl\u00f3an\u00a0 iskol\u00e1nk 2023\/2024-es tan\u00e9vre vonatkoz\u00f3 tank\u00f6nyvrendel\u00e9se online fel\u00fcleten fog megt\u00f6rt\u00e9nni.<\/p><p>K\u00e9rj\u00fck \u00d6n\u00f6ket, hogy alaposan olvass\u00e1k el az al\u00e1bbi sorokat, amik a tank\u00f6nyvrendel\u00e9ssel kapcsolatosan tartalmaznak fontos tudnival\u00f3kat!\u00a0<\/p><p>Meg\u00e9rt\u00e9s\u00fcket \u00e9s seg\u00edt\u0151 egy\u00fcttm\u00fck\u00f6d\u00e9s\u00fcket ez\u00faton is k\u00f6sz\u00f6nj\u00fck!<\/p>\t\t\t\t\t\t\t\t<\/div>\n\t\t\t\t<\/div>\n\t\t\t\t\t<\/div>\n\t\t<\/div>\n\t\t\t\t\t<\/div>\n\t\t<\/section>\n\t\t\t\t<section class=\"elementor-section elementor-top-section elementor-element elementor-element-04bf01b elementor-section-boxed elementor-section-height-default elementor-section-height-default\" data-id=\"04bf01b\" data-element_type=\"section\" data-e-type=\"section\">\n\t\t\t\t\t\t<div class=\"elementor-container elementor-column-gap-default\">\n\t\t\t\t\t<div class=\"elementor-column elementor-col-100 elementor-top-column elementor-element elementor-element-82fb8e8\" data-id=\"82fb8e8\" data-element_type=\"column\" data-e-type=\"column\">\n\t\t\t<div class=\"elementor-widget-wrap elementor-element-populated\">\n\t\t\t\t\t\t<div class=\"elementor-element elementor-element-1f7e755 elementor-widget elementor-widget-text-editor\" data-id=\"1f7e755\" data-element_type=\"widget\" data-e-type=\"widget\" data-widget_type=\"text-editor.default\">\n\t\t\t\t<div class=\"elementor-widget-container\">\n\t\t\t\t\t\t\t\t\t<p style=\"text-align: right;\">Tisztelettel,<\/p><p style=\"text-align: right;\">Eke Ibolya<\/p><p style=\"text-align: right;\">igazgat\u00f3<\/p>\t\t\t\t\t\t\t\t<\/div>\n\t\t\t\t<\/div>\n\t\t\t\t\t<\/div>\n\t\t<\/div>\n\t\t\t\t\t<\/div>\n\t\t<\/section>\n\t\t\t\t<section class=\"elementor-section elementor-top-section elementor-element elementor-element-1b5d846 elementor-section-boxed elementor-section-height-default elementor-section-height-default\" data-id=\"1b5d846\" data-element_type=\"section\" data-e-type=\"section\">\n\t\t\t\t\t\t<div class=\"elementor-container elementor-column-gap-default\">\n\t\t\t\t\t<div class=\"elementor-column elementor-col-100 elementor-top-column elementor-element elementor-element-4d63ce9\" data-id=\"4d63ce9\" data-element_type=\"column\" data-e-type=\"column\">\n\t\t\t<div class=\"elementor-widget-wrap elementor-element-populated\">\n\t\t\t\t\t\t<div class=\"elementor-element elementor-element-b9523bd elementor-widget elementor-widget-spacer\" data-id=\"b9523bd\" data-element_type=\"widget\" data-e-type=\"widget\" data-widget_type=\"spacer.default\">\n\t\t\t\t<div class=\"elementor-widget-container\">\n\t\t\t\t\t\t\t<div class=\"elementor-spacer\">\n\t\t\t<div class=\"elementor-spacer-inner\"><\/div>\n\t\t<\/div>\n\t\t\t\t\t\t<\/div>\n\t\t\t\t<\/div>\n\t\t\t\t\t<\/div>\n\t\t<\/div>\n\t\t\t\t\t<\/div>\n\t\t<\/section>\n\t\t\t\t<section class=\"elementor-section elementor-top-section elementor-element elementor-element-678cb12 elementor-section-boxed elementor-section-height-default elementor-section-height-default\" data-id=\"678cb12\" data-element_type=\"section\" data-e-type=\"section\">\n\t\t\t\t\t\t<div class=\"elementor-container elementor-column-gap-default\">\n\t\t\t\t\t<div class=\"elementor-column elementor-col-100 elementor-top-column elementor-element elementor-element-d2b7b41\" data-id=\"d2b7b41\" data-element_type=\"column\" data-e-type=\"column\">\n\t\t\t<div class=\"elementor-widget-wrap elementor-element-populated\">\n\t\t\t\t\t\t<div class=\"elementor-element elementor-element-5d03af0 elementor-widget elementor-widget-heading\" data-id=\"5d03af0\" data-element_type=\"widget\" data-e-type=\"widget\" data-widget_type=\"heading.default\">\n\t\t\t\t<div class=\"elementor-widget-container\">\n\t\t\t\t\t<h2 class=\"elementor-heading-title elementor-size-default\">Fontos inform\u00e1ci\u00f3k a tank\u00f6nyvrendel\u00e9ssel kapcsolatban<\/h2>\t\t\t\t<\/div>\n\t\t\t\t<\/div>\n\t\t\t\t\t<\/div>\n\t\t<\/div>\n\t\t\t\t\t<\/div>\n\t\t<\/section>\n\t\t\t\t<section class=\"elementor-section elementor-top-section elementor-element elementor-element-09c070b elementor-section-boxed elementor-section-height-default elementor-section-height-default\" data-id=\"09c070b\" data-element_type=\"section\" data-e-type=\"section\">\n\t\t\t\t\t\t<div class=\"elementor-container elementor-column-gap-default\">\n\t\t\t\t\t<div class=\"elementor-column elementor-col-100 elementor-top-column elementor-element elementor-element-a9de8df\" data-id=\"a9de8df\" data-element_type=\"column\" data-e-type=\"column\">\n\t\t\t<div class=\"elementor-widget-wrap elementor-element-populated\">\n\t\t\t\t\t\t<div class=\"elementor-element elementor-element-9fab382 elementor-widget elementor-widget-text-editor\" data-id=\"9fab382\" data-element_type=\"widget\" data-e-type=\"widget\" data-widget_type=\"text-editor.default\">\n\t\t\t\t<div class=\"elementor-widget-container\">\n\t\t\t\t\t\t\t\t\t<p>Iskol\u00e1nk a t\u00f6rv\u00e9nyi szab\u00e1lyoz\u00e1soknak megfelel\u0151en a 9.-16. \u00e9vfolyam minden tanul\u00f3ja sz\u00e1m\u00e1ra t\u00e9r\u00edt\u00e9smentesen biztos\u00edtja a tank\u00f6nyveket, ami azt jelenti, hogy a tan\u00e9v elej\u00e9n INGYENESEN kapj\u00e1k meg a tank\u00f6nyveket az iskola k\u00f6nyvt\u00e1r\u00e1b\u00f3l, amiket a tan\u00e9v v\u00e9g\u00e9n VISSZA KELL ADNIUK. (Ez al\u00f3l kiv\u00e9telt k\u00e9peznek a munkaf\u00fczetek, azokat NEM KELL a tan\u00e9v v\u00e9g\u00e9n visszaadni.)<\/p>\t\t\t\t\t\t\t\t<\/div>\n\t\t\t\t<\/div>\n\t\t\t\t\t<\/div>\n\t\t<\/div>\n\t\t\t\t\t<\/div>\n\t\t<\/section>\n\t\t\t\t<section class=\"elementor-section elementor-top-section elementor-element elementor-element-a34fda3 elementor-section-boxed elementor-section-height-default elementor-section-height-default\" data-id=\"a34fda3\" data-element_type=\"section\" data-e-type=\"section\">\n\t\t\t\t\t\t<div class=\"elementor-container elementor-column-gap-default\">\n\t\t\t\t\t<div class=\"elementor-column elementor-col-100 elementor-top-column elementor-element elementor-element-27e1183\" data-id=\"27e1183\" data-element_type=\"column\" data-e-type=\"column\">\n\t\t\t<div class=\"elementor-widget-wrap elementor-element-populated\">\n\t\t\t\t\t\t<div class=\"elementor-element elementor-element-ded0dd6 elementor-widget elementor-widget-text-editor\" data-id=\"ded0dd6\" data-element_type=\"widget\" data-e-type=\"widget\" data-widget_type=\"text-editor.default\">\n\t\t\t\t<div class=\"elementor-widget-container\">\n\t\t\t\t\t\t\t\t\t<p>\u2022 Tank\u00f6nyvrendel\u00e9si hat\u00e1rid\u0151: <strong>2023. \u00e1prilis. 24.<\/strong><\/p><p>\u2022 Az ingyenes tank\u00f6nyveket a tanul\u00f3 k\u00f6teles a tan\u00e9v v\u00e9g\u00e9n megk\u00edm\u00e9lt \u00e1llapotban leadni.<\/p><p>\u2022 Amennyiben a k\u00f6lcs\u00f6nz\u00f6tt tank\u00f6nyv a tan\u00e9v v\u00e9g\u00e9re haszn\u00e1lhatatlann\u00e1 v\u00e1lik, visszav\u00e9tel\u00e9t nem tudjuk biztos\u00edtani, a tank\u00f6nyv ellen\u00e9rt\u00e9k\u00e9t ki kell fizetni.<\/p><p>\u2022 Az iskol\u00e1ba felvett \u00faj tanul\u00f3k eset\u00e9ben a tank\u00f6nyvrendel\u00e9s a k\u00e9s\u0151bb kihirdetett beiratkoz\u00e1s napj\u00e1n fog megt\u00f6rt\u00e9nni.<\/p><p>\u2022 A tank\u00f6nyvek \u00e1tv\u00e9tel\u00e9re <strong>2023. augusztus 20.<\/strong> ut\u00e1n ker\u00fcl sor az iskola honlapj\u00e1n (<strong>www.zwackkeri.hu<\/strong>) jelzett id\u0151pontban \u00e9s helysz\u00ednen.<\/p>\t\t\t\t\t\t\t\t<\/div>\n\t\t\t\t<\/div>\n\t\t\t\t\t<\/div>\n\t\t<\/div>\n\t\t\t\t\t<\/div>\n\t\t<\/section>\n\t\t\t\t<section class=\"elementor-section elementor-top-section elementor-element elementor-element-eade9af elementor-section-boxed elementor-section-height-default elementor-section-height-default\" data-id=\"eade9af\" data-element_type=\"section\" data-e-type=\"section\">\n\t\t\t\t\t\t<div class=\"elementor-container elementor-column-gap-default\">\n\t\t\t\t\t<div class=\"elementor-column elementor-col-100 elementor-top-column elementor-element elementor-element-8a5b197\" data-id=\"8a5b197\" data-element_type=\"column\" data-e-type=\"column\">\n\t\t\t<div class=\"elementor-widget-wrap elementor-element-populated\">\n\t\t\t\t\t\t<div class=\"elementor-element elementor-element-16949b8 elementor-align-center elementor-widget elementor-widget-button\" data-id=\"16949b8\" data-element_type=\"widget\" data-e-type=\"widget\" data-widget_type=\"button.default\">\n\t\t\t\t<div class=\"elementor-widget-container\">\n\t\t\t\t\t\t\t\t\t<div class=\"elementor-button-wrapper\">\n\t\t\t\t\t<a class=\"elementor-button elementor-button-link elementor-size-xl\" href=\"index.php\/iskolatipus-kivalasztasa\">\n\t\t\t\t\t\t<span class=\"elementor-button-content-wrapper\">\n\t\t\t\t\t\t\t\t\t<span class=\"elementor-button-text\">Leadom a tank\u00f6nyvrendel\u00e9sem<\/span>\n\t\t\t\t\t<\/span>\n\t\t\t\t\t<\/a>\n\t\t\t\t<\/div>\n\t\t\t\t\t\t\t\t<\/div>\n\t\t\t\t<\/div>\n\t\t\t\t\t<\/div>\n\t\t<\/div>\n\t\t\t\t\t<\/div>\n\t\t<\/section>\n\t\t\t\t<\/div>\n\t\t","protected":false},"excerpt":{"rendered":"<p>Tisztelt Sz\u00fcl\u0151k! Az el\u0151z\u0151 tan\u00e9vehez hasonl\u00f3an\u00a0 iskol\u00e1nk 2023\/2024-es tan\u00e9vre vonatkoz\u00f3 tank\u00f6nyvrendel\u00e9se online fel\u00fcleten fog megt\u00f6rt\u00e9nni. K\u00e9rj\u00fck \u00d6n\u00f6ket, hogy alaposan olvass\u00e1k el az al\u00e1bbi sorokat, amik a tank\u00f6nyvrendel\u00e9ssel kapcsolatosan tartalmaznak fontos tudnival\u00f3kat!\u00a0 Meg\u00e9rt\u00e9s\u00fcket \u00e9s seg\u00edt\u0151 egy\u00fcttm\u00fck\u00f6d\u00e9s\u00fcket ez\u00faton is k\u00f6sz\u00f6nj\u00fck! Tisztelettel, Eke Ibolya igazgat\u00f3 Fontos inform\u00e1ci\u00f3k a tank\u00f6nyvrendel\u00e9ssel kapcsolatban Iskol\u00e1nk a t\u00f6rv\u00e9nyi szab\u00e1lyoz\u00e1soknak megfelel\u0151en a 9.-16. \u00e9vfolyam [&hellip;]<\/p>\n","protected":false},"author":4,"featured_media":0,"parent":0,"menu_order":0,"comment_status":"closed","ping_status":"closed","template":"","meta":{"footnotes":""},"class_list":["post-24446","page","type-page","status-publish","hentry"],"_links":{"self":[{"href":"\/index.php\/wp-json\/wp\/v2\/pages\/24446","targetHints":{"allow":["GET"]}}],"collection":[{"href":"\/index.php\/wp-json\/wp\/v2\/pages"}],"about":[{"href":"\/index.php\/wp-json\/wp\/v2\/types\/page"}],"author":[{"embeddable":true,"href":"\/index.php\/wp-json\/wp\/v2\/users\/4"}],"replies":[{"embeddable":true,"href":"\/index.php\/wp-json\/wp\/v2\/comments?post=24446"}],"version-history":[{"count":13,"href":"\/index.php\/wp-json\/wp\/v2\/pages\/24446\/revisions"}],"predecessor-version":[{"id":25217,"href":"\/index.php\/wp-json\/wp\/v2\/pages\/24446\/revisions\/25217"}],"wp:attachment":[{"href":"\/index.php\/wp-json\/wp\/v2\/media?parent=24446"}],"curies":[{"name":"wp","href":"https:\/\/api.w.org\/{rel}","templated":true}]}}