{"id":2399,"date":"2021-02-03T10:10:09","date_gmt":"2021-02-03T09:10:09","guid":{"rendered":"\/?page_id=2399"},"modified":"2021-02-03T10:28:01","modified_gmt":"2021-02-03T09:28:01","slug":"erasmus-ka2-romania-2019","status":"publish","type":"page","link":"\/index.php\/erasmus-ka2-romania-2019\/","title":{"rendered":"Erasmus + KA2 \u2013 Rom\u00e1nia 2019"},"content":{"rendered":"\t\t<div data-elementor-type=\"wp-page\" data-elementor-id=\"2399\" class=\"elementor elementor-2399\" data-elementor-post-type=\"page\">\n\t\t\t\t\t\t<section class=\"elementor-section elementor-top-section elementor-element elementor-element-90c1139 elementor-section-boxed elementor-section-height-default elementor-section-height-default\" data-id=\"90c1139\" data-element_type=\"section\" data-e-type=\"section\">\n\t\t\t\t\t\t<div class=\"elementor-container elementor-column-gap-default\">\n\t\t\t\t\t<div class=\"elementor-column elementor-col-100 elementor-top-column elementor-element elementor-element-cef8bf2\" data-id=\"cef8bf2\" data-element_type=\"column\" data-e-type=\"column\">\n\t\t\t<div class=\"elementor-widget-wrap elementor-element-populated\">\n\t\t\t\t\t\t<div class=\"elementor-element elementor-element-37f356d elementor-widget elementor-widget-spacer\" data-id=\"37f356d\" data-element_type=\"widget\" data-e-type=\"widget\" data-widget_type=\"spacer.default\">\n\t\t\t\t<div class=\"elementor-widget-container\">\n\t\t\t\t\t\t\t<div class=\"elementor-spacer\">\n\t\t\t<div class=\"elementor-spacer-inner\"><\/div>\n\t\t<\/div>\n\t\t\t\t\t\t<\/div>\n\t\t\t\t<\/div>\n\t\t\t\t\t<\/div>\n\t\t<\/div>\n\t\t\t\t\t<\/div>\n\t\t<\/section>\n\t\t\t\t<section class=\"elementor-section elementor-top-section elementor-element elementor-element-2c8c203 elementor-section-boxed elementor-section-height-default elementor-section-height-default\" data-id=\"2c8c203\" data-element_type=\"section\" data-e-type=\"section\">\n\t\t\t\t\t\t<div class=\"elementor-container elementor-column-gap-default\">\n\t\t\t\t\t<div class=\"elementor-column elementor-col-100 elementor-top-column elementor-element elementor-element-9557eff\" data-id=\"9557eff\" data-element_type=\"column\" data-e-type=\"column\">\n\t\t\t<div class=\"elementor-widget-wrap elementor-element-populated\">\n\t\t\t\t\t\t<div class=\"elementor-element elementor-element-649679b elementor-widget elementor-widget-heading\" data-id=\"649679b\" data-element_type=\"widget\" data-e-type=\"widget\" data-widget_type=\"heading.default\">\n\t\t\t\t<div class=\"elementor-widget-container\">\n\t\t\t\t\t<h5 class=\"elementor-heading-title elementor-size-default\">Erasmus+ KA2 \u2013 Rom\u00e1nia<\/h5>\t\t\t\t<\/div>\n\t\t\t\t<\/div>\n\t\t\t\t\t<\/div>\n\t\t<\/div>\n\t\t\t\t\t<\/div>\n\t\t<\/section>\n\t\t\t\t<section class=\"elementor-section elementor-top-section elementor-element elementor-element-6b5f8ea elementor-section-boxed elementor-section-height-default elementor-section-height-default\" data-id=\"6b5f8ea\" data-element_type=\"section\" data-e-type=\"section\">\n\t\t\t\t\t\t<div class=\"elementor-container elementor-column-gap-default\">\n\t\t\t\t\t<div class=\"elementor-column elementor-col-100 elementor-top-column elementor-element elementor-element-0643738\" data-id=\"0643738\" data-element_type=\"column\" data-e-type=\"column\">\n\t\t\t<div class=\"elementor-widget-wrap elementor-element-populated\">\n\t\t\t\t\t\t<div class=\"elementor-element elementor-element-7a5a122 elementor-widget elementor-widget-heading\" data-id=\"7a5a122\" data-element_type=\"widget\" data-e-type=\"widget\" data-widget_type=\"heading.default\">\n\t\t\t\t<div class=\"elementor-widget-container\">\n\t\t\t\t\t<h5 class=\"elementor-heading-title elementor-size-default\">\u201cBe the change you want to see\u201d<\/h5>\t\t\t\t<\/div>\n\t\t\t\t<\/div>\n\t\t\t\t\t<\/div>\n\t\t<\/div>\n\t\t\t\t\t<\/div>\n\t\t<\/section>\n\t\t\t\t<section class=\"elementor-section elementor-top-section elementor-element elementor-element-69b7513 elementor-section-boxed elementor-section-height-default elementor-section-height-default\" data-id=\"69b7513\" data-element_type=\"section\" data-e-type=\"section\">\n\t\t\t\t\t\t<div class=\"elementor-container elementor-column-gap-default\">\n\t\t\t\t\t<div class=\"elementor-column elementor-col-100 elementor-top-column elementor-element elementor-element-943e513\" data-id=\"943e513\" data-element_type=\"column\" data-e-type=\"column\">\n\t\t\t<div class=\"elementor-widget-wrap elementor-element-populated\">\n\t\t\t\t\t\t<div class=\"elementor-element elementor-element-af94cca elementor-widget elementor-widget-heading\" data-id=\"af94cca\" data-element_type=\"widget\" data-e-type=\"widget\" data-widget_type=\"heading.default\">\n\t\t\t\t<div class=\"elementor-widget-container\">\n\t\t\t\t\t<h5 class=\"elementor-heading-title elementor-size-default\">2018-1-PL01-KA229-051218_3<\/h5>\t\t\t\t<\/div>\n\t\t\t\t<\/div>\n\t\t\t\t\t<\/div>\n\t\t<\/div>\n\t\t\t\t\t<\/div>\n\t\t<\/section>\n\t\t\t\t<section class=\"elementor-section elementor-top-section elementor-element elementor-element-8ba839e elementor-section-boxed elementor-section-height-default elementor-section-height-default\" data-id=\"8ba839e\" data-element_type=\"section\" data-e-type=\"section\">\n\t\t\t\t\t\t<div class=\"elementor-container elementor-column-gap-default\">\n\t\t\t\t\t<div class=\"elementor-column elementor-col-100 elementor-top-column elementor-element elementor-element-4e2fed7\" data-id=\"4e2fed7\" data-element_type=\"column\" data-e-type=\"column\">\n\t\t\t<div class=\"elementor-widget-wrap elementor-element-populated\">\n\t\t\t\t\t\t<div class=\"elementor-element elementor-element-3abd43f elementor-widget elementor-widget-heading\" data-id=\"3abd43f\" data-element_type=\"widget\" data-e-type=\"widget\" data-widget_type=\"heading.default\">\n\t\t\t\t<div class=\"elementor-widget-container\">\n\t\t\t\t\t<h5 class=\"elementor-heading-title elementor-size-default\">Helysz\u00edn: Rom\u00e1nia \/ Braila<\/h5>\t\t\t\t<\/div>\n\t\t\t\t<\/div>\n\t\t\t\t\t<\/div>\n\t\t<\/div>\n\t\t\t\t\t<\/div>\n\t\t<\/section>\n\t\t\t\t<section class=\"elementor-section elementor-top-section elementor-element elementor-element-00a106e elementor-section-boxed elementor-section-height-default elementor-section-height-default\" data-id=\"00a106e\" data-element_type=\"section\" data-e-type=\"section\">\n\t\t\t\t\t\t<div class=\"elementor-container elementor-column-gap-default\">\n\t\t\t\t\t<div class=\"elementor-column elementor-col-100 elementor-top-column elementor-element elementor-element-9219195\" data-id=\"9219195\" data-element_type=\"column\" data-e-type=\"column\">\n\t\t\t<div class=\"elementor-widget-wrap elementor-element-populated\">\n\t\t\t\t\t\t<div class=\"elementor-element elementor-element-cce0d6b elementor-widget elementor-widget-heading\" data-id=\"cce0d6b\" data-element_type=\"widget\" data-e-type=\"widget\" data-widget_type=\"heading.default\">\n\t\t\t\t<div class=\"elementor-widget-container\">\n\t\t\t\t\t<h5 class=\"elementor-heading-title elementor-size-default\">Id\u0151pont: 2019. 09.22-28.<\/h5>\t\t\t\t<\/div>\n\t\t\t\t<\/div>\n\t\t\t\t\t<\/div>\n\t\t<\/div>\n\t\t\t\t\t<\/div>\n\t\t<\/section>\n\t\t\t\t<section class=\"elementor-section elementor-top-section elementor-element elementor-element-cc60ebd elementor-section-boxed elementor-section-height-default elementor-section-height-default\" data-id=\"cc60ebd\" data-element_type=\"section\" data-e-type=\"section\">\n\t\t\t\t\t\t<div class=\"elementor-container elementor-column-gap-default\">\n\t\t\t\t\t<div class=\"elementor-column elementor-col-100 elementor-top-column elementor-element elementor-element-a6d6877\" data-id=\"a6d6877\" data-element_type=\"column\" data-e-type=\"column\">\n\t\t\t<div class=\"elementor-widget-wrap elementor-element-populated\">\n\t\t\t\t\t\t<div class=\"elementor-element elementor-element-214dcc9 elementor-widget elementor-widget-spacer\" data-id=\"214dcc9\" data-element_type=\"widget\" data-e-type=\"widget\" data-widget_type=\"spacer.default\">\n\t\t\t\t<div class=\"elementor-widget-container\">\n\t\t\t\t\t\t\t<div class=\"elementor-spacer\">\n\t\t\t<div class=\"elementor-spacer-inner\"><\/div>\n\t\t<\/div>\n\t\t\t\t\t\t<\/div>\n\t\t\t\t<\/div>\n\t\t\t\t\t<\/div>\n\t\t<\/div>\n\t\t\t\t\t<\/div>\n\t\t<\/section>\n\t\t\t\t<section class=\"elementor-section elementor-top-section elementor-element elementor-element-d0a80a6 elementor-section-boxed elementor-section-height-default elementor-section-height-default\" data-id=\"d0a80a6\" data-element_type=\"section\" data-e-type=\"section\">\n\t\t\t\t\t\t<div class=\"elementor-container elementor-column-gap-default\">\n\t\t\t\t\t<div class=\"elementor-column elementor-col-100 elementor-top-column elementor-element elementor-element-8c80a57\" data-id=\"8c80a57\" data-element_type=\"column\" data-e-type=\"column\">\n\t\t\t<div class=\"elementor-widget-wrap elementor-element-populated\">\n\t\t\t\t\t\t<div class=\"elementor-element elementor-element-774fc05 elementor-widget elementor-widget-text-editor\" data-id=\"774fc05\" data-element_type=\"widget\" data-e-type=\"widget\" data-widget_type=\"text-editor.default\">\n\t\t\t\t<div class=\"elementor-widget-container\">\n\t\t\t\t\t\t\t\t\t<p>Az Erasmus+ KA229 projektsz\u00e1m\u00fa p\u00e1ly\u00e1zat keret\u00e9ben 5 orsz\u00e1g (G\u00f6r\u00f6gorsz\u00e1g, T\u00f6r\u00f6korsz\u00e1g, Lengyelorsz\u00e1g, Rom\u00e1nia \u00e9s Magyarorsz\u00e1g) partneriskol\u00e1i egy\u00fcttm\u0171k\u00f6d\u00e9s\u00e9vel &#8222;<b>Be the Change You Want to See<\/b>&#8221; projektc\u00edmmel 2018. 09. 01. &#8211; 2020. 08. 31. k\u00f6z\u00f6tt megval\u00f3s\u00edtand\u00f3 projektet nyert\u00fcnk. Ennek t\u00e9m\u00e1ja az \u00fajszer\u0171, t\u00f6rt\u00e9neteken alapul\u00f3 nyelvtan\u00edt\u00e1s-nyelvtanul\u00e1s, amelynek keret\u00e9ben egyhetes di\u00e1ktal\u00e1lkoz\u00f3kra ker\u00fcl sor az adott id\u0151keret alatt G\u00f6r\u00f6gorsz\u00e1gban, Magyarorsz\u00e1gon, Rom\u00e1ni\u00e1ban \u00e9s Lengyelorsz\u00e1gban.<\/p><p>2019. szeptember 22-28. k\u00f6z\u00f6tt vett\u00fcnk r\u00e9szt Braila-ban (Rom\u00e1nia) az Erasmus+KA2 &#8222;BE THE CHANGE YOU WANT TO SEE&#8221; programj\u00e1n.<\/p><p>A r\u00e9sztvev\u0151k k\u00f6z\u00f6tt szerepelt T\u00f6r\u00f6korsz\u00e1g, G\u00f6r\u00f6gorsz\u00e1g, Lengyelorsz\u00e1g, Magyarorsz\u00e1g \u00e9s a h\u00e1zigazda Rom\u00e1nia 6-6 tanul\u00f3ja \u00e9s k\u00eds\u00e9r\u0151ik.<\/p><p>A programon Gyulai \u00c9va tan\u00e1rn\u0151, \u00e9s Bori Frigyes tan\u00e1r \u00far mellett a 10\/A oszt\u00e1lyb\u00f3l Boty\u00e1nszki Klarissza, M\u00e1lik Szimonetta, Muszka Napsug\u00e1r, Nagy Levente, Mihalik Vincent \u00e9s a 11\/A oszt\u00e1lyb\u00f3l Szak\u00e1cs R\u00e9ka vettek r\u00e9szt, melynek t\u00e9m\u00e1ja a kreat\u00edv t\u00f6rt\u00e9net\u00edr\u00e1son alapul\u00f3 nyelvtan\u00edt\u00e1s volt.<\/p><p>Els\u0151 nap bemutatkoztak a r\u00e9sztvev\u0151 iskol\u00e1k, valamint haz\u00e1jukra jellemz\u0151 t\u00e1ncot mutattak be a tanul\u00f3k. Az iskolai munka ut\u00e1n egy s\u00e9t\u00e1t tett\u00fcnk a v\u00e1rosban, amelynek sor\u00e1n megn\u00e9zhett\u00fck a v\u00e1ros szimb\u00f3lum\u00e1t, a k\u00e9k \u00f3r\u00e1t.<\/p><p>M\u00e1snap d\u00e9lut\u00e1n egy workshop keret\u00e9ben kreat\u00edv foglalkoz\u00e1son vehettek r\u00e9szt az egyes nemzetek tanul\u00f3i. Ut\u00e1na a projektben r\u00e9sztvev\u0151 tan\u00e1rok rendhagy\u00f3 nyelv\u00f3r\u00e1kat tartottak a nemzetk\u00f6zi di\u00e1kcsoportoknak, ahol a tanul\u00f3k kipr\u00f3b\u00e1lhatt\u00e1k az \u00faj m\u00f3dszereken alapul\u00f3 nyelvtanul\u00e1st.<\/p><p>Az iskolai programokon k\u00edv\u00fcl k\u00e9t alkalommal izgalmas kir\u00e1ndul\u00e1sban volt r\u00e9sz\u00fcnk a Duna-delt\u00e1n \u00e9s az aknav\u00e1s\u00e1ri s\u00f3b\u00e1ny\u00e1ban.<\/p><p>Az utols\u00f3 napon n\u00e9pt\u00e1nc bemutat\u00f3val egybek\u00f6t\u00f6tt \u00fcnnep\u00e9lyes z\u00e1r\u00f3esem\u00e9nyen vehett\u00fck \u00e1t a tan\u00fas\u00edtv\u00e1nyokat.<\/p><p>B\u00e9k\u00e9scsaba, 2019.09.30.<\/p>\t\t\t\t\t\t\t\t<\/div>\n\t\t\t\t<\/div>\n\t\t\t\t\t<\/div>\n\t\t<\/div>\n\t\t\t\t\t<\/div>\n\t\t<\/section>\n\t\t\t\t<section class=\"elementor-section elementor-top-section elementor-element elementor-element-17bab2a elementor-section-boxed elementor-section-height-default elementor-section-height-default\" data-id=\"17bab2a\" data-element_type=\"section\" data-e-type=\"section\">\n\t\t\t\t\t\t<div class=\"elementor-container elementor-column-gap-default\">\n\t\t\t\t\t<div class=\"elementor-column elementor-col-100 elementor-top-column elementor-element elementor-element-1a66691\" data-id=\"1a66691\" data-element_type=\"column\" data-e-type=\"column\">\n\t\t\t<div class=\"elementor-widget-wrap elementor-element-populated\">\n\t\t\t\t\t\t<div class=\"elementor-element elementor-element-05168e1 elementor-widget elementor-widget-text-editor\" data-id=\"05168e1\" data-element_type=\"widget\" data-e-type=\"widget\" data-widget_type=\"text-editor.default\">\n\t\t\t\t<div class=\"elementor-widget-container\">\n\t\t\t\t\t\t\t\t\t<div id=\"grid-gallery-56-30913\" data-gg-id=\"56\" data-title=\"Be the change you want to see - Rom\u00e1nia - 2019. 09.22-28\" data-grid-type=\"0\" data-offset=\"5.3\" data-area-position=\"center\" data-icons=\"\" data-preloader=\"true\" data-width=\"215\" data-height=\"215\" data-padding=\"0\" data-quicksand=\"disabled\" data-quicksand-duration=\"1800\" data-popup-theme=\"theme_6\" data-popup-type=\"pretty-photo\" data-popup-image-text=\"data-description\" data-popup-widthsize=\"auto\" data-popup-heightsize=\"auto\" data-popup-i18n-words=\"{&quot;close&quot;:&quot;close&quot;,&quot;next&quot;:&quot;next&quot;,&quot;previous&quot;:&quot;previous&quot;,&quot;start_slideshow&quot;:&quot;start slideshow&quot;,&quot;stop_slideshow&quot;:&quot;stop slideshow&quot;,&quot;image&quot;:&quot;image&quot;,&quot;of&quot;:&quot;of&quot;,&quot;prev&quot;:&quot;prev&quot;,&quot;cExpand&quot;:&quot;Expand&quot;,&quot;cPrevious&quot;:&quot;Previous&quot;,&quot;cNext&quot;:&quot;Next&quot;,&quot;cExpandStr&quot;:&quot;Expand the image&quot;,&quot;cRotate&quot;:&quot;Rotate&quot;,&quot;cDetails&quot;:&quot;Details&quot;}\" data-popup-slideshow=\"false\" data-popup-slideshow-speed=\"2500\" data-popup-hoverstop=\"true\" data-popup-slideshow-auto=\"false\" data-popup-background=\"\" data-popup-transparency=\"30\" data-popup-disable-history=\"\" data-popup-disable-changed-url=\"\" data-popup-border-type=\"\" data-popup-border-color=\"\" data-popup-border-width=\"\" data-popup-border-enable=\"\" data-fullscreen=\"false\" data-hide-tooltip=\"false\" data-caption-font-family=\"Default\" data-caption-text-size=\"140\" data-is-mobile=\"0\" data-caption-mobile=\"false\" data-hide-long-tltp-title=\"0\" data-caption-disabled-on-mobile=\"false\" data-popup-placement-type=\"0\" data-social-sharing=\"{&quot;enabled&quot;:&quot;&quot;,&quot;gallerySharing&quot;:{&quot;enabled&quot;:null,&quot;position&quot;:null},&quot;imageSharing&quot;:{&quot;enabled&quot;:null,&quot;wrapperClass&quot;:&quot; vertical &quot;},&quot;popupSharing&quot;:{&quot;enabled&quot;:null,&quot;wrapperClass&quot;:&quot; vertical &quot;}}\" class=\"grid-gallery grid-gallery-fixed \" style=\" width:100%; height:auto; margin-left:auto; margin-right:auto;position:relative;\"> <div class=\"gallery-loading\"> <div class=\"blocks\"> <div class=\"block\"><\/div> <div class=\"block\"><\/div> <div class=\"block\"><\/div> <div class=\"block\"><\/div> <\/div> <\/div> <div class=\"gallery-sharing-top\" style=\"display:none;\"> <\/div> <div id=\"photos-56\" class=\"grid-gallery-photos\"><FIGURE class=\"grid-gallery-caption\" data-grid-gallery-type=\"quarter-slide-up\" data-index=\"0\" style=\"display:none;border-radius:00;; margin:5.3px; width:2150;\" ><div class=\"crop\" style=\" width:2150; height:2150; overflow:hidden;\"><img decoding=\"async\" src=\"\/wp-content\/uploads\/2021\/02\/1-215x215.jpg\" class=\"ggImg\" alt=\"1\" title=\"1\" data-description=\"1\" data-caption=\"1\" data-title=\"1\" style=\" width:215px; height:215px;\" \/><\/div><FIGCAPTION class=\"\" data-alpha=\"5\" style=\"color:#ffffff; background-color:#6f0000; font-size:140; text-align:2; font-family:Default;\" ><div class=\"grid-gallery-figcaption-wrap\" style=\"\"><\/div><\/FIGCAPTION><\/FIGURE><FIGURE class=\"grid-gallery-caption\" data-grid-gallery-type=\"quarter-slide-up\" data-index=\"1\" style=\"display:none;border-radius:00;; margin:5.3px; width:2150;\" ><div class=\"crop\" style=\" width:2150; height:2150; overflow:hidden;\"><img decoding=\"async\" src=\"\/wp-content\/uploads\/2021\/02\/2-215x215.jpg\" class=\"ggImg\" alt=\"2\" title=\"2\" data-description=\"2\" data-caption=\"2\" data-title=\"2\" style=\" width:215px; height:215px;\" \/><\/div><FIGCAPTION class=\"\" data-alpha=\"5\" style=\"color:#ffffff; background-color:#6f0000; font-size:140; text-align:2; font-family:Default;\" ><div class=\"grid-gallery-figcaption-wrap\" style=\"\"><\/div><\/FIGCAPTION><\/FIGURE><FIGURE class=\"grid-gallery-caption\" data-grid-gallery-type=\"quarter-slide-up\" data-index=\"2\" style=\"display:none;border-radius:00;; margin:5.3px; width:2150;\" ><div class=\"crop\" style=\" width:2150; height:2150; overflow:hidden;\"><img decoding=\"async\" src=\"\/wp-content\/uploads\/2021\/02\/3-215x215.jpg\" class=\"ggImg\" alt=\"3\" title=\"3\" data-description=\"3\" data-caption=\"3\" data-title=\"3\" style=\" width:215px; height:215px;\" \/><\/div><FIGCAPTION class=\"\" data-alpha=\"5\" style=\"color:#ffffff; background-color:#6f0000; font-size:140; text-align:2; font-family:Default;\" ><div class=\"grid-gallery-figcaption-wrap\" style=\"\"><\/div><\/FIGCAPTION><\/FIGURE><FIGURE class=\"grid-gallery-caption\" data-grid-gallery-type=\"quarter-slide-up\" data-index=\"3\" style=\"display:none;border-radius:00;; margin:5.3px; width:2150;\" ><div class=\"crop\" style=\" width:2150; height:2150; overflow:hidden;\"><img decoding=\"async\" src=\"\/wp-content\/uploads\/2021\/02\/4-215x215.jpg\" class=\"ggImg\" alt=\"4\" title=\"4\" data-description=\"4\" data-caption=\"4\" data-title=\"4\" style=\" width:215px; height:215px;\" \/><\/div><FIGCAPTION class=\"\" data-alpha=\"5\" style=\"color:#ffffff; background-color:#6f0000; font-size:140; text-align:2; font-family:Default;\" ><div class=\"grid-gallery-figcaption-wrap\" style=\"\"><\/div><\/FIGCAPTION><\/FIGURE><FIGURE class=\"grid-gallery-caption\" data-grid-gallery-type=\"quarter-slide-up\" data-index=\"4\" style=\"display:none;border-radius:00;; margin:5.3px; width:2150;\" ><div class=\"crop\" style=\" width:2150; height:2150; overflow:hidden;\"><img decoding=\"async\" src=\"\/wp-content\/uploads\/2021\/02\/5-215x215.jpg\" class=\"ggImg\" alt=\"5\" title=\"5\" data-description=\"5\" data-caption=\"5\" data-title=\"5\" style=\" width:215px; height:215px;\" \/><\/div><FIGCAPTION class=\"\" data-alpha=\"5\" style=\"color:#ffffff; background-color:#6f0000; font-size:140; text-align:2; font-family:Default;\" ><div class=\"grid-gallery-figcaption-wrap\" style=\"\"><\/div><\/FIGCAPTION><\/FIGURE><FIGURE class=\"grid-gallery-caption\" data-grid-gallery-type=\"quarter-slide-up\" data-index=\"5\" style=\"display:none;border-radius:00;; margin:5.3px; width:2150;\" ><div class=\"crop\" style=\" width:2150; height:2150; overflow:hidden;\"><img decoding=\"async\" src=\"\/wp-content\/uploads\/2021\/02\/6-215x215.jpg\" class=\"ggImg\" alt=\"6\" title=\"6\" data-description=\"6\" data-caption=\"6\" data-title=\"6\" style=\" width:215px; height:215px;\" \/><\/div><FIGCAPTION class=\"\" data-alpha=\"5\" style=\"color:#ffffff; background-color:#6f0000; font-size:140; text-align:2; font-family:Default;\" ><div class=\"grid-gallery-figcaption-wrap\" style=\"\"><\/div><\/FIGCAPTION><\/FIGURE><FIGURE class=\"grid-gallery-caption\" data-grid-gallery-type=\"quarter-slide-up\" data-index=\"6\" style=\"display:none;border-radius:00;; margin:5.3px; width:2150;\" ><div class=\"crop\" style=\" width:2150; height:2150; overflow:hidden;\"><img decoding=\"async\" src=\"\/wp-content\/uploads\/2021\/02\/7-215x215.jpg\" class=\"ggImg\" alt=\"7\" title=\"7\" data-description=\"7\" data-caption=\"7\" data-title=\"7\" style=\" width:215px; height:215px;\" \/><\/div><FIGCAPTION class=\"\" data-alpha=\"5\" style=\"color:#ffffff; background-color:#6f0000; font-size:140; text-align:2; font-family:Default;\" ><div class=\"grid-gallery-figcaption-wrap\" style=\"\"><\/div><\/FIGCAPTION><\/FIGURE><FIGURE class=\"grid-gallery-caption\" data-grid-gallery-type=\"quarter-slide-up\" data-index=\"7\" style=\"display:none;border-radius:00;; margin:5.3px; width:2150;\" ><div class=\"crop\" style=\" width:2150; height:2150; overflow:hidden;\"><img decoding=\"async\" src=\"\/wp-content\/uploads\/2021\/02\/8-215x215.jpg\" class=\"ggImg\" alt=\"8\" title=\"8\" data-description=\"8\" data-caption=\"8\" data-title=\"8\" style=\" width:215px; height:215px;\" \/><\/div><FIGCAPTION class=\"\" data-alpha=\"5\" style=\"color:#ffffff; background-color:#6f0000; font-size:140; text-align:2; font-family:Default;\" ><div class=\"grid-gallery-figcaption-wrap\" style=\"\"><\/div><\/FIGCAPTION><\/FIGURE><FIGURE class=\"grid-gallery-caption\" data-grid-gallery-type=\"quarter-slide-up\" data-index=\"8\" style=\"display:none;border-radius:00;; margin:5.3px; width:2150;\" ><div class=\"crop\" style=\" width:2150; height:2150; overflow:hidden;\"><img decoding=\"async\" src=\"\/wp-content\/uploads\/2021\/02\/9-215x215.jpg\" class=\"ggImg\" alt=\"9\" title=\"9\" data-description=\"9\" data-caption=\"9\" data-title=\"9\" style=\" width:215px; height:215px;\" \/><\/div><FIGCAPTION class=\"\" data-alpha=\"5\" style=\"color:#ffffff; background-color:#6f0000; font-size:140; text-align:2; font-family:Default;\" ><div class=\"grid-gallery-figcaption-wrap\" style=\"\"><\/div><\/FIGCAPTION><\/FIGURE><FIGURE class=\"grid-gallery-caption\" data-grid-gallery-type=\"quarter-slide-up\" data-index=\"9\" style=\"display:none;border-radius:00;; margin:5.3px; width:2150;\" ><div class=\"crop\" style=\" width:2150; height:2150; overflow:hidden;\"><img decoding=\"async\" src=\"\/wp-content\/uploads\/2021\/02\/10-215x215.jpg\" class=\"ggImg\" alt=\"10\" title=\"10\" data-description=\"10\" data-caption=\"10\" data-title=\"10\" style=\" width:215px; height:215px;\" \/><\/div><FIGCAPTION class=\"\" data-alpha=\"5\" style=\"color:#ffffff; background-color:#6f0000; font-size:140; text-align:2; font-family:Default;\" ><div class=\"grid-gallery-figcaption-wrap\" style=\"\"><\/div><\/FIGCAPTION><\/FIGURE> <div class=\"grid-gallery-clearfix\"><\/div> <\/div> <div class=\"gallery-sharing-bottom\" style=\"display:none;\"> <\/div> <div class=\"gallery-sharing-image\" style=\"display:none;\"> <\/div> <div class=\"gallery-sharing-popup\" style=\"display:none;\"> <\/div> <div class=\"grid-gallery-clearfix\"><\/div> <\/div> <!-- Gallery by Supsystic plugin1.16.0 --><a title=\"Best WordPress Gallery Plugin\" style=\"display:none;\" href=\"https:\/\/supsystic.com\/plugins\/photo-gallery\/?utm_medium=love_link\" target=\"_blank\">Best WordPress Gallery Plugin<\/a>\t\t\t\t\t\t\t\t<\/div>\n\t\t\t\t<\/div>\n\t\t\t\t\t<\/div>\n\t\t<\/div>\n\t\t\t\t\t<\/div>\n\t\t<\/section>\n\t\t\t\t<\/div>\n\t\t","protected":false},"excerpt":{"rendered":"<p>Erasmus+ KA2 \u2013 Rom\u00e1nia \u201cBe the change you want to see\u201d 2018-1-PL01-KA229-051218_3 Helysz\u00edn: Rom\u00e1nia \/ Braila Id\u0151pont: 2019. 09.22-28. Az Erasmus+ KA229 projektsz\u00e1m\u00fa p\u00e1ly\u00e1zat keret\u00e9ben 5 orsz\u00e1g (G\u00f6r\u00f6gorsz\u00e1g, T\u00f6r\u00f6korsz\u00e1g, Lengyelorsz\u00e1g, Rom\u00e1nia \u00e9s Magyarorsz\u00e1g) partneriskol\u00e1i egy\u00fcttm\u0171k\u00f6d\u00e9s\u00e9vel &#8222;Be the Change You Want to See&#8221; projektc\u00edmmel 2018. 09. 01. &#8211; 2020. 08. 31. k\u00f6z\u00f6tt megval\u00f3s\u00edtand\u00f3 projektet nyert\u00fcnk. Ennek [&hellip;]<\/p>\n","protected":false},"author":4,"featured_media":0,"parent":0,"menu_order":0,"comment_status":"closed","ping_status":"closed","template":"","meta":{"footnotes":""},"class_list":["post-2399","page","type-page","status-publish","hentry"],"_links":{"self":[{"href":"\/index.php\/wp-json\/wp\/v2\/pages\/2399","targetHints":{"allow":["GET"]}}],"collection":[{"href":"\/index.php\/wp-json\/wp\/v2\/pages"}],"about":[{"href":"\/index.php\/wp-json\/wp\/v2\/types\/page"}],"author":[{"embeddable":true,"href":"\/index.php\/wp-json\/wp\/v2\/users\/4"}],"replies":[{"embeddable":true,"href":"\/index.php\/wp-json\/wp\/v2\/comments?post=2399"}],"version-history":[{"count":13,"href":"\/index.php\/wp-json\/wp\/v2\/pages\/2399\/revisions"}],"predecessor-version":[{"id":2423,"href":"\/index.php\/wp-json\/wp\/v2\/pages\/2399\/revisions\/2423"}],"wp:attachment":[{"href":"\/index.php\/wp-json\/wp\/v2\/media?parent=2399"}],"curies":[{"name":"wp","href":"https:\/\/api.w.org\/{rel}","templated":true}]}}