{"id":238,"date":"2020-04-08T11:42:00","date_gmt":"2020-04-08T10:42:00","guid":{"rendered":"\/?page_id=238"},"modified":"2020-05-18T13:24:14","modified_gmt":"2020-05-18T12:24:14","slug":"iskolai-adatok","status":"publish","type":"page","link":"\/index.php\/iskolai-adatok\/","title":{"rendered":"Iskol\u00e1nkr\u00f3l"},"content":{"rendered":"<div data-post-id=\"49\" class=\"insert-page insert-page-49 \"><h1><a href=\"\/index.php\/iskolai-adatok\/iskolank-tortenete\/\">Iskol\u00e1nk t\u00f6rt\u00e9nete<\/a><\/h1>\n\t\t\t\t\t\t\t<p>Iskol\u00e1nk az 1954\/1955-\u00f6s tan\u00e9vben kezdte meg m\u0171k\u00f6d\u00e9s\u00e9t \u00c1llami Kereskedelmi Iskola n\u00e9ven. Az akkori 611-es Ipari Szakk\u00e9pz\u0151 Int\u00e9zetben kapott helyet a kereskedelmi \u00e9s vend\u00e9gl\u00e1t\u00f3ipari szakk\u00e9pz\u00e9s. Az 1966\/1967-es tan\u00e9vt\u0151l Kereskedelmi \u00e9s Vend\u00e9gl\u00e1t\u00f3ipari Szakmunk\u00e1sk\u00e9pz\u0151 Iskola n\u00e9ven m\u0171k\u00f6d\u00f6tt tov\u00e1bb az int\u00e9zm\u00e9ny. 1973-t\u00f3l az iskola fel\u00fcgyelet\u00e9t a B\u00e9k\u00e9s Megyei Tan\u00e1cs V\u00e9grehajt\u00f3 Bizotts\u00e1ga M\u0171vel\u0151d\u00e9si Oszt\u00e1lya l\u00e1tta el. Ekkorra a tanul\u00f3l\u00e9tsz\u00e1m m\u00e1r [&hellip;]<\/p>\n<\/div>\n\n<div data-post-id=\"69\" class=\"insert-page insert-page-69 \"><h1><a href=\"\/index.php\/iskolai-adatok\/nevadonk\/\">N\u00e9vad\u00f3nk<\/a><\/h1>\n\t\t\t\t\t\t\t<p>Zwack J\u00f3zsef 1821-ben sz\u00fcletett Budapesten. Miut\u00e1n a szeszipari szakm\u00e1t kitanulta, 1840-ben megalap\u00edtotta az els\u0151 lik\u0151rgy\u00e1rat. A szer\u00e9ny \u00fczemet Pesten, az \u00fan. Marokk\u00f3i udvarban rendezte be, majd 1854-ben, mint a legels\u0151 szabadalmazott lik\u0151rgy\u00e1rat az \u00dcll\u0151i \u00fatra helyezte \u00e1t.\u00a0 Forr\u00e1s: Az Unicum h\u00e1z hivatalos oldala Az ifj\u00fa v\u00e1llalkoz\u00f3 egy, m\u00e1r f\u00e9l \u00e9vsz\u00e1zada a csal\u00e1d birtok\u00e1ban l\u00e9v\u0151 titkos [&hellip;]<\/p>\n<\/div>\n\n\n<h2 class=\"wp-block-heading\"><a href=\"\/index.php\/dolgozoink\/\">Dolgoz\u00f3ink<\/a><\/h2>\n\n\n<div data-post-id=\"1146\" class=\"insert-page insert-page-1146 \"><h1><a href=\"\/index.php\/alapitvanyaink\/\">Alap\u00edtv\u00e1nyaink<\/a><\/h1>\n\t\t\t\t\t\t\t<p>Kereskedelmi, Vend\u00e9gl\u00e1t\u00f3ipari \u00e9s Idegenforgalmi Szakk\u00e9pz\u00e9si Alap\u00edtv\u00e1ny KVISZA ad\u00f3sz\u00e1m: 19060923-1-04 Banksz\u00e1mlasz\u00e1ma: K&amp;H Bank 10402609-26012393 Az alap\u00edtv\u00e1ny c\u00e9ljai: &nbsp; &nbsp; a szakk\u00e9pz\u00e9s elm\u00e9leti \u00e9s gyakorlati felt\u00e9teleinek jav\u00edt\u00e1sa, m\u0171szaki, technikai berendez\u00e9sek beszerz\u00e9se, &nbsp;&nbsp;&nbsp;&nbsp;nyelvtanul\u00e1s, k\u00fclf\u00f6ldi cserekapcsolatok ki\u00e9p\u00edt\u00e9s\u00e9nek seg\u00edt\u00e9se, &nbsp;&nbsp;&nbsp;&nbsp;szakmai \u00e9s tant\u00e1rgyi versenyek szervez\u00e9s\u00e9nek t\u00e1mogat\u00e1sa, &nbsp;&nbsp;&nbsp;&nbsp;kultur\u00e1lis \u00e9s szabadid\u0151s programok seg\u00edt\u00e9se, &nbsp;&nbsp;&nbsp;&nbsp;di\u00e1ksport versenyek \u00e9s a rendszeres testmozg\u00e1s t\u00e1mogat\u00e1sa, &nbsp;&nbsp;&nbsp;&nbsp;tanulm\u00e1nyi \u00f6szt\u00f6nd\u00edjak biztos\u00edt\u00e1sa [&hellip;]<\/p>\n<\/div>\n\n<div data-post-id=\"240\" class=\"insert-page insert-page-240 \"><h1><a href=\"\/index.php\/iskolai-adatok\/az-iskola-elerhetosege\/\">Az iskola el\u00e9rhet\u0151s\u00e9ge<\/a><\/h1>\n\t\t\t\t\t\t\t<p>Iskol\u00e1nk c\u00edme F\u0151\u00e9p\u00fclet C\u00edme: Gyulai \u00fat 32. J\u00f3zsef Attila Telephely C\u00edme: P\u00e1sztor u. 17. Telefonsz\u00e1maink K\u00f6zponti telefonsz\u00e1mok 66\/445-845 Iskolatitk\u00e1r telefonsz\u00e1ma 66\/529-382 K\u00f6z\u00e9rdek\u0171 adatok Ad\u00f3sz\u00e1m 15831835-2-04 OM azonos\u00edt\u00f3 203029\/004 Telephelyk\u00f3d 004 Iskol\u00e1nk \u00faj telefonk\u00f6zponttal lett felszerelve, amely t\u00e1mogatja a be\u00fct\u00f6tt mell\u00e9kek felismer\u00e9s\u00e9t, \u00edgy \u00d6n t\u00e1rcs\u00e1z\u00e1s ut\u00e1n kiv\u00e1laszthatja a k\u00edv\u00e1nt mell\u00e9ket! Ide kattintva el\u00e9rhet\u0151<\/p>\n<\/div>\n\n","protected":false},"excerpt":{"rendered":"<p>Dolgoz\u00f3ink<\/p>\n","protected":false},"author":2,"featured_media":0,"parent":0,"menu_order":0,"comment_status":"closed","ping_status":"closed","template":"","meta":{"footnotes":""},"class_list":["post-238","page","type-page","status-publish","hentry"],"_links":{"self":[{"href":"\/index.php\/wp-json\/wp\/v2\/pages\/238","targetHints":{"allow":["GET"]}}],"collection":[{"href":"\/index.php\/wp-json\/wp\/v2\/pages"}],"about":[{"href":"\/index.php\/wp-json\/wp\/v2\/types\/page"}],"author":[{"embeddable":true,"href":"\/index.php\/wp-json\/wp\/v2\/users\/2"}],"replies":[{"embeddable":true,"href":"\/index.php\/wp-json\/wp\/v2\/comments?post=238"}],"version-history":[{"count":9,"href":"\/index.php\/wp-json\/wp\/v2\/pages\/238\/revisions"}],"predecessor-version":[{"id":1153,"href":"\/index.php\/wp-json\/wp\/v2\/pages\/238\/revisions\/1153"}],"wp:attachment":[{"href":"\/index.php\/wp-json\/wp\/v2\/media?parent=238"}],"curies":[{"name":"wp","href":"https:\/\/api.w.org\/{rel}","templated":true}]}}