{"id":23492,"date":"2023-03-10T12:16:32","date_gmt":"2023-03-10T11:16:32","guid":{"rendered":"\/?page_id=23492"},"modified":"2023-03-10T12:16:50","modified_gmt":"2023-03-10T11:16:50","slug":"erasmus-ka116-ciprus","status":"publish","type":"page","link":"\/index.php\/erasmus-ka116-ciprus\/","title":{"rendered":"Erasmus+ KA116 &#8211; Ciprus"},"content":{"rendered":"\t\t<div data-elementor-type=\"wp-page\" data-elementor-id=\"23492\" class=\"elementor elementor-23492\" data-elementor-post-type=\"page\">\n\t\t\t\t\t\t<section class=\"elementor-section elementor-top-section elementor-element elementor-element-9c9bed9 elementor-section-boxed elementor-section-height-default elementor-section-height-default\" data-id=\"9c9bed9\" data-element_type=\"section\" data-e-type=\"section\">\n\t\t\t\t\t\t<div class=\"elementor-container elementor-column-gap-default\">\n\t\t\t\t\t<div class=\"elementor-column elementor-col-100 elementor-top-column elementor-element elementor-element-a5cbdfd\" data-id=\"a5cbdfd\" data-element_type=\"column\" data-e-type=\"column\">\n\t\t\t<div class=\"elementor-widget-wrap elementor-element-populated\">\n\t\t\t\t\t\t<div class=\"elementor-element elementor-element-17192b3 elementor-widget elementor-widget-spacer\" data-id=\"17192b3\" data-element_type=\"widget\" data-e-type=\"widget\" data-widget_type=\"spacer.default\">\n\t\t\t\t<div class=\"elementor-widget-container\">\n\t\t\t\t\t\t\t<div class=\"elementor-spacer\">\n\t\t\t<div class=\"elementor-spacer-inner\"><\/div>\n\t\t<\/div>\n\t\t\t\t\t\t<\/div>\n\t\t\t\t<\/div>\n\t\t\t\t\t<\/div>\n\t\t<\/div>\n\t\t\t\t\t<\/div>\n\t\t<\/section>\n\t\t\t\t<section class=\"elementor-section elementor-top-section elementor-element elementor-element-6265eea elementor-section-boxed elementor-section-height-default elementor-section-height-default\" data-id=\"6265eea\" data-element_type=\"section\" data-e-type=\"section\">\n\t\t\t\t\t\t<div class=\"elementor-container elementor-column-gap-default\">\n\t\t\t\t\t<div class=\"elementor-column elementor-col-100 elementor-top-column elementor-element elementor-element-6850549\" data-id=\"6850549\" data-element_type=\"column\" data-e-type=\"column\">\n\t\t\t<div class=\"elementor-widget-wrap elementor-element-populated\">\n\t\t\t\t\t\t<div class=\"elementor-element elementor-element-d48370a elementor-widget elementor-widget-heading\" data-id=\"d48370a\" data-element_type=\"widget\" data-e-type=\"widget\" data-widget_type=\"heading.default\">\n\t\t\t\t<div class=\"elementor-widget-container\">\n\t\t\t\t\t<h5 class=\"elementor-heading-title elementor-size-default\">Erasmus+\n\n<\/h5>\t\t\t\t<\/div>\n\t\t\t\t<\/div>\n\t\t\t\t\t<\/div>\n\t\t<\/div>\n\t\t\t\t\t<\/div>\n\t\t<\/section>\n\t\t\t\t<section class=\"elementor-section elementor-top-section elementor-element elementor-element-df7ae9c elementor-section-boxed elementor-section-height-default elementor-section-height-default\" data-id=\"df7ae9c\" data-element_type=\"section\" data-e-type=\"section\">\n\t\t\t\t\t\t<div class=\"elementor-container elementor-column-gap-default\">\n\t\t\t\t\t<div class=\"elementor-column elementor-col-100 elementor-top-column elementor-element elementor-element-f560cbf\" data-id=\"f560cbf\" data-element_type=\"column\" data-e-type=\"column\">\n\t\t\t<div class=\"elementor-widget-wrap elementor-element-populated\">\n\t\t\t\t\t\t<div class=\"elementor-element elementor-element-d71fd94 elementor-widget elementor-widget-heading\" data-id=\"d71fd94\" data-element_type=\"widget\" data-e-type=\"widget\" data-widget_type=\"heading.default\">\n\t\t\t\t<div class=\"elementor-widget-container\">\n\t\t\t\t\t<h5 class=\"elementor-heading-title elementor-size-default\">\"A Keri felfedezi Eur\u00f3p\u00e1t\"\n<\/h5>\t\t\t\t<\/div>\n\t\t\t\t<\/div>\n\t\t\t\t\t<\/div>\n\t\t<\/div>\n\t\t\t\t\t<\/div>\n\t\t<\/section>\n\t\t\t\t<section class=\"elementor-section elementor-top-section elementor-element elementor-element-80839da elementor-section-boxed elementor-section-height-default elementor-section-height-default\" data-id=\"80839da\" data-element_type=\"section\" data-e-type=\"section\">\n\t\t\t\t\t\t<div class=\"elementor-container elementor-column-gap-default\">\n\t\t\t\t\t<div class=\"elementor-column elementor-col-100 elementor-top-column elementor-element elementor-element-0a39dab\" data-id=\"0a39dab\" data-element_type=\"column\" data-e-type=\"column\">\n\t\t\t<div class=\"elementor-widget-wrap elementor-element-populated\">\n\t\t\t\t\t\t<div class=\"elementor-element elementor-element-cc2672c elementor-widget elementor-widget-heading\" data-id=\"cc2672c\" data-element_type=\"widget\" data-e-type=\"widget\" data-widget_type=\"heading.default\">\n\t\t\t\t<div class=\"elementor-widget-container\">\n\t\t\t\t\t<h5 class=\"elementor-heading-title elementor-size-default\"> 2020-1-HU01-KA116-078135 \n\n<\/h5>\t\t\t\t<\/div>\n\t\t\t\t<\/div>\n\t\t\t\t\t<\/div>\n\t\t<\/div>\n\t\t\t\t\t<\/div>\n\t\t<\/section>\n\t\t\t\t<section class=\"elementor-section elementor-top-section elementor-element elementor-element-c5a6e75 elementor-section-boxed elementor-section-height-default elementor-section-height-default\" data-id=\"c5a6e75\" data-element_type=\"section\" data-e-type=\"section\">\n\t\t\t\t\t\t<div class=\"elementor-container elementor-column-gap-default\">\n\t\t\t\t\t<div class=\"elementor-column elementor-col-100 elementor-top-column elementor-element elementor-element-70dd08f\" data-id=\"70dd08f\" data-element_type=\"column\" data-e-type=\"column\">\n\t\t\t<div class=\"elementor-widget-wrap elementor-element-populated\">\n\t\t\t\t\t\t<div class=\"elementor-element elementor-element-3a23758 elementor-widget elementor-widget-heading\" data-id=\"3a23758\" data-element_type=\"widget\" data-e-type=\"widget\" data-widget_type=\"heading.default\">\n\t\t\t\t<div class=\"elementor-widget-container\">\n\t\t\t\t\t<h5 class=\"elementor-heading-title elementor-size-default\">Ciprus\n\n<\/h5>\t\t\t\t<\/div>\n\t\t\t\t<\/div>\n\t\t\t\t\t<\/div>\n\t\t<\/div>\n\t\t\t\t\t<\/div>\n\t\t<\/section>\n\t\t\t\t<section class=\"elementor-section elementor-top-section elementor-element elementor-element-7363f98 elementor-section-boxed elementor-section-height-default elementor-section-height-default\" data-id=\"7363f98\" data-element_type=\"section\" data-e-type=\"section\">\n\t\t\t\t\t\t<div class=\"elementor-container elementor-column-gap-default\">\n\t\t\t\t\t<div class=\"elementor-column elementor-col-100 elementor-top-column elementor-element elementor-element-e0916d5\" data-id=\"e0916d5\" data-element_type=\"column\" data-e-type=\"column\">\n\t\t\t<div class=\"elementor-widget-wrap elementor-element-populated\">\n\t\t\t\t\t\t<div class=\"elementor-element elementor-element-d1d6ef6 elementor-widget elementor-widget-heading\" data-id=\"d1d6ef6\" data-element_type=\"widget\" data-e-type=\"widget\" data-widget_type=\"heading.default\">\n\t\t\t\t<div class=\"elementor-widget-container\">\n\t\t\t\t\t<h5 class=\"elementor-heading-title elementor-size-default\">2023.02.26.-03.26.\n\n<\/h5>\t\t\t\t<\/div>\n\t\t\t\t<\/div>\n\t\t\t\t\t<\/div>\n\t\t<\/div>\n\t\t\t\t\t<\/div>\n\t\t<\/section>\n\t\t\t\t<section class=\"elementor-section elementor-top-section elementor-element elementor-element-a4657a1 elementor-section-boxed elementor-section-height-default elementor-section-height-default\" data-id=\"a4657a1\" data-element_type=\"section\" data-e-type=\"section\">\n\t\t\t\t\t\t<div class=\"elementor-container elementor-column-gap-default\">\n\t\t\t\t\t<div class=\"elementor-column elementor-col-100 elementor-top-column elementor-element elementor-element-dd4c7a3\" data-id=\"dd4c7a3\" data-element_type=\"column\" data-e-type=\"column\">\n\t\t\t<div class=\"elementor-widget-wrap elementor-element-populated\">\n\t\t\t\t\t\t<div class=\"elementor-element elementor-element-5c35844 elementor-widget elementor-widget-spacer\" data-id=\"5c35844\" data-element_type=\"widget\" data-e-type=\"widget\" data-widget_type=\"spacer.default\">\n\t\t\t\t<div class=\"elementor-widget-container\">\n\t\t\t\t\t\t\t<div class=\"elementor-spacer\">\n\t\t\t<div class=\"elementor-spacer-inner\"><\/div>\n\t\t<\/div>\n\t\t\t\t\t\t<\/div>\n\t\t\t\t<\/div>\n\t\t\t\t\t<\/div>\n\t\t<\/div>\n\t\t\t\t\t<\/div>\n\t\t<\/section>\n\t\t\t\t<section class=\"elementor-section elementor-top-section elementor-element elementor-element-1e800b3 elementor-section-boxed elementor-section-height-default elementor-section-height-default\" data-id=\"1e800b3\" data-element_type=\"section\" data-e-type=\"section\">\n\t\t\t\t\t\t<div class=\"elementor-container elementor-column-gap-default\">\n\t\t\t\t\t<div class=\"elementor-column elementor-col-100 elementor-top-column elementor-element elementor-element-6220684\" data-id=\"6220684\" data-element_type=\"column\" data-e-type=\"column\">\n\t\t\t<div class=\"elementor-widget-wrap elementor-element-populated\">\n\t\t\t\t\t\t<div class=\"elementor-element elementor-element-6a31ee2 elementor-widget elementor-widget-text-editor\" data-id=\"6a31ee2\" data-element_type=\"widget\" data-e-type=\"widget\" data-widget_type=\"text-editor.default\">\n\t\t\t\t<div class=\"elementor-widget-container\">\n\t\t\t\t\t\t\t\t\t<p>Az <strong>Erasmus+<\/strong> mobilit\u00e1si program &#8211; 2020-1-HU01-KA116-078135 &#8211; \u201e<em>A Keri felfedezi Eur\u00f3p\u00e1t<\/em>\u201d projekt keretein bel\u00fcl iskol\u00e1nk 4 vend\u00e9gl\u00e1t\u00f3 szakmacsoportos tanul\u00f3ja: R\u00e1cz Krist\u00f3f (10\/B) vend\u00e9gt\u00e9ri szaktechnikus, Sus\u00e1n Roland Zsolt, V\u00e1radi \u00c1ron (10\/B) szak\u00e1cs szaktechnikus \u00e9s Stefanik \u00c1kos P\u00e9ter (1\/9\/3) szak\u00e1cs 1 h\u00f3napos <strong>szakmai gyakorlat\u00e1t<\/strong> t\u00f6lti <strong>2023.02.26-03.26.<\/strong> k\u00f6z\u00f6tt a F\u00f6ldk\u00f6zi-tenger harmadik legnagyobb sziget\u00e9n Cipruson az ShipCon Limassol Ltd fogad\u00f3 int\u00e9zm\u00e9ny k\u00f6zrem\u0171k\u00f6d\u00e9s\u00e9vel.<\/p><p>A szakmai gyakorlati munkahelyek Limassol v\u00e1ros k\u00f6zel\u00e9ben tal\u00e1lhat\u00f3, t\u00f6bb mint 7 km hosszan elter\u00fcl\u0151, homokos tengerparton a Lady&#8217;s Mile Beach-en az Aplostra Beach Bar \u00e9s a szomsz\u00e9dos Captain\u2019s Cabin vend\u00e9gl\u00e1t\u00f3helyeken val\u00f3snak meg.<\/p><p>A di\u00e1kok szak\u00e1cs, illetve felszolg\u00e1l\u00f3 munkak\u00f6rben szereznek k\u00fclf\u00f6ldi szakmai tapasztalatot, az eddig megszerzett elm\u00e9leti tapasztalataikat kamatoztatni tudj\u00e1k a gyakorlatban, a program v\u00e9g\u00e9re k\u00fcl\u00f6nf\u00e9le mediterr\u00e1n \u00e9telek elk\u00e9sz\u00edt\u00e9si m\u00f3dj\u00e1t fogj\u00e1k megismerni, illetve k\u00fclf\u00f6ldi vend\u00e9gk\u00f6r megismer\u00e9s\u00e9re is szert tesznek.<\/p><p>A mobilit\u00e1si program v\u00e9g\u00e9n a szakmai ter\u00fclet\u00fckr\u0151l \u00faj ismeretekkel gazdagodnak, megismerik egy m\u00e1sik orsz\u00e1g kult\u00far\u00e1j\u00e1t, gasztron\u00f3mi\u00e1j\u00e1t, \u00e9letvitel\u00e9t, tov\u00e1bb\u00e1 Europass Mobilit\u00e1si Igazolv\u00e1ny birtokosaik\u00e9nt t\u00e9rhetnek vissza a Keribe.<\/p><p>A fogad\u00f3int\u00e9zm\u00e9ny \u00e1ltal szervezett kir\u00e1ndul\u00e1son megcsod\u00e1lhattuk a Millomeris v\u00edzes\u00e9st \u00e9s megl\u00e1togattuk a Tr\u00f3odosz-hegys\u00e9gben tal\u00e1lhat\u00f3 Omodos bor\u00e1szfalut, illetve a k\u00f6zelben tal\u00e1lhat\u00f3 Linos Bor\u00e1szatot, ahol szakmai ismeretekkel gazdagodtunk.<\/p>\t\t\t\t\t\t\t\t<\/div>\n\t\t\t\t<\/div>\n\t\t\t\t\t<\/div>\n\t\t<\/div>\n\t\t\t\t\t<\/div>\n\t\t<\/section>\n\t\t\t\t<section class=\"elementor-section elementor-top-section elementor-element elementor-element-a431555 elementor-section-boxed elementor-section-height-default elementor-section-height-default\" data-id=\"a431555\" data-element_type=\"section\" data-e-type=\"section\">\n\t\t\t\t\t\t<div class=\"elementor-container elementor-column-gap-default\">\n\t\t\t\t\t<div class=\"elementor-column elementor-col-100 elementor-top-column elementor-element elementor-element-2b3e45c\" data-id=\"2b3e45c\" data-element_type=\"column\" data-e-type=\"column\">\n\t\t\t<div class=\"elementor-widget-wrap elementor-element-populated\">\n\t\t\t\t\t\t<div class=\"elementor-element elementor-element-ef2856c elementor-widget elementor-widget-text-editor\" data-id=\"ef2856c\" data-element_type=\"widget\" data-e-type=\"widget\" data-widget_type=\"text-editor.default\">\n\t\t\t\t<div class=\"elementor-widget-container\">\n\t\t\t\t\t\t\t\t\t<div id=\"grid-gallery-381-1722\" data-gg-id=\"381\" data-title=\"Erasmus+ KA116 - Ciprus - 2023.02.26.-03.26.\" data-grid-type=\"0\" data-offset=\"5.3\" data-area-position=\"center\" data-icons=\"\" data-preloader=\"true\" data-width=\"215\" data-height=\"215\" data-padding=\"0\" data-quicksand=\"disabled\" data-quicksand-duration=\"none\" data-popup-theme=\"theme_6\" data-popup-type=\"pretty-photo\" data-popup-image-text=\"data-description\" data-popup-widthsize=\"auto\" data-popup-heightsize=\"auto\" data-popup-i18n-words=\"{&quot;close&quot;:&quot;close&quot;,&quot;next&quot;:&quot;next&quot;,&quot;previous&quot;:&quot;previous&quot;,&quot;start_slideshow&quot;:&quot;start slideshow&quot;,&quot;stop_slideshow&quot;:&quot;stop slideshow&quot;,&quot;image&quot;:&quot;image&quot;,&quot;of&quot;:&quot;of&quot;,&quot;prev&quot;:&quot;prev&quot;,&quot;cExpand&quot;:&quot;Expand&quot;,&quot;cPrevious&quot;:&quot;Previous&quot;,&quot;cNext&quot;:&quot;Next&quot;,&quot;cExpandStr&quot;:&quot;Expand the image&quot;,&quot;cRotate&quot;:&quot;Rotate&quot;,&quot;cDetails&quot;:&quot;Details&quot;}\" data-popup-slideshow=\"false\" data-popup-slideshow-speed=\"2500\" data-popup-hoverstop=\"true\" data-popup-slideshow-auto=\"false\" data-popup-background=\"\" data-popup-transparency=\"30\" data-popup-disable-history=\"\" data-popup-disable-changed-url=\"\" data-popup-border-type=\"solid\" data-popup-border-color=\"\" data-popup-border-width=\"\" data-popup-border-enable=\"\" data-fullscreen=\"false\" data-hide-tooltip=\"false\" data-caption-font-family=\"Default\" data-caption-text-size=\"140\" data-is-mobile=\"0\" data-caption-mobile=\"false\" data-hide-long-tltp-title=\"0\" data-caption-disabled-on-mobile=\"false\" data-popup-placement-type=\"0\" data-social-sharing=\"{&quot;enabled&quot;:&quot;&quot;,&quot;gallerySharing&quot;:{&quot;enabled&quot;:null,&quot;position&quot;:null},&quot;imageSharing&quot;:{&quot;enabled&quot;:null,&quot;wrapperClass&quot;:&quot; vertical &quot;},&quot;popupSharing&quot;:{&quot;enabled&quot;:null,&quot;wrapperClass&quot;:&quot; vertical &quot;}}\" class=\"grid-gallery grid-gallery-fixed \" style=\" width:100%; height:auto; margin-left:auto; margin-right:auto;position:relative;\"> <div class=\"gallery-loading\"> <div class=\"blocks\"> <div class=\"block\"><\/div> <div class=\"block\"><\/div> <div class=\"block\"><\/div> <div class=\"block\"><\/div> <\/div> <\/div> <div class=\"gallery-sharing-top\" style=\"display:none;\"> <\/div> <div id=\"photos-381\" class=\"grid-gallery-photos\"><FIGURE class=\"grid-gallery-caption\" data-grid-gallery-type=\"quarter-slide-up\" data-index=\"0\" style=\"display:none;border-radius:00;; margin:5.3px; width:2150;\" ><div class=\"crop\" style=\" width:2150; height:2150; overflow:hidden;\"><img decoding=\"async\" src=\"\/wp-content\/uploads\/2023\/03\/1.kep-215x215.jpg\" class=\"ggImg\" alt=\"1.k\u00e9p\" title=\"1.k\u00e9p\" data-description=\"1.k\u00e9p\" data-caption=\"1.k\u00e9p\" data-title=\"1.k\u00e9p\" style=\" width:215px; height:215px;\" \/><\/div><FIGCAPTION class=\"\" data-alpha=\"5\" style=\"color:#ffffff; background-color:#6f0000; font-size:140; text-align:left; font-family:Default;\" ><div class=\"grid-gallery-figcaption-wrap\" style=\"\"><\/div><\/FIGCAPTION><\/FIGURE><FIGURE class=\"grid-gallery-caption\" data-grid-gallery-type=\"quarter-slide-up\" data-index=\"1\" style=\"display:none;border-radius:00;; margin:5.3px; width:2150;\" ><div class=\"crop\" style=\" width:2150; height:2150; overflow:hidden;\"><img decoding=\"async\" src=\"\/wp-content\/uploads\/2023\/03\/2.kep-215x215.jpg\" class=\"ggImg\" alt=\"2.k\u00e9p\" title=\"2.k\u00e9p\" data-description=\"2.k\u00e9p\" data-caption=\"2.k\u00e9p\" data-title=\"2.k\u00e9p\" style=\" width:215px; height:215px;\" \/><\/div><FIGCAPTION class=\"\" data-alpha=\"5\" style=\"color:#ffffff; background-color:#6f0000; font-size:140; text-align:left; font-family:Default;\" ><div class=\"grid-gallery-figcaption-wrap\" style=\"\"><\/div><\/FIGCAPTION><\/FIGURE><FIGURE class=\"grid-gallery-caption\" data-grid-gallery-type=\"quarter-slide-up\" data-index=\"2\" style=\"display:none;border-radius:00;; margin:5.3px; width:2150;\" ><div class=\"crop\" style=\" width:2150; height:2150; overflow:hidden;\"><img decoding=\"async\" src=\"\/wp-content\/uploads\/2023\/03\/3.kep-215x215.jpg\" class=\"ggImg\" alt=\"3.k\u00e9p\" title=\"3.k\u00e9p\" data-description=\"3.k\u00e9p\" data-caption=\"3.k\u00e9p\" data-title=\"3.k\u00e9p\" style=\" width:215px; height:215px;\" \/><\/div><FIGCAPTION class=\"\" data-alpha=\"5\" style=\"color:#ffffff; background-color:#6f0000; font-size:140; text-align:left; font-family:Default;\" ><div class=\"grid-gallery-figcaption-wrap\" style=\"\"><\/div><\/FIGCAPTION><\/FIGURE><FIGURE class=\"grid-gallery-caption\" data-grid-gallery-type=\"quarter-slide-up\" data-index=\"3\" style=\"display:none;border-radius:00;; margin:5.3px; width:2150;\" ><div class=\"crop\" style=\" width:2150; height:2150; overflow:hidden;\"><img decoding=\"async\" src=\"\/wp-content\/uploads\/2023\/03\/4.kep-215x215.jpg\" class=\"ggImg\" alt=\"4.k\u00e9p\" title=\"4.k\u00e9p\" data-description=\"4.k\u00e9p\" data-caption=\"4.k\u00e9p\" data-title=\"4.k\u00e9p\" style=\" width:215px; height:215px;\" \/><\/div><FIGCAPTION class=\"\" data-alpha=\"5\" style=\"color:#ffffff; background-color:#6f0000; font-size:140; text-align:left; font-family:Default;\" ><div class=\"grid-gallery-figcaption-wrap\" style=\"\"><\/div><\/FIGCAPTION><\/FIGURE><FIGURE class=\"grid-gallery-caption\" data-grid-gallery-type=\"quarter-slide-up\" data-index=\"4\" style=\"display:none;border-radius:00;; margin:5.3px; width:2150;\" ><div class=\"crop\" style=\" width:2150; height:2150; overflow:hidden;\"><img decoding=\"async\" src=\"\/wp-content\/uploads\/2023\/03\/5.kep-215x215.jpg\" class=\"ggImg\" alt=\"5.k\u00e9p\" title=\"5.k\u00e9p\" data-description=\"5.k\u00e9p\" data-caption=\"5.k\u00e9p\" data-title=\"5.k\u00e9p\" style=\" width:215px; height:215px;\" \/><\/div><FIGCAPTION class=\"\" data-alpha=\"5\" style=\"color:#ffffff; background-color:#6f0000; font-size:140; text-align:left; font-family:Default;\" ><div class=\"grid-gallery-figcaption-wrap\" style=\"\"><\/div><\/FIGCAPTION><\/FIGURE><FIGURE class=\"grid-gallery-caption\" data-grid-gallery-type=\"quarter-slide-up\" data-index=\"5\" style=\"display:none;border-radius:00;; margin:5.3px; width:2150;\" ><div class=\"crop\" style=\" width:2150; height:2150; overflow:hidden;\"><img decoding=\"async\" src=\"\/wp-content\/uploads\/2023\/03\/6.kep-215x215.jpg\" class=\"ggImg\" alt=\"6.k\u00e9p\" title=\"6.k\u00e9p\" data-description=\"6.k\u00e9p\" data-caption=\"6.k\u00e9p\" data-title=\"6.k\u00e9p\" style=\" width:215px; height:215px;\" \/><\/div><FIGCAPTION class=\"\" data-alpha=\"5\" style=\"color:#ffffff; background-color:#6f0000; font-size:140; text-align:left; font-family:Default;\" ><div class=\"grid-gallery-figcaption-wrap\" style=\"\"><\/div><\/FIGCAPTION><\/FIGURE> <div class=\"grid-gallery-clearfix\"><\/div> <\/div> <div class=\"gallery-sharing-bottom\" style=\"display:none;\"> <\/div> <div class=\"gallery-sharing-image\" style=\"display:none;\"> <\/div> <div class=\"gallery-sharing-popup\" style=\"display:none;\"> <\/div> <div class=\"grid-gallery-clearfix\"><\/div> <\/div> <!-- Gallery by Supsystic plugin1.16.0 --><a title=\"Best WordPress Gallery Plugin\" style=\"display:none;\" href=\"https:\/\/supsystic.com\/plugins\/photo-gallery\/?utm_medium=love_link\" target=\"_blank\">Best WordPress Gallery Plugin<\/a>\t\t\t\t\t\t\t\t<\/div>\n\t\t\t\t<\/div>\n\t\t\t\t\t<\/div>\n\t\t<\/div>\n\t\t\t\t\t<\/div>\n\t\t<\/section>\n\t\t\t\t<\/div>\n\t\t","protected":false},"excerpt":{"rendered":"<p>Erasmus+ &#8222;A Keri felfedezi Eur\u00f3p\u00e1t&#8221; 2020-1-HU01-KA116-078135 Ciprus 2023.02.26.-03.26. Az Erasmus+ mobilit\u00e1si program &#8211; 2020-1-HU01-KA116-078135 &#8211; \u201eA Keri felfedezi Eur\u00f3p\u00e1t\u201d projekt keretein bel\u00fcl iskol\u00e1nk 4 vend\u00e9gl\u00e1t\u00f3 szakmacsoportos tanul\u00f3ja: R\u00e1cz Krist\u00f3f (10\/B) vend\u00e9gt\u00e9ri szaktechnikus, Sus\u00e1n Roland Zsolt, V\u00e1radi \u00c1ron (10\/B) szak\u00e1cs szaktechnikus \u00e9s Stefanik \u00c1kos P\u00e9ter (1\/9\/3) szak\u00e1cs 1 h\u00f3napos szakmai gyakorlat\u00e1t t\u00f6lti 2023.02.26-03.26. k\u00f6z\u00f6tt a F\u00f6ldk\u00f6zi-tenger [&hellip;]<\/p>\n","protected":false},"author":4,"featured_media":0,"parent":0,"menu_order":0,"comment_status":"closed","ping_status":"closed","template":"","meta":{"footnotes":""},"class_list":["post-23492","page","type-page","status-publish","hentry"],"_links":{"self":[{"href":"\/index.php\/wp-json\/wp\/v2\/pages\/23492","targetHints":{"allow":["GET"]}}],"collection":[{"href":"\/index.php\/wp-json\/wp\/v2\/pages"}],"about":[{"href":"\/index.php\/wp-json\/wp\/v2\/types\/page"}],"author":[{"embeddable":true,"href":"\/index.php\/wp-json\/wp\/v2\/users\/4"}],"replies":[{"embeddable":true,"href":"\/index.php\/wp-json\/wp\/v2\/comments?post=23492"}],"version-history":[{"count":4,"href":"\/index.php\/wp-json\/wp\/v2\/pages\/23492\/revisions"}],"predecessor-version":[{"id":23503,"href":"\/index.php\/wp-json\/wp\/v2\/pages\/23492\/revisions\/23503"}],"wp:attachment":[{"href":"\/index.php\/wp-json\/wp\/v2\/media?parent=23492"}],"curies":[{"name":"wp","href":"https:\/\/api.w.org\/{rel}","templated":true}]}}