{"id":23469,"date":"2023-03-10T11:58:10","date_gmt":"2023-03-10T10:58:10","guid":{"rendered":"\/?page_id=23469"},"modified":"2023-03-10T12:10:12","modified_gmt":"2023-03-10T11:10:12","slug":"erasmus-ka121-romania-2023-02-04-03-05","status":"publish","type":"page","link":"\/index.php\/erasmus-ka121-romania-2023-02-04-03-05\/","title":{"rendered":"Erasmus+ KA121 &#8211; Rom\u00e1nia &#8211; 2023.02.04.-03.05."},"content":{"rendered":"\t\t<div data-elementor-type=\"wp-page\" data-elementor-id=\"23469\" class=\"elementor elementor-23469\" data-elementor-post-type=\"page\">\n\t\t\t\t\t\t<section class=\"elementor-section elementor-top-section elementor-element elementor-element-974323a elementor-section-boxed elementor-section-height-default elementor-section-height-default\" data-id=\"974323a\" data-element_type=\"section\" data-e-type=\"section\">\n\t\t\t\t\t\t<div class=\"elementor-container elementor-column-gap-default\">\n\t\t\t\t\t<div class=\"elementor-column elementor-col-100 elementor-top-column elementor-element elementor-element-b4592d0\" data-id=\"b4592d0\" data-element_type=\"column\" data-e-type=\"column\">\n\t\t\t<div class=\"elementor-widget-wrap elementor-element-populated\">\n\t\t\t\t\t\t<div class=\"elementor-element elementor-element-c1f627c elementor-widget elementor-widget-spacer\" data-id=\"c1f627c\" data-element_type=\"widget\" data-e-type=\"widget\" data-widget_type=\"spacer.default\">\n\t\t\t\t<div class=\"elementor-widget-container\">\n\t\t\t\t\t\t\t<div class=\"elementor-spacer\">\n\t\t\t<div class=\"elementor-spacer-inner\"><\/div>\n\t\t<\/div>\n\t\t\t\t\t\t<\/div>\n\t\t\t\t<\/div>\n\t\t\t\t\t<\/div>\n\t\t<\/div>\n\t\t\t\t\t<\/div>\n\t\t<\/section>\n\t\t\t\t<section class=\"elementor-section elementor-top-section elementor-element elementor-element-cb62d27 elementor-section-boxed elementor-section-height-default elementor-section-height-default\" data-id=\"cb62d27\" data-element_type=\"section\" data-e-type=\"section\">\n\t\t\t\t\t\t<div class=\"elementor-container elementor-column-gap-default\">\n\t\t\t\t\t<div class=\"elementor-column elementor-col-100 elementor-top-column elementor-element elementor-element-3db2fc6\" data-id=\"3db2fc6\" data-element_type=\"column\" data-e-type=\"column\">\n\t\t\t<div class=\"elementor-widget-wrap elementor-element-populated\">\n\t\t\t\t\t\t<div class=\"elementor-element elementor-element-2e1d776 elementor-widget elementor-widget-heading\" data-id=\"2e1d776\" data-element_type=\"widget\" data-e-type=\"widget\" data-widget_type=\"heading.default\">\n\t\t\t\t<div class=\"elementor-widget-container\">\n\t\t\t\t\t<h5 class=\"elementor-heading-title elementor-size-default\">Erasmus+\n\n<\/h5>\t\t\t\t<\/div>\n\t\t\t\t<\/div>\n\t\t\t\t\t<\/div>\n\t\t<\/div>\n\t\t\t\t\t<\/div>\n\t\t<\/section>\n\t\t\t\t<section class=\"elementor-section elementor-top-section elementor-element elementor-element-a6e0aa5 elementor-section-boxed elementor-section-height-default elementor-section-height-default\" data-id=\"a6e0aa5\" data-element_type=\"section\" data-e-type=\"section\">\n\t\t\t\t\t\t<div class=\"elementor-container elementor-column-gap-default\">\n\t\t\t\t\t<div class=\"elementor-column elementor-col-100 elementor-top-column elementor-element elementor-element-43c34b9\" data-id=\"43c34b9\" data-element_type=\"column\" data-e-type=\"column\">\n\t\t\t<div class=\"elementor-widget-wrap elementor-element-populated\">\n\t\t\t\t\t\t<div class=\"elementor-element elementor-element-1ac0108 elementor-widget elementor-widget-heading\" data-id=\"1ac0108\" data-element_type=\"widget\" data-e-type=\"widget\" data-widget_type=\"heading.default\">\n\t\t\t\t<div class=\"elementor-widget-container\">\n\t\t\t\t\t<h5 class=\"elementor-heading-title elementor-size-default\">\u201eEur\u00f3pai kalandok a Kerivel\u201d\n<\/h5>\t\t\t\t<\/div>\n\t\t\t\t<\/div>\n\t\t\t\t\t<\/div>\n\t\t<\/div>\n\t\t\t\t\t<\/div>\n\t\t<\/section>\n\t\t\t\t<section class=\"elementor-section elementor-top-section elementor-element elementor-element-ca26259 elementor-section-boxed elementor-section-height-default elementor-section-height-default\" data-id=\"ca26259\" data-element_type=\"section\" data-e-type=\"section\">\n\t\t\t\t\t\t<div class=\"elementor-container elementor-column-gap-default\">\n\t\t\t\t\t<div class=\"elementor-column elementor-col-100 elementor-top-column elementor-element elementor-element-2a194ff\" data-id=\"2a194ff\" data-element_type=\"column\" data-e-type=\"column\">\n\t\t\t<div class=\"elementor-widget-wrap elementor-element-populated\">\n\t\t\t\t\t\t<div class=\"elementor-element elementor-element-21b8af3 elementor-widget elementor-widget-heading\" data-id=\"21b8af3\" data-element_type=\"widget\" data-e-type=\"widget\" data-widget_type=\"heading.default\">\n\t\t\t\t<div class=\"elementor-widget-container\">\n\t\t\t\t\t<h5 class=\"elementor-heading-title elementor-size-default\">2022-1-HU01-KA121-VET-000067922 \n\n<\/h5>\t\t\t\t<\/div>\n\t\t\t\t<\/div>\n\t\t\t\t\t<\/div>\n\t\t<\/div>\n\t\t\t\t\t<\/div>\n\t\t<\/section>\n\t\t\t\t<section class=\"elementor-section elementor-top-section elementor-element elementor-element-da7aced elementor-section-boxed elementor-section-height-default elementor-section-height-default\" data-id=\"da7aced\" data-element_type=\"section\" data-e-type=\"section\">\n\t\t\t\t\t\t<div class=\"elementor-container elementor-column-gap-default\">\n\t\t\t\t\t<div class=\"elementor-column elementor-col-100 elementor-top-column elementor-element elementor-element-8c1d8ce\" data-id=\"8c1d8ce\" data-element_type=\"column\" data-e-type=\"column\">\n\t\t\t<div class=\"elementor-widget-wrap elementor-element-populated\">\n\t\t\t\t\t\t<div class=\"elementor-element elementor-element-1619480 elementor-widget elementor-widget-heading\" data-id=\"1619480\" data-element_type=\"widget\" data-e-type=\"widget\" data-widget_type=\"heading.default\">\n\t\t\t\t<div class=\"elementor-widget-container\">\n\t\t\t\t\t<h5 class=\"elementor-heading-title elementor-size-default\">Rom\u00e1nia - Homor\u00f3df\u00fcrd\u0151\n\n<\/h5>\t\t\t\t<\/div>\n\t\t\t\t<\/div>\n\t\t\t\t\t<\/div>\n\t\t<\/div>\n\t\t\t\t\t<\/div>\n\t\t<\/section>\n\t\t\t\t<section class=\"elementor-section elementor-top-section elementor-element elementor-element-611ab9d elementor-section-boxed elementor-section-height-default elementor-section-height-default\" data-id=\"611ab9d\" data-element_type=\"section\" data-e-type=\"section\">\n\t\t\t\t\t\t<div class=\"elementor-container elementor-column-gap-default\">\n\t\t\t\t\t<div class=\"elementor-column elementor-col-100 elementor-top-column elementor-element elementor-element-b549758\" data-id=\"b549758\" data-element_type=\"column\" data-e-type=\"column\">\n\t\t\t<div class=\"elementor-widget-wrap elementor-element-populated\">\n\t\t\t\t\t\t<div class=\"elementor-element elementor-element-b743484 elementor-widget elementor-widget-heading\" data-id=\"b743484\" data-element_type=\"widget\" data-e-type=\"widget\" data-widget_type=\"heading.default\">\n\t\t\t\t<div class=\"elementor-widget-container\">\n\t\t\t\t\t<h5 class=\"elementor-heading-title elementor-size-default\">2023.02.04.-03.05.\n\n<\/h5>\t\t\t\t<\/div>\n\t\t\t\t<\/div>\n\t\t\t\t\t<\/div>\n\t\t<\/div>\n\t\t\t\t\t<\/div>\n\t\t<\/section>\n\t\t\t\t<section class=\"elementor-section elementor-top-section elementor-element elementor-element-ba9fe45 elementor-section-boxed elementor-section-height-default elementor-section-height-default\" data-id=\"ba9fe45\" data-element_type=\"section\" data-e-type=\"section\">\n\t\t\t\t\t\t<div class=\"elementor-container elementor-column-gap-default\">\n\t\t\t\t\t<div class=\"elementor-column elementor-col-100 elementor-top-column elementor-element elementor-element-b6ccf17\" data-id=\"b6ccf17\" data-element_type=\"column\" data-e-type=\"column\">\n\t\t\t<div class=\"elementor-widget-wrap elementor-element-populated\">\n\t\t\t\t\t\t<div class=\"elementor-element elementor-element-52884cb elementor-widget elementor-widget-spacer\" data-id=\"52884cb\" data-element_type=\"widget\" data-e-type=\"widget\" data-widget_type=\"spacer.default\">\n\t\t\t\t<div class=\"elementor-widget-container\">\n\t\t\t\t\t\t\t<div class=\"elementor-spacer\">\n\t\t\t<div class=\"elementor-spacer-inner\"><\/div>\n\t\t<\/div>\n\t\t\t\t\t\t<\/div>\n\t\t\t\t<\/div>\n\t\t\t\t\t<\/div>\n\t\t<\/div>\n\t\t\t\t\t<\/div>\n\t\t<\/section>\n\t\t\t\t<section class=\"elementor-section elementor-top-section elementor-element elementor-element-60fc3d0 elementor-section-boxed elementor-section-height-default elementor-section-height-default\" data-id=\"60fc3d0\" data-element_type=\"section\" data-e-type=\"section\">\n\t\t\t\t\t\t<div class=\"elementor-container elementor-column-gap-default\">\n\t\t\t\t\t<div class=\"elementor-column elementor-col-100 elementor-top-column elementor-element elementor-element-c51ee7e\" data-id=\"c51ee7e\" data-element_type=\"column\" data-e-type=\"column\">\n\t\t\t<div class=\"elementor-widget-wrap elementor-element-populated\">\n\t\t\t\t\t\t<div class=\"elementor-element elementor-element-fa2be0b elementor-widget elementor-widget-text-editor\" data-id=\"fa2be0b\" data-element_type=\"widget\" data-e-type=\"widget\" data-widget_type=\"text-editor.default\">\n\t\t\t\t<div class=\"elementor-widget-container\">\n\t\t\t\t\t\t\t\t\t<p><strong>Az ERASMUS+ mobilit\u00e1si program : <\/strong>2022-1-HU01-KA121-VET-000067922 \u201eEur\u00f3pai kalandok a Kerivel\u201d projekt keretein bel\u00fcl iskol\u00e1nk h\u00e1rom tanul\u00f3ja, <strong>\u00a0<\/strong>M\u00e1rta L\u00e1szl\u00f3 Lajos ( KSZ 11\/6) szak\u00e1cs, Uhrin Bettina ( KSZ11\/6) pinc\u00e9r-vend\u00e9gt\u00e9ri szakember \u00e9s Szelezs\u00e1n Alexa (11\/B) vend\u00e9gt\u00e9ri szaktechnikus , egy h\u00f3napos\u00a0 szakmai gyakorlaton vett r\u00e9szt 2023.02.04-03.05. k\u00f6z\u00f6tt Rom\u00e1ni\u00e1ban, Erd\u00e9lyben.<\/p><p>A szakmai gyakorlati munkahely\u00fck Homor\u00f3df\u00fcrd\u0151n a Lobog\u00f3 Panzi\u00f3ban volt. A tanul\u00f3k a szakmai gyakorlat sor\u00e1n megismerkedtek a panzi\u00f3 m\u0171k\u00f6d\u00e9s\u00e9vel, komplex szolg\u00e1ltat\u00e1saival.<\/p><p>Akt\u00edvan bekapcsol\u00f3dtak a konyhai el\u0151k\u00e9sz\u00edt\u0151 \u00e9s kieg\u00e9sz\u00edt\u0151 tev\u00e9kenys\u00e9gekbe. Az \u00e1gazati vizsg\u00e1n megszerzett ismereteiket a gyakorlatban is alkalmazhatt\u00e1k \u00e9s megismerkedtek a sz\u00e9kelyf\u00f6ldi \u00e9telekkel \u00e9s a k\u00e9zm\u0171ves helyi term\u00e9kekkel.<\/p><p>A kultur\u00e1lis programok sor\u00e1n j\u00e1rtak Sz\u00e9kelyudvarhelyen, Cs\u00edkszered\u00e1n, Korondon, Parajdon a s\u00f3b\u00e1ny\u00e1ban, T\u00f6rcsv\u00e1ron a v\u00e1rban \u00e9s a kir\u00e1ndultak a k\u00f6zeli kil\u00e1t\u00f3khoz, b\u00e1nyat\u00f3hoz. Kipr\u00f3b\u00e1lt\u00e1k az Ilona v\u00f6lgyben m\u00e1r a r\u00f3maiak idej\u00e9ben is ismert s\u00f3s gy\u00f3gyf\u00fcrd\u0151t \u00e9s megk\u00f3stolt\u00e1k a homor\u00f3di \u00e1sv\u00e1nyvizet is.<\/p><p>A di\u00e1kok a program sor\u00e1n \u00faj szakmai ismeretekre, tapasztalatokra tettek szert, amit j\u00f3l tudnak majd hasznos\u00edtani gyakorlati munkahely\u00fck\u00f6n is.<\/p><p><strong>\u00a0<\/strong><\/p><p><strong>Projekt sz\u00e1ma: <\/strong><strong>2022-1-HU01-KA121-VET-000067922 \u201eEur\u00f3pai kalandok a Kerivel\u201d<\/strong><\/p><p><u>A szakmai gyakorlati (mobilit\u00e1si) tev\u00e9kenys\u00e9g helysz\u00edne, id\u0151pontja: <\/u><\/p><p>Rom\u00e1nia, Homor\u00f3df\u00fcrd\u0151 2023. febru\u00e1r 4. \u2013 2023. m\u00e1rcius 5.<\/p><p><u>K\u00eds\u00e9r\u0151 szem\u00e9ly kiutaz\u00e1s\u00e1nak id\u0151pontja:<\/u> \u00a0\u00a0\u00a0\u00a0\u00a0 2023. febru\u00e1r 27. \u2013 2023. m\u00e1rcius 5.<\/p><p><u>R\u00e9sztvev\u0151 tanul\u00f3k (n\u00e9v, szakma):<\/u><\/p><p>M\u00e1rta L\u00e1szl\u00f3 Lajos\u00a0\u00a0\u00a0\u00a0\u00a0\u00a0 szak\u00e1cs<\/p><p>Uhrin Bettina\u00a0\u00a0\u00a0\u00a0\u00a0\u00a0\u00a0\u00a0\u00a0\u00a0\u00a0\u00a0\u00a0\u00a0\u00a0 pinc\u00e9r-vend\u00e9gt\u00e9ri szakember<\/p><p>Szelezs\u00e1n Alexa\u00a0\u00a0\u00a0\u00a0\u00a0\u00a0\u00a0\u00a0\u00a0\u00a0\u00a0 vend\u00e9gt\u00e9ri szaktechnikus<\/p><p>\u00a0<\/p>\t\t\t\t\t\t\t\t<\/div>\n\t\t\t\t<\/div>\n\t\t\t\t\t<\/div>\n\t\t<\/div>\n\t\t\t\t\t<\/div>\n\t\t<\/section>\n\t\t\t\t<section class=\"elementor-section elementor-top-section elementor-element elementor-element-16537e5 elementor-section-boxed elementor-section-height-default elementor-section-height-default\" data-id=\"16537e5\" data-element_type=\"section\" data-e-type=\"section\">\n\t\t\t\t\t\t<div class=\"elementor-container elementor-column-gap-default\">\n\t\t\t\t\t<div class=\"elementor-column elementor-col-100 elementor-top-column elementor-element elementor-element-eb027c0\" data-id=\"eb027c0\" data-element_type=\"column\" data-e-type=\"column\">\n\t\t\t<div class=\"elementor-widget-wrap elementor-element-populated\">\n\t\t\t\t\t\t<div class=\"elementor-element elementor-element-ac9d32a elementor-widget elementor-widget-text-editor\" data-id=\"ac9d32a\" data-element_type=\"widget\" data-e-type=\"widget\" data-widget_type=\"text-editor.default\">\n\t\t\t\t<div class=\"elementor-widget-container\">\n\t\t\t\t\t\t\t\t\t<div id=\"grid-gallery-380-79378\" data-gg-id=\"380\" data-title=\"Erasmus+ KA121 - Rom\u00e1nia 2023.02.04.-03.05.\" data-grid-type=\"0\" data-offset=\"5.3\" data-area-position=\"center\" data-icons=\"\" data-preloader=\"true\" data-width=\"215\" data-height=\"215\" data-padding=\"0\" data-quicksand=\"disabled\" data-quicksand-duration=\"none\" data-popup-theme=\"theme_6\" data-popup-type=\"pretty-photo\" data-popup-image-text=\"data-description\" data-popup-widthsize=\"auto\" data-popup-heightsize=\"auto\" data-popup-i18n-words=\"{&quot;close&quot;:&quot;close&quot;,&quot;next&quot;:&quot;next&quot;,&quot;previous&quot;:&quot;previous&quot;,&quot;start_slideshow&quot;:&quot;start slideshow&quot;,&quot;stop_slideshow&quot;:&quot;stop slideshow&quot;,&quot;image&quot;:&quot;image&quot;,&quot;of&quot;:&quot;of&quot;,&quot;prev&quot;:&quot;prev&quot;,&quot;cExpand&quot;:&quot;Expand&quot;,&quot;cPrevious&quot;:&quot;Previous&quot;,&quot;cNext&quot;:&quot;Next&quot;,&quot;cExpandStr&quot;:&quot;Expand the image&quot;,&quot;cRotate&quot;:&quot;Rotate&quot;,&quot;cDetails&quot;:&quot;Details&quot;}\" data-popup-slideshow=\"false\" data-popup-slideshow-speed=\"2500\" data-popup-hoverstop=\"true\" data-popup-slideshow-auto=\"false\" data-popup-background=\"\" data-popup-transparency=\"30\" data-popup-disable-history=\"\" data-popup-disable-changed-url=\"\" data-popup-border-type=\"solid\" data-popup-border-color=\"\" data-popup-border-width=\"\" data-popup-border-enable=\"\" data-fullscreen=\"false\" data-hide-tooltip=\"false\" data-caption-font-family=\"Default\" data-caption-text-size=\"140\" data-is-mobile=\"0\" data-caption-mobile=\"false\" data-hide-long-tltp-title=\"0\" data-caption-disabled-on-mobile=\"false\" data-popup-placement-type=\"0\" data-social-sharing=\"{&quot;enabled&quot;:&quot;&quot;,&quot;gallerySharing&quot;:{&quot;enabled&quot;:null,&quot;position&quot;:null},&quot;imageSharing&quot;:{&quot;enabled&quot;:null,&quot;wrapperClass&quot;:&quot; vertical &quot;},&quot;popupSharing&quot;:{&quot;enabled&quot;:null,&quot;wrapperClass&quot;:&quot; vertical &quot;}}\" class=\"grid-gallery grid-gallery-fixed \" style=\" width:100%; height:auto; margin-left:auto; margin-right:auto;position:relative;\"> <div class=\"gallery-loading\"> <div class=\"blocks\"> <div class=\"block\"><\/div> <div class=\"block\"><\/div> <div class=\"block\"><\/div> <div class=\"block\"><\/div> <\/div> <\/div> <div class=\"gallery-sharing-top\" style=\"display:none;\"> <\/div> <div id=\"photos-380\" class=\"grid-gallery-photos\"><FIGURE class=\"grid-gallery-caption\" data-grid-gallery-type=\"quarter-slide-up\" data-index=\"0\" style=\"display:none;border-radius:00;; margin:5.3px; width:2150;\" ><div class=\"crop\" style=\" width:2150; height:2150; overflow:hidden;\"><img decoding=\"async\" src=\"\/wp-content\/uploads\/2023\/03\/Romania-2022-1-HU01-KA121-VET-000067922-Europai-kalandok-a-Kerivel_01-215x215.jpg\" class=\"ggImg\" alt=\"Rom\u00e1nia - 2022-1-HU01-KA121-VET-000067922 Eur\u00f3pai kalandok a Kerivel_01\" title=\"Rom\u00e1nia - 2022-1-HU01-KA121-VET-000067922 Eur\u00f3pai kalandok a Kerivel_01\" data-description=\"Rom\u00e1nia - 2022-1-HU01-KA121-VET-000067922 Eur\u00f3pai kalandok a Kerivel_01\" data-caption=\"Rom\u00e1nia - 2022-1-HU01-KA121-VET-000067922 Eur\u00f3pai kalandok a Kerivel_01\" data-title=\"Rom\u00e1nia - 2022-1-HU01-KA121-VET-000067922 Eur\u00f3pai kalandok a Kerivel_01\" style=\" width:215px; height:215px;\" \/><\/div><FIGCAPTION class=\"\" data-alpha=\"5\" style=\"color:#ffffff; background-color:#6f0000; font-size:140; text-align:left; font-family:Default;\" ><div class=\"grid-gallery-figcaption-wrap\" style=\"\"><\/div><\/FIGCAPTION><\/FIGURE><FIGURE class=\"grid-gallery-caption\" data-grid-gallery-type=\"quarter-slide-up\" data-index=\"1\" style=\"display:none;border-radius:00;; margin:5.3px; width:2150;\" ><div class=\"crop\" style=\" width:2150; height:2150; overflow:hidden;\"><img decoding=\"async\" src=\"\/wp-content\/uploads\/2023\/03\/Romania-2022-1-HU01-KA121-VET-000067922-Europai-kalandok-a-Kerivel_02-215x215.jpg\" class=\"ggImg\" alt=\"Rom\u00e1nia - 2022-1-HU01-KA121-VET-000067922 Eur\u00f3pai kalandok a Kerivel_02\" title=\"Rom\u00e1nia - 2022-1-HU01-KA121-VET-000067922 Eur\u00f3pai kalandok a Kerivel_02\" data-description=\"Rom\u00e1nia - 2022-1-HU01-KA121-VET-000067922 Eur\u00f3pai kalandok a Kerivel_02\" data-caption=\"Rom\u00e1nia - 2022-1-HU01-KA121-VET-000067922 Eur\u00f3pai kalandok a Kerivel_02\" data-title=\"Rom\u00e1nia - 2022-1-HU01-KA121-VET-000067922 Eur\u00f3pai kalandok a Kerivel_02\" style=\" width:215px; height:215px;\" \/><\/div><FIGCAPTION class=\"\" data-alpha=\"5\" style=\"color:#ffffff; background-color:#6f0000; font-size:140; text-align:left; font-family:Default;\" ><div class=\"grid-gallery-figcaption-wrap\" style=\"\"><\/div><\/FIGCAPTION><\/FIGURE><FIGURE class=\"grid-gallery-caption\" data-grid-gallery-type=\"quarter-slide-up\" data-index=\"2\" style=\"display:none;border-radius:00;; margin:5.3px; width:2150;\" ><div class=\"crop\" style=\" width:2150; height:2150; overflow:hidden;\"><img decoding=\"async\" src=\"\/wp-content\/uploads\/2023\/03\/Romania-2022-1-HU01-KA121-VET-000067922-Europai-kalandok-a-Kerivel_03-215x215.jpg\" class=\"ggImg\" alt=\"Rom\u00e1nia - 2022-1-HU01-KA121-VET-000067922 Eur\u00f3pai kalandok a Kerivel_03\" title=\"Rom\u00e1nia - 2022-1-HU01-KA121-VET-000067922 Eur\u00f3pai kalandok a Kerivel_03\" data-description=\"Rom\u00e1nia - 2022-1-HU01-KA121-VET-000067922 Eur\u00f3pai kalandok a Kerivel_03\" data-caption=\"Rom\u00e1nia - 2022-1-HU01-KA121-VET-000067922 Eur\u00f3pai kalandok a Kerivel_03\" data-title=\"Rom\u00e1nia - 2022-1-HU01-KA121-VET-000067922 Eur\u00f3pai kalandok a Kerivel_03\" style=\" width:215px; height:215px;\" \/><\/div><FIGCAPTION class=\"\" data-alpha=\"5\" style=\"color:#ffffff; background-color:#6f0000; font-size:140; text-align:left; font-family:Default;\" ><div class=\"grid-gallery-figcaption-wrap\" style=\"\"><\/div><\/FIGCAPTION><\/FIGURE><FIGURE class=\"grid-gallery-caption\" data-grid-gallery-type=\"quarter-slide-up\" data-index=\"3\" style=\"display:none;border-radius:00;; margin:5.3px; width:2150;\" ><div class=\"crop\" style=\" width:2150; height:2150; overflow:hidden;\"><img decoding=\"async\" src=\"\/wp-content\/uploads\/2023\/03\/Romania-2022-1-HU01-KA121-VET-000067922-Europai-kalandok-a-Kerivel_04-215x215.jpg\" class=\"ggImg\" alt=\"Rom\u00e1nia - 2022-1-HU01-KA121-VET-000067922 Eur\u00f3pai kalandok a Kerivel_04\" title=\"Rom\u00e1nia - 2022-1-HU01-KA121-VET-000067922 Eur\u00f3pai kalandok a Kerivel_04\" data-description=\"Rom\u00e1nia - 2022-1-HU01-KA121-VET-000067922 Eur\u00f3pai kalandok a Kerivel_04\" data-caption=\"Rom\u00e1nia - 2022-1-HU01-KA121-VET-000067922 Eur\u00f3pai kalandok a Kerivel_04\" data-title=\"Rom\u00e1nia - 2022-1-HU01-KA121-VET-000067922 Eur\u00f3pai kalandok a Kerivel_04\" style=\" width:215px; height:215px;\" \/><\/div><FIGCAPTION class=\"\" data-alpha=\"5\" style=\"color:#ffffff; background-color:#6f0000; font-size:140; text-align:left; font-family:Default;\" ><div class=\"grid-gallery-figcaption-wrap\" style=\"\"><\/div><\/FIGCAPTION><\/FIGURE><FIGURE class=\"grid-gallery-caption\" data-grid-gallery-type=\"quarter-slide-up\" data-index=\"4\" style=\"display:none;border-radius:00;; margin:5.3px; width:2150;\" ><div class=\"crop\" style=\" width:2150; height:2150; overflow:hidden;\"><img decoding=\"async\" src=\"\/wp-content\/uploads\/2023\/03\/Romania-2022-1-HU01-KA121-VET-000067922-Europai-kalandok-a-Kerivel_05-215x215.jpg\" class=\"ggImg\" alt=\"Rom\u00e1nia - 2022-1-HU01-KA121-VET-000067922 Eur\u00f3pai kalandok a Kerivel_05\" title=\"Rom\u00e1nia - 2022-1-HU01-KA121-VET-000067922 Eur\u00f3pai kalandok a Kerivel_05\" data-description=\"Rom\u00e1nia - 2022-1-HU01-KA121-VET-000067922 Eur\u00f3pai kalandok a Kerivel_05\" data-caption=\"Rom\u00e1nia - 2022-1-HU01-KA121-VET-000067922 Eur\u00f3pai kalandok a Kerivel_05\" data-title=\"Rom\u00e1nia - 2022-1-HU01-KA121-VET-000067922 Eur\u00f3pai kalandok a Kerivel_05\" style=\" width:215px; height:215px;\" \/><\/div><FIGCAPTION class=\"\" data-alpha=\"5\" style=\"color:#ffffff; background-color:#6f0000; font-size:140; text-align:left; font-family:Default;\" ><div class=\"grid-gallery-figcaption-wrap\" style=\"\"><\/div><\/FIGCAPTION><\/FIGURE><FIGURE class=\"grid-gallery-caption\" data-grid-gallery-type=\"quarter-slide-up\" data-index=\"5\" style=\"display:none;border-radius:00;; margin:5.3px; width:2150;\" ><div class=\"crop\" style=\" width:2150; height:2150; overflow:hidden;\"><img decoding=\"async\" src=\"\/wp-content\/uploads\/2023\/03\/Romania-2022-1-HU01-KA121-VET-000067922-Europai-kalandok-a-Kerivel_06-215x215.jpg\" class=\"ggImg\" alt=\"Rom\u00e1nia - 2022-1-HU01-KA121-VET-000067922 Eur\u00f3pai kalandok a Kerivel_06\" title=\"Rom\u00e1nia - 2022-1-HU01-KA121-VET-000067922 Eur\u00f3pai kalandok a Kerivel_06\" data-description=\"Rom\u00e1nia - 2022-1-HU01-KA121-VET-000067922 Eur\u00f3pai kalandok a Kerivel_06\" data-caption=\"Rom\u00e1nia - 2022-1-HU01-KA121-VET-000067922 Eur\u00f3pai kalandok a Kerivel_06\" data-title=\"Rom\u00e1nia - 2022-1-HU01-KA121-VET-000067922 Eur\u00f3pai kalandok a Kerivel_06\" style=\" width:215px; height:215px;\" \/><\/div><FIGCAPTION class=\"\" data-alpha=\"5\" style=\"color:#ffffff; background-color:#6f0000; font-size:140; text-align:left; font-family:Default;\" ><div class=\"grid-gallery-figcaption-wrap\" style=\"\"><\/div><\/FIGCAPTION><\/FIGURE><FIGURE class=\"grid-gallery-caption\" data-grid-gallery-type=\"quarter-slide-up\" data-index=\"6\" style=\"display:none;border-radius:00;; margin:5.3px; width:2150;\" ><div class=\"crop\" style=\" width:2150; height:2150; overflow:hidden;\"><img decoding=\"async\" src=\"\/wp-content\/uploads\/2023\/03\/Romania-2022-1-HU01-KA121-VET-000067922-Europai-kalandok-a-Kerivel_07-215x215.jpg\" class=\"ggImg\" alt=\"Rom\u00e1nia - 2022-1-HU01-KA121-VET-000067922 Eur\u00f3pai kalandok a Kerivel_07\" title=\"Rom\u00e1nia - 2022-1-HU01-KA121-VET-000067922 Eur\u00f3pai kalandok a Kerivel_07\" data-description=\"Rom\u00e1nia - 2022-1-HU01-KA121-VET-000067922 Eur\u00f3pai kalandok a Kerivel_07\" data-caption=\"Rom\u00e1nia - 2022-1-HU01-KA121-VET-000067922 Eur\u00f3pai kalandok a Kerivel_07\" data-title=\"Rom\u00e1nia - 2022-1-HU01-KA121-VET-000067922 Eur\u00f3pai kalandok a Kerivel_07\" style=\" width:215px; height:215px;\" \/><\/div><FIGCAPTION class=\"\" data-alpha=\"5\" style=\"color:#ffffff; background-color:#6f0000; font-size:140; text-align:left; font-family:Default;\" ><div class=\"grid-gallery-figcaption-wrap\" style=\"\"><\/div><\/FIGCAPTION><\/FIGURE> <div class=\"grid-gallery-clearfix\"><\/div> <\/div> <div class=\"gallery-sharing-bottom\" style=\"display:none;\"> <\/div> <div class=\"gallery-sharing-image\" style=\"display:none;\"> <\/div> <div class=\"gallery-sharing-popup\" style=\"display:none;\"> <\/div> <div class=\"grid-gallery-clearfix\"><\/div> <\/div> <!-- Gallery by Supsystic plugin1.16.0 --><a title=\"Best WordPress Gallery Plugin\" style=\"display:none;\" href=\"https:\/\/supsystic.com\/plugins\/photo-gallery\/?utm_medium=love_link\" target=\"_blank\">Best WordPress Gallery Plugin<\/a>\t\t\t\t\t\t\t\t<\/div>\n\t\t\t\t<\/div>\n\t\t\t\t\t<\/div>\n\t\t<\/div>\n\t\t\t\t\t<\/div>\n\t\t<\/section>\n\t\t\t\t<\/div>\n\t\t","protected":false},"excerpt":{"rendered":"<p>Erasmus+ \u201eEur\u00f3pai kalandok a Kerivel\u201d 2022-1-HU01-KA121-VET-000067922 Rom\u00e1nia &#8211; Homor\u00f3df\u00fcrd\u0151 2023.02.04.-03.05. Az ERASMUS+ mobilit\u00e1si program : 2022-1-HU01-KA121-VET-000067922 \u201eEur\u00f3pai kalandok a Kerivel\u201d projekt keretein bel\u00fcl iskol\u00e1nk h\u00e1rom tanul\u00f3ja, \u00a0M\u00e1rta L\u00e1szl\u00f3 Lajos ( KSZ 11\/6) szak\u00e1cs, Uhrin Bettina ( KSZ11\/6) pinc\u00e9r-vend\u00e9gt\u00e9ri szakember \u00e9s Szelezs\u00e1n Alexa (11\/B) vend\u00e9gt\u00e9ri szaktechnikus , egy h\u00f3napos\u00a0 szakmai gyakorlaton vett r\u00e9szt 2023.02.04-03.05. k\u00f6z\u00f6tt Rom\u00e1ni\u00e1ban, [&hellip;]<\/p>\n","protected":false},"author":4,"featured_media":0,"parent":0,"menu_order":0,"comment_status":"closed","ping_status":"closed","template":"","meta":{"footnotes":""},"class_list":["post-23469","page","type-page","status-publish","hentry"],"_links":{"self":[{"href":"\/index.php\/wp-json\/wp\/v2\/pages\/23469","targetHints":{"allow":["GET"]}}],"collection":[{"href":"\/index.php\/wp-json\/wp\/v2\/pages"}],"about":[{"href":"\/index.php\/wp-json\/wp\/v2\/types\/page"}],"author":[{"embeddable":true,"href":"\/index.php\/wp-json\/wp\/v2\/users\/4"}],"replies":[{"embeddable":true,"href":"\/index.php\/wp-json\/wp\/v2\/comments?post=23469"}],"version-history":[{"count":6,"href":"\/index.php\/wp-json\/wp\/v2\/pages\/23469\/revisions"}],"predecessor-version":[{"id":23490,"href":"\/index.php\/wp-json\/wp\/v2\/pages\/23469\/revisions\/23490"}],"wp:attachment":[{"href":"\/index.php\/wp-json\/wp\/v2\/media?parent=23469"}],"curies":[{"name":"wp","href":"https:\/\/api.w.org\/{rel}","templated":true}]}}