{"id":21985,"date":"2023-01-23T14:56:14","date_gmt":"2023-01-23T13:56:14","guid":{"rendered":"\/?page_id=21985"},"modified":"2023-01-23T14:58:17","modified_gmt":"2023-01-23T13:58:17","slug":"pek","status":"publish","type":"page","link":"\/index.php\/pek\/","title":{"rendered":"P\u00e9k"},"content":{"rendered":"\t\t<div data-elementor-type=\"wp-page\" data-elementor-id=\"21985\" class=\"elementor elementor-21985\" data-elementor-post-type=\"page\">\n\t\t\t\t\t\t<section class=\"elementor-section elementor-top-section elementor-element elementor-element-f0efe40 elementor-section-boxed elementor-section-height-default elementor-section-height-default\" data-id=\"f0efe40\" data-element_type=\"section\" data-e-type=\"section\">\n\t\t\t\t\t\t<div class=\"elementor-container elementor-column-gap-default\">\n\t\t\t\t\t<div class=\"elementor-column elementor-col-100 elementor-top-column elementor-element elementor-element-a4ddb65\" data-id=\"a4ddb65\" data-element_type=\"column\" data-e-type=\"column\">\n\t\t\t<div class=\"elementor-widget-wrap elementor-element-populated\">\n\t\t\t\t\t\t<div class=\"elementor-element elementor-element-7100835 elementor-widget elementor-widget-text-editor\" data-id=\"7100835\" data-element_type=\"widget\" data-e-type=\"widget\" data-widget_type=\"text-editor.default\">\n\t\t\t\t<div class=\"elementor-widget-container\">\n\t\t\t\t\t\t\t\t\t<p>Iskol\u00e1nkban az \u00e9lelmiszeripar \u00e1gazatban az egyik legr\u00e9gebbi szakma fort\u00e9lyait tanulhatj\u00e1k meg a\u00a0<strong>p\u00e9k<\/strong> k\u00e9pz\u00e9st v\u00e1laszt\u00f3k. Az ism\u00e9t egyre nagyobb megbecs\u00fclts\u00e9gnek \u00f6rvend\u0151 szakm\u00e1t v\u00e1laszt\u00f3 p\u00e9kek munk\u00e1j\u00e1t manaps\u00e1g m\u00e1r korszer\u0171 g\u00e9pek \u00e9s technol\u00f3gi\u00e1k seg\u00edtik. Az eg\u00e9szs\u00e9ges \u00e9letm\u00f3d n\u00e9lk\u00fcl\u00f6zhetetlen alapterm\u00e9keit \u00e1ll\u00edtj\u00e1k el\u0151 a j\u00f3l k\u00e9pzett szakemberek. A v\u00e1s\u00e1rl\u00f3k a p\u00e9ks\u00e9gekben is keresik a cukr\u00e1szipari term\u00e9keket, illetve ford\u00edtva: a cukr\u00e1szatok is egyre t\u00f6bb s\u00fct\u0151ipari term\u00e9ket vesznek fel k\u00edn\u00e1latukba. A sokr\u00e9t\u0171 szakmai tud\u00e1ssal rendelkez\u0151 szakemberekre nagy sz\u00fcks\u00e9g van a munkaer\u0151piacon. A technikusi k\u00e9pz\u00e9s sor\u00e1n a szakmai alapok mellett olyan magas szint\u0171 szakmai tapasztalatot szerezhetnek tanul\u00f3ink, melyre egyre nagyobb sz\u00fcks\u00e9ge van a v\u00e1llalkoz\u00e1soknak, p\u00e9ld\u00e1ul a min\u0151s\u00e9gbiztos\u00edt\u00e1sban. De a sokr\u00e9t\u0171 szakmai tud\u00e1ssal rendelkez\u0151 szakemberekre egyre nagyobb a kereslet a k\u00e9zm\u0171ves-, bio- \u00e9s reformterm\u00e9keket el\u0151\u00e1ll\u00edt\u00f3 v\u00e1llalkoz\u00e1sokn\u00e1l is.<\/p>\t\t\t\t\t\t\t\t<\/div>\n\t\t\t\t<\/div>\n\t\t\t\t\t<\/div>\n\t\t<\/div>\n\t\t\t\t\t<\/div>\n\t\t<\/section>\n\t\t\t\t<section class=\"elementor-section elementor-top-section elementor-element elementor-element-863d3ea elementor-section-boxed elementor-section-height-default elementor-section-height-default\" data-id=\"863d3ea\" data-element_type=\"section\" data-e-type=\"section\">\n\t\t\t\t\t\t<div class=\"elementor-container elementor-column-gap-default\">\n\t\t\t\t\t<div class=\"elementor-column elementor-col-100 elementor-top-column elementor-element elementor-element-bffb4e4\" data-id=\"bffb4e4\" data-element_type=\"column\" data-e-type=\"column\">\n\t\t\t<div class=\"elementor-widget-wrap elementor-element-populated\">\n\t\t\t\t\t\t<div class=\"elementor-element elementor-element-a4385e0 elementor-widget elementor-widget-text-editor\" data-id=\"a4385e0\" data-element_type=\"widget\" data-e-type=\"widget\" data-widget_type=\"text-editor.default\">\n\t\t\t\t<div class=\"elementor-widget-container\">\n\t\t\t\t\t\t\t\t\t<p>KOMPETENCIAELV\u00c1R\u00c1S<\/p>\t\t\t\t\t\t\t\t<\/div>\n\t\t\t\t<\/div>\n\t\t\t\t\t<\/div>\n\t\t<\/div>\n\t\t\t\t\t<\/div>\n\t\t<\/section>\n\t\t\t\t<section class=\"elementor-section elementor-top-section elementor-element elementor-element-9922c90 elementor-section-boxed elementor-section-height-default elementor-section-height-default\" data-id=\"9922c90\" data-element_type=\"section\" data-e-type=\"section\">\n\t\t\t\t\t\t<div class=\"elementor-container elementor-column-gap-default\">\n\t\t\t\t\t<div class=\"elementor-column elementor-col-100 elementor-top-column elementor-element elementor-element-3761033\" data-id=\"3761033\" data-element_type=\"column\" data-e-type=\"column\">\n\t\t\t<div class=\"elementor-widget-wrap elementor-element-populated\">\n\t\t\t\t\t\t<div class=\"elementor-element elementor-element-75042ae elementor-widget elementor-widget-text-editor\" data-id=\"75042ae\" data-element_type=\"widget\" data-e-type=\"widget\" data-widget_type=\"text-editor.default\">\n\t\t\t\t<div class=\"elementor-widget-container\">\n\t\t\t\t\t\t\t\t\t<p style=\"box-sizing: border-box; margin: 10px 0px; padding: 0px; outline: none; font-size: 18px; line-height: normal; font-weight: 400; text-align: justify; color: #003b43; font-family: Alegreya; font-style: normal; font-variant-ligatures: normal; font-variant-caps: normal; letter-spacing: normal; orphans: 2; text-indent: 0px; text-transform: none; white-space: normal; widows: 2; word-spacing: 0px; -webkit-text-stroke-width: 0px; background-color: #ffffff; text-decoration-style: initial; text-decoration-color: initial;\">\u00c1ll\u00f3k\u00e9pess\u00e9g, \u00fcgyes mozg\u00e1s, k\u00e9z\u00fcgyess\u00e9g, csapatmunka.<\/p>\t\t\t\t\t\t\t\t<\/div>\n\t\t\t\t<\/div>\n\t\t\t\t\t<\/div>\n\t\t<\/div>\n\t\t\t\t\t<\/div>\n\t\t<\/section>\n\t\t\t\t<section class=\"elementor-section elementor-top-section elementor-element elementor-element-060e448 elementor-section-boxed elementor-section-height-default elementor-section-height-default\" data-id=\"060e448\" data-element_type=\"section\" data-e-type=\"section\">\n\t\t\t\t\t\t<div class=\"elementor-container elementor-column-gap-default\">\n\t\t\t\t\t<div class=\"elementor-column elementor-col-100 elementor-top-column elementor-element elementor-element-1f79838\" data-id=\"1f79838\" data-element_type=\"column\" data-e-type=\"column\">\n\t\t\t<div class=\"elementor-widget-wrap elementor-element-populated\">\n\t\t\t\t\t\t<div class=\"elementor-element elementor-element-28f06fd elementor-widget elementor-widget-text-editor\" data-id=\"28f06fd\" data-element_type=\"widget\" data-e-type=\"widget\" data-widget_type=\"text-editor.default\">\n\t\t\t\t<div class=\"elementor-widget-container\">\n\t\t\t\t\t\t\t\t\t<p>A SZAKK\u00c9PZETTS\u00c9GGEL RENDELKEZ\u0150<\/p>\t\t\t\t\t\t\t\t<\/div>\n\t\t\t\t<\/div>\n\t\t\t\t\t<\/div>\n\t\t<\/div>\n\t\t\t\t\t<\/div>\n\t\t<\/section>\n\t\t\t\t<section class=\"elementor-section elementor-top-section elementor-element elementor-element-8b1eb97 elementor-section-boxed elementor-section-height-default elementor-section-height-default\" data-id=\"8b1eb97\" data-element_type=\"section\" data-e-type=\"section\">\n\t\t\t\t\t\t<div class=\"elementor-container elementor-column-gap-default\">\n\t\t\t\t\t<div class=\"elementor-column elementor-col-100 elementor-top-column elementor-element elementor-element-495b942\" data-id=\"495b942\" data-element_type=\"column\" data-e-type=\"column\">\n\t\t\t<div class=\"elementor-widget-wrap elementor-element-populated\">\n\t\t\t\t\t\t<div class=\"elementor-element elementor-element-0cbcb52 elementor-widget elementor-widget-text-editor\" data-id=\"0cbcb52\" data-element_type=\"widget\" data-e-type=\"widget\" data-widget_type=\"text-editor.default\">\n\t\t\t\t<div class=\"elementor-widget-container\">\n\t\t\t\t\t\t\t\t\t<ul>\n<li>\u00e1tv\u00e9teli \u00e9s rakt\u00e1roz\u00e1si feladatokat v\u00e9gez;<\/li>\n<li>el\u0151k\u00e9sz\u00edt\u0151 m\u0171veleteket v\u00e9gez;<\/li>\n<li>nyersanyagot, k\u00e9szterm\u00e9ket vizsg\u00e1l, gy\u00e1rt\u00e1sk\u00f6zi ellen\u0151rz\u00e9st v\u00e9gez;<\/li>\n<li>eszk\u00f6z\u00f6ket haszn\u00e1l, g\u00e9peket \u00e9s berendez\u00e9seket kezel;<\/li>\n<li>befejez\u0151 m\u0171veleteket v\u00e9gez;<\/li>\n<li>t\u00e9szt\u00e1t k\u00e9sz\u00edt;<\/li>\n<li>t\u00f6ltel\u00e9ket k\u00e9sz\u00edt;<\/li>\n<li>feldolgozza a t\u00e9szt\u00e1t;<\/li>\n<li>t\u00e9szt\u00e1t keleszt;<\/li>\n<li>t\u00e9szt\u00e1t s\u00fct;<\/li>\n<li>k\u00e9szterm\u00e9ket kezel, csomagol;<\/li>\n<li>m\u00e9zeskal\u00e1csot k\u00e9sz\u00edt \u00e9s d\u00edsz\u00edt;<\/li>\n<li>adminisztr\u00e1ci\u00f3s munk\u00e1t v\u00e9gez.<\/li>\n<\/ul>\t\t\t\t\t\t\t\t<\/div>\n\t\t\t\t<\/div>\n\t\t\t\t\t<\/div>\n\t\t<\/div>\n\t\t\t\t\t<\/div>\n\t\t<\/section>\n\t\t\t\t<\/div>\n\t\t","protected":false},"excerpt":{"rendered":"<p>Iskol\u00e1nkban az \u00e9lelmiszeripar \u00e1gazatban az egyik legr\u00e9gebbi szakma fort\u00e9lyait tanulhatj\u00e1k meg a&nbsp;p\u00e9k k\u00e9pz\u00e9st v\u00e1laszt\u00f3k. Az ism\u00e9t egyre nagyobb megbecs\u00fclts\u00e9gnek \u00f6rvend\u0151 szakm\u00e1t v\u00e1laszt\u00f3 p\u00e9kek munk\u00e1j\u00e1t manaps\u00e1g m\u00e1r korszer\u0171 g\u00e9pek \u00e9s technol\u00f3gi\u00e1k seg\u00edtik. Az eg\u00e9szs\u00e9ges \u00e9letm\u00f3d n\u00e9lk\u00fcl\u00f6zhetetlen alapterm\u00e9keit \u00e1ll\u00edtj\u00e1k el\u0151 a j\u00f3l k\u00e9pzett szakemberek. A v\u00e1s\u00e1rl\u00f3k a p\u00e9ks\u00e9gekben is keresik a cukr\u00e1szipari term\u00e9keket, illetve ford\u00edtva: a cukr\u00e1szatok [&hellip;]<\/p>\n","protected":false},"author":4,"featured_media":759,"parent":0,"menu_order":0,"comment_status":"closed","ping_status":"closed","template":"","meta":{"footnotes":""},"class_list":["post-21985","page","type-page","status-publish","has-post-thumbnail","hentry"],"_links":{"self":[{"href":"\/index.php\/wp-json\/wp\/v2\/pages\/21985","targetHints":{"allow":["GET"]}}],"collection":[{"href":"\/index.php\/wp-json\/wp\/v2\/pages"}],"about":[{"href":"\/index.php\/wp-json\/wp\/v2\/types\/page"}],"author":[{"embeddable":true,"href":"\/index.php\/wp-json\/wp\/v2\/users\/4"}],"replies":[{"embeddable":true,"href":"\/index.php\/wp-json\/wp\/v2\/comments?post=21985"}],"version-history":[{"count":5,"href":"\/index.php\/wp-json\/wp\/v2\/pages\/21985\/revisions"}],"predecessor-version":[{"id":21991,"href":"\/index.php\/wp-json\/wp\/v2\/pages\/21985\/revisions\/21991"}],"wp:featuredmedia":[{"embeddable":true,"href":"\/index.php\/wp-json\/wp\/v2\/media\/759"}],"wp:attachment":[{"href":"\/index.php\/wp-json\/wp\/v2\/media?parent=21985"}],"curies":[{"name":"wp","href":"https:\/\/api.w.org\/{rel}","templated":true}]}}