{"id":21976,"date":"2023-01-23T14:53:59","date_gmt":"2023-01-23T13:53:59","guid":{"rendered":"\/?page_id=21976"},"modified":"2023-01-23T14:54:48","modified_gmt":"2023-01-23T13:54:48","slug":"kereskedelmi-ertekesito","status":"publish","type":"page","link":"\/index.php\/kereskedelmi-ertekesito\/","title":{"rendered":"Kereskedelmi \u00e9rt\u00e9kes\u00edt\u0151"},"content":{"rendered":"\t\t<div data-elementor-type=\"wp-page\" data-elementor-id=\"21976\" class=\"elementor elementor-21976\" data-elementor-post-type=\"page\">\n\t\t\t\t\t\t<section class=\"elementor-section elementor-top-section elementor-element elementor-element-d8b3ce9 elementor-section-boxed elementor-section-height-default elementor-section-height-default\" data-id=\"d8b3ce9\" data-element_type=\"section\" data-e-type=\"section\">\n\t\t\t\t\t\t<div class=\"elementor-container elementor-column-gap-default\">\n\t\t\t\t\t<div class=\"elementor-column elementor-col-100 elementor-top-column elementor-element elementor-element-7f3194a\" data-id=\"7f3194a\" data-element_type=\"column\" data-e-type=\"column\">\n\t\t\t<div class=\"elementor-widget-wrap elementor-element-populated\">\n\t\t\t\t\t\t<div class=\"elementor-element elementor-element-fbc4ace elementor-widget elementor-widget-text-editor\" data-id=\"fbc4ace\" data-element_type=\"widget\" data-e-type=\"widget\" data-widget_type=\"text-editor.default\">\n\t\t\t\t<div class=\"elementor-widget-container\">\n\t\t\t\t\t\t\t\t\t<p>A kereskedelem \u00e1gazat k\u00e9pz\u00e9se a <b>kereskedelmi \u00e9rt\u00e9kes\u00edt\u0151<\/b>, szakk\u00e9pzetts\u00e9g megszerz\u00e9s\u00e9vel z\u00e1rul. A klasszikus elad\u00f3i, \u00e1rubeszerz\u0151i ismeretek mellett korszer\u0171 elad\u00e1stechnik\u00e1k, \u00e9rt\u00e9kes\u00edt\u00e9si strat\u00e9gi\u00e1k, eszt\u00e9tikus csomagol\u00e1stechnik\u00e1k elsaj\u00e1t\u00edt\u00e1s\u00e1t is megtanulhatja n\u00e1lunk, aki ezt a szakm\u00e1t v\u00e1lasztja. A kor h\u00edv\u00f3 szav\u00e1nak megfelel\u0151en m\u00e1r nem csak a k\u00f6zvetlen, hanem az online \u00e9rt\u00e9kes\u00edt\u00e9s is meghat\u00e1rozott keretek k\u00f6z\u00f6tt zajlik. Az \u00e1ltal\u00e1nos kereskedelmi folyamatok megismer\u00e9se mellett a marketing, a logisztika, az arculattervez\u00e9s \u00e9s a magas szint\u0171 informatikai tud\u00e1s megszerz\u00e9se is szerepel k\u00e9pz\u00e9s\u00fcnk sor\u00e1n.\u00a0<\/p>\t\t\t\t\t\t\t\t<\/div>\n\t\t\t\t<\/div>\n\t\t\t\t\t<\/div>\n\t\t<\/div>\n\t\t\t\t\t<\/div>\n\t\t<\/section>\n\t\t\t\t<section class=\"elementor-section elementor-top-section elementor-element elementor-element-d75edea elementor-section-boxed elementor-section-height-default elementor-section-height-default\" data-id=\"d75edea\" data-element_type=\"section\" data-e-type=\"section\">\n\t\t\t\t\t\t<div class=\"elementor-container elementor-column-gap-default\">\n\t\t\t\t\t<div class=\"elementor-column elementor-col-100 elementor-top-column elementor-element elementor-element-ef2ad60\" data-id=\"ef2ad60\" data-element_type=\"column\" data-e-type=\"column\">\n\t\t\t<div class=\"elementor-widget-wrap elementor-element-populated\">\n\t\t\t\t\t\t<div class=\"elementor-element elementor-element-e7dd646 elementor-widget elementor-widget-text-editor\" data-id=\"e7dd646\" data-element_type=\"widget\" data-e-type=\"widget\" data-widget_type=\"text-editor.default\">\n\t\t\t\t<div class=\"elementor-widget-container\">\n\t\t\t\t\t\t\t\t\t<p>KOMPETENCIAELV\u00c1R\u00c1S<\/p>\t\t\t\t\t\t\t\t<\/div>\n\t\t\t\t<\/div>\n\t\t\t\t\t<\/div>\n\t\t<\/div>\n\t\t\t\t\t<\/div>\n\t\t<\/section>\n\t\t\t\t<section class=\"elementor-section elementor-top-section elementor-element elementor-element-5f0e74a elementor-section-boxed elementor-section-height-default elementor-section-height-default\" data-id=\"5f0e74a\" data-element_type=\"section\" data-e-type=\"section\">\n\t\t\t\t\t\t<div class=\"elementor-container elementor-column-gap-default\">\n\t\t\t\t\t<div class=\"elementor-column elementor-col-100 elementor-top-column elementor-element elementor-element-eb19ef4\" data-id=\"eb19ef4\" data-element_type=\"column\" data-e-type=\"column\">\n\t\t\t<div class=\"elementor-widget-wrap elementor-element-populated\">\n\t\t\t\t\t\t<div class=\"elementor-element elementor-element-54f94f5 elementor-widget elementor-widget-text-editor\" data-id=\"54f94f5\" data-element_type=\"widget\" data-e-type=\"widget\" data-widget_type=\"text-editor.default\">\n\t\t\t\t<div class=\"elementor-widget-container\">\n\t\t\t\t\t\t\t\t\t<p style=\"box-sizing: border-box; margin: 10px 0px; padding: 0px; outline: none; font-size: 18px; line-height: normal; font-weight: 400; text-align: justify; color: #003b43; font-family: Alegreya; font-style: normal; font-variant-ligatures: normal; font-variant-caps: normal; letter-spacing: normal; orphans: 2; text-indent: 0px; text-transform: none; white-space: normal; widows: 2; word-spacing: 0px; -webkit-text-stroke-width: 0px; background-color: #ffffff; text-decoration-style: initial; text-decoration-color: initial;\">\u00d6n\u00e1ll\u00f3s\u00e1g, felel\u0151ss\u00e9gtudat, kommunik\u00e1ci\u00f3s k\u00e9szs\u00e9g, csapatban val\u00f3 egy\u00fcttm\u0171k\u00f6d\u00e9s, precizit\u00e1s, probl\u00e9mamegold\u00f3 k\u00e9pess\u00e9g, j\u00f3 kapcsolatteremt\u0151 k\u00e9pess\u00e9g, emp\u00e1tia, digit\u00e1lis eszk\u00f6z\u00f6k haszn\u00e1lata.<\/p>\t\t\t\t\t\t\t\t<\/div>\n\t\t\t\t<\/div>\n\t\t\t\t\t<\/div>\n\t\t<\/div>\n\t\t\t\t\t<\/div>\n\t\t<\/section>\n\t\t\t\t<section class=\"elementor-section elementor-top-section elementor-element elementor-element-043d4b7 elementor-section-boxed elementor-section-height-default elementor-section-height-default\" data-id=\"043d4b7\" data-element_type=\"section\" data-e-type=\"section\">\n\t\t\t\t\t\t<div class=\"elementor-container elementor-column-gap-default\">\n\t\t\t\t\t<div class=\"elementor-column elementor-col-100 elementor-top-column elementor-element elementor-element-adf7d87\" data-id=\"adf7d87\" data-element_type=\"column\" data-e-type=\"column\">\n\t\t\t<div class=\"elementor-widget-wrap elementor-element-populated\">\n\t\t\t\t\t\t<div class=\"elementor-element elementor-element-f54f1d9 elementor-widget elementor-widget-text-editor\" data-id=\"f54f1d9\" data-element_type=\"widget\" data-e-type=\"widget\" data-widget_type=\"text-editor.default\">\n\t\t\t\t<div class=\"elementor-widget-container\">\n\t\t\t\t\t\t\t\t\t<p>A SZAKK\u00c9PZETTS\u00c9GGEL RENDELKEZ\u0150<\/p>\t\t\t\t\t\t\t\t<\/div>\n\t\t\t\t<\/div>\n\t\t\t\t\t<\/div>\n\t\t<\/div>\n\t\t\t\t\t<\/div>\n\t\t<\/section>\n\t\t\t\t<section class=\"elementor-section elementor-top-section elementor-element elementor-element-3a9728c elementor-section-boxed elementor-section-height-default elementor-section-height-default\" data-id=\"3a9728c\" data-element_type=\"section\" data-e-type=\"section\">\n\t\t\t\t\t\t<div class=\"elementor-container elementor-column-gap-default\">\n\t\t\t\t\t<div class=\"elementor-column elementor-col-100 elementor-top-column elementor-element elementor-element-2d67de0\" data-id=\"2d67de0\" data-element_type=\"column\" data-e-type=\"column\">\n\t\t\t<div class=\"elementor-widget-wrap elementor-element-populated\">\n\t\t\t\t\t\t<div class=\"elementor-element elementor-element-25ac4a3 elementor-widget elementor-widget-text-editor\" data-id=\"25ac4a3\" data-element_type=\"widget\" data-e-type=\"widget\" data-widget_type=\"text-editor.default\">\n\t\t\t\t<div class=\"elementor-widget-container\">\n\t\t\t\t\t\t\t\t\t<ul>\n<li>felm\u00e9ri a v\u00e1s\u00e1rl\u00f3 ig\u00e9nyeit, bemutatja az \u00e1rut \u00e9s a lehets\u00e9ges kapcsol\u00f3d\u00f3\u00a0szolg\u00e1ltat\u00e1sokat, szakmai tan\u00e1csaival seg\u00edti a v\u00e1s\u00e1rl\u00f3t a d\u00f6nt\u00e9sben;<\/li>\n<li>kialak\u00edtja \u00e9s fenntartja az \u00fczlet polck\u00e9p\u00e9t;<\/li>\n<li>kezeli \u00e9s ellen\u0151rzi az \u00e1ruk\u00e9szletet;<\/li>\n<li>felt\u00f6lti az elad\u00f3teret \u00e1ruval;<\/li>\n<li>k\u00f6zrem\u0171k\u00f6dik az \u00e1rubeszerz\u00e9s folyamat\u00e1ban: el\u0151k\u00e9sz\u00edti a megrendel\u00e9st vagy megrendeli az \u00e1rut;<\/li>\n<li>az \u00e1rut \u00e1tveszi, min\u0151s\u00e9gileg \u00e9s mennyis\u00e9gileg ellen\u0151rzi, t\u00e1rolja, kezeli, meg\u00f3vja min\u0151s\u00e9g\u00e9t;<\/li>\n<li>betartja az eg\u00e9szs\u00e9g\u00fcgyi \u00e9s k\u00f6rnyezetv\u00e9delmi el\u0151\u00edr\u00e1sokat;<\/li>\n<li>esetenk\u00e9nt kezeli a p\u00e9nzt\u00e1rg\u00e9pet \u00e9s sz\u00e1ml\u00e1z;<\/li>\n<li>kezeli a vev\u0151i panaszokat;<\/li>\n<li>kezeli a szakter\u00fclet\u00e9nek megfelel\u0151 g\u00e9peket, berendez\u00e9seket, eszk\u00f6z\u00f6ket.<\/li>\n<\/ul>\t\t\t\t\t\t\t\t<\/div>\n\t\t\t\t<\/div>\n\t\t\t\t\t<\/div>\n\t\t<\/div>\n\t\t\t\t\t<\/div>\n\t\t<\/section>\n\t\t\t\t<\/div>\n\t\t","protected":false},"excerpt":{"rendered":"<p>A kereskedelem \u00e1gazat k\u00e9pz\u00e9se a kereskedelmi \u00e9rt\u00e9kes\u00edt\u0151, szakk\u00e9pzetts\u00e9g megszerz\u00e9s\u00e9vel z\u00e1rul. A klasszikus elad\u00f3i, \u00e1rubeszerz\u0151i ismeretek mellett korszer\u0171 elad\u00e1stechnik\u00e1k, \u00e9rt\u00e9kes\u00edt\u00e9si strat\u00e9gi\u00e1k, eszt\u00e9tikus csomagol\u00e1stechnik\u00e1k elsaj\u00e1t\u00edt\u00e1s\u00e1t is megtanulhatja n\u00e1lunk, aki ezt a szakm\u00e1t v\u00e1lasztja. A kor h\u00edv\u00f3 szav\u00e1nak megfelel\u0151en m\u00e1r nem csak a k\u00f6zvetlen, hanem az online \u00e9rt\u00e9kes\u00edt\u00e9s is meghat\u00e1rozott keretek k\u00f6z\u00f6tt zajlik. Az \u00e1ltal\u00e1nos kereskedelmi folyamatok megismer\u00e9se [&hellip;]<\/p>\n","protected":false},"author":4,"featured_media":0,"parent":0,"menu_order":0,"comment_status":"closed","ping_status":"closed","template":"","meta":{"footnotes":""},"class_list":["post-21976","page","type-page","status-publish","hentry"],"_links":{"self":[{"href":"\/index.php\/wp-json\/wp\/v2\/pages\/21976","targetHints":{"allow":["GET"]}}],"collection":[{"href":"\/index.php\/wp-json\/wp\/v2\/pages"}],"about":[{"href":"\/index.php\/wp-json\/wp\/v2\/types\/page"}],"author":[{"embeddable":true,"href":"\/index.php\/wp-json\/wp\/v2\/users\/4"}],"replies":[{"embeddable":true,"href":"\/index.php\/wp-json\/wp\/v2\/comments?post=21976"}],"version-history":[{"count":4,"href":"\/index.php\/wp-json\/wp\/v2\/pages\/21976\/revisions"}],"predecessor-version":[{"id":21981,"href":"\/index.php\/wp-json\/wp\/v2\/pages\/21976\/revisions\/21981"}],"wp:attachment":[{"href":"\/index.php\/wp-json\/wp\/v2\/media?parent=21976"}],"curies":[{"name":"wp","href":"https:\/\/api.w.org\/{rel}","templated":true}]}}