{"id":21939,"date":"2023-01-23T14:30:32","date_gmt":"2023-01-23T13:30:32","guid":{"rendered":"\/?page_id=21939"},"modified":"2023-01-23T14:32:32","modified_gmt":"2023-01-23T13:32:32","slug":"vendegteri-szaktechnikus","status":"publish","type":"page","link":"\/index.php\/vendegteri-szaktechnikus\/","title":{"rendered":"Vend\u00e9gt\u00e9ri szaktechnikus"},"content":{"rendered":"\t\t<div data-elementor-type=\"wp-page\" data-elementor-id=\"21939\" class=\"elementor elementor-21939\" data-elementor-post-type=\"page\">\n\t\t\t\t\t\t<section class=\"elementor-section elementor-top-section elementor-element elementor-element-89965c3 elementor-section-boxed elementor-section-height-default elementor-section-height-default\" data-id=\"89965c3\" data-element_type=\"section\" data-e-type=\"section\">\n\t\t\t\t\t\t<div class=\"elementor-container elementor-column-gap-default\">\n\t\t\t\t\t<div class=\"elementor-column elementor-col-100 elementor-top-column elementor-element elementor-element-8e4184b\" data-id=\"8e4184b\" data-element_type=\"column\" data-e-type=\"column\">\n\t\t\t<div class=\"elementor-widget-wrap elementor-element-populated\">\n\t\t\t\t\t\t<div class=\"elementor-element elementor-element-01a60fa elementor-widget elementor-widget-text-editor\" data-id=\"01a60fa\" data-element_type=\"widget\" data-e-type=\"widget\" data-widget_type=\"text-editor.default\">\n\t\t\t\t<div class=\"elementor-widget-container\">\n\t\t\t\t\t\t\t\t\t<p>A vend\u00e9gl\u00e1t\u00e1s m\u00e1r az ajt\u00f3ban kezd\u0151dik<span style=\"font-weight: bolder;\">\u00a0\u2013\u00a0<\/span>tudja is ezt a talpraesett pinc\u00e9r, aki szorosan egy\u00fcttm\u0171k\u00f6dik a szak\u00e1ccsal. A szint\u00e9n a turizmus-vend\u00e9gl\u00e1t\u00e1s \u00e1gazatba sorolt\u00a0<span style=\"font-weight: bolder;\">vend\u00e9gt\u00e9ri szaktechnikusi\u00a0<\/span>k\u00e9pz\u00e9s\u00fcnkre azokat a fiatalokat v\u00e1rjuk, akik,\u00a0 j\u00f3 kommunik\u00e1ci\u00f3s \u00e9s\u00a0 helyzetfelismer\u0151k\u00e9szs\u00e9ggel rendelkeznek. A kreat\u00edv ter\u00edt\u00e9sek, rendel\u00e9sfelv\u00e9tel, kiszolg\u00e1l\u00e1s tudnival\u00f3i mellet elsaj\u00e1t\u00edthatj\u00e1k m\u00e9g a barista, bartender \u00e9s sommelier tev\u00e9kenys\u00e9gek fort\u00e9lyait is.<\/p>\t\t\t\t\t\t\t\t<\/div>\n\t\t\t\t<\/div>\n\t\t\t\t\t<\/div>\n\t\t<\/div>\n\t\t\t\t\t<\/div>\n\t\t<\/section>\n\t\t\t\t<section class=\"elementor-section elementor-top-section elementor-element elementor-element-59c225a elementor-section-boxed elementor-section-height-default elementor-section-height-default\" data-id=\"59c225a\" data-element_type=\"section\" data-e-type=\"section\">\n\t\t\t\t\t\t<div class=\"elementor-container elementor-column-gap-default\">\n\t\t\t\t\t<div class=\"elementor-column elementor-col-100 elementor-top-column elementor-element elementor-element-ca250d3\" data-id=\"ca250d3\" data-element_type=\"column\" data-e-type=\"column\">\n\t\t\t<div class=\"elementor-widget-wrap elementor-element-populated\">\n\t\t\t\t\t\t<div class=\"elementor-element elementor-element-209503c elementor-widget elementor-widget-text-editor\" data-id=\"209503c\" data-element_type=\"widget\" data-e-type=\"widget\" data-widget_type=\"text-editor.default\">\n\t\t\t\t<div class=\"elementor-widget-container\">\n\t\t\t\t\t\t\t\t\t<p>Turizmus-vend\u00e9gl\u00e1t\u00e1s \u00e1gazat k\u00e9pz\u00e9se, amely technikus szint\u0171 szakk\u00e9pzetts\u00e9g megszerz\u00e9s\u00e9vel z\u00e1rul.<\/p>\t\t\t\t\t\t\t\t<\/div>\n\t\t\t\t<\/div>\n\t\t\t\t\t<\/div>\n\t\t<\/div>\n\t\t\t\t\t<\/div>\n\t\t<\/section>\n\t\t\t\t<section class=\"elementor-section elementor-top-section elementor-element elementor-element-82a79cd elementor-section-boxed elementor-section-height-default elementor-section-height-default\" data-id=\"82a79cd\" data-element_type=\"section\" data-e-type=\"section\">\n\t\t\t\t\t\t<div class=\"elementor-container elementor-column-gap-default\">\n\t\t\t\t\t<div class=\"elementor-column elementor-col-100 elementor-top-column elementor-element elementor-element-6d57ee0\" data-id=\"6d57ee0\" data-element_type=\"column\" data-e-type=\"column\">\n\t\t\t<div class=\"elementor-widget-wrap elementor-element-populated\">\n\t\t\t\t\t\t<div class=\"elementor-element elementor-element-1b6b773 elementor-widget elementor-widget-text-editor\" data-id=\"1b6b773\" data-element_type=\"widget\" data-e-type=\"widget\" data-widget_type=\"text-editor.default\">\n\t\t\t\t<div class=\"elementor-widget-container\">\n\t\t\t\t\t\t\t\t\t<p>KOMPETENCIAELV\u00c1R\u00c1S<\/p>\t\t\t\t\t\t\t\t<\/div>\n\t\t\t\t<\/div>\n\t\t\t\t\t<\/div>\n\t\t<\/div>\n\t\t\t\t\t<\/div>\n\t\t<\/section>\n\t\t\t\t<section class=\"elementor-section elementor-top-section elementor-element elementor-element-6980da3 elementor-section-boxed elementor-section-height-default elementor-section-height-default\" data-id=\"6980da3\" data-element_type=\"section\" data-e-type=\"section\">\n\t\t\t\t\t\t<div class=\"elementor-container elementor-column-gap-default\">\n\t\t\t\t\t<div class=\"elementor-column elementor-col-100 elementor-top-column elementor-element elementor-element-c806c0a\" data-id=\"c806c0a\" data-element_type=\"column\" data-e-type=\"column\">\n\t\t\t<div class=\"elementor-widget-wrap elementor-element-populated\">\n\t\t\t\t\t\t<div class=\"elementor-element elementor-element-b768e11 elementor-widget elementor-widget-text-editor\" data-id=\"b768e11\" data-element_type=\"widget\" data-e-type=\"widget\" data-widget_type=\"text-editor.default\">\n\t\t\t\t<div class=\"elementor-widget-container\">\n\t\t\t\t\t\t\t\t\t<p>J\u00f3 kommunik\u00e1ci\u00f3s k\u00e9szs\u00e9g, j\u00f3 probl\u00e9mamegold\u00f3 k\u00e9pess\u00e9g, nagy terhelhet\u0151s\u00e9g, j\u00f3 stresszt\u0171r\u0151 k\u00e9pess\u00e9g, j\u00f3 szervez\u0151k\u00e9szs\u00e9g, kreativit\u00e1s, egy\u00fcttm\u0171k\u00f6d\u0151k\u00e9pess\u00e9g.<\/p>\t\t\t\t\t\t\t\t<\/div>\n\t\t\t\t<\/div>\n\t\t\t\t\t<\/div>\n\t\t<\/div>\n\t\t\t\t\t<\/div>\n\t\t<\/section>\n\t\t\t\t<section class=\"elementor-section elementor-top-section elementor-element elementor-element-6855602 elementor-section-boxed elementor-section-height-default elementor-section-height-default\" data-id=\"6855602\" data-element_type=\"section\" data-e-type=\"section\">\n\t\t\t\t\t\t<div class=\"elementor-container elementor-column-gap-default\">\n\t\t\t\t\t<div class=\"elementor-column elementor-col-100 elementor-top-column elementor-element elementor-element-da3c41f\" data-id=\"da3c41f\" data-element_type=\"column\" data-e-type=\"column\">\n\t\t\t<div class=\"elementor-widget-wrap elementor-element-populated\">\n\t\t\t\t\t\t<div class=\"elementor-element elementor-element-a13ca46 elementor-widget elementor-widget-text-editor\" data-id=\"a13ca46\" data-element_type=\"widget\" data-e-type=\"widget\" data-widget_type=\"text-editor.default\">\n\t\t\t\t<div class=\"elementor-widget-container\">\n\t\t\t\t\t\t\t\t\t<p>A SZAKK\u00c9PZETTS\u00c9GGEL RENDELKEZ\u0150<\/p>\t\t\t\t\t\t\t\t<\/div>\n\t\t\t\t<\/div>\n\t\t\t\t\t<\/div>\n\t\t<\/div>\n\t\t\t\t\t<\/div>\n\t\t<\/section>\n\t\t\t\t<section class=\"elementor-section elementor-top-section elementor-element elementor-element-d4d8df5 elementor-section-boxed elementor-section-height-default elementor-section-height-default\" data-id=\"d4d8df5\" data-element_type=\"section\" data-e-type=\"section\">\n\t\t\t\t\t\t<div class=\"elementor-container elementor-column-gap-default\">\n\t\t\t\t\t<div class=\"elementor-column elementor-col-100 elementor-top-column elementor-element elementor-element-e46aa3c\" data-id=\"e46aa3c\" data-element_type=\"column\" data-e-type=\"column\">\n\t\t\t<div class=\"elementor-widget-wrap elementor-element-populated\">\n\t\t\t\t\t\t<div class=\"elementor-element elementor-element-e9ee07b elementor-widget elementor-widget-text-editor\" data-id=\"e9ee07b\" data-element_type=\"widget\" data-e-type=\"widget\" data-widget_type=\"text-editor.default\">\n\t\t\t\t<div class=\"elementor-widget-container\">\n\t\t\t\t\t\t\t\t\t<ul style=\"color: #003b43; font-family: Alegreya, sans-serif;\"><li>alkalmazza a m\u0171k\u00f6d\u00e9si szab\u00e1lyokat;<\/li><li>\u00fczleti levelez\u00e9st folytat;<\/li><li>k\u00edn\u00e1latot tervez, \u00e9tlap-itallapot \u00e1ll\u00edt \u00f6ssze;<\/li><li>figyelemmel k\u00eds\u00e9ri az \u00e1ruk\u00e9szletet;<\/li><li>megk\u00f6ti a sz\u00e1ll\u00edt\u00e1si szerz\u0151d\u00e9seket, megrendel\u00e9seket k\u00e9sz\u00edt;<\/li><li>kapcsolatot tart a sz\u00e1ll\u00edt\u00f3kkal;<\/li><li>figyelemmel k\u00eds\u00e9ri az \u00fczleti gazd\u00e1lkod\u00e1st;<\/li><li>biztos\u00edtja az \u00fczemeltet\u00e9s t\u00e1rgyi felt\u00e9teleit;<\/li><li>kialak\u00edtja \u00e9s fenntartja az \u00fczleti arculatot;<\/li><li>aj\u00e1nlatot k\u00e9sz\u00edt megrendel\u0151k r\u00e9sz\u00e9re;<\/li><li>rendezv\u00e9nyeket tervez, szervez \u00e9s lebonyol\u00edt;<\/li><li>\u00e1ruk beszerz\u00e9se \u00e9s \u00e1rk\u00e9pz\u00e9s;<\/li><li>nyilv\u00e1ntartja a k\u00e9szletszinteket \u00e9s p\u00e9nz\u00fcgyi tranzakci\u00f3kat;<\/li><li>t\u00e1rgyal az \u00fcgyfelekkel;<\/li><li>kialak\u00edtja a dolgoz\u00f3k munkabeoszt\u00e1s\u00e1t, betan\u00edtja \u00e9s fel\u00fcgyeli a felszolg\u00e1l\u00f3- \u00e9s konyhai szem\u00e9lyzetet;<\/li><li>nyomon k\u00f6veti az aktu\u00e1lis trendeket, nyitott az \u00fajdons\u00e1gok megismer\u00e9s\u00e9re.<\/li><\/ul>\t\t\t\t\t\t\t\t<\/div>\n\t\t\t\t<\/div>\n\t\t\t\t\t<\/div>\n\t\t<\/div>\n\t\t\t\t\t<\/div>\n\t\t<\/section>\n\t\t\t\t<section class=\"elementor-section elementor-top-section elementor-element elementor-element-24b9025 elementor-section-boxed elementor-section-height-default elementor-section-height-default\" data-id=\"24b9025\" data-element_type=\"section\" data-e-type=\"section\">\n\t\t\t\t\t\t<div class=\"elementor-container elementor-column-gap-default\">\n\t\t\t\t\t<div class=\"elementor-column elementor-col-100 elementor-top-column elementor-element elementor-element-04f4bbc\" data-id=\"04f4bbc\" data-element_type=\"column\" data-e-type=\"column\">\n\t\t\t<div class=\"elementor-widget-wrap elementor-element-populated\">\n\t\t\t\t\t\t<div class=\"elementor-element elementor-element-f0984e6 elementor-widget elementor-widget-text-editor\" data-id=\"f0984e6\" data-element_type=\"widget\" data-e-type=\"widget\" data-widget_type=\"text-editor.default\">\n\t\t\t\t<div class=\"elementor-widget-container\">\n\t\t\t\t\t\t\t\t\t<p>A szakm\u00e1t azoknak aj\u00e1nljuk, akik \u00e9rdekl\u0151dnek a vend\u00e9gl\u00e1t\u00e1s ter\u00fclete, a szervez\u00e9s \u00e9s logisztika ir\u00e1nt, valamint szeretnek emberekkel dolgozni.<\/p>\t\t\t\t\t\t\t\t<\/div>\n\t\t\t\t<\/div>\n\t\t\t\t\t<\/div>\n\t\t<\/div>\n\t\t\t\t\t<\/div>\n\t\t<\/section>\n\t\t\t\t<\/div>\n\t\t","protected":false},"excerpt":{"rendered":"<p>A vend\u00e9gl\u00e1t\u00e1s m\u00e1r az ajt\u00f3ban kezd\u0151dik&nbsp;\u2013&nbsp;tudja is ezt a talpraesett pinc\u00e9r, aki szorosan egy\u00fcttm\u0171k\u00f6dik a szak\u00e1ccsal. A szint\u00e9n a turizmus-vend\u00e9gl\u00e1t\u00e1s \u00e1gazatba sorolt&nbsp;vend\u00e9gt\u00e9ri szaktechnikusi&nbsp;k\u00e9pz\u00e9s\u00fcnkre azokat a fiatalokat v\u00e1rjuk, akik,&nbsp; j\u00f3 kommunik\u00e1ci\u00f3s \u00e9s&nbsp; helyzetfelismer\u0151k\u00e9szs\u00e9ggel rendelkeznek. A kreat\u00edv ter\u00edt\u00e9sek, rendel\u00e9sfelv\u00e9tel, kiszolg\u00e1l\u00e1s tudnival\u00f3i mellet elsaj\u00e1t\u00edthatj\u00e1k m\u00e9g a barista, bartender \u00e9s sommelier tev\u00e9kenys\u00e9gek fort\u00e9lyait is. Turizmus-vend\u00e9gl\u00e1t\u00e1s \u00e1gazat k\u00e9pz\u00e9se, amely technikus [&hellip;]<\/p>\n","protected":false},"author":4,"featured_media":746,"parent":0,"menu_order":0,"comment_status":"closed","ping_status":"closed","template":"","meta":{"footnotes":""},"class_list":["post-21939","page","type-page","status-publish","has-post-thumbnail","hentry"],"_links":{"self":[{"href":"\/index.php\/wp-json\/wp\/v2\/pages\/21939","targetHints":{"allow":["GET"]}}],"collection":[{"href":"\/index.php\/wp-json\/wp\/v2\/pages"}],"about":[{"href":"\/index.php\/wp-json\/wp\/v2\/types\/page"}],"author":[{"embeddable":true,"href":"\/index.php\/wp-json\/wp\/v2\/users\/4"}],"replies":[{"embeddable":true,"href":"\/index.php\/wp-json\/wp\/v2\/comments?post=21939"}],"version-history":[{"count":5,"href":"\/index.php\/wp-json\/wp\/v2\/pages\/21939\/revisions"}],"predecessor-version":[{"id":21945,"href":"\/index.php\/wp-json\/wp\/v2\/pages\/21939\/revisions\/21945"}],"wp:featuredmedia":[{"embeddable":true,"href":"\/index.php\/wp-json\/wp\/v2\/media\/746"}],"wp:attachment":[{"href":"\/index.php\/wp-json\/wp\/v2\/media?parent=21939"}],"curies":[{"name":"wp","href":"https:\/\/api.w.org\/{rel}","templated":true}]}}