{"id":21931,"date":"2023-01-23T14:23:04","date_gmt":"2023-01-23T13:23:04","guid":{"rendered":"\/?page_id=21931"},"modified":"2023-01-23T14:27:23","modified_gmt":"2023-01-23T13:27:23","slug":"szakacs-szaktechnikus","status":"publish","type":"page","link":"\/index.php\/szakacs-szaktechnikus\/","title":{"rendered":"Szak\u00e1cs szaktechnikus"},"content":{"rendered":"\t\t<div data-elementor-type=\"wp-page\" data-elementor-id=\"21931\" class=\"elementor elementor-21931\" data-elementor-post-type=\"page\">\n\t\t\t\t\t\t<section class=\"elementor-section elementor-top-section elementor-element elementor-element-33a00e3 elementor-section-boxed elementor-section-height-default elementor-section-height-default\" data-id=\"33a00e3\" data-element_type=\"section\" data-e-type=\"section\">\n\t\t\t\t\t\t<div class=\"elementor-container elementor-column-gap-default\">\n\t\t\t\t\t<div class=\"elementor-column elementor-col-100 elementor-top-column elementor-element elementor-element-877b979\" data-id=\"877b979\" data-element_type=\"column\" data-e-type=\"column\">\n\t\t\t<div class=\"elementor-widget-wrap elementor-element-populated\">\n\t\t\t\t\t\t<div class=\"elementor-element elementor-element-bd60ac8 elementor-widget elementor-widget-text-editor\" data-id=\"bd60ac8\" data-element_type=\"widget\" data-e-type=\"widget\" data-widget_type=\"text-editor.default\">\n\t\t\t\t<div class=\"elementor-widget-container\">\n\t\t\t\t\t\t\t\t\t<p>A turizmus-vend\u00e9gl\u00e1t\u00e1s \u00e1gazat szakm\u00e1i k\u00f6z\u00fcl saj\u00e1t\u00edthat\u00f3 el a szak\u00e1cs szakma,\u00a0melyet azoknak aj\u00e1nljuk, akiket \u00e9rdekel a gasztron\u00f3mia. Kitart\u00f3ak, szeretnek alkotni, folyamatos fejl\u0151d\u00e9sre \u00e9s v\u00e1ltozatos munk\u00e1ra v\u00e1gynak. A szak\u00e1cs szakma kem\u00e9ny munk\u00e1t ig\u00e9nyel, de manaps\u00e1g a s\u00e9fek m\u00e1r egyre t\u00f6bbet mozognak a vend\u00e9gt\u00e9rben is, sz\u00f3beli aj\u00e1nl\u00e1ssal k\u00edn\u00e1lj\u00e1k az egyes professzion\u00e1lisan megjelen\u00edtett fog\u00e1sokat, melyre egyre nagyobb ig\u00e9ny mutatkozik.\u00a0<\/p>\t\t\t\t\t\t\t\t<\/div>\n\t\t\t\t<\/div>\n\t\t\t\t\t<\/div>\n\t\t<\/div>\n\t\t\t\t\t<\/div>\n\t\t<\/section>\n\t\t\t\t<section class=\"elementor-section elementor-top-section elementor-element elementor-element-76c2449 elementor-section-boxed elementor-section-height-default elementor-section-height-default\" data-id=\"76c2449\" data-element_type=\"section\" data-e-type=\"section\">\n\t\t\t\t\t\t<div class=\"elementor-container elementor-column-gap-default\">\n\t\t\t\t\t<div class=\"elementor-column elementor-col-100 elementor-top-column elementor-element elementor-element-7db95bd\" data-id=\"7db95bd\" data-element_type=\"column\" data-e-type=\"column\">\n\t\t\t<div class=\"elementor-widget-wrap elementor-element-populated\">\n\t\t\t\t\t\t<div class=\"elementor-element elementor-element-bf2e844 elementor-widget elementor-widget-text-editor\" data-id=\"bf2e844\" data-element_type=\"widget\" data-e-type=\"widget\" data-widget_type=\"text-editor.default\">\n\t\t\t\t<div class=\"elementor-widget-container\">\n\t\t\t\t\t\t\t\t\t<p>Turizmus-vend\u00e9gl\u00e1t\u00e1s \u00e1gazat k\u00e9pz\u00e9se, amely technikus szint\u0171 szakk\u00e9pzetts\u00e9g megszerz\u00e9s\u00e9vel z\u00e1rul.<\/p>\t\t\t\t\t\t\t\t<\/div>\n\t\t\t\t<\/div>\n\t\t\t\t\t<\/div>\n\t\t<\/div>\n\t\t\t\t\t<\/div>\n\t\t<\/section>\n\t\t\t\t<section class=\"elementor-section elementor-top-section elementor-element elementor-element-a44f96c elementor-section-boxed elementor-section-height-default elementor-section-height-default\" data-id=\"a44f96c\" data-element_type=\"section\" data-e-type=\"section\">\n\t\t\t\t\t\t<div class=\"elementor-container elementor-column-gap-default\">\n\t\t\t\t\t<div class=\"elementor-column elementor-col-100 elementor-top-column elementor-element elementor-element-f28d682\" data-id=\"f28d682\" data-element_type=\"column\" data-e-type=\"column\">\n\t\t\t<div class=\"elementor-widget-wrap elementor-element-populated\">\n\t\t\t\t\t\t<div class=\"elementor-element elementor-element-a62f502 elementor-widget elementor-widget-text-editor\" data-id=\"a62f502\" data-element_type=\"widget\" data-e-type=\"widget\" data-widget_type=\"text-editor.default\">\n\t\t\t\t<div class=\"elementor-widget-container\">\n\t\t\t\t\t\t\t\t\t<p>KOMPETENCIAELV\u00c1R\u00c1S<\/p>\t\t\t\t\t\t\t\t<\/div>\n\t\t\t\t<\/div>\n\t\t\t\t\t<\/div>\n\t\t<\/div>\n\t\t\t\t\t<\/div>\n\t\t<\/section>\n\t\t\t\t<section class=\"elementor-section elementor-top-section elementor-element elementor-element-3535cac elementor-section-boxed elementor-section-height-default elementor-section-height-default\" data-id=\"3535cac\" data-element_type=\"section\" data-e-type=\"section\">\n\t\t\t\t\t\t<div class=\"elementor-container elementor-column-gap-default\">\n\t\t\t\t\t<div class=\"elementor-column elementor-col-100 elementor-top-column elementor-element elementor-element-d6e3ab3\" data-id=\"d6e3ab3\" data-element_type=\"column\" data-e-type=\"column\">\n\t\t\t<div class=\"elementor-widget-wrap elementor-element-populated\">\n\t\t\t\t\t\t<div class=\"elementor-element elementor-element-4911abc elementor-widget elementor-widget-text-editor\" data-id=\"4911abc\" data-element_type=\"widget\" data-e-type=\"widget\" data-widget_type=\"text-editor.default\">\n\t\t\t\t<div class=\"elementor-widget-container\">\n\t\t\t\t\t\t\t\t\t<p>Remek \u00edz\u00e9rz\u00e9k, nagy terhelhet\u0151s\u00e9g, j\u00f3 stresszt\u0171r\u0151 k\u00e9pess\u00e9g, j\u00f3 kommunik\u00e1ci\u00f3s k\u00e9szs\u00e9g, j\u00f3 probl\u00e9mamegold\u00f3 k\u00e9pess\u00e9g, emp\u00e1tia, j\u00f3 szervez\u0151k\u00e9szs\u00e9g, kreativit\u00e1s, egy\u00fcttm\u0171k\u00f6d\u0151 k\u00e9pess\u00e9g.<\/p>\t\t\t\t\t\t\t\t<\/div>\n\t\t\t\t<\/div>\n\t\t\t\t\t<\/div>\n\t\t<\/div>\n\t\t\t\t\t<\/div>\n\t\t<\/section>\n\t\t\t\t<section class=\"elementor-section elementor-top-section elementor-element elementor-element-a98f6e6 elementor-section-boxed elementor-section-height-default elementor-section-height-default\" data-id=\"a98f6e6\" data-element_type=\"section\" data-e-type=\"section\">\n\t\t\t\t\t\t<div class=\"elementor-container elementor-column-gap-default\">\n\t\t\t\t\t<div class=\"elementor-column elementor-col-100 elementor-top-column elementor-element elementor-element-730936e\" data-id=\"730936e\" data-element_type=\"column\" data-e-type=\"column\">\n\t\t\t<div class=\"elementor-widget-wrap elementor-element-populated\">\n\t\t\t\t\t\t<div class=\"elementor-element elementor-element-c960882 elementor-widget elementor-widget-text-editor\" data-id=\"c960882\" data-element_type=\"widget\" data-e-type=\"widget\" data-widget_type=\"text-editor.default\">\n\t\t\t\t<div class=\"elementor-widget-container\">\n\t\t\t\t\t\t\t\t\t<p>A SZAKK\u00c9PZETTS\u00c9GGEL RENDELKEZ\u0150<\/p>\t\t\t\t\t\t\t\t<\/div>\n\t\t\t\t<\/div>\n\t\t\t\t\t<\/div>\n\t\t<\/div>\n\t\t\t\t\t<\/div>\n\t\t<\/section>\n\t\t\t\t<section class=\"elementor-section elementor-top-section elementor-element elementor-element-a8f0c82 elementor-section-boxed elementor-section-height-default elementor-section-height-default\" data-id=\"a8f0c82\" data-element_type=\"section\" data-e-type=\"section\">\n\t\t\t\t\t\t<div class=\"elementor-container elementor-column-gap-default\">\n\t\t\t\t\t<div class=\"elementor-column elementor-col-100 elementor-top-column elementor-element elementor-element-f378b74\" data-id=\"f378b74\" data-element_type=\"column\" data-e-type=\"column\">\n\t\t\t<div class=\"elementor-widget-wrap elementor-element-populated\">\n\t\t\t\t\t\t<div class=\"elementor-element elementor-element-c108e19 elementor-widget elementor-widget-text-editor\" data-id=\"c108e19\" data-element_type=\"widget\" data-e-type=\"widget\" data-widget_type=\"text-editor.default\">\n\t\t\t\t<div class=\"elementor-widget-container\">\n\t\t\t\t\t\t\t\t\t<ul style=\"color: #003b43; font-family: Alegreya, sans-serif;\"><li>vezet\u0151szak\u00e1cs helyettes poz\u00edci\u00f3ban v\u00e9grehajtja, illetve v\u00e9grehajttatja a meghat\u00e1rozott feladatokat;<\/li><li>vezet\u0151szak\u00e1cs poz\u00edci\u00f3ban v\u00e9grehajttatja az \u00e1ltala meghat\u00e1rozott feladatokat \u00e9s ellen\u0151rzi is azokat;<\/li><li>el\u0151k\u00e9sz\u00edt\u0151, elk\u00e9sz\u00edt\u0151 \u00e9s befejez\u0151 m\u0171veleteket fel\u00fcgyel, sz\u00fcks\u00e9g eset\u00e9n korrig\u00e1ltat;<\/li><li>\u00e1rut rendel, \u00e1rut vesz \u00e1t, \u00e1rut rakt\u00e1roz szakos\u00edtva;<\/li><li>betartja \u00e9s betartatja a HACCP szab\u00e1lyzatot;<\/li><li>ir\u00e1ny\u00edtja \u00e9s \u00f6sszehangolja a seg\u00e9dszem\u00e9lyzet munk\u00e1j\u00e1t;<\/li><li>meg\u00e9rti \u00e9s felhaszn\u00e1lja a technol\u00f3giai m\u0171veletek le\u00edr\u00e1sait idegen nyelven.<\/li><\/ul>\t\t\t\t\t\t\t\t<\/div>\n\t\t\t\t<\/div>\n\t\t\t\t\t<\/div>\n\t\t<\/div>\n\t\t\t\t\t<\/div>\n\t\t<\/section>\n\t\t\t\t<section class=\"elementor-section elementor-top-section elementor-element elementor-element-8c3ee17 elementor-section-boxed elementor-section-height-default elementor-section-height-default\" data-id=\"8c3ee17\" data-element_type=\"section\" data-e-type=\"section\">\n\t\t\t\t\t\t<div class=\"elementor-container elementor-column-gap-default\">\n\t\t\t\t\t<div class=\"elementor-column elementor-col-100 elementor-top-column elementor-element elementor-element-50bd078\" data-id=\"50bd078\" data-element_type=\"column\" data-e-type=\"column\">\n\t\t\t<div class=\"elementor-widget-wrap elementor-element-populated\">\n\t\t\t\t\t\t<div class=\"elementor-element elementor-element-3ce50ae elementor-widget elementor-widget-text-editor\" data-id=\"3ce50ae\" data-element_type=\"widget\" data-e-type=\"widget\" data-widget_type=\"text-editor.default\">\n\t\t\t\t<div class=\"elementor-widget-container\">\n\t\t\t\t\t\t\t\t\t<div><span style=\"color: #003b43; font-family: Alegreya; font-size: 18px; text-align: justify;\">A szakma j\u00f3 v\u00e1laszt\u00e1s mindazoknak, akik szeretnek alkotni, munk\u00e1jukkal \u00f6r\u00f6met szerezni m\u00e1soknak, \u00e9rdekli \u0151ket a szervez\u00e9s, logisztika. A szakk\u00e9pzetts\u00e9ggel a v\u00e9gzett szakemberek kiv\u00e1l\u00f3an el tudnak helyezkedni a munkaer\u0151piacon, j\u00f3 perspekt\u00edv\u00e1t \u00e9s v\u00e1ltozatos feladatokat k\u00edn\u00e1l.<\/span><\/div><p>\u00a0<\/p><p>\u00a0<\/p><p>Remek v\u00e1laszt\u00e1s azok sz\u00e1m\u00e1ra is, akik nyitottak szakir\u00e1ny\u00fa fels\u0151fok\u00fa tanulm\u00e1nyok folytat\u00e1s\u00e1ra.<\/p>\t\t\t\t\t\t\t\t<\/div>\n\t\t\t\t<\/div>\n\t\t\t\t\t<\/div>\n\t\t<\/div>\n\t\t\t\t\t<\/div>\n\t\t<\/section>\n\t\t\t\t<\/div>\n\t\t","protected":false},"excerpt":{"rendered":"<p>A turizmus-vend\u00e9gl\u00e1t\u00e1s \u00e1gazat szakm\u00e1i k\u00f6z\u00fcl saj\u00e1t\u00edthat\u00f3 el a szak\u00e1cs szakma,&nbsp;melyet azoknak aj\u00e1nljuk, akiket \u00e9rdekel a gasztron\u00f3mia. Kitart\u00f3ak, szeretnek alkotni, folyamatos fejl\u0151d\u00e9sre \u00e9s v\u00e1ltozatos munk\u00e1ra v\u00e1gynak. A szak\u00e1cs szakma kem\u00e9ny munk\u00e1t ig\u00e9nyel, de manaps\u00e1g a s\u00e9fek m\u00e1r egyre t\u00f6bbet mozognak a vend\u00e9gt\u00e9rben is, sz\u00f3beli aj\u00e1nl\u00e1ssal k\u00edn\u00e1lj\u00e1k az egyes professzion\u00e1lisan megjelen\u00edtett fog\u00e1sokat, melyre egyre nagyobb ig\u00e9ny mutatkozik.&nbsp; [&hellip;]<\/p>\n","protected":false},"author":4,"featured_media":744,"parent":0,"menu_order":0,"comment_status":"closed","ping_status":"closed","template":"","meta":{"footnotes":""},"class_list":["post-21931","page","type-page","status-publish","has-post-thumbnail","hentry"],"_links":{"self":[{"href":"\/index.php\/wp-json\/wp\/v2\/pages\/21931","targetHints":{"allow":["GET"]}}],"collection":[{"href":"\/index.php\/wp-json\/wp\/v2\/pages"}],"about":[{"href":"\/index.php\/wp-json\/wp\/v2\/types\/page"}],"author":[{"embeddable":true,"href":"\/index.php\/wp-json\/wp\/v2\/users\/4"}],"replies":[{"embeddable":true,"href":"\/index.php\/wp-json\/wp\/v2\/comments?post=21931"}],"version-history":[{"count":5,"href":"\/index.php\/wp-json\/wp\/v2\/pages\/21931\/revisions"}],"predecessor-version":[{"id":21938,"href":"\/index.php\/wp-json\/wp\/v2\/pages\/21931\/revisions\/21938"}],"wp:featuredmedia":[{"embeddable":true,"href":"\/index.php\/wp-json\/wp\/v2\/media\/744"}],"wp:attachment":[{"href":"\/index.php\/wp-json\/wp\/v2\/media?parent=21931"}],"curies":[{"name":"wp","href":"https:\/\/api.w.org\/{rel}","templated":true}]}}