{"id":21884,"date":"2023-01-23T13:59:12","date_gmt":"2023-01-23T12:59:12","guid":{"rendered":"\/?page_id=21884"},"modified":"2023-01-23T14:11:55","modified_gmt":"2023-01-23T13:11:55","slug":"kereskedo-es-webaruhazi-technikus","status":"publish","type":"page","link":"\/index.php\/kereskedo-es-webaruhazi-technikus\/","title":{"rendered":"Keresked\u0151 \u00e9s web\u00e1ruh\u00e1zi technikus\u00a0"},"content":{"rendered":"\t\t<div data-elementor-type=\"wp-page\" data-elementor-id=\"21884\" class=\"elementor elementor-21884\" data-elementor-post-type=\"page\">\n\t\t\t\t\t\t<section class=\"elementor-section elementor-top-section elementor-element elementor-element-b966551 elementor-section-boxed elementor-section-height-default elementor-section-height-default\" data-id=\"b966551\" data-element_type=\"section\" data-e-type=\"section\">\n\t\t\t\t\t\t<div class=\"elementor-container elementor-column-gap-default\">\n\t\t\t\t\t<div class=\"elementor-column elementor-col-100 elementor-top-column elementor-element elementor-element-d4e79ca\" data-id=\"d4e79ca\" data-element_type=\"column\" data-e-type=\"column\">\n\t\t\t<div class=\"elementor-widget-wrap elementor-element-populated\">\n\t\t\t\t\t\t<div class=\"elementor-element elementor-element-78e9572 elementor-widget elementor-widget-text-editor\" data-id=\"78e9572\" data-element_type=\"widget\" data-e-type=\"widget\" data-widget_type=\"text-editor.default\">\n\t\t\t\t<div class=\"elementor-widget-container\">\n\t\t\t\t\t\t\t\t\t<p>Technikusi szint\u0171 szakk\u00e9pzetts\u00e9g megszerz\u00e9s\u00e9vel z\u00e1rul a\u00a0<span style=\"font-weight: bolder;\">keresked\u0151 \u00e9s web\u00e1ruh\u00e1zi technikus<\/span>\u00a0k\u00e9pz\u00e9s\u00fcnk. A kor h\u00edv\u00f3 szav\u00e1nak megfelel\u0151en m\u00e1r nem csak a k\u00f6zvetlen, hanem az online \u00e9rt\u00e9kes\u00edt\u00e9s is meghat\u00e1rozott keretek k\u00f6z\u00f6tt zajlik. Az \u00e1ltal\u00e1nos kereskedelmi folyamatok megismer\u00e9se mellett a marketing, a logisztika, az arculattervez\u00e9s \u00e9s a magas szint\u0171 informatikai tud\u00e1s megszerz\u00e9se is szerepel k\u00e9pz\u00e9s\u00fcnk sor\u00e1n.\u00a0<\/p>\t\t\t\t\t\t\t\t<\/div>\n\t\t\t\t<\/div>\n\t\t\t\t\t<\/div>\n\t\t<\/div>\n\t\t\t\t\t<\/div>\n\t\t<\/section>\n\t\t\t\t<section class=\"elementor-section elementor-top-section elementor-element elementor-element-2e010b2 elementor-section-boxed elementor-section-height-default elementor-section-height-default\" data-id=\"2e010b2\" data-element_type=\"section\" data-e-type=\"section\">\n\t\t\t\t\t\t<div class=\"elementor-container elementor-column-gap-default\">\n\t\t\t\t\t<div class=\"elementor-column elementor-col-100 elementor-top-column elementor-element elementor-element-ef76c1a\" data-id=\"ef76c1a\" data-element_type=\"column\" data-e-type=\"column\">\n\t\t\t<div class=\"elementor-widget-wrap elementor-element-populated\">\n\t\t\t\t\t\t<div class=\"elementor-element elementor-element-e7dcda3 elementor-widget elementor-widget-text-editor\" data-id=\"e7dcda3\" data-element_type=\"widget\" data-e-type=\"widget\" data-widget_type=\"text-editor.default\">\n\t\t\t\t<div class=\"elementor-widget-container\">\n\t\t\t\t\t\t\t\t\t<p>KOMPETENCIAELV\u00c1R\u00c1S<\/p>\t\t\t\t\t\t\t\t<\/div>\n\t\t\t\t<\/div>\n\t\t\t\t\t<\/div>\n\t\t<\/div>\n\t\t\t\t\t<\/div>\n\t\t<\/section>\n\t\t\t\t<section class=\"elementor-section elementor-top-section elementor-element elementor-element-099451a elementor-section-boxed elementor-section-height-default elementor-section-height-default\" data-id=\"099451a\" data-element_type=\"section\" data-e-type=\"section\">\n\t\t\t\t\t\t<div class=\"elementor-container elementor-column-gap-default\">\n\t\t\t\t\t<div class=\"elementor-column elementor-col-100 elementor-top-column elementor-element elementor-element-80e04c0\" data-id=\"80e04c0\" data-element_type=\"column\" data-e-type=\"column\">\n\t\t\t<div class=\"elementor-widget-wrap elementor-element-populated\">\n\t\t\t\t\t\t<div class=\"elementor-element elementor-element-b991cb6 elementor-widget elementor-widget-text-editor\" data-id=\"b991cb6\" data-element_type=\"widget\" data-e-type=\"widget\" data-widget_type=\"text-editor.default\">\n\t\t\t\t<div class=\"elementor-widget-container\">\n\t\t\t\t\t\t\t\t\t<p style=\"box-sizing: border-box; margin: 10px 0px; padding: 0px; outline: none; font-size: 18px; line-height: normal; font-weight: 400; text-align: justify; color: #003b43; font-family: Alegreya; font-style: normal; font-variant-ligatures: normal; font-variant-caps: normal; letter-spacing: normal; orphans: 2; text-indent: 0px; text-transform: none; white-space: normal; widows: 2; word-spacing: 0px; -webkit-text-stroke-width: 0px; background-color: #ffffff; text-decoration-style: initial; text-decoration-color: initial;\">\u00c1tlagon fel\u00fcli informatikai tud\u00e1s, logisztikai \u00e9s szervez\u0151 k\u00e9pess\u00e9g, tervez\u00e9si \u00e9s elemz\u0151 k\u00e9pess\u00e9g, sz\u00e1mol\u00e1si k\u00e9szs\u00e9g, fizikai aktivit\u00e1s, csapatmunka.<\/p>\t\t\t\t\t\t\t\t<\/div>\n\t\t\t\t<\/div>\n\t\t\t\t\t<\/div>\n\t\t<\/div>\n\t\t\t\t\t<\/div>\n\t\t<\/section>\n\t\t\t\t<section class=\"elementor-section elementor-top-section elementor-element elementor-element-8130e10 elementor-section-boxed elementor-section-height-default elementor-section-height-default\" data-id=\"8130e10\" data-element_type=\"section\" data-e-type=\"section\">\n\t\t\t\t\t\t<div class=\"elementor-container elementor-column-gap-default\">\n\t\t\t\t\t<div class=\"elementor-column elementor-col-100 elementor-top-column elementor-element elementor-element-05537f3\" data-id=\"05537f3\" data-element_type=\"column\" data-e-type=\"column\">\n\t\t\t<div class=\"elementor-widget-wrap elementor-element-populated\">\n\t\t\t\t\t\t<div class=\"elementor-element elementor-element-c0d4abb elementor-widget elementor-widget-text-editor\" data-id=\"c0d4abb\" data-element_type=\"widget\" data-e-type=\"widget\" data-widget_type=\"text-editor.default\">\n\t\t\t\t<div class=\"elementor-widget-container\">\n\t\t\t\t\t\t\t\t\t<p>A SZAKK\u00c9PZETTS\u00c9GGEL RENDELKEZ\u0150<\/p>\t\t\t\t\t\t\t\t<\/div>\n\t\t\t\t<\/div>\n\t\t\t\t\t<\/div>\n\t\t<\/div>\n\t\t\t\t\t<\/div>\n\t\t<\/section>\n\t\t\t\t<section class=\"elementor-section elementor-top-section elementor-element elementor-element-d239832 elementor-section-boxed elementor-section-height-default elementor-section-height-default\" data-id=\"d239832\" data-element_type=\"section\" data-e-type=\"section\">\n\t\t\t\t\t\t<div class=\"elementor-container elementor-column-gap-default\">\n\t\t\t\t\t<div class=\"elementor-column elementor-col-100 elementor-top-column elementor-element elementor-element-f0b65c4\" data-id=\"f0b65c4\" data-element_type=\"column\" data-e-type=\"column\">\n\t\t\t<div class=\"elementor-widget-wrap elementor-element-populated\">\n\t\t\t\t\t\t<div class=\"elementor-element elementor-element-1e72ebd elementor-widget elementor-widget-text-editor\" data-id=\"1e72ebd\" data-element_type=\"widget\" data-e-type=\"widget\" data-widget_type=\"text-editor.default\">\n\t\t\t\t<div class=\"elementor-widget-container\">\n\t\t\t\t\t\t\t\t\t<ul><li>k\u00e9pes ir\u00e1ny\u00edtani, szervezni \u00e9s ellen\u0151rizni a kereskedelmi egys\u00e9g szab\u00e1lyszer\u0171 m\u0171k\u00f6d\u00e9s\u00e9t;<\/li><li>k\u00e9pes az \u00e1ruforgalmi tev\u00e9kenys\u00e9get \u00e9s a gazd\u00e1lkod\u00e1s eredm\u00e9nyess\u00e9g\u00e9t tervezni, elemezni, \u00e9rt\u00e9kelni;<\/li><li>a v\u00e1llalkoz\u00e1s nyeres\u00e9ges gazd\u00e1lkod\u00e1sa \u00e9rdek\u00e9ben alkalmazni tudja a gazdas\u00e1gi, jogi \u00e9s marketing ismereteket;<\/li><li>k\u00e9pes az elektronikus kereskedelem k\u00fcl\u00f6nb\u00f6z\u0151 form\u00e1it elind\u00edtani \u00e9s m\u0171k\u00f6dtetni;<\/li><li>k\u00e9pes alkalmazni a fizikai val\u00f3s\u00e1gban m\u0171k\u00f6d\u0151 \u00e9s az online vil\u00e1gban m\u0171k\u00f6d\u0151 kereskedelem adta lehet\u0151s\u00e9geket;<\/li><li>ismeri az elektronikus besz\u00e1ll\u00edt\u00f3i rendszerek folyamatszervez\u00e9s\u00e9t, logisztika informatikai megold\u00e1sait;<\/li><li>foglalkozik a szem\u00e9lyes adatok v\u00e9delm\u00e9vel, a direkt marketing lehet\u0151s\u00e9geivel, az \u00e1ruforgalmi adminisztr\u00e1ci\u00f3val \u00e9s az aktu\u00e1lis trendekkel.<\/li><li>Azoknak aj\u00e1nljuk, akik kereskedelmi v\u00e9n\u00e1val rendelkeznek, nyitottak a kereskedelem \u00faj form\u00e1ira, az online vil\u00e1g szerelmesei, fontos sz\u00e1mukra az egy\u00e9ni teljes\u00edtm\u00e9ny m\u00e9r\u00e9se.<\/li><li>\u00a0<\/li><\/ul>\t\t\t\t\t\t\t\t<\/div>\n\t\t\t\t<\/div>\n\t\t\t\t\t<\/div>\n\t\t<\/div>\n\t\t\t\t\t<\/div>\n\t\t<\/section>\n\t\t\t\t<\/div>\n\t\t","protected":false},"excerpt":{"rendered":"<p>Technikusi szint\u0171 szakk\u00e9pzetts\u00e9g megszerz\u00e9s\u00e9vel z\u00e1rul a&nbsp;keresked\u0151 \u00e9s web\u00e1ruh\u00e1zi technikus&nbsp;k\u00e9pz\u00e9s\u00fcnk. A kor h\u00edv\u00f3 szav\u00e1nak megfelel\u0151en m\u00e1r nem csak a k\u00f6zvetlen, hanem az online \u00e9rt\u00e9kes\u00edt\u00e9s is meghat\u00e1rozott keretek k\u00f6z\u00f6tt zajlik. Az \u00e1ltal\u00e1nos kereskedelmi folyamatok megismer\u00e9se mellett a marketing, a logisztika, az arculattervez\u00e9s \u00e9s a magas szint\u0171 informatikai tud\u00e1s megszerz\u00e9se is szerepel k\u00e9pz\u00e9s\u00fcnk sor\u00e1n.&nbsp; KOMPETENCIAELV\u00c1R\u00c1S \u00c1tlagon fel\u00fcli informatikai [&hellip;]<\/p>\n","protected":false},"author":4,"featured_media":739,"parent":0,"menu_order":0,"comment_status":"closed","ping_status":"closed","template":"","meta":{"footnotes":""},"class_list":["post-21884","page","type-page","status-publish","has-post-thumbnail","hentry"],"_links":{"self":[{"href":"\/index.php\/wp-json\/wp\/v2\/pages\/21884","targetHints":{"allow":["GET"]}}],"collection":[{"href":"\/index.php\/wp-json\/wp\/v2\/pages"}],"about":[{"href":"\/index.php\/wp-json\/wp\/v2\/types\/page"}],"author":[{"embeddable":true,"href":"\/index.php\/wp-json\/wp\/v2\/users\/4"}],"replies":[{"embeddable":true,"href":"\/index.php\/wp-json\/wp\/v2\/comments?post=21884"}],"version-history":[{"count":9,"href":"\/index.php\/wp-json\/wp\/v2\/pages\/21884\/revisions"}],"predecessor-version":[{"id":21901,"href":"\/index.php\/wp-json\/wp\/v2\/pages\/21884\/revisions\/21901"}],"wp:featuredmedia":[{"embeddable":true,"href":"\/index.php\/wp-json\/wp\/v2\/media\/739"}],"wp:attachment":[{"href":"\/index.php\/wp-json\/wp\/v2\/media?parent=21884"}],"curies":[{"name":"wp","href":"https:\/\/api.w.org\/{rel}","templated":true}]}}