{"id":213,"date":"2020-04-08T09:52:39","date_gmt":"2020-04-08T08:52:39","guid":{"rendered":"\/?page_id=213"},"modified":"2020-10-18T14:19:09","modified_gmt":"2020-10-18T13:19:09","slug":"0301-kereskedo-es-webaruhazi-technikus-kereskedelem-agazat","status":"publish","type":"page","link":"\/index.php\/technikum\/0301-kereskedo-es-webaruhazi-technikus-kereskedelem-agazat\/","title":{"rendered":"0301 Keresked\u0151 \u00e9s web\u00e1ruh\u00e1zi technikus"},"content":{"rendered":"\t\t<div data-elementor-type=\"wp-page\" data-elementor-id=\"213\" class=\"elementor elementor-213\" data-elementor-post-type=\"page\">\n\t\t\t\t\t\t<section class=\"elementor-section elementor-top-section elementor-element elementor-element-1d8d461 elementor-section-boxed elementor-section-height-default elementor-section-height-default\" data-id=\"1d8d461\" data-element_type=\"section\" data-e-type=\"section\">\n\t\t\t\t\t\t<div class=\"elementor-container elementor-column-gap-default\">\n\t\t\t\t\t<div class=\"elementor-column elementor-col-100 elementor-top-column elementor-element elementor-element-7012dac\" data-id=\"7012dac\" data-element_type=\"column\" data-e-type=\"column\">\n\t\t\t<div class=\"elementor-widget-wrap elementor-element-populated\">\n\t\t\t\t\t\t<div class=\"elementor-element elementor-element-07ab06d elementor-widget elementor-widget-text-editor\" data-id=\"07ab06d\" data-element_type=\"widget\" data-e-type=\"widget\" data-widget_type=\"text-editor.default\">\n\t\t\t\t<div class=\"elementor-widget-container\">\n\t\t\t\t\t\t\t\t\t<p>\u00c9retts\u00e9givel \u00e9s technikusi szint\u0171 szakk\u00e9pzetts\u00e9g megszerz\u00e9s\u00e9vel z\u00e1rul a <strong>keresked\u0151 \u00e9s web\u00e1ruh\u00e1zi technikus<\/strong> k\u00e9pz\u00e9s\u00fcnk. A kor h\u00edv\u00f3 szav\u00e1nak megfelel\u0151en m\u00e1r nem csak a k\u00f6zvetlen, hanem az online \u00e9rt\u00e9kes\u00edt\u00e9s is meghat\u00e1rozott keretek k\u00f6z\u00f6tt zajlik. Az \u00e1ltal\u00e1nos kereskedelmi folyamatok megismer\u00e9se mellett a marketing, a logisztika, az arculattervez\u00e9s \u00e9s a magas szint\u0171 informatikai tud\u00e1s megszerz\u00e9se is szerepel 5 \u00e9ves k\u00e9pz\u00e9s\u00fcnk sor\u00e1n.\u00a0<\/p>\t\t\t\t\t\t\t\t<\/div>\n\t\t\t\t<\/div>\n\t\t\t\t\t<\/div>\n\t\t<\/div>\n\t\t\t\t\t<\/div>\n\t\t<\/section>\n\t\t\t\t<section class=\"elementor-section elementor-top-section elementor-element elementor-element-50c5b9f elementor-section-boxed elementor-section-height-default elementor-section-height-default\" data-id=\"50c5b9f\" data-element_type=\"section\" data-e-type=\"section\">\n\t\t\t\t\t\t<div class=\"elementor-container elementor-column-gap-default\">\n\t\t\t\t\t<div class=\"elementor-column elementor-col-100 elementor-top-column elementor-element elementor-element-fc25ac0\" data-id=\"fc25ac0\" data-element_type=\"column\" data-e-type=\"column\">\n\t\t\t<div class=\"elementor-widget-wrap elementor-element-populated\">\n\t\t\t\t\t\t<div class=\"elementor-element elementor-element-ce6a10c elementor-widget elementor-widget-text-editor\" data-id=\"ce6a10c\" data-element_type=\"widget\" data-e-type=\"widget\" data-widget_type=\"text-editor.default\">\n\t\t\t\t<div class=\"elementor-widget-container\">\n\t\t\t\t\t\t\t\t\t<p>KOMPETENCIAELV\u00c1R\u00c1S<\/p>\t\t\t\t\t\t\t\t<\/div>\n\t\t\t\t<\/div>\n\t\t\t\t\t<\/div>\n\t\t<\/div>\n\t\t\t\t\t<\/div>\n\t\t<\/section>\n\t\t\t\t<section class=\"elementor-section elementor-top-section elementor-element elementor-element-4b1ed2f elementor-section-boxed elementor-section-height-default elementor-section-height-default\" data-id=\"4b1ed2f\" data-element_type=\"section\" data-e-type=\"section\">\n\t\t\t\t\t\t<div class=\"elementor-container elementor-column-gap-default\">\n\t\t\t\t\t<div class=\"elementor-column elementor-col-100 elementor-top-column elementor-element elementor-element-29b9595\" data-id=\"29b9595\" data-element_type=\"column\" data-e-type=\"column\">\n\t\t\t<div class=\"elementor-widget-wrap elementor-element-populated\">\n\t\t\t\t\t\t<div class=\"elementor-element elementor-element-abd8c39 elementor-widget elementor-widget-text-editor\" data-id=\"abd8c39\" data-element_type=\"widget\" data-e-type=\"widget\" data-widget_type=\"text-editor.default\">\n\t\t\t\t<div class=\"elementor-widget-container\">\n\t\t\t\t\t\t\t\t\t<p style=\"box-sizing: border-box; margin: 10px 0px; padding: 0px; outline: none; font-size: 18px; line-height: normal; font-weight: 400; text-align: justify; color: #003b43; font-family: Alegreya; font-style: normal; font-variant-ligatures: normal; font-variant-caps: normal; letter-spacing: normal; orphans: 2; text-indent: 0px; text-transform: none; white-space: normal; widows: 2; word-spacing: 0px; -webkit-text-stroke-width: 0px; background-color: #ffffff; text-decoration-style: initial; text-decoration-color: initial;\">\u00c1tlagon fel\u00fcli informatikai tud\u00e1s, logisztikai \u00e9s szervez\u0151 k\u00e9pess\u00e9g, tervez\u00e9si \u00e9s elemz\u0151 k\u00e9pess\u00e9g, sz\u00e1mol\u00e1si k\u00e9szs\u00e9g, fizikai aktivit\u00e1s, csapatmunka.<\/p>\t\t\t\t\t\t\t\t<\/div>\n\t\t\t\t<\/div>\n\t\t\t\t\t<\/div>\n\t\t<\/div>\n\t\t\t\t\t<\/div>\n\t\t<\/section>\n\t\t\t\t<section class=\"elementor-section elementor-top-section elementor-element elementor-element-2f4d175 elementor-section-boxed elementor-section-height-default elementor-section-height-default\" data-id=\"2f4d175\" data-element_type=\"section\" data-e-type=\"section\">\n\t\t\t\t\t\t<div class=\"elementor-container elementor-column-gap-default\">\n\t\t\t\t\t<div class=\"elementor-column elementor-col-100 elementor-top-column elementor-element elementor-element-77ab23e\" data-id=\"77ab23e\" data-element_type=\"column\" data-e-type=\"column\">\n\t\t\t<div class=\"elementor-widget-wrap elementor-element-populated\">\n\t\t\t\t\t\t<div class=\"elementor-element elementor-element-a5d831f elementor-widget elementor-widget-text-editor\" data-id=\"a5d831f\" data-element_type=\"widget\" data-e-type=\"widget\" data-widget_type=\"text-editor.default\">\n\t\t\t\t<div class=\"elementor-widget-container\">\n\t\t\t\t\t\t\t\t\t<p>A SZAKK\u00c9PZETTS\u00c9GGEL RENDELKEZ\u0150<\/p>\t\t\t\t\t\t\t\t<\/div>\n\t\t\t\t<\/div>\n\t\t\t\t\t<\/div>\n\t\t<\/div>\n\t\t\t\t\t<\/div>\n\t\t<\/section>\n\t\t\t\t<section class=\"elementor-section elementor-top-section elementor-element elementor-element-65532a3e elementor-section-boxed elementor-section-height-default elementor-section-height-default\" data-id=\"65532a3e\" data-element_type=\"section\" data-e-type=\"section\">\n\t\t\t\t\t\t<div class=\"elementor-container elementor-column-gap-default\">\n\t\t\t\t\t<div class=\"elementor-column elementor-col-100 elementor-top-column elementor-element elementor-element-29f1e24f\" data-id=\"29f1e24f\" data-element_type=\"column\" data-e-type=\"column\">\n\t\t\t<div class=\"elementor-widget-wrap elementor-element-populated\">\n\t\t\t\t\t\t<div class=\"elementor-element elementor-element-61a2d6d3 elementor-widget elementor-widget-text-editor\" data-id=\"61a2d6d3\" data-element_type=\"widget\" data-e-type=\"widget\" data-widget_type=\"text-editor.default\">\n\t\t\t\t<div class=\"elementor-widget-container\">\n\t\t\t\t\t\t\t\t\t<p><\/p>\n<p><\/p>\n<p><\/p>\n<ul>\n<li>k\u00e9pes ir\u00e1ny\u00edtani, szervezni \u00e9s ellen\u0151rizni a kereskedelmi egys\u00e9g szab\u00e1lyszer\u0171 m\u0171k\u00f6d\u00e9s\u00e9t;<\/li>\n<li>k\u00e9pes az \u00e1ruforgalmi tev\u00e9kenys\u00e9get \u00e9s a gazd\u00e1lkod\u00e1s eredm\u00e9nyess\u00e9g\u00e9t tervezni, elemezni, \u00e9rt\u00e9kelni;<\/li>\n<li>a v\u00e1llalkoz\u00e1s nyeres\u00e9ges gazd\u00e1lkod\u00e1sa \u00e9rdek\u00e9ben alkalmazni tudja a gazdas\u00e1gi, jogi \u00e9s marketing ismereteket;<\/li>\n<li>k\u00e9pes az elektronikus kereskedelem k\u00fcl\u00f6nb\u00f6z\u0151 form\u00e1it elind\u00edtani \u00e9s m\u0171k\u00f6dtetni;<\/li>\n<li>k\u00e9pes alkalmazni a fizikai val\u00f3s\u00e1gban m\u0171k\u00f6d\u0151 \u00e9s az online vil\u00e1gban m\u0171k\u00f6d\u0151 kereskedelem adta lehet\u0151s\u00e9geket;<\/li>\n<li>ismeri az elektronikus besz\u00e1ll\u00edt\u00f3i rendszerek folyamatszervez\u00e9s\u00e9t, logisztika informatikai megold\u00e1sait;<\/li>\n<li>foglalkozik a szem\u00e9lyes adatok v\u00e9delm\u00e9vel, a direkt marketing lehet\u0151s\u00e9geivel, az \u00e1ruforgalmi adminisztr\u00e1ci\u00f3val \u00e9s az aktu\u00e1lis trendekkel.<\/li>\n<li>Azoknak aj\u00e1nljuk, akik kereskedelmi v\u00e9n\u00e1val rendelkeznek, nyitottak a kereskedelem \u00faj form\u00e1ira, az online vil\u00e1g szerelmesei, fontos sz\u00e1mukra az egy\u00e9ni teljes\u00edtm\u00e9ny m\u00e9r\u00e9se.<\/li>\n<\/ul>\n<p><\/p>\t\t\t\t\t\t\t\t<\/div>\n\t\t\t\t<\/div>\n\t\t\t\t\t<\/div>\n\t\t<\/div>\n\t\t\t\t\t<\/div>\n\t\t<\/section>\n\t\t\t\t<\/div>\n\t\t","protected":false},"excerpt":{"rendered":"<p>\u00c9retts\u00e9givel \u00e9s technikusi szint\u0171 szakk\u00e9pzetts\u00e9g megszerz\u00e9s\u00e9vel z\u00e1rul a keresked\u0151 \u00e9s web\u00e1ruh\u00e1zi technikus k\u00e9pz\u00e9s\u00fcnk. A kor h\u00edv\u00f3 szav\u00e1nak megfelel\u0151en m\u00e1r nem csak a k\u00f6zvetlen, hanem az online \u00e9rt\u00e9kes\u00edt\u00e9s is meghat\u00e1rozott keretek k\u00f6z\u00f6tt zajlik. Az \u00e1ltal\u00e1nos kereskedelmi folyamatok megismer\u00e9se mellett a marketing, a logisztika, az arculattervez\u00e9s \u00e9s a magas szint\u0171 informatikai tud\u00e1s megszerz\u00e9se is szerepel 5 \u00e9ves [&hellip;]<\/p>\n","protected":false},"author":2,"featured_media":739,"parent":176,"menu_order":0,"comment_status":"closed","ping_status":"closed","template":"","meta":{"footnotes":""},"class_list":["post-213","page","type-page","status-publish","has-post-thumbnail","hentry"],"_links":{"self":[{"href":"\/index.php\/wp-json\/wp\/v2\/pages\/213","targetHints":{"allow":["GET"]}}],"collection":[{"href":"\/index.php\/wp-json\/wp\/v2\/pages"}],"about":[{"href":"\/index.php\/wp-json\/wp\/v2\/types\/page"}],"author":[{"embeddable":true,"href":"\/index.php\/wp-json\/wp\/v2\/users\/2"}],"replies":[{"embeddable":true,"href":"\/index.php\/wp-json\/wp\/v2\/comments?post=213"}],"version-history":[{"count":7,"href":"\/index.php\/wp-json\/wp\/v2\/pages\/213\/revisions"}],"predecessor-version":[{"id":21905,"href":"\/index.php\/wp-json\/wp\/v2\/pages\/213\/revisions\/21905"}],"up":[{"embeddable":true,"href":"\/index.php\/wp-json\/wp\/v2\/pages\/176"}],"wp:featuredmedia":[{"embeddable":true,"href":"\/index.php\/wp-json\/wp\/v2\/media\/739"}],"wp:attachment":[{"href":"\/index.php\/wp-json\/wp\/v2\/media?parent=213"}],"curies":[{"name":"wp","href":"https:\/\/api.w.org\/{rel}","templated":true}]}}