{"id":19814,"date":"2022-10-18T09:12:06","date_gmt":"2022-10-18T08:12:06","guid":{"rendered":"\/?page_id=19814"},"modified":"2022-10-18T09:14:05","modified_gmt":"2022-10-18T08:14:05","slug":"0308-suto-es-cukraszipari-technikus","status":"publish","type":"page","link":"\/index.php\/0308-suto-es-cukraszipari-technikus\/","title":{"rendered":"0308 S\u00fct\u0151- \u00e9s cukr\u00e1szipari technikus"},"content":{"rendered":"\t\t<div data-elementor-type=\"wp-page\" data-elementor-id=\"19814\" class=\"elementor elementor-19814\" data-elementor-post-type=\"page\">\n\t\t\t\t\t\t<section class=\"elementor-section elementor-top-section elementor-element elementor-element-9eb57bf elementor-section-boxed elementor-section-height-default elementor-section-height-default\" data-id=\"9eb57bf\" data-element_type=\"section\" data-e-type=\"section\">\n\t\t\t\t\t\t<div class=\"elementor-container elementor-column-gap-default\">\n\t\t\t\t\t<div class=\"elementor-column elementor-col-100 elementor-top-column elementor-element elementor-element-eccc784\" data-id=\"eccc784\" data-element_type=\"column\" data-e-type=\"column\">\n\t\t\t<div class=\"elementor-widget-wrap elementor-element-populated\">\n\t\t\t\t\t\t<div class=\"elementor-element elementor-element-72938a0 elementor-widget elementor-widget-text-editor\" data-id=\"72938a0\" data-element_type=\"widget\" data-e-type=\"widget\" data-widget_type=\"text-editor.default\">\n\t\t\t\t<div class=\"elementor-widget-container\">\n\t\t\t\t\t\t\t\t\t<p>Iskol\u00e1nkban az \u00e9lelmiszeripar \u00e1gazatban az egyik legr\u00e9gebbi szakma fort\u00e9lyait tanulhatj\u00e1k meg az\u00a0<span style=\"font-weight: bold;\">5 \u00e9ves s\u00fct\u0151 \u2013 \u00e9s cukr\u00e1szipari technikus<\/span>\u00a0k\u00e9pz\u00e9st v\u00e1laszt\u00f3k. Az ism\u00e9t egyre nagyobb megbecs\u00fclts\u00e9gnek \u00f6rvend\u0151 szakm\u00e1t v\u00e1laszt\u00f3 p\u00e9kek munk\u00e1j\u00e1t manaps\u00e1g m\u00e1r korszer\u0171 g\u00e9pek \u00e9s technol\u00f3gi\u00e1k seg\u00edtik. A v\u00e1s\u00e1rl\u00f3k a p\u00e9ks\u00e9gekben is keresik a cukr\u00e1szipari term\u00e9keket, illetve ford\u00edtva: a cukr\u00e1szatok is egyre t\u00f6bb s\u00fct\u0151ipari term\u00e9ket vesznek fel k\u00edn\u00e1latukba. A sokr\u00e9t\u0171 szakmai tud\u00e1ssal rendelkez\u0151 szakemberekre egyre nagyobb a kereslet a k\u00e9zm\u0171ves-, bio- \u00e9s reformterm\u00e9keket el\u0151\u00e1ll\u00edt\u00f3 v\u00e1llalkoz\u00e1sokn\u00e1l.<\/p>\t\t\t\t\t\t\t\t<\/div>\n\t\t\t\t<\/div>\n\t\t\t\t\t<\/div>\n\t\t<\/div>\n\t\t\t\t\t<\/div>\n\t\t<\/section>\n\t\t\t\t<section class=\"elementor-section elementor-top-section elementor-element elementor-element-e448aef elementor-section-boxed elementor-section-height-default elementor-section-height-default\" data-id=\"e448aef\" data-element_type=\"section\" data-e-type=\"section\">\n\t\t\t\t\t\t<div class=\"elementor-container elementor-column-gap-default\">\n\t\t\t\t\t<div class=\"elementor-column elementor-col-100 elementor-top-column elementor-element elementor-element-1d92711\" data-id=\"1d92711\" data-element_type=\"column\" data-e-type=\"column\">\n\t\t\t<div class=\"elementor-widget-wrap elementor-element-populated\">\n\t\t\t\t\t\t<div class=\"elementor-element elementor-element-e677e23 elementor-widget elementor-widget-text-editor\" data-id=\"e677e23\" data-element_type=\"widget\" data-e-type=\"widget\" data-widget_type=\"text-editor.default\">\n\t\t\t\t<div class=\"elementor-widget-container\">\n\t\t\t\t\t\t\t\t\t<p>A s\u00fct\u0151 &#8211; \u00e9s cukr\u00e1szipari technikus s\u00fct\u0151ipari \u00e9s\/vagy cukr\u00e1szipari \u00fczemekben \u00f6n\u00e1ll\u00f3an vagy m\u00e9rn\u00f6ki ir\u00e1ny\u00edt\u00e1ssal az \u00e9lelmiszer alapanyagainak min\u0151s\u00e9gi \u00e9s mennyis\u00e9gi \u00e1tv\u00e9tel\u00e9ben, vizsg\u00e1lat\u00e1ban, t\u00e1rol\u00e1s\u00e1ban, feldolgoz\u00e1s\u00e1ban, a f\u00e9lk\u00e9sz vagy k\u00e9szterm\u00e9kek t\u00e1rol\u00e1si \u00e9s csomagol\u00e1si \u00e9s forgalmaz\u00e1si munk\u00e1iban \u00e9s ezek megszervez\u00e9s\u00e9ben vesz r\u00e9szt.<\/p>\t\t\t\t\t\t\t\t<\/div>\n\t\t\t\t<\/div>\n\t\t\t\t\t<\/div>\n\t\t<\/div>\n\t\t\t\t\t<\/div>\n\t\t<\/section>\n\t\t\t\t<section class=\"elementor-section elementor-top-section elementor-element elementor-element-3d08358 elementor-section-boxed elementor-section-height-default elementor-section-height-default\" data-id=\"3d08358\" data-element_type=\"section\" data-e-type=\"section\">\n\t\t\t\t\t\t<div class=\"elementor-container elementor-column-gap-default\">\n\t\t\t\t\t<div class=\"elementor-column elementor-col-100 elementor-top-column elementor-element elementor-element-ed3f266\" data-id=\"ed3f266\" data-element_type=\"column\" data-e-type=\"column\">\n\t\t\t<div class=\"elementor-widget-wrap elementor-element-populated\">\n\t\t\t\t\t\t<div class=\"elementor-element elementor-element-e3cca86 elementor-widget elementor-widget-text-editor\" data-id=\"e3cca86\" data-element_type=\"widget\" data-e-type=\"widget\" data-widget_type=\"text-editor.default\">\n\t\t\t\t<div class=\"elementor-widget-container\">\n\t\t\t\t\t\t\t\t\t<p>KOMPETENCIAELV\u00c1R\u00c1S<\/p>\t\t\t\t\t\t\t\t<\/div>\n\t\t\t\t<\/div>\n\t\t\t\t\t<\/div>\n\t\t<\/div>\n\t\t\t\t\t<\/div>\n\t\t<\/section>\n\t\t\t\t<section class=\"elementor-section elementor-top-section elementor-element elementor-element-81ee411 elementor-section-boxed elementor-section-height-default elementor-section-height-default\" data-id=\"81ee411\" data-element_type=\"section\" data-e-type=\"section\">\n\t\t\t\t\t\t<div class=\"elementor-container elementor-column-gap-default\">\n\t\t\t\t\t<div class=\"elementor-column elementor-col-100 elementor-top-column elementor-element elementor-element-b5ce19a\" data-id=\"b5ce19a\" data-element_type=\"column\" data-e-type=\"column\">\n\t\t\t<div class=\"elementor-widget-wrap elementor-element-populated\">\n\t\t\t\t\t\t<div class=\"elementor-element elementor-element-a723ab2 elementor-widget elementor-widget-text-editor\" data-id=\"a723ab2\" data-element_type=\"widget\" data-e-type=\"widget\" data-widget_type=\"text-editor.default\">\n\t\t\t\t<div class=\"elementor-widget-container\">\n\t\t\t\t\t\t\t\t\t<p>J\u00f3 kommunik\u00e1ci\u00f3s k\u00e9szs\u00e9g, j\u00f3 probl\u00e9mamegold\u00f3 k\u00e9pess\u00e9g, nagy terhelhet\u0151s\u00e9g, j\u00f3 stresszt\u0171r\u0151 k\u00e9pess\u00e9g, j\u00f3 szervez\u0151k\u00e9szs\u00e9g, kreativit\u00e1s, egy\u00fcttm\u0171k\u00f6d\u0151k\u00e9pess\u00e9g.<\/p>\t\t\t\t\t\t\t\t<\/div>\n\t\t\t\t<\/div>\n\t\t\t\t\t<\/div>\n\t\t<\/div>\n\t\t\t\t\t<\/div>\n\t\t<\/section>\n\t\t\t\t<section class=\"elementor-section elementor-top-section elementor-element elementor-element-b458d34 elementor-section-boxed elementor-section-height-default elementor-section-height-default\" data-id=\"b458d34\" data-element_type=\"section\" data-e-type=\"section\">\n\t\t\t\t\t\t<div class=\"elementor-container elementor-column-gap-default\">\n\t\t\t\t\t<div class=\"elementor-column elementor-col-100 elementor-top-column elementor-element elementor-element-3abe145\" data-id=\"3abe145\" data-element_type=\"column\" data-e-type=\"column\">\n\t\t\t<div class=\"elementor-widget-wrap elementor-element-populated\">\n\t\t\t\t\t\t<div class=\"elementor-element elementor-element-0258571 elementor-widget elementor-widget-text-editor\" data-id=\"0258571\" data-element_type=\"widget\" data-e-type=\"widget\" data-widget_type=\"text-editor.default\">\n\t\t\t\t<div class=\"elementor-widget-container\">\n\t\t\t\t\t\t\t\t\t<p>A SZAKK\u00c9PZETTS\u00c9GGEL RENDELKEZ\u0150<\/p>\t\t\t\t\t\t\t\t<\/div>\n\t\t\t\t<\/div>\n\t\t\t\t\t<\/div>\n\t\t<\/div>\n\t\t\t\t\t<\/div>\n\t\t<\/section>\n\t\t\t\t<section class=\"elementor-section elementor-top-section elementor-element elementor-element-79563bc elementor-section-boxed elementor-section-height-default elementor-section-height-default\" data-id=\"79563bc\" data-element_type=\"section\" data-e-type=\"section\">\n\t\t\t\t\t\t<div class=\"elementor-container elementor-column-gap-default\">\n\t\t\t\t\t<div class=\"elementor-column elementor-col-100 elementor-top-column elementor-element elementor-element-13bdcad\" data-id=\"13bdcad\" data-element_type=\"column\" data-e-type=\"column\">\n\t\t\t<div class=\"elementor-widget-wrap elementor-element-populated\">\n\t\t\t\t\t\t<div class=\"elementor-element elementor-element-73844e3 elementor-widget elementor-widget-text-editor\" data-id=\"73844e3\" data-element_type=\"widget\" data-e-type=\"widget\" data-widget_type=\"text-editor.default\">\n\t\t\t\t<div class=\"elementor-widget-container\">\n\t\t\t\t\t\t\t\t\t<ul><li>kisz\u00e1molni, kim\u00e9rni, kim\u00e9retni a sz\u00fcks\u00e9ges nyersanyagokat;<\/li><li>cukr\u00e1sztechnol\u00f3giai alapm\u0171veleteket v\u00e9gezni;<\/li><li>cukr\u00e1szati f\u00e9lk\u00e9sz-term\u00e9keket k\u00e9sz\u00edteni;<\/li><li>cukr\u00e1szati k\u00e9szterm\u00e9keket k\u00e9sz\u00edteni;<\/li><li>d\u00edsz\u00edt\u0151 m\u0171veleteket v\u00e9gezni;<\/li><li>p\u00e9ks\u00fctem\u00e9nyeket \u00e9s finom p\u00e9k\u00e1rukat k\u00e9sz\u00edteni;<\/li><li>s\u00fct\u0151ipari term\u00e9keket fagyasztani; keleszt\u00e9st k\u00e9sleltetetni;<\/li><li>di\u00e9t\u00e1s \u00e9s k\u00fcl\u00f6nleges t\u00e1pl\u00e1lkoz\u00e1si ig\u00e9ny\u0171<\/li><li>term\u00e9keket k\u00e9sz\u00edteni;<\/li><li>s\u00fct\u0151ipari \u00e9s cukr\u00e1szati term\u00e9keket min\u0151s\u00edteni;<\/li><li>termel\u00e9stervez\u00e9si \u00e9s szervez\u00e9si feladatokat v\u00e9gezni;<\/li><li>min\u0151s\u00e9gbiztos\u00edt\u00e1si dokumentumokat vezetni;<\/li><li>min\u0151s\u00e9gbiztos\u00edt\u00e1si ellen\u0151rz\u00e9seket v\u00e9gezni;<\/li><li>a gy\u00e1rt\u00e1sk\u00f6zi fizikai, k\u00e9miai, \u00e9rz\u00e9kszervi<\/li><li>vizsg\u00e1latokat elv\u00e9gezni, a k\u00e9szterm\u00e9keket ellen\u0151rizni \u00e9s min\u0151s\u00edteni;<\/li><li>a technol\u00f3giai berendez\u00e9seket, g\u00e9peket<\/li><li>be\u00e1ll\u00edtani, \u00fczemeltetni, tiszt\u00edtani az \u00e9lelmiszeriparban haszn\u00e1lhat\u00f3 tiszt\u00edt\u00f3- \u00e9s fert\u0151tlen\u00edt\u0151szerek alkalmaz\u00e1s\u00e1val;<\/li><li>a term\u00e9kgy\u00e1rt\u00e1s v\u00edz- \u00e9s energia-gazd\u00e1lkod\u00e1s\u00e1t megszervezni;<\/li><li>a mell\u00e9kterm\u00e9keket, hullad\u00e9kokat kezelni, esetleg hasznos\u00edtani;<\/li><li>a munkafolyamatok munka-, t\u0171z-, k\u00f6rnyezetv\u00e9delmi \u00e9s higi\u00e9niai szab\u00e1lyait betartani \u00e9s betartatni;<\/li><li>v\u00e1llalkoz\u00e1st ind\u00edtani, m\u0171k\u00f6dtetni;<\/li><li>term\u00e9keket \u00e9rt\u00e9kes\u00edteni.<\/li><\/ul>\t\t\t\t\t\t\t\t<\/div>\n\t\t\t\t<\/div>\n\t\t\t\t\t<\/div>\n\t\t<\/div>\n\t\t\t\t\t<\/div>\n\t\t<\/section>\n\t\t\t\t<\/div>\n\t\t","protected":false},"excerpt":{"rendered":"<p>Iskol\u00e1nkban az \u00e9lelmiszeripar \u00e1gazatban az egyik legr\u00e9gebbi szakma fort\u00e9lyait tanulhatj\u00e1k meg az\u00a05 \u00e9ves s\u00fct\u0151 \u2013 \u00e9s cukr\u00e1szipari technikus\u00a0k\u00e9pz\u00e9st v\u00e1laszt\u00f3k. Az ism\u00e9t egyre nagyobb megbecs\u00fclts\u00e9gnek \u00f6rvend\u0151 szakm\u00e1t v\u00e1laszt\u00f3 p\u00e9kek munk\u00e1j\u00e1t manaps\u00e1g m\u00e1r korszer\u0171 g\u00e9pek \u00e9s technol\u00f3gi\u00e1k seg\u00edtik. A v\u00e1s\u00e1rl\u00f3k a p\u00e9ks\u00e9gekben is keresik a cukr\u00e1szipari term\u00e9keket, illetve ford\u00edtva: a cukr\u00e1szatok is egyre t\u00f6bb s\u00fct\u0151ipari term\u00e9ket vesznek [&hellip;]<\/p>\n","protected":false},"author":4,"featured_media":0,"parent":0,"menu_order":0,"comment_status":"closed","ping_status":"closed","template":"","meta":{"footnotes":""},"class_list":["post-19814","page","type-page","status-publish","hentry"],"_links":{"self":[{"href":"\/index.php\/wp-json\/wp\/v2\/pages\/19814","targetHints":{"allow":["GET"]}}],"collection":[{"href":"\/index.php\/wp-json\/wp\/v2\/pages"}],"about":[{"href":"\/index.php\/wp-json\/wp\/v2\/types\/page"}],"author":[{"embeddable":true,"href":"\/index.php\/wp-json\/wp\/v2\/users\/4"}],"replies":[{"embeddable":true,"href":"\/index.php\/wp-json\/wp\/v2\/comments?post=19814"}],"version-history":[{"count":4,"href":"\/index.php\/wp-json\/wp\/v2\/pages\/19814\/revisions"}],"predecessor-version":[{"id":19819,"href":"\/index.php\/wp-json\/wp\/v2\/pages\/19814\/revisions\/19819"}],"wp:attachment":[{"href":"\/index.php\/wp-json\/wp\/v2\/media?parent=19814"}],"curies":[{"name":"wp","href":"https:\/\/api.w.org\/{rel}","templated":true}]}}