{"id":19791,"date":"2022-10-18T08:48:13","date_gmt":"2022-10-18T07:48:13","guid":{"rendered":"\/?page_id=19791"},"modified":"2022-10-18T08:49:15","modified_gmt":"2022-10-18T07:49:15","slug":"0306-dekorator","status":"publish","type":"page","link":"\/index.php\/0306-dekorator\/","title":{"rendered":"0306 Dekorat\u0151r"},"content":{"rendered":"\t\t<div data-elementor-type=\"wp-page\" data-elementor-id=\"19791\" class=\"elementor elementor-19791\" data-elementor-post-type=\"page\">\n\t\t\t\t\t\t<section class=\"elementor-section elementor-top-section elementor-element elementor-element-80c0c2b elementor-section-boxed elementor-section-height-default elementor-section-height-default\" data-id=\"80c0c2b\" data-element_type=\"section\" data-e-type=\"section\">\n\t\t\t\t\t\t<div class=\"elementor-container elementor-column-gap-default\">\n\t\t\t\t\t<div class=\"elementor-column elementor-col-100 elementor-top-column elementor-element elementor-element-43c1563\" data-id=\"43c1563\" data-element_type=\"column\" data-e-type=\"column\">\n\t\t\t<div class=\"elementor-widget-wrap elementor-element-populated\">\n\t\t\t\t\t\t<div class=\"elementor-element elementor-element-03761d8 elementor-widget elementor-widget-text-editor\" data-id=\"03761d8\" data-element_type=\"widget\" data-e-type=\"widget\" data-widget_type=\"text-editor.default\">\n\t\t\t\t<div class=\"elementor-widget-container\">\n\t\t\t\t\t\t\t\t\t<p>A kreat\u00edv \u00e1gazatban az 5 \u00e9ves\u00a0<span style=\"font-weight: bold;\">dekorat\u0151r technikusi<\/span>\u00a0k\u00e9pz\u00e9s\u00fcnk\u00f6n a klasszikus kirakatrendez\u00e9s mellett, a legk\u00fcl\u00f6nb\u00f6z\u0151bb dekor\u00e1ci\u00f3s anyagok tulajdons\u00e1gainak megismer\u00e9s\u00e9t, dekor\u00e1ci\u00f3k, feliratok, k\u00fcls\u0151 \u00e9s bels\u0151 terek berendez\u00e9seit, l\u00e1tv\u00e1nytervek szabadk\u00e9zi \u00e9s sz\u00e1m\u00edt\u00f3g\u00e9pes tervez\u00e9s\u00e9t saj\u00e1t\u00edthatj\u00e1k el a kreat\u00edv, j\u00f3 k\u00e9z\u00fcgyess\u00e9ggel, j\u00f3 sz\u00edn- \u00e9s t\u00e9rl\u00e1t\u00e1ssal rendelkez\u0151 kreat\u00edv fiatalok.<\/p>\t\t\t\t\t\t\t\t<\/div>\n\t\t\t\t<\/div>\n\t\t\t\t\t<\/div>\n\t\t<\/div>\n\t\t\t\t\t<\/div>\n\t\t<\/section>\n\t\t\t\t<section class=\"elementor-section elementor-top-section elementor-element elementor-element-bab2dff elementor-section-boxed elementor-section-height-default elementor-section-height-default\" data-id=\"bab2dff\" data-element_type=\"section\" data-e-type=\"section\">\n\t\t\t\t\t\t<div class=\"elementor-container elementor-column-gap-default\">\n\t\t\t\t\t<div class=\"elementor-column elementor-col-100 elementor-top-column elementor-element elementor-element-5d4e37c\" data-id=\"5d4e37c\" data-element_type=\"column\" data-e-type=\"column\">\n\t\t\t<div class=\"elementor-widget-wrap elementor-element-populated\">\n\t\t\t\t\t\t<div class=\"elementor-element elementor-element-45aff54 elementor-widget elementor-widget-text-editor\" data-id=\"45aff54\" data-element_type=\"widget\" data-e-type=\"widget\" data-widget_type=\"text-editor.default\">\n\t\t\t\t<div class=\"elementor-widget-container\">\n\t\t\t\t\t\t\t\t\t<p>KOMPETENCIAELV\u00c1R\u00c1S<\/p>\t\t\t\t\t\t\t\t<\/div>\n\t\t\t\t<\/div>\n\t\t\t\t\t<\/div>\n\t\t<\/div>\n\t\t\t\t\t<\/div>\n\t\t<\/section>\n\t\t\t\t<section class=\"elementor-section elementor-top-section elementor-element elementor-element-4d8ecca elementor-section-boxed elementor-section-height-default elementor-section-height-default\" data-id=\"4d8ecca\" data-element_type=\"section\" data-e-type=\"section\">\n\t\t\t\t\t\t<div class=\"elementor-container elementor-column-gap-default\">\n\t\t\t\t\t<div class=\"elementor-column elementor-col-100 elementor-top-column elementor-element elementor-element-efde73c\" data-id=\"efde73c\" data-element_type=\"column\" data-e-type=\"column\">\n\t\t\t<div class=\"elementor-widget-wrap elementor-element-populated\">\n\t\t\t\t\t\t<div class=\"elementor-element elementor-element-43b5f1c elementor-widget elementor-widget-text-editor\" data-id=\"43b5f1c\" data-element_type=\"widget\" data-e-type=\"widget\" data-widget_type=\"text-editor.default\">\n\t\t\t\t<div class=\"elementor-widget-container\">\n\t\t\t\t\t\t\t\t\t<p>Kreativit\u00e1s, j\u00f3 sz\u00edn- \u00e9s t\u00e9rl\u00e1t\u00e1s, j\u00f3 rajzi k\u00e9szs\u00e9g, j\u00f3 szemm\u00e9rt\u00e9k \u00e9s k\u00e9z\u00fcgyess\u00e9g, kivitelez\u00e9sben \u00fcgyess\u00e9g, \u00e1ll\u00f3k\u00e9pess\u00e9g, j\u00f3 fizikum.<\/p>\t\t\t\t\t\t\t\t<\/div>\n\t\t\t\t<\/div>\n\t\t\t\t\t<\/div>\n\t\t<\/div>\n\t\t\t\t\t<\/div>\n\t\t<\/section>\n\t\t\t\t<section class=\"elementor-section elementor-top-section elementor-element elementor-element-493f71c elementor-section-boxed elementor-section-height-default elementor-section-height-default\" data-id=\"493f71c\" data-element_type=\"section\" data-e-type=\"section\">\n\t\t\t\t\t\t<div class=\"elementor-container elementor-column-gap-default\">\n\t\t\t\t\t<div class=\"elementor-column elementor-col-100 elementor-top-column elementor-element elementor-element-5faf86a\" data-id=\"5faf86a\" data-element_type=\"column\" data-e-type=\"column\">\n\t\t\t<div class=\"elementor-widget-wrap elementor-element-populated\">\n\t\t\t\t\t\t<div class=\"elementor-element elementor-element-8686252 elementor-widget elementor-widget-text-editor\" data-id=\"8686252\" data-element_type=\"widget\" data-e-type=\"widget\" data-widget_type=\"text-editor.default\">\n\t\t\t\t<div class=\"elementor-widget-container\">\n\t\t\t\t\t\t\t\t\t<p>A SZAKK\u00c9PZETTS\u00c9GGEL RENDELKEZ\u0150<\/p>\t\t\t\t\t\t\t\t<\/div>\n\t\t\t\t<\/div>\n\t\t\t\t\t<\/div>\n\t\t<\/div>\n\t\t\t\t\t<\/div>\n\t\t<\/section>\n\t\t\t\t<section class=\"elementor-section elementor-top-section elementor-element elementor-element-85301eb elementor-section-boxed elementor-section-height-default elementor-section-height-default\" data-id=\"85301eb\" data-element_type=\"section\" data-e-type=\"section\">\n\t\t\t\t\t\t<div class=\"elementor-container elementor-column-gap-default\">\n\t\t\t\t\t<div class=\"elementor-column elementor-col-100 elementor-top-column elementor-element elementor-element-dcd2e9b\" data-id=\"dcd2e9b\" data-element_type=\"column\" data-e-type=\"column\">\n\t\t\t<div class=\"elementor-widget-wrap elementor-element-populated\">\n\t\t\t\t\t\t<div class=\"elementor-element elementor-element-1bfe748 elementor-widget elementor-widget-text-editor\" data-id=\"1bfe748\" data-element_type=\"widget\" data-e-type=\"widget\" data-widget_type=\"text-editor.default\">\n\t\t\t\t<div class=\"elementor-widget-container\">\n\t\t\t\t\t\t\t\t\t<ul style=\"color: #003b43; font-family: Alegreya, sans-serif;\"><li>kereskedelmi, elektronikus kereskedelmi, szolg\u00e1ltat\u00f3i, megrendel\u0151i ig\u00e9nyeknek megfelel\u0151en t\u00e9rbeli dekorat\u0151ri, \u00e1ru- \u00e9s l\u00e1tv\u00e1nyrendez\u0151i munk\u00e1t v\u00e9gez elektronikus, nyomtatott, s\u00edkban \u00e9s\\vagy plasztikus form\u00e1ban;<\/li><li>alkalmazottk\u00e9nt, vagy \u00f6n\u00e1ll\u00f3 v\u00e1llalkoz\u00f3k\u00e9nt k\u00fcls\u0151 \u00e9s bels\u0151 dekorat\u0151ri l\u00e1tv\u00e1nyterveket, maketteket k\u00e9sz\u00edt, megval\u00f3s\u00edtja terveit, vagy megszervezi a kivitelez\u00e9st;<\/li><li>a tervez\u00e9st, a terv bemutat\u00e1s\u00e1t szabadk\u00e9zi rajz, vagy sz\u00e1m\u00edt\u00f3g\u00e9pes programok haszn\u00e1lat\u00e1val v\u00e9gzi;<\/li><li>kiv\u00e1lasztja az alkalmazott alapanyagokat, kell\u00e9keket, beszerzi, \u00e1tadja;<\/li><li>az \u00e1ru- \u00e9s l\u00e1tv\u00e1nyrendez\u00e9s, elektronikus fot\u00f3z\u00e1s, grafikai-tipogr\u00e1fiai k\u00e9pfeldolgoz\u00e1s, multim\u00e9dia, internetre k\u00fcld\u00e9s, vagy a nyomtatott megjelen\u00edt\u00e9s ter\u00fclet\u00e9n v\u00e9gzi feladatait;<\/li><li>folyamatosan b\u0151v\u00edti szakmai, m\u0171v\u00e9szeti \u00e9s m\u0171v\u00e9szetelm\u00e9leti ismereteit.<\/li><\/ul>\t\t\t\t\t\t\t\t<\/div>\n\t\t\t\t<\/div>\n\t\t\t\t\t<\/div>\n\t\t<\/div>\n\t\t\t\t\t<\/div>\n\t\t<\/section>\n\t\t\t\t<\/div>\n\t\t","protected":false},"excerpt":{"rendered":"<p>A kreat\u00edv \u00e1gazatban az 5 \u00e9ves\u00a0dekorat\u0151r technikusi\u00a0k\u00e9pz\u00e9s\u00fcnk\u00f6n a klasszikus kirakatrendez\u00e9s mellett, a legk\u00fcl\u00f6nb\u00f6z\u0151bb dekor\u00e1ci\u00f3s anyagok tulajdons\u00e1gainak megismer\u00e9s\u00e9t, dekor\u00e1ci\u00f3k, feliratok, k\u00fcls\u0151 \u00e9s bels\u0151 terek berendez\u00e9seit, l\u00e1tv\u00e1nytervek szabadk\u00e9zi \u00e9s sz\u00e1m\u00edt\u00f3g\u00e9pes tervez\u00e9s\u00e9t saj\u00e1t\u00edthatj\u00e1k el a kreat\u00edv, j\u00f3 k\u00e9z\u00fcgyess\u00e9ggel, j\u00f3 sz\u00edn- \u00e9s t\u00e9rl\u00e1t\u00e1ssal rendelkez\u0151 kreat\u00edv fiatalok. KOMPETENCIAELV\u00c1R\u00c1S Kreativit\u00e1s, j\u00f3 sz\u00edn- \u00e9s t\u00e9rl\u00e1t\u00e1s, j\u00f3 rajzi k\u00e9szs\u00e9g, j\u00f3 szemm\u00e9rt\u00e9k \u00e9s k\u00e9z\u00fcgyess\u00e9g, [&hellip;]<\/p>\n","protected":false},"author":4,"featured_media":0,"parent":0,"menu_order":0,"comment_status":"closed","ping_status":"closed","template":"","meta":{"footnotes":""},"class_list":["post-19791","page","type-page","status-publish","hentry"],"_links":{"self":[{"href":"\/index.php\/wp-json\/wp\/v2\/pages\/19791","targetHints":{"allow":["GET"]}}],"collection":[{"href":"\/index.php\/wp-json\/wp\/v2\/pages"}],"about":[{"href":"\/index.php\/wp-json\/wp\/v2\/types\/page"}],"author":[{"embeddable":true,"href":"\/index.php\/wp-json\/wp\/v2\/users\/4"}],"replies":[{"embeddable":true,"href":"\/index.php\/wp-json\/wp\/v2\/comments?post=19791"}],"version-history":[{"count":7,"href":"\/index.php\/wp-json\/wp\/v2\/pages\/19791\/revisions"}],"predecessor-version":[{"id":19800,"href":"\/index.php\/wp-json\/wp\/v2\/pages\/19791\/revisions\/19800"}],"wp:attachment":[{"href":"\/index.php\/wp-json\/wp\/v2\/media?parent=19791"}],"curies":[{"name":"wp","href":"https:\/\/api.w.org\/{rel}","templated":true}]}}