{"id":19779,"date":"2022-10-18T08:20:15","date_gmt":"2022-10-18T07:20:15","guid":{"rendered":"\/?page_id=19779"},"modified":"2022-10-18T08:22:13","modified_gmt":"2022-10-18T07:22:13","slug":"0305-szakacs-szaktechnikus","status":"publish","type":"page","link":"\/index.php\/0305-szakacs-szaktechnikus\/","title":{"rendered":"0305\u00a0 Szak\u00e1cs szaktechnikus"},"content":{"rendered":"\t\t<div data-elementor-type=\"wp-page\" data-elementor-id=\"19779\" class=\"elementor elementor-19779\" data-elementor-post-type=\"page\">\n\t\t\t\t\t\t<section class=\"elementor-section elementor-top-section elementor-element elementor-element-e823d78 elementor-section-boxed elementor-section-height-default elementor-section-height-default\" data-id=\"e823d78\" data-element_type=\"section\" data-e-type=\"section\">\n\t\t\t\t\t\t<div class=\"elementor-container elementor-column-gap-default\">\n\t\t\t\t\t<div class=\"elementor-column elementor-col-100 elementor-top-column elementor-element elementor-element-2597701\" data-id=\"2597701\" data-element_type=\"column\" data-e-type=\"column\">\n\t\t\t<div class=\"elementor-widget-wrap elementor-element-populated\">\n\t\t\t\t\t\t<div class=\"elementor-element elementor-element-e7b25c5 elementor-widget elementor-widget-text-editor\" data-id=\"e7b25c5\" data-element_type=\"widget\" data-e-type=\"widget\" data-widget_type=\"text-editor.default\">\n\t\t\t\t<div class=\"elementor-widget-container\">\n\t\t\t\t\t\t\t\t\t<p>A turizmus-vend\u00e9gl\u00e1t\u00e1s \u00e1gazat szakm\u00e1i k\u00f6z\u00fcl 3 \u00e9v alatt saj\u00e1t\u00edthat\u00f3 el a szak\u00e1cs szakma, illetve 5 \u00e9v alatt<span style=\"font-weight: bold;\">\u00a0szak\u00e1cs szaktechnikusi<\/span>\u00a0v\u00e9gzetts\u00e9g szerezhet\u0151, melyet azoknak a kreat\u00edv fiataloknak aj\u00e1nljuk, akiket \u00e9rdekel a gasztron\u00f3mia. Kitart\u00f3ak, szeretnek alkotni, folyamatos fejl\u0151d\u00e9sre \u00e9s v\u00e1ltozatos munk\u00e1ra v\u00e1gynak. A szak\u00e1cs szakma kem\u00e9ny munk\u00e1t ig\u00e9nyel, de manaps\u00e1g a s\u00e9fek m\u00e1r egyre t\u00f6bbet mozognak a vend\u00e9gt\u00e9rben is, sz\u00f3beli aj\u00e1nl\u00e1ssal k\u00edn\u00e1lj\u00e1k az egyes professzion\u00e1lisan megjelen\u00edtett fog\u00e1sokat, melyre egyre nagyobb ig\u00e9ny mutatkozik.\u00a0<\/p>\t\t\t\t\t\t\t\t<\/div>\n\t\t\t\t<\/div>\n\t\t\t\t\t<\/div>\n\t\t<\/div>\n\t\t\t\t\t<\/div>\n\t\t<\/section>\n\t\t\t\t<section class=\"elementor-section elementor-top-section elementor-element elementor-element-bde5baf elementor-section-boxed elementor-section-height-default elementor-section-height-default\" data-id=\"bde5baf\" data-element_type=\"section\" data-e-type=\"section\">\n\t\t\t\t\t\t<div class=\"elementor-container elementor-column-gap-default\">\n\t\t\t\t\t<div class=\"elementor-column elementor-col-100 elementor-top-column elementor-element elementor-element-862bbdb\" data-id=\"862bbdb\" data-element_type=\"column\" data-e-type=\"column\">\n\t\t\t<div class=\"elementor-widget-wrap elementor-element-populated\">\n\t\t\t\t\t\t<div class=\"elementor-element elementor-element-5ab0ccc elementor-widget elementor-widget-text-editor\" data-id=\"5ab0ccc\" data-element_type=\"widget\" data-e-type=\"widget\" data-widget_type=\"text-editor.default\">\n\t\t\t\t<div class=\"elementor-widget-container\">\n\t\t\t\t\t\t\t\t\t<p>Turizmus-vend\u00e9gl\u00e1t\u00e1s \u00e1gazat 5 \u00e9ves k\u00e9pz\u00e9se, amely \u00e9retts\u00e9givel \u00e9s technikus szint\u0171 szakk\u00e9pzetts\u00e9g megszerz\u00e9s\u00e9vel z\u00e1rul.<\/p>\t\t\t\t\t\t\t\t<\/div>\n\t\t\t\t<\/div>\n\t\t\t\t\t<\/div>\n\t\t<\/div>\n\t\t\t\t\t<\/div>\n\t\t<\/section>\n\t\t\t\t<section class=\"elementor-section elementor-top-section elementor-element elementor-element-8e8e2ea elementor-section-boxed elementor-section-height-default elementor-section-height-default\" data-id=\"8e8e2ea\" data-element_type=\"section\" data-e-type=\"section\">\n\t\t\t\t\t\t<div class=\"elementor-container elementor-column-gap-default\">\n\t\t\t\t\t<div class=\"elementor-column elementor-col-100 elementor-top-column elementor-element elementor-element-b66efcc\" data-id=\"b66efcc\" data-element_type=\"column\" data-e-type=\"column\">\n\t\t\t<div class=\"elementor-widget-wrap elementor-element-populated\">\n\t\t\t\t\t\t<div class=\"elementor-element elementor-element-c91a9be elementor-widget elementor-widget-text-editor\" data-id=\"c91a9be\" data-element_type=\"widget\" data-e-type=\"widget\" data-widget_type=\"text-editor.default\">\n\t\t\t\t<div class=\"elementor-widget-container\">\n\t\t\t\t\t\t\t\t\t<p>KOMPETENCIAELV\u00c1R\u00c1S<\/p>\t\t\t\t\t\t\t\t<\/div>\n\t\t\t\t<\/div>\n\t\t\t\t\t<\/div>\n\t\t<\/div>\n\t\t\t\t\t<\/div>\n\t\t<\/section>\n\t\t\t\t<section class=\"elementor-section elementor-top-section elementor-element elementor-element-d10b015 elementor-section-boxed elementor-section-height-default elementor-section-height-default\" data-id=\"d10b015\" data-element_type=\"section\" data-e-type=\"section\">\n\t\t\t\t\t\t<div class=\"elementor-container elementor-column-gap-default\">\n\t\t\t\t\t<div class=\"elementor-column elementor-col-100 elementor-top-column elementor-element elementor-element-2acdda6\" data-id=\"2acdda6\" data-element_type=\"column\" data-e-type=\"column\">\n\t\t\t<div class=\"elementor-widget-wrap elementor-element-populated\">\n\t\t\t\t\t\t<div class=\"elementor-element elementor-element-abf53ca elementor-widget elementor-widget-text-editor\" data-id=\"abf53ca\" data-element_type=\"widget\" data-e-type=\"widget\" data-widget_type=\"text-editor.default\">\n\t\t\t\t<div class=\"elementor-widget-container\">\n\t\t\t\t\t\t\t\t\t<p>Remek \u00edz\u00e9rz\u00e9k, nagy terhelhet\u0151s\u00e9g, j\u00f3 stresszt\u0171r\u0151 k\u00e9pess\u00e9g, j\u00f3 kommunik\u00e1ci\u00f3s k\u00e9szs\u00e9g, j\u00f3 probl\u00e9mamegold\u00f3 k\u00e9pess\u00e9g, emp\u00e1tia, j\u00f3 szervez\u0151k\u00e9szs\u00e9g, kreativit\u00e1s, egy\u00fcttm\u0171k\u00f6d\u0151 k\u00e9pess\u00e9g.<\/p>\t\t\t\t\t\t\t\t<\/div>\n\t\t\t\t<\/div>\n\t\t\t\t\t<\/div>\n\t\t<\/div>\n\t\t\t\t\t<\/div>\n\t\t<\/section>\n\t\t\t\t<section class=\"elementor-section elementor-top-section elementor-element elementor-element-57c04ba elementor-section-boxed elementor-section-height-default elementor-section-height-default\" data-id=\"57c04ba\" data-element_type=\"section\" data-e-type=\"section\">\n\t\t\t\t\t\t<div class=\"elementor-container elementor-column-gap-default\">\n\t\t\t\t\t<div class=\"elementor-column elementor-col-100 elementor-top-column elementor-element elementor-element-4cf4376\" data-id=\"4cf4376\" data-element_type=\"column\" data-e-type=\"column\">\n\t\t\t<div class=\"elementor-widget-wrap elementor-element-populated\">\n\t\t\t\t\t\t<div class=\"elementor-element elementor-element-bfa6754 elementor-widget elementor-widget-text-editor\" data-id=\"bfa6754\" data-element_type=\"widget\" data-e-type=\"widget\" data-widget_type=\"text-editor.default\">\n\t\t\t\t<div class=\"elementor-widget-container\">\n\t\t\t\t\t\t\t\t\t<p>A SZAKK\u00c9PZETTS\u00c9GGEL RENDELKEZ\u0150<\/p>\t\t\t\t\t\t\t\t<\/div>\n\t\t\t\t<\/div>\n\t\t\t\t\t<\/div>\n\t\t<\/div>\n\t\t\t\t\t<\/div>\n\t\t<\/section>\n\t\t\t\t<section class=\"elementor-section elementor-top-section elementor-element elementor-element-8d37a4f elementor-section-boxed elementor-section-height-default elementor-section-height-default\" data-id=\"8d37a4f\" data-element_type=\"section\" data-e-type=\"section\">\n\t\t\t\t\t\t<div class=\"elementor-container elementor-column-gap-default\">\n\t\t\t\t\t<div class=\"elementor-column elementor-col-100 elementor-top-column elementor-element elementor-element-75cd908\" data-id=\"75cd908\" data-element_type=\"column\" data-e-type=\"column\">\n\t\t\t<div class=\"elementor-widget-wrap elementor-element-populated\">\n\t\t\t\t\t\t<div class=\"elementor-element elementor-element-3cac798 elementor-widget elementor-widget-text-editor\" data-id=\"3cac798\" data-element_type=\"widget\" data-e-type=\"widget\" data-widget_type=\"text-editor.default\">\n\t\t\t\t<div class=\"elementor-widget-container\">\n\t\t\t\t\t\t\t\t\t<ul style=\"color: #003b43; font-family: Alegreya, sans-serif;\"><li>vezet\u0151szak\u00e1cs helyettes poz\u00edci\u00f3ban v\u00e9grehajtja, illetve v\u00e9grehajttatja a meghat\u00e1rozott feladatokat;<\/li><li>vezet\u0151szak\u00e1cs poz\u00edci\u00f3ban v\u00e9grehajttatja az \u00e1ltala meghat\u00e1rozott feladatokat \u00e9s ellen\u0151rzi is azokat;<\/li><li>el\u0151k\u00e9sz\u00edt\u0151, elk\u00e9sz\u00edt\u0151 \u00e9s befejez\u0151 m\u0171veleteket fel\u00fcgyel, sz\u00fcks\u00e9g eset\u00e9n korrig\u00e1ltat;<\/li><li>\u00e1rut rendel, \u00e1rut vesz \u00e1t, \u00e1rut rakt\u00e1roz szakos\u00edtva;<\/li><li>betartja \u00e9s betartatja a HACCP szab\u00e1lyzatot;<\/li><li>ir\u00e1ny\u00edtja \u00e9s \u00f6sszehangolja a seg\u00e9dszem\u00e9lyzet munk\u00e1j\u00e1t;<\/li><li>meg\u00e9rti \u00e9s felhaszn\u00e1lja a technol\u00f3giai m\u0171veletek le\u00edr\u00e1sait idegen nyelven.<\/li><\/ul>\t\t\t\t\t\t\t\t<\/div>\n\t\t\t\t<\/div>\n\t\t\t\t\t<\/div>\n\t\t<\/div>\n\t\t\t\t\t<\/div>\n\t\t<\/section>\n\t\t\t\t<section class=\"elementor-section elementor-top-section elementor-element elementor-element-d31ec53 elementor-section-boxed elementor-section-height-default elementor-section-height-default\" data-id=\"d31ec53\" data-element_type=\"section\" data-e-type=\"section\">\n\t\t\t\t\t\t<div class=\"elementor-container elementor-column-gap-default\">\n\t\t\t\t\t<div class=\"elementor-column elementor-col-100 elementor-top-column elementor-element elementor-element-a1dfbe9\" data-id=\"a1dfbe9\" data-element_type=\"column\" data-e-type=\"column\">\n\t\t\t<div class=\"elementor-widget-wrap elementor-element-populated\">\n\t\t\t\t\t\t<div class=\"elementor-element elementor-element-553fb04 elementor-widget elementor-widget-text-editor\" data-id=\"553fb04\" data-element_type=\"widget\" data-e-type=\"widget\" data-widget_type=\"text-editor.default\">\n\t\t\t\t<div class=\"elementor-widget-container\">\n\t\t\t\t\t\t\t\t\t<div><span style=\"color: #003b43; font-family: Alegreya; font-size: 18px; text-align: justify;\">A szakma j\u00f3 v\u00e1laszt\u00e1s mindazoknak, akik szeretnek alkotni, munk\u00e1jukkal \u00f6r\u00f6met szerezni m\u00e1soknak, \u00e9rdekli \u0151ket a szervez\u00e9s, logisztika. A szakk\u00e9pzetts\u00e9ggel a v\u00e9gzett szakemberek kiv\u00e1l\u00f3an el tudnak helyezkedni a munkaer\u0151piacon, j\u00f3 perspekt\u00edv\u00e1t \u00e9s v\u00e1ltozatos feladatokat k\u00edn\u00e1l.<\/span><\/div><p>\u00a0<\/p><p>\u00a0<\/p><p>Remek v\u00e1laszt\u00e1s azok sz\u00e1m\u00e1ra is, akik nyitottak szakir\u00e1ny\u00fa fels\u0151fok\u00fa tanulm\u00e1nyok folytat\u00e1s\u00e1ra.<\/p>\t\t\t\t\t\t\t\t<\/div>\n\t\t\t\t<\/div>\n\t\t\t\t\t<\/div>\n\t\t<\/div>\n\t\t\t\t\t<\/div>\n\t\t<\/section>\n\t\t\t\t<\/div>\n\t\t","protected":false},"excerpt":{"rendered":"<p>A turizmus-vend\u00e9gl\u00e1t\u00e1s \u00e1gazat szakm\u00e1i k\u00f6z\u00fcl 3 \u00e9v alatt saj\u00e1t\u00edthat\u00f3 el a szak\u00e1cs szakma, illetve 5 \u00e9v alatt&nbsp;szak\u00e1cs szaktechnikusi&nbsp;v\u00e9gzetts\u00e9g szerezhet\u0151, melyet azoknak a kreat\u00edv fiataloknak aj\u00e1nljuk, akiket \u00e9rdekel a gasztron\u00f3mia. Kitart\u00f3ak, szeretnek alkotni, folyamatos fejl\u0151d\u00e9sre \u00e9s v\u00e1ltozatos munk\u00e1ra v\u00e1gynak. A szak\u00e1cs szakma kem\u00e9ny munk\u00e1t ig\u00e9nyel, de manaps\u00e1g a s\u00e9fek m\u00e1r egyre t\u00f6bbet mozognak a vend\u00e9gt\u00e9rben is, [&hellip;]<\/p>\n","protected":false},"author":4,"featured_media":744,"parent":0,"menu_order":0,"comment_status":"closed","ping_status":"closed","template":"","meta":{"footnotes":""},"class_list":["post-19779","page","type-page","status-publish","has-post-thumbnail","hentry"],"_links":{"self":[{"href":"\/index.php\/wp-json\/wp\/v2\/pages\/19779","targetHints":{"allow":["GET"]}}],"collection":[{"href":"\/index.php\/wp-json\/wp\/v2\/pages"}],"about":[{"href":"\/index.php\/wp-json\/wp\/v2\/types\/page"}],"author":[{"embeddable":true,"href":"\/index.php\/wp-json\/wp\/v2\/users\/4"}],"replies":[{"embeddable":true,"href":"\/index.php\/wp-json\/wp\/v2\/comments?post=19779"}],"version-history":[{"count":5,"href":"\/index.php\/wp-json\/wp\/v2\/pages\/19779\/revisions"}],"predecessor-version":[{"id":19787,"href":"\/index.php\/wp-json\/wp\/v2\/pages\/19779\/revisions\/19787"}],"wp:featuredmedia":[{"embeddable":true,"href":"\/index.php\/wp-json\/wp\/v2\/media\/744"}],"wp:attachment":[{"href":"\/index.php\/wp-json\/wp\/v2\/media?parent=19779"}],"curies":[{"name":"wp","href":"https:\/\/api.w.org\/{rel}","templated":true}]}}