{"id":19744,"date":"2022-10-18T08:03:58","date_gmt":"2022-10-18T07:03:58","guid":{"rendered":"\/?page_id=19744"},"modified":"2022-10-18T08:05:04","modified_gmt":"2022-10-18T07:05:04","slug":"0302-turisztikai-technikus","status":"publish","type":"page","link":"\/index.php\/0302-turisztikai-technikus\/","title":{"rendered":"0302 Turisztikai technikus"},"content":{"rendered":"\t\t<div data-elementor-type=\"wp-page\" data-elementor-id=\"19744\" class=\"elementor elementor-19744\" data-elementor-post-type=\"page\">\n\t\t\t\t\t\t<section class=\"elementor-section elementor-top-section elementor-element elementor-element-4c544eb elementor-section-boxed elementor-section-height-default elementor-section-height-default\" data-id=\"4c544eb\" data-element_type=\"section\" data-e-type=\"section\">\n\t\t\t\t\t\t<div class=\"elementor-container elementor-column-gap-default\">\n\t\t\t\t\t<div class=\"elementor-column elementor-col-100 elementor-top-column elementor-element elementor-element-026ef06\" data-id=\"026ef06\" data-element_type=\"column\" data-e-type=\"column\">\n\t\t\t<div class=\"elementor-widget-wrap elementor-element-populated\">\n\t\t\t\t\t\t<div class=\"elementor-element elementor-element-3ba7bae elementor-widget elementor-widget-text-editor\" data-id=\"3ba7bae\" data-element_type=\"widget\" data-e-type=\"widget\" data-widget_type=\"text-editor.default\">\n\t\t\t\t<div class=\"elementor-widget-container\">\n\t\t\t\t\t\t\t\t\t<p>A\u00a0<span style=\"font-weight: bold;\">turisztikai technikus<\/span>\u00a0a turizmus-vend\u00e9gl\u00e1t\u00e1s \u00e1gazat 5 \u00e9ves k\u00e9pz\u00e9se, amely \u00e9retts\u00e9givel \u00e9s technikus szint\u0171 szakk\u00e9pzetts\u00e9g megszerz\u00e9s\u00e9vel z\u00e1rul. Szakir\u00e1ny is v\u00e1laszthat\u00f3 a k\u00e9pz\u00e9s sor\u00e1n: turisztikai szervez\u0151 szakmair\u00e1ny vagy idegenvezet\u0151 szakmair\u00e1ny. Aki els\u0151sorban ink\u00e1bb az \u00edr\u00f3asztal melletti munk\u00e1t r\u00e9szes\u00edti el\u0151nyben, de az \u00fcgyfelekkel val\u00f3 magas szint\u0171 kommunik\u00e1ci\u00f3s k\u00e9szs\u00e9g\u00e9t is szeretn\u00e9 t\u00f6k\u00e9letes\u00edteni, \u00e9rdekli az idegenforgalom, a turisztikai v\u00e1llalkoz\u00e1sok szervez\u00e9si, \u00e9rt\u00e9kes\u00edt\u00e9si, \u00fcgyint\u00e9z\u0151i, inform\u00e1ci\u00f3s munk\u00e1ja, sz\u00edvesen mutatja be, ismerteti Magyarorsz\u00e1g \u00e9s a nagyvil\u00e1g \u00e9rt\u00e9keit magyar \u00e9s idegennyelven \u2013 els\u0151sorban nekik aj\u00e1nljuk ezt a szakm\u00e1t.<\/p>\t\t\t\t\t\t\t\t<\/div>\n\t\t\t\t<\/div>\n\t\t\t\t\t<\/div>\n\t\t<\/div>\n\t\t\t\t\t<\/div>\n\t\t<\/section>\n\t\t\t\t<section class=\"elementor-section elementor-top-section elementor-element elementor-element-1890b64 elementor-section-boxed elementor-section-height-default elementor-section-height-default\" data-id=\"1890b64\" data-element_type=\"section\" data-e-type=\"section\">\n\t\t\t\t\t\t<div class=\"elementor-container elementor-column-gap-default\">\n\t\t\t\t\t<div class=\"elementor-column elementor-col-100 elementor-top-column elementor-element elementor-element-dc5585f\" data-id=\"dc5585f\" data-element_type=\"column\" data-e-type=\"column\">\n\t\t\t<div class=\"elementor-widget-wrap elementor-element-populated\">\n\t\t\t\t\t\t<div class=\"elementor-element elementor-element-2708e3c elementor-widget elementor-widget-text-editor\" data-id=\"2708e3c\" data-element_type=\"widget\" data-e-type=\"widget\" data-widget_type=\"text-editor.default\">\n\t\t\t\t<div class=\"elementor-widget-container\">\n\t\t\t\t\t\t\t\t\t<p>Turizmus-vend\u00e9gl\u00e1t\u00e1s \u00e1gazat 5 \u00e9ves k\u00e9pz\u00e9se, amely \u00e9retts\u00e9givel \u00e9s technikus szint\u0171 szakk\u00e9pzetts\u00e9g megszerz\u00e9s\u00e9vel z\u00e1rul. V\u00e1laszthat\u00f3 szakmair\u00e1nyok: Turisztikai szervez\u0151 szakmair\u00e1ny, Idegenvezet\u0151 szakmair\u00e1ny.<br \/>Idegenforgalmi szakember, aki turisztikai v\u00e1llalkoz\u00e1sokban v\u00e9gez szervez\u00e9si, idegenvezet\u00e9si, \u00e9rt\u00e9kes\u00edt\u00e9si, \u00fcgyint\u00e9z\u0151i, inform\u00e1ci\u00f3s munk\u00e1t, mik\u00f6zben magas szinten kommunik\u00e1l a vend\u00e9gekkel, partnerekkel, munkat\u00e1rsakkal.<\/p>\t\t\t\t\t\t\t\t<\/div>\n\t\t\t\t<\/div>\n\t\t\t\t\t<\/div>\n\t\t<\/div>\n\t\t\t\t\t<\/div>\n\t\t<\/section>\n\t\t\t\t<section class=\"elementor-section elementor-top-section elementor-element elementor-element-b8430a8 elementor-section-boxed elementor-section-height-default elementor-section-height-default\" data-id=\"b8430a8\" data-element_type=\"section\" data-e-type=\"section\">\n\t\t\t\t\t\t<div class=\"elementor-container elementor-column-gap-default\">\n\t\t\t\t\t<div class=\"elementor-column elementor-col-100 elementor-top-column elementor-element elementor-element-85b8d63\" data-id=\"85b8d63\" data-element_type=\"column\" data-e-type=\"column\">\n\t\t\t<div class=\"elementor-widget-wrap elementor-element-populated\">\n\t\t\t\t\t\t<div class=\"elementor-element elementor-element-7060a29 elementor-widget elementor-widget-text-editor\" data-id=\"7060a29\" data-element_type=\"widget\" data-e-type=\"widget\" data-widget_type=\"text-editor.default\">\n\t\t\t\t<div class=\"elementor-widget-container\">\n\t\t\t\t\t\t\t\t\t<p>KOMPETENCIAELV\u00c1R\u00c1S<\/p>\t\t\t\t\t\t\t\t<\/div>\n\t\t\t\t<\/div>\n\t\t\t\t\t<\/div>\n\t\t<\/div>\n\t\t\t\t\t<\/div>\n\t\t<\/section>\n\t\t\t\t<section class=\"elementor-section elementor-top-section elementor-element elementor-element-2f189db elementor-section-boxed elementor-section-height-default elementor-section-height-default\" data-id=\"2f189db\" data-element_type=\"section\" data-e-type=\"section\">\n\t\t\t\t\t\t<div class=\"elementor-container elementor-column-gap-default\">\n\t\t\t\t\t<div class=\"elementor-column elementor-col-100 elementor-top-column elementor-element elementor-element-683bd66\" data-id=\"683bd66\" data-element_type=\"column\" data-e-type=\"column\">\n\t\t\t<div class=\"elementor-widget-wrap elementor-element-populated\">\n\t\t\t\t\t\t<div class=\"elementor-element elementor-element-9043d3a elementor-widget elementor-widget-text-editor\" data-id=\"9043d3a\" data-element_type=\"widget\" data-e-type=\"widget\" data-widget_type=\"text-editor.default\">\n\t\t\t\t<div class=\"elementor-widget-container\">\n\t\t\t\t\t\t\t\t\t<p>J\u00f3 kommunik\u00e1ci\u00f3 sz\u00f3ban \u00e9s \u00edr\u00e1sban, \u00e9rdekl\u0151d\u0151, nyitott, v\u00e1llalkoz\u00f3 szellem\u0171 be\u00e1ll\u00edtotts\u00e1g, szervez\u0151-, kezdem\u00e9nyez\u0151- \u00e9s egy\u00fcttm\u0171k\u00f6d\u0151k\u00e9pess\u00e9g, nyelv\u00e9rz\u00e9k.<\/p>\t\t\t\t\t\t\t\t<\/div>\n\t\t\t\t<\/div>\n\t\t\t\t\t<\/div>\n\t\t<\/div>\n\t\t\t\t\t<\/div>\n\t\t<\/section>\n\t\t\t\t<section class=\"elementor-section elementor-top-section elementor-element elementor-element-a73cc8b elementor-section-boxed elementor-section-height-default elementor-section-height-default\" data-id=\"a73cc8b\" data-element_type=\"section\" data-e-type=\"section\">\n\t\t\t\t\t\t<div class=\"elementor-container elementor-column-gap-default\">\n\t\t\t\t\t<div class=\"elementor-column elementor-col-100 elementor-top-column elementor-element elementor-element-7337f28\" data-id=\"7337f28\" data-element_type=\"column\" data-e-type=\"column\">\n\t\t\t<div class=\"elementor-widget-wrap elementor-element-populated\">\n\t\t\t\t\t\t<div class=\"elementor-element elementor-element-b0abe6c elementor-widget elementor-widget-text-editor\" data-id=\"b0abe6c\" data-element_type=\"widget\" data-e-type=\"widget\" data-widget_type=\"text-editor.default\">\n\t\t\t\t<div class=\"elementor-widget-container\">\n\t\t\t\t\t\t\t\t\t<p>A SZAKK\u00c9PZETTS\u00c9GGEL RENDELKEZ\u0150<\/p>\t\t\t\t\t\t\t\t<\/div>\n\t\t\t\t<\/div>\n\t\t\t\t\t<\/div>\n\t\t<\/div>\n\t\t\t\t\t<\/div>\n\t\t<\/section>\n\t\t\t\t<section class=\"elementor-section elementor-top-section elementor-element elementor-element-72a9656 elementor-section-boxed elementor-section-height-default elementor-section-height-default\" data-id=\"72a9656\" data-element_type=\"section\" data-e-type=\"section\">\n\t\t\t\t\t\t<div class=\"elementor-container elementor-column-gap-default\">\n\t\t\t\t\t<div class=\"elementor-column elementor-col-100 elementor-top-column elementor-element elementor-element-029ec58\" data-id=\"029ec58\" data-element_type=\"column\" data-e-type=\"column\">\n\t\t\t<div class=\"elementor-widget-wrap elementor-element-populated\">\n\t\t\t\t\t\t<div class=\"elementor-element elementor-element-763e324 elementor-widget elementor-widget-text-editor\" data-id=\"763e324\" data-element_type=\"widget\" data-e-type=\"widget\" data-widget_type=\"text-editor.default\">\n\t\t\t\t<div class=\"elementor-widget-container\">\n\t\t\t\t\t\t\t\t\t<ul style=\"color: #003b43; font-family: Alegreya, sans-serif;\"><li>sz\u00e9lesk\u00f6r\u0171 szakmai tud\u00e1ssal \u00e9s \u00e1ltal\u00e1nos m\u0171velts\u00e9ggel rendelkezik;<\/li><li>ismeri \u00e9s betartja a protokoll \u00e9s az etikett szab\u00e1lyait;<\/li><li>magas szinten kommunik\u00e1l sz\u00f3ban \u00e9s \u00edr\u00e1sban, magyar \u00e9s idegen nyelven, inform\u00e1ci\u00f3t ny\u00fajt;<\/li><li>tiszt\u00e1ban van az idegenforgalom szerkezet\u00e9vel, fontoss\u00e1g\u00e1val, hogy jelent\u0151s m\u00e9rt\u00e9kben j\u00e1rul hozz\u00e1 a gazdas\u00e1g \u00e9l\u00e9nk\u00edt\u00e9s\u00e9hez;<\/li><li>ismeri a vonatkoz\u00f3 t\u00f6rv\u00e9nyeket, az \u00edrott \u00e9s \u00edratlan szab\u00e1lyokat, k\u00e9pes k\u00f6vetni a v\u00e1ltoz\u00e1sokat;<\/li><li>kezeli a digit\u00e1lis technik\u00e1t, ismeri a szakmai szoftvereket;<\/li><li>\u00e1tl\u00e1tja a turisztikai v\u00e1llalkoz\u00e1sban el\u0151fordul\u00f3 munkafolyamatokat;<\/li><li>utas\u00edt\u00e1sok, ir\u00e1nymutat\u00e1s alapj\u00e1n, k\u00e9s\u0151bb \u00f6n\u00e1ll\u00f3an k\u00e9pes a sz\u00e1llodai, irodai, utaz\u00e1si irodai ter\u00fcleten a szervez\u0151i, \u00fcgyint\u00e9z\u0151i, referensi, t\u00e1j\u00e9koztat\u00e1si, hostess \u00e9s idegenvezet\u0151i munka elv\u00e9gz\u00e9s\u00e9re, tapasztalatszerz\u00e9s ut\u00e1n vezet\u0151v\u00e9 tud v\u00e1lni.<\/li><\/ul>\t\t\t\t\t\t\t\t<\/div>\n\t\t\t\t<\/div>\n\t\t\t\t\t<\/div>\n\t\t<\/div>\n\t\t\t\t\t<\/div>\n\t\t<\/section>\n\t\t\t\t<section class=\"elementor-section elementor-top-section elementor-element elementor-element-6ee819c elementor-section-boxed elementor-section-height-default elementor-section-height-default\" data-id=\"6ee819c\" data-element_type=\"section\" data-e-type=\"section\">\n\t\t\t\t\t\t<div class=\"elementor-container elementor-column-gap-default\">\n\t\t\t\t\t<div class=\"elementor-column elementor-col-100 elementor-top-column elementor-element elementor-element-7113e4d\" data-id=\"7113e4d\" data-element_type=\"column\" data-e-type=\"column\">\n\t\t\t<div class=\"elementor-widget-wrap elementor-element-populated\">\n\t\t\t\t\t\t<div class=\"elementor-element elementor-element-da3d598 elementor-widget elementor-widget-text-editor\" data-id=\"da3d598\" data-element_type=\"widget\" data-e-type=\"widget\" data-widget_type=\"text-editor.default\">\n\t\t\t\t<div class=\"elementor-widget-container\">\n\t\t\t\t\t\t\t\t\t<p>Aj\u00e1nlott azok sz\u00e1m\u00e1ra, akik \u00e9letp\u00e1ly\u00e1jukat a turizmus, vend\u00e9gl\u00e1t\u00e1s ter\u00fclet\u00e9n k\u00e9pzelik el, sz\u00edvesen mutatj\u00e1k be Magyarorsz\u00e1got \u00e9s a nagyvil\u00e1got az \u00e9rdekl\u0151d\u0151knek magyar \u00e9s idegen nyelven.<\/p>\t\t\t\t\t\t\t\t<\/div>\n\t\t\t\t<\/div>\n\t\t\t\t\t<\/div>\n\t\t<\/div>\n\t\t\t\t\t<\/div>\n\t\t<\/section>\n\t\t\t\t<\/div>\n\t\t","protected":false},"excerpt":{"rendered":"<p>A\u00a0turisztikai technikus\u00a0a turizmus-vend\u00e9gl\u00e1t\u00e1s \u00e1gazat 5 \u00e9ves k\u00e9pz\u00e9se, amely \u00e9retts\u00e9givel \u00e9s technikus szint\u0171 szakk\u00e9pzetts\u00e9g megszerz\u00e9s\u00e9vel z\u00e1rul. Szakir\u00e1ny is v\u00e1laszthat\u00f3 a k\u00e9pz\u00e9s sor\u00e1n: turisztikai szervez\u0151 szakmair\u00e1ny vagy idegenvezet\u0151 szakmair\u00e1ny. Aki els\u0151sorban ink\u00e1bb az \u00edr\u00f3asztal melletti munk\u00e1t r\u00e9szes\u00edti el\u0151nyben, de az \u00fcgyfelekkel val\u00f3 magas szint\u0171 kommunik\u00e1ci\u00f3s k\u00e9szs\u00e9g\u00e9t is szeretn\u00e9 t\u00f6k\u00e9letes\u00edteni, \u00e9rdekli az idegenforgalom, a turisztikai v\u00e1llalkoz\u00e1sok szervez\u00e9si, \u00e9rt\u00e9kes\u00edt\u00e9si, [&hellip;]<\/p>\n","protected":false},"author":4,"featured_media":0,"parent":0,"menu_order":0,"comment_status":"closed","ping_status":"closed","template":"","meta":{"footnotes":""},"class_list":["post-19744","page","type-page","status-publish","hentry"],"_links":{"self":[{"href":"\/index.php\/wp-json\/wp\/v2\/pages\/19744","targetHints":{"allow":["GET"]}}],"collection":[{"href":"\/index.php\/wp-json\/wp\/v2\/pages"}],"about":[{"href":"\/index.php\/wp-json\/wp\/v2\/types\/page"}],"author":[{"embeddable":true,"href":"\/index.php\/wp-json\/wp\/v2\/users\/4"}],"replies":[{"embeddable":true,"href":"\/index.php\/wp-json\/wp\/v2\/comments?post=19744"}],"version-history":[{"count":7,"href":"\/index.php\/wp-json\/wp\/v2\/pages\/19744\/revisions"}],"predecessor-version":[{"id":19752,"href":"\/index.php\/wp-json\/wp\/v2\/pages\/19744\/revisions\/19752"}],"wp:attachment":[{"href":"\/index.php\/wp-json\/wp\/v2\/media?parent=19744"}],"curies":[{"name":"wp","href":"https:\/\/api.w.org\/{rel}","templated":true}]}}