{"id":19720,"date":"2022-10-18T07:52:02","date_gmt":"2022-10-18T06:52:02","guid":{"rendered":"\/?page_id=19720"},"modified":"2025-09-11T21:41:02","modified_gmt":"2025-09-11T20:41:02","slug":"0309-sportedzo-labdarugas-sportszervezo","status":"publish","type":"page","link":"\/index.php\/0309-sportedzo-labdarugas-sportszervezo\/","title":{"rendered":"0309 Sportedz\u0151 (labdar\u00fag\u00e1s) \u2013 sportszervez\u0151"},"content":{"rendered":"\t\t<div data-elementor-type=\"wp-page\" data-elementor-id=\"19720\" class=\"elementor elementor-19720\" data-elementor-post-type=\"page\">\n\t\t\t\t\t\t<section class=\"elementor-section elementor-top-section elementor-element elementor-element-3b3d9aa elementor-section-boxed elementor-section-height-default elementor-section-height-default\" data-id=\"3b3d9aa\" data-element_type=\"section\" data-e-type=\"section\">\n\t\t\t\t\t\t<div class=\"elementor-container elementor-column-gap-default\">\n\t\t\t\t\t<div class=\"elementor-column elementor-col-100 elementor-top-column elementor-element elementor-element-cb9a845\" data-id=\"cb9a845\" data-element_type=\"column\" data-e-type=\"column\">\n\t\t\t<div class=\"elementor-widget-wrap elementor-element-populated\">\n\t\t\t\t\t\t<div class=\"elementor-element elementor-element-a36b4aa elementor-widget elementor-widget-text-editor\" data-id=\"a36b4aa\" data-element_type=\"widget\" data-e-type=\"widget\" data-widget_type=\"text-editor.default\">\n\t\t\t\t<div class=\"elementor-widget-container\">\n\t\t\t\t\t\t\t\t\t<p class=\"MsoNormal\">Sport \u00e1gazat 5 \u00e9ves k\u00e9pz\u00e9se, amely \u00e9retts\u00e9gi \u00e9s technikusi szint\u0171 szakk\u00e9pzetts\u00e9g megszerz\u00e9s\u00e9vel z\u00e1rul.<\/p><p class=\"MsoNormal\">A sportedz\u0151 &#8211; sportszervez\u0151 szakember sport\u00e1gspecifikusan, c\u00e9lir\u00e1nyosan tervezi, szervezi \u00e9s ir\u00e1ny\u00edtja a sportol\u00f3k, csapatok r\u00f6vid-, k\u00f6z\u00e9p- \u00e9s hossz\u00fa t\u00e1v\u00fa felk\u00e9sz\u00edt\u00e9s\u00e9t \u00e9s versenyeztet\u00e9s\u00e9t. Megtan\u00edtja a sport\u00e1g technikai, taktikai \u00e9s j\u00e1t\u00e9krendszer ismereteit, j\u00e1t\u00e9k- \u00e9s versenyszab\u00e1lyait. \u00c9rt\u00e9keli a sportol\u00f3k edz\u00e9seken \u00e9s a versenyeken ny\u00fajtott teljes\u00edtm\u00e9ny\u00e9t, a korszer\u0171 pedag\u00f3giai- \u00e9s edz\u00e9selvek, edz\u00e9sm\u00f3dszerek figyelembev\u00e9tel\u00e9vel fejleszti teljes\u00edt\u0151k\u00e9pess\u00e9g\u00fcket \u00e9s teljes\u00edt\u0151k\u00e9szs\u00e9g\u00fcket. Edz\u0151m\u00e9rk\u0151z\u00e9seket \u00e9s -versenyeket, illetve edz\u0151t\u00e1borokat, valamint egy\u00e9b sportrendezv\u00e9nyeket szervez.<\/p><p>\u00a0<\/p><p class=\"MsoNormal\">Rekre\u00e1ci\u00f3s szakemberk\u00e9nt r\u00e9szt vesz a szabadid\u0151s sportol\u00f3k foglalkoz\u00e1sai, versenyei szervez\u00e9s\u00e9ben, ir\u00e1ny\u00edt\u00e1s\u00e1ban. Tan\u00e1csaival seg\u00edti az eg\u00e9szs\u00e9ges \u00e9letm\u00f3dra t\u00f6rekv\u0151k sportol\u00e1si programj\u00e1nak \u00f6ssze\u00e1ll\u00edt\u00e1s\u00e1t. Vezet\u00e9si, szervez\u00e9si \u00e9s p\u00e9nz\u00fcgyi tanulm\u00e1nyaira alapozva r\u00e9szt vesz sportklubok, szakoszt\u00e1lyok munk\u00e1j\u00e1ban, ir\u00e1ny\u00edt\u00e1s\u00e1ban. Sporthoz \u00e9s rekre\u00e1ci\u00f3hoz kapcsol\u00f3d\u00f3 rendezv\u00e9nyeket szervez.<\/p>\t\t\t\t\t\t\t\t<\/div>\n\t\t\t\t<\/div>\n\t\t\t\t\t<\/div>\n\t\t<\/div>\n\t\t\t\t\t<\/div>\n\t\t<\/section>\n\t\t\t\t<section class=\"elementor-section elementor-top-section elementor-element elementor-element-8c0595c elementor-section-boxed elementor-section-height-default elementor-section-height-default\" data-id=\"8c0595c\" data-element_type=\"section\" data-e-type=\"section\">\n\t\t\t\t\t\t<div class=\"elementor-container elementor-column-gap-default\">\n\t\t\t\t\t<div class=\"elementor-column elementor-col-100 elementor-top-column elementor-element elementor-element-e07e079\" data-id=\"e07e079\" data-element_type=\"column\" data-e-type=\"column\">\n\t\t\t<div class=\"elementor-widget-wrap elementor-element-populated\">\n\t\t\t\t\t\t<div class=\"elementor-element elementor-element-78d1502 elementor-widget elementor-widget-text-editor\" data-id=\"78d1502\" data-element_type=\"widget\" data-e-type=\"widget\" data-widget_type=\"text-editor.default\">\n\t\t\t\t<div class=\"elementor-widget-container\">\n\t\t\t\t\t\t\t\t\t<p><strong>Kompetenciaelv\u00e1r\u00e1s<\/strong><\/p><p>Kimagasl\u00f3 mozg\u00e1skoordin\u00e1ci\u00f3, a v\u00e1lasztott sport\u00e1gban val\u00f3 sportol\u00f3i j\u00e1rtass\u00e1g, j\u00f3 fizikum, kommunik\u00e1ci\u00f3s k\u00e9szs\u00e9g, szakmai fejl\u0151d\u00e9s ir\u00e1ny\u00edt\u00e1sa.<\/p>\t\t\t\t\t\t\t\t<\/div>\n\t\t\t\t<\/div>\n\t\t\t\t\t<\/div>\n\t\t<\/div>\n\t\t\t\t\t<\/div>\n\t\t<\/section>\n\t\t\t\t<section class=\"elementor-section elementor-top-section elementor-element elementor-element-3355b55 elementor-section-boxed elementor-section-height-default elementor-section-height-default\" data-id=\"3355b55\" data-element_type=\"section\" data-e-type=\"section\">\n\t\t\t\t\t\t<div class=\"elementor-container elementor-column-gap-default\">\n\t\t\t\t\t<div class=\"elementor-column elementor-col-100 elementor-top-column elementor-element elementor-element-2d7580c\" data-id=\"2d7580c\" data-element_type=\"column\" data-e-type=\"column\">\n\t\t\t<div class=\"elementor-widget-wrap elementor-element-populated\">\n\t\t\t\t\t\t<div class=\"elementor-element elementor-element-12cd841 elementor-widget elementor-widget-text-editor\" data-id=\"12cd841\" data-element_type=\"widget\" data-e-type=\"widget\" data-widget_type=\"text-editor.default\">\n\t\t\t\t<div class=\"elementor-widget-container\">\n\t\t\t\t\t\t\t\t\t<p><strong>A szakk\u00e9pzetts\u00e9ggel rendelkez\u0151<\/strong><\/p><ul><li>a v\u00e1lasztott sport\u00e1g mozg\u00e1sform\u00e1it szakszer\u0171en bemutatja, elemzi, eredm\u00e9nyesen oktatja;<\/li><li>a sport\u00e1gi mozg\u00e1stechnik\u00e1k v\u00e9grehajt\u00e1sakor el\u0151fordul\u00f3 hib\u00e1kat felismeri, jav\u00edtja;<\/li><li>a sportol\u00f3k k\u00e9pess\u00e9geit \u00e9s er\u0151nl\u00e9t\u00e9t szakszer\u0171en felm\u00e9ri, \u00e9rt\u00e9keli; <br \/>az \u00e9letkori saj\u00e1toss\u00e1gok, valamint az egy\u00e9ni adotts\u00e1gok figyelembev\u00e9tel\u00e9vel tan\u00edtv\u00e1nyai sport\u00e1gspecifikus felk\u00e9sz\u00edt\u00e9s\u00e9t, versenyz\u00e9s\u00e9t megtervezi \u00e9s ir\u00e1ny\u00edtja;<\/li><li>a sportol\u00f3k teljes\u00edtm\u00e9ny\u00e9t \u00e9rt\u00e9keli, a versenyz\u0151k kiv\u00e1laszt\u00e1s\u00e1t elv\u00e9gzi;<\/li><li>a tehets\u00e9ggondoz\u00e1s korszer\u0171 elveit \u00e9s m\u00f3dszereit alkalmazza;<\/li><li>k\u00fcl\u00f6nb\u00f6z\u0151 ciklus\u00fa edz\u00e9sterveket k\u00e9sz\u00edt; <br \/>sportesem\u00e9nyeket, m\u00e9rk\u0151z\u00e9seket, versenyeket, t\u00e1borokat szervez;<\/li><li>a munkak\u00f6r\u00e9vel egy\u00fctt j\u00e1r\u00f3 szervez\u00e9si, p\u00e9nz\u00fcgyi, adminisztrat\u00edv \u00e9s marketing feladatokat ell\u00e1t;<\/li><\/ul>\t\t\t\t\t\t\t\t<\/div>\n\t\t\t\t<\/div>\n\t\t\t\t\t<\/div>\n\t\t<\/div>\n\t\t\t\t\t<\/div>\n\t\t<\/section>\n\t\t\t\t<\/div>\n\t\t","protected":false},"excerpt":{"rendered":"<p>Sport \u00e1gazat 5 \u00e9ves k\u00e9pz\u00e9se, amely \u00e9retts\u00e9gi \u00e9s technikusi szint\u0171 szakk\u00e9pzetts\u00e9g megszerz\u00e9s\u00e9vel z\u00e1rul. A sportedz\u0151 &#8211; sportszervez\u0151 szakember sport\u00e1gspecifikusan, c\u00e9lir\u00e1nyosan tervezi, szervezi \u00e9s ir\u00e1ny\u00edtja a sportol\u00f3k, csapatok r\u00f6vid-, k\u00f6z\u00e9p- \u00e9s hossz\u00fa t\u00e1v\u00fa felk\u00e9sz\u00edt\u00e9s\u00e9t \u00e9s versenyeztet\u00e9s\u00e9t. Megtan\u00edtja a sport\u00e1g technikai, taktikai \u00e9s j\u00e1t\u00e9krendszer ismereteit, j\u00e1t\u00e9k- \u00e9s versenyszab\u00e1lyait. \u00c9rt\u00e9keli a sportol\u00f3k edz\u00e9seken \u00e9s a versenyeken ny\u00fajtott teljes\u00edtm\u00e9ny\u00e9t, [&hellip;]<\/p>\n","protected":false},"author":4,"featured_media":0,"parent":0,"menu_order":0,"comment_status":"closed","ping_status":"closed","template":"","meta":{"footnotes":""},"class_list":["post-19720","page","type-page","status-publish","hentry"],"_links":{"self":[{"href":"\/index.php\/wp-json\/wp\/v2\/pages\/19720","targetHints":{"allow":["GET"]}}],"collection":[{"href":"\/index.php\/wp-json\/wp\/v2\/pages"}],"about":[{"href":"\/index.php\/wp-json\/wp\/v2\/types\/page"}],"author":[{"embeddable":true,"href":"\/index.php\/wp-json\/wp\/v2\/users\/4"}],"replies":[{"embeddable":true,"href":"\/index.php\/wp-json\/wp\/v2\/comments?post=19720"}],"version-history":[{"count":5,"href":"\/index.php\/wp-json\/wp\/v2\/pages\/19720\/revisions"}],"predecessor-version":[{"id":54124,"href":"\/index.php\/wp-json\/wp\/v2\/pages\/19720\/revisions\/54124"}],"wp:attachment":[{"href":"\/index.php\/wp-json\/wp\/v2\/media?parent=19720"}],"curies":[{"name":"wp","href":"https:\/\/api.w.org\/{rel}","templated":true}]}}