{"id":19711,"date":"2022-10-18T07:47:00","date_gmt":"2022-10-18T06:47:00","guid":{"rendered":"\/?page_id=19711"},"modified":"2025-09-11T21:22:07","modified_gmt":"2025-09-11T20:22:07","slug":"0300-idegennyelvu-ipari-es-kereskedelmi-technikus","status":"publish","type":"page","link":"\/index.php\/0300-idegennyelvu-ipari-es-kereskedelmi-technikus\/","title":{"rendered":"0300 Idegen nyelv\u0171 ipari \u00e9s kereskedelmi technikus"},"content":{"rendered":"<p>Kereskedelem \u00e1gazat 5 \u00e9ves k\u00e9pz\u00e9se, amely \u00e9retts\u00e9givel \u00e9s technikus szint\u0171 szakk\u00e9pzetts\u00e9g megszerz\u00e9s\u00e9vel z\u00e1rul.<\/p>\n<p>V\u00e1laszthat\u00f3 szakmair\u00e1ny: Kereskedelmi logisztika.<\/p>\n<p>Az idegen nyelv\u0171 ipari- \u00e9s kereskedelmi technikus feladatait magas szint\u0171 idegen nyelvtud\u00e1ssal l\u00e1tja el a kereskedelmi m\u0171szaki \u00e9s gazdas\u00e1gi ter\u00fcleten. Munk\u00e1ja sor\u00e1n akt\u00edvan \u2013 naprak\u00e9szen \u2013 haszn\u00e1lja a korszer\u0171 digit\u00e1lis technik\u00e1kat.<\/p>\n<p>A szakk\u00e9pzett technikus idegen nyelv\u0171 vizsg\u00e1i a szakir\u00e1nyokat tekintve: a gy\u00e1rt\u00f3 v\u00e1llalat \u00fczleti folyamatainak feldolgoz\u00e1sa, a gy\u00e1rt\u00f3v\u00e1llalati projektek menedzsel\u00e9se, logisztikai tev\u00e9kenys\u00e9gek, kereskedelmi logisztikai projektek menedzsel\u00e9se.<\/p>\n<p><strong>Kompetenciaelv\u00e1r\u00e1s<\/strong><\/p>\n<p>J\u00f3 nyelv\u00e9rz\u00e9k, j\u00f3 kommunik\u00e1ci\u00f3s k\u00e9pess\u00e9g, precizit\u00e1s, egy\u00fcttm\u0171k\u00f6d\u00e9si k\u00e9szs\u00e9g, szervez\u00e9si \u00e9s ir\u00e1ny\u00edt\u00e1si k\u00e9pess\u00e9g, analitikus gondolkod\u00e1s, kereskedelmi- m\u0171szaki-gazdas\u00e1gi affinit\u00e1s.<\/p>\n<p><strong>A szakk\u00e9pzetts\u00e9ggel rendelkez\u0151<\/strong><\/p>\n<ul>\n<li>magas szint\u0171 szakmai idegennyelvtud\u00e1ssal rendelkezik;<\/li>\n<li>tev\u00e9kenyen k\u00f6zrem\u0171k\u00f6dik a beszerz\u00e9si, a termel\u00e9si \u00e9s az \u00e9rt\u00e9kes\u00edt\u00e9si folyamat \u00f6ssze\u00e1ll\u00edt\u00e1s\u00e1ban, kialak\u00edt\u00e1s\u00e1ban;<\/li>\n<li>alkalmazza a munka\u00fcgyi, a p\u00e9nz\u00fcgyi \u00e9s a sz\u00e1mviteli ismereteit;<\/li>\n<li>\u00e1raj\u00e1nlatokat \u00e9s megrendel\u00e9seket k\u00e9sz\u00edt;<\/li>\n<li>kapcsolatot tart a besz\u00e1ll\u00edt\u00f3kkal, vev\u0151kkel \u00e9s partnerekkel;<\/li>\n<li>szem\u00e9ly\u00fcgyi dokumentumokat k\u00e9sz\u00edt el\u0151 \u00e9s kezel;<\/li>\n<li>b\u00e9relsz\u00e1mol\u00e1sban \u00e9s a munka\u00fcgyi dokument\u00e1ci\u00f3ban t\u00e1mogat\u00f3 munk\u00e1t v\u00e9gez;<\/li>\n<li>r\u00e9szt vesz a k\u00f6nyvel\u00e9si feladatok el\u0151k\u00e9sz\u00edt\u00e9s\u00e9ben;<\/li>\n<li>a szakm\u00e1j\u00e1nak megfelel\u0151 informatikai, digit\u00e1lis tud\u00e1ssal rendelkezik;<\/li>\n<li>haszn\u00e1lja a gy\u00e1rtm\u00e1ny- \u00e9s gy\u00e1rt\u00e1stervez\u00e9si, valamint gy\u00e1rt\u00e1sir\u00e1ny\u00edt\u00e1si szakmai ismereteit;<\/li>\n<li>el\u0151k\u00e9sz\u00edti a megfelel\u0151 el\u0151\u00edr\u00e1sok szerint a sz\u00fcks\u00e9ges dokumentumokat;<\/li>\n<li>szerz\u0151d\u00e9seket \u00e9s fuvarokm\u00e1nyokat k\u00e9sz\u00edt el\u0151, hivatalos levelez\u00e9st, reklam\u00e1ci\u00f3s \u00fcgyint\u00e9z\u00e9st folytat, valamint marketinggel kapcsolatos tev\u00e9kenys\u00e9geket v\u00e9gez;<\/li>\n<li>megfelel\u0151en alkalmazza a rakt\u00e1roz\u00e1si technol\u00f3gi\u00e1kat; megtervezi az \u00e1ru eloszt\u00e1s\u00e1t, megszervezi az \u00e1ru \u00fatj\u00e1t.<\/li>\n<\/ul>\n","protected":false},"excerpt":{"rendered":"<p>Kereskedelem \u00e1gazat 5 \u00e9ves k\u00e9pz\u00e9se, amely \u00e9retts\u00e9givel \u00e9s technikus szint\u0171 szakk\u00e9pzetts\u00e9g megszerz\u00e9s\u00e9vel z\u00e1rul. V\u00e1laszthat\u00f3 szakmair\u00e1ny: Kereskedelmi logisztika. Az idegen nyelv\u0171 ipari- \u00e9s kereskedelmi technikus feladatait magas szint\u0171 idegen nyelvtud\u00e1ssal l\u00e1tja el a kereskedelmi m\u0171szaki \u00e9s gazdas\u00e1gi ter\u00fcleten. Munk\u00e1ja sor\u00e1n akt\u00edvan \u2013 naprak\u00e9szen \u2013 haszn\u00e1lja a korszer\u0171 digit\u00e1lis technik\u00e1kat. A szakk\u00e9pzett technikus idegen nyelv\u0171 vizsg\u00e1i a [&hellip;]<\/p>\n","protected":false},"author":4,"featured_media":0,"parent":0,"menu_order":0,"comment_status":"closed","ping_status":"closed","template":"","meta":{"footnotes":""},"class_list":["post-19711","page","type-page","status-publish","hentry"],"_links":{"self":[{"href":"\/index.php\/wp-json\/wp\/v2\/pages\/19711","targetHints":{"allow":["GET"]}}],"collection":[{"href":"\/index.php\/wp-json\/wp\/v2\/pages"}],"about":[{"href":"\/index.php\/wp-json\/wp\/v2\/types\/page"}],"author":[{"embeddable":true,"href":"\/index.php\/wp-json\/wp\/v2\/users\/4"}],"replies":[{"embeddable":true,"href":"\/index.php\/wp-json\/wp\/v2\/comments?post=19711"}],"version-history":[{"count":6,"href":"\/index.php\/wp-json\/wp\/v2\/pages\/19711\/revisions"}],"predecessor-version":[{"id":54112,"href":"\/index.php\/wp-json\/wp\/v2\/pages\/19711\/revisions\/54112"}],"wp:attachment":[{"href":"\/index.php\/wp-json\/wp\/v2\/media?parent=19711"}],"curies":[{"name":"wp","href":"https:\/\/api.w.org\/{rel}","templated":true}]}}